{"id":1080,"date":"2018-01-28T21:22:19","date_gmt":"2018-01-28T20:22:19","guid":{"rendered":"http:\/\/www.gemzse.hu\/?page_id=1080"},"modified":"2024-10-08T10:19:30","modified_gmt":"2024-10-08T08:19:30","slug":"telepules-arculati-kezikonyv","status":"publish","type":"page","link":"https:\/\/www.gemzse.hu\/?page_id=1080","title":{"rendered":"Telep\u00fcl\u00e9s Arculati K\u00e9zik\u00f6nyv"},"content":{"rendered":"<p><a href=\"https:\/\/www.gemzse.hu\/wp-content\/uploads\/2024\/09\/Gemzse-TRT.-modositas-2024.pdf\">Telep\u00fcl\u00e9s Arculati K\u00e9zik\u00f6nyv &#8211; Gemzse 2024 (m\u00f3dos\u00edt\u00e1s)<\/a><\/p>\n<p><a href=\"https:\/\/www.gemzse.hu\/wp-content\/uploads\/2018\/01\/A-telep\u00fcl\u00e9sk\u00e9p-v\u00e9delm\u00e9r\u0151l-Gemzse.pdf\" target=\"_blank\" rel=\"noopener\">A telep\u00fcl\u00e9sk\u00e9p v\u00e9delm\u00e9r\u0151l &#8211; Gemzse<\/a><\/p>\n<p><a href=\"https:\/\/www.gemzse.hu\/wp-content\/uploads\/2018\/01\/GEMZSE_TAK_2017_JAV\u00cdTOTT-2017.-12.-28..pdf\" target=\"_blank\" rel=\"noopener\">Telep\u00fcl\u00e9s Arculati K\u00e9zik\u00f6nyv &#8211; Gemzse 2017 (jav\u00edtott) 2017. 12. 28.<\/a><\/p>\n<p><a href=\"https:\/\/www.gemzse.hu\/wp-content\/uploads\/2018\/01\/KT-hat\u00e1rozat-TAK-elfogad\u00e1s.pdf\" target=\"_blank\" rel=\"noopener\">K\u00e9pvisel\u0151 Test\u00fcleti hat\u00e1rozat TAK elfogad\u00e1s\u00e1r\u00f3l<\/a><\/p>\n\n\n\n","protected":false},"excerpt":{"rendered":"<p>Telep\u00fcl\u00e9s Arculati K\u00e9zik\u00f6nyv &#8211; Gemzse 2024 (m\u00f3dos\u00edt\u00e1s) A telep\u00fcl\u00e9sk\u00e9p v\u00e9delm\u00e9r\u0151l &#8211; Gemzse Telep\u00fcl\u00e9s Arculati K\u00e9zik\u00f6nyv &#8211; Gemzse 2017 (jav\u00edtott) 2017. 12. 28. K\u00e9pvisel\u0151 Test\u00fcleti hat\u00e1rozat TAK elfogad\u00e1s\u00e1r\u00f3l<\/p>\n","protected":false},"author":1,"featured_media":0,"parent":0,"menu_order":0,"comment_status":"closed","ping_status":"closed","template":"","meta":{"footnotes":""},"class_list":["post-1080","page","type-page","status-publish","hentry","nodate","item-wrap"],"_links":{"self":[{"href":"https:\/\/www.gemzse.hu\/index.php?rest_route=\/wp\/v2\/pages\/1080","targetHints":{"allow":["GET"]}}],"collection":[{"href":"https:\/\/www.gemzse.hu\/index.php?rest_route=\/wp\/v2\/pages"}],"about":[{"href":"https:\/\/www.gemzse.hu\/index.php?rest_route=\/wp\/v2\/types\/page"}],"author":[{"embeddable":true,"href":"https:\/\/www.gemzse.hu\/index.php?rest_route=\/wp\/v2\/users\/1"}],"replies":[{"embeddable":true,"href":"https:\/\/www.gemzse.hu\/index.php?rest_route=%2Fwp%2Fv2%2Fcomments&post=1080"}],"version-history":[{"count":5,"href":"https:\/\/www.gemzse.hu\/index.php?rest_route=\/wp\/v2\/pages\/1080\/revisions"}],"predecessor-version":[{"id":2149,"href":"https:\/\/www.gemzse.hu\/index.php?rest_route=\/wp\/v2\/pages\/1080\/revisions\/2149"}],"wp:attachment":[{"href":"https:\/\/www.gemzse.hu\/index.php?rest_route=%2Fwp%2Fv2%2Fmedia&parent=1080"}],"curies":[{"name":"wp","href":"https:\/\/api.w.org\/{rel}","templated":true}]}}