{"id":1109,"date":"2018-03-24T16:08:57","date_gmt":"2018-03-24T15:08:57","guid":{"rendered":"http:\/\/www.gemzse.hu\/?page_id=1109"},"modified":"2018-03-24T17:15:15","modified_gmt":"2018-03-24T16:15:15","slug":"gemzse-kozseg-diszpolgara-kitunteto-cim-2015","status":"publish","type":"page","link":"https:\/\/www.gemzse.hu\/?page_id=1109","title":{"rendered":"&#8222;GEMZSE K\u00d6ZS\u00c9G D\u00cdSZPOLG\u00c1RA&#8221; kit\u00fcntet\u0151 c\u00edm 2015"},"content":{"rendered":"<ul>\n<li>\n<h4><span style=\"color: #333333; font-family: 'Pontano Sans', arial, sans-serif; font-size: 16px; line-height: normal;\">Kov\u00e1cs Gy\u00f6rgyn\u00e9<\/span><\/h4>\n<\/li>\n<li>\n<h4><span style=\"color: #333333; font-family: 'Pontano Sans', arial, sans-serif; font-size: 16px; line-height: normal;\">Sz\u00e1szi P\u00e1l P\u00e9ter<\/span><\/h4>\n<\/li>\n<\/ul>\n<p><a href=\"https:\/\/www.gemzse.hu\/wp-content\/uploads\/2015\/10\/DSC02898-honlap.jpg\"><img loading=\"lazy\" decoding=\"async\" class=\"wp-image-478 size-large aligncenter\" src=\"https:\/\/www.gemzse.hu\/wp-content\/uploads\/2015\/10\/DSC02898-honlap-1024x780.jpg\" alt=\"DSC02898 honlap\" width=\"750\" height=\"571\" srcset=\"https:\/\/www.gemzse.hu\/wp-content\/uploads\/2015\/10\/DSC02898-honlap-1024x780.jpg 1024w, https:\/\/www.gemzse.hu\/wp-content\/uploads\/2015\/10\/DSC02898-honlap-300x228.jpg 300w\" sizes=\"auto, (max-width: 750px) 100vw, 750px\" \/><\/a> <a href=\"https:\/\/www.gemzse.hu\/wp-content\/uploads\/2015\/10\/DSC02889-honlap.jpg\"><img loading=\"lazy\" decoding=\"async\" class=\"aligncenter wp-image-477 size-large\" src=\"https:\/\/www.gemzse.hu\/wp-content\/uploads\/2015\/10\/DSC02889-honlap-1024x541.jpg\" alt=\"DSC02889 honlap\" width=\"750\" height=\"396\" srcset=\"https:\/\/www.gemzse.hu\/wp-content\/uploads\/2015\/10\/DSC02889-honlap-1024x541.jpg 1024w, https:\/\/www.gemzse.hu\/wp-content\/uploads\/2015\/10\/DSC02889-honlap-300x159.jpg 300w\" sizes=\"auto, (max-width: 750px) 100vw, 750px\" \/><\/a><\/p>\n","protected":false},"excerpt":{"rendered":"<p>Kov\u00e1cs Gy\u00f6rgyn\u00e9 Sz\u00e1szi P\u00e1l P\u00e9ter<\/p>\n","protected":false},"author":1,"featured_media":0,"parent":484,"menu_order":100,"comment_status":"closed","ping_status":"closed","template":"","meta":{"footnotes":""},"class_list":["post-1109","page","type-page","status-publish","hentry","nodate","item-wrap"],"_links":{"self":[{"href":"https:\/\/www.gemzse.hu\/index.php?rest_route=\/wp\/v2\/pages\/1109","targetHints":{"allow":["GET"]}}],"collection":[{"href":"https:\/\/www.gemzse.hu\/index.php?rest_route=\/wp\/v2\/pages"}],"about":[{"href":"https:\/\/www.gemzse.hu\/index.php?rest_route=\/wp\/v2\/types\/page"}],"author":[{"embeddable":true,"href":"https:\/\/www.gemzse.hu\/index.php?rest_route=\/wp\/v2\/users\/1"}],"replies":[{"embeddable":true,"href":"https:\/\/www.gemzse.hu\/index.php?rest_route=%2Fwp%2Fv2%2Fcomments&post=1109"}],"version-history":[{"count":2,"href":"https:\/\/www.gemzse.hu\/index.php?rest_route=\/wp\/v2\/pages\/1109\/revisions"}],"predecessor-version":[{"id":1124,"href":"https:\/\/www.gemzse.hu\/index.php?rest_route=\/wp\/v2\/pages\/1109\/revisions\/1124"}],"up":[{"embeddable":true,"href":"https:\/\/www.gemzse.hu\/index.php?rest_route=\/wp\/v2\/pages\/484"}],"wp:attachment":[{"href":"https:\/\/www.gemzse.hu\/index.php?rest_route=%2Fwp%2Fv2%2Fmedia&parent=1109"}],"curies":[{"name":"wp","href":"https:\/\/api.w.org\/{rel}","templated":true}]}}