{"id":1113,"date":"2018-03-24T16:14:46","date_gmt":"2018-03-24T15:14:46","guid":{"rendered":"http:\/\/www.gemzse.hu\/?page_id=1113"},"modified":"2018-03-24T17:14:17","modified_gmt":"2018-03-24T16:14:17","slug":"gemzse-kozseg-diszpolgara-kitunteto-cim-2017","status":"publish","type":"page","link":"https:\/\/www.gemzse.hu\/?page_id=1113","title":{"rendered":"\u201cGEMZSE K\u00d6ZS\u00c9G D\u00cdSZPOLG\u00c1RA\u201d kit\u00fcntet\u0151 c\u00edm 2017"},"content":{"rendered":"<ul>\n<li><strong>Major Katalin<\/strong><\/li>\n<li><strong>Bal\u00e1zs S\u00e1ndorn\u00e9<\/strong><\/li>\n<\/ul>\n<p><a href=\"https:\/\/www.gemzse.hu\/wp-content\/uploads\/2018\/03\/22050957_1643537815690300_6096718838331955953_o.jpg\"><img loading=\"lazy\" decoding=\"async\" class=\"aligncenter size-large wp-image-1120\" src=\"https:\/\/www.gemzse.hu\/wp-content\/uploads\/2018\/03\/22050957_1643537815690300_6096718838331955953_o-1024x689.jpg\" alt=\"\" width=\"750\" height=\"505\" srcset=\"https:\/\/www.gemzse.hu\/wp-content\/uploads\/2018\/03\/22050957_1643537815690300_6096718838331955953_o-1024x689.jpg 1024w, https:\/\/www.gemzse.hu\/wp-content\/uploads\/2018\/03\/22050957_1643537815690300_6096718838331955953_o-300x202.jpg 300w, https:\/\/www.gemzse.hu\/wp-content\/uploads\/2018\/03\/22050957_1643537815690300_6096718838331955953_o-768x517.jpg 768w, https:\/\/www.gemzse.hu\/wp-content\/uploads\/2018\/03\/22050957_1643537815690300_6096718838331955953_o.jpg 1118w\" sizes=\"auto, (max-width: 750px) 100vw, 750px\" \/><\/a> <a href=\"https:\/\/www.gemzse.hu\/wp-content\/uploads\/2018\/03\/21768849_1643537759023639_3120846617952409827_o.jpg\"><img loading=\"lazy\" decoding=\"async\" class=\"aligncenter wp-image-1114 size-large\" src=\"https:\/\/www.gemzse.hu\/wp-content\/uploads\/2018\/03\/21768849_1643537759023639_3120846617952409827_o-1024x795.jpg\" alt=\"\" width=\"750\" height=\"582\" srcset=\"https:\/\/www.gemzse.hu\/wp-content\/uploads\/2018\/03\/21768849_1643537759023639_3120846617952409827_o-1024x795.jpg 1024w, https:\/\/www.gemzse.hu\/wp-content\/uploads\/2018\/03\/21768849_1643537759023639_3120846617952409827_o-300x233.jpg 300w, https:\/\/www.gemzse.hu\/wp-content\/uploads\/2018\/03\/21768849_1643537759023639_3120846617952409827_o-768x596.jpg 768w, https:\/\/www.gemzse.hu\/wp-content\/uploads\/2018\/03\/21768849_1643537759023639_3120846617952409827_o.jpg 1148w\" sizes=\"auto, (max-width: 750px) 100vw, 750px\" \/><\/a> <a href=\"https:\/\/www.gemzse.hu\/wp-content\/uploads\/2018\/03\/22048117_1643571212353627_6740577059716291603_o.jpg\"><img loading=\"lazy\" decoding=\"async\" class=\"aligncenter size-large wp-image-1119\" src=\"https:\/\/www.gemzse.hu\/wp-content\/uploads\/2018\/03\/22048117_1643571212353627_6740577059716291603_o-1024x750.jpg\" alt=\"\" width=\"750\" height=\"549\" srcset=\"https:\/\/www.gemzse.hu\/wp-content\/uploads\/2018\/03\/22048117_1643571212353627_6740577059716291603_o-1024x750.jpg 1024w, https:\/\/www.gemzse.hu\/wp-content\/uploads\/2018\/03\/22048117_1643571212353627_6740577059716291603_o-300x220.jpg 300w, https:\/\/www.gemzse.hu\/wp-content\/uploads\/2018\/03\/22048117_1643571212353627_6740577059716291603_o-768x562.jpg 768w, https:\/\/www.gemzse.hu\/wp-content\/uploads\/2018\/03\/22048117_1643571212353627_6740577059716291603_o.jpg 1266w\" sizes=\"auto, (max-width: 750px) 100vw, 750px\" \/><\/a> <a href=\"https:\/\/www.gemzse.hu\/wp-content\/uploads\/2018\/03\/22042097_1643540089023406_8482256940174505889_o.jpg\"><img loading=\"lazy\" decoding=\"async\" class=\"aligncenter size-large wp-image-1118\" src=\"https:\/\/www.gemzse.hu\/wp-content\/uploads\/2018\/03\/22042097_1643540089023406_8482256940174505889_o-1024x506.jpg\" alt=\"\" width=\"750\" height=\"371\" srcset=\"https:\/\/www.gemzse.hu\/wp-content\/uploads\/2018\/03\/22042097_1643540089023406_8482256940174505889_o-1024x506.jpg 1024w, https:\/\/www.gemzse.hu\/wp-content\/uploads\/2018\/03\/22042097_1643540089023406_8482256940174505889_o-300x148.jpg 300w, https:\/\/www.gemzse.hu\/wp-content\/uploads\/2018\/03\/22042097_1643540089023406_8482256940174505889_o-768x379.jpg 768w, https:\/\/www.gemzse.hu\/wp-content\/uploads\/2018\/03\/22042097_1643540089023406_8482256940174505889_o.jpg 1180w\" sizes=\"auto, (max-width: 750px) 100vw, 750px\" \/><\/a> <a href=\"https:\/\/www.gemzse.hu\/wp-content\/uploads\/2018\/03\/22008056_1643565125687569_4464626794210952624_n.jpg\"><img loading=\"lazy\" decoding=\"async\" class=\"aligncenter size-full wp-image-1117\" src=\"https:\/\/www.gemzse.hu\/wp-content\/uploads\/2018\/03\/22008056_1643565125687569_4464626794210952624_n.jpg\" alt=\"\" width=\"776\" height=\"960\" srcset=\"https:\/\/www.gemzse.hu\/wp-content\/uploads\/2018\/03\/22008056_1643565125687569_4464626794210952624_n.jpg 776w, https:\/\/www.gemzse.hu\/wp-content\/uploads\/2018\/03\/22008056_1643565125687569_4464626794210952624_n-243x300.jpg 243w, https:\/\/www.gemzse.hu\/wp-content\/uploads\/2018\/03\/22008056_1643565125687569_4464626794210952624_n-768x950.jpg 768w\" sizes=\"auto, (max-width: 776px) 100vw, 776px\" \/><\/a> <a href=\"https:\/\/www.gemzse.hu\/wp-content\/uploads\/2018\/03\/21950631_1643537792356969_8033877629004247963_o.jpg\"><img loading=\"lazy\" decoding=\"async\" class=\"aligncenter wp-image-1116 size-full\" src=\"https:\/\/www.gemzse.hu\/wp-content\/uploads\/2018\/03\/21950631_1643537792356969_8033877629004247963_o.jpg\" alt=\"\" width=\"977\" height=\"633\" srcset=\"https:\/\/www.gemzse.hu\/wp-content\/uploads\/2018\/03\/21950631_1643537792356969_8033877629004247963_o.jpg 977w, https:\/\/www.gemzse.hu\/wp-content\/uploads\/2018\/03\/21950631_1643537792356969_8033877629004247963_o-300x194.jpg 300w, https:\/\/www.gemzse.hu\/wp-content\/uploads\/2018\/03\/21950631_1643537792356969_8033877629004247963_o-768x498.jpg 768w\" sizes=\"auto, (max-width: 977px) 100vw, 977px\" \/><\/a> <a href=\"https:\/\/www.gemzse.hu\/wp-content\/uploads\/2018\/03\/21950171_1643537705690311_20639396342214756_o.jpg\"><img loading=\"lazy\" decoding=\"async\" class=\"aligncenter wp-image-1115 size-large\" src=\"https:\/\/www.gemzse.hu\/wp-content\/uploads\/2018\/03\/21950171_1643537705690311_20639396342214756_o-1024x741.jpg\" alt=\"\" width=\"750\" height=\"543\" srcset=\"https:\/\/www.gemzse.hu\/wp-content\/uploads\/2018\/03\/21950171_1643537705690311_20639396342214756_o-1024x741.jpg 1024w, https:\/\/www.gemzse.hu\/wp-content\/uploads\/2018\/03\/21950171_1643537705690311_20639396342214756_o-300x217.jpg 300w, https:\/\/www.gemzse.hu\/wp-content\/uploads\/2018\/03\/21950171_1643537705690311_20639396342214756_o-768x556.jpg 768w, https:\/\/www.gemzse.hu\/wp-content\/uploads\/2018\/03\/21950171_1643537705690311_20639396342214756_o.jpg 1088w\" sizes=\"auto, (max-width: 750px) 100vw, 750px\" \/><\/a><\/p>\n","protected":false},"excerpt":{"rendered":"<p>Major Katalin Bal\u00e1zs S\u00e1ndorn\u00e9<\/p>\n","protected":false},"author":1,"featured_media":0,"parent":484,"menu_order":99,"comment_status":"closed","ping_status":"closed","template":"","meta":{"footnotes":""},"class_list":["post-1113","page","type-page","status-publish","hentry","nodate","item-wrap"],"_links":{"self":[{"href":"https:\/\/www.gemzse.hu\/index.php?rest_route=\/wp\/v2\/pages\/1113","targetHints":{"allow":["GET"]}}],"collection":[{"href":"https:\/\/www.gemzse.hu\/index.php?rest_route=\/wp\/v2\/pages"}],"about":[{"href":"https:\/\/www.gemzse.hu\/index.php?rest_route=\/wp\/v2\/types\/page"}],"author":[{"embeddable":true,"href":"https:\/\/www.gemzse.hu\/index.php?rest_route=\/wp\/v2\/users\/1"}],"replies":[{"embeddable":true,"href":"https:\/\/www.gemzse.hu\/index.php?rest_route=%2Fwp%2Fv2%2Fcomments&post=1113"}],"version-history":[{"count":3,"href":"https:\/\/www.gemzse.hu\/index.php?rest_route=\/wp\/v2\/pages\/1113\/revisions"}],"predecessor-version":[{"id":1163,"href":"https:\/\/www.gemzse.hu\/index.php?rest_route=\/wp\/v2\/pages\/1113\/revisions\/1163"}],"up":[{"embeddable":true,"href":"https:\/\/www.gemzse.hu\/index.php?rest_route=\/wp\/v2\/pages\/484"}],"wp:attachment":[{"href":"https:\/\/www.gemzse.hu\/index.php?rest_route=%2Fwp%2Fv2%2Fmedia&parent=1113"}],"curies":[{"name":"wp","href":"https:\/\/api.w.org\/{rel}","templated":true}]}}