{"id":1144,"date":"2018-03-24T16:51:13","date_gmt":"2018-03-24T15:51:13","guid":{"rendered":"http:\/\/www.gemzse.hu\/?page_id=1144"},"modified":"2018-03-24T17:09:24","modified_gmt":"2018-03-24T16:09:24","slug":"2017-evi-rno-jegyzokonyvek","status":"publish","type":"page","link":"https:\/\/www.gemzse.hu\/?page_id=1144","title":{"rendered":"2017. \u00e9vi RN\u00d6 jegyz\u0151k\u00f6nyvek"},"content":{"rendered":"<ul>\n<li><a href=\"https:\/\/www.gemzse.hu\/wp-content\/uploads\/2018\/03\/RN\u00d6-Jegyz\u0151k\u00f6nyv-20171130.pdf\" target=\"_blank\" rel=\"noopener\">RN\u00d6 Jegyz\u0151k\u00f6nyv 20171130<\/a><\/li>\n<li><a href=\"https:\/\/www.gemzse.hu\/wp-content\/uploads\/2018\/03\/RN\u00d6-Jegyz\u0151k\u00f6nyv-20171130-k\u00f6zmeghallgat\u00e1s.pdf\" target=\"_blank\" rel=\"noopener\">RN\u00d6 Jegyz\u0151k\u00f6nyv 20171130 k\u00f6zmeghallgat\u00e1s<\/a><\/li>\n<li><a href=\"https:\/\/www.gemzse.hu\/wp-content\/uploads\/2018\/03\/RN\u00d6-Jegyz\u0151k\u00f6nyv-20171026.pdf\" target=\"_blank\" rel=\"noopener\">RN\u00d6 Jegyz\u0151k\u00f6nyv 20171026<\/a><\/li>\n<li><a href=\"https:\/\/www.gemzse.hu\/wp-content\/uploads\/2018\/03\/RN\u00d6-Jegyz\u0151k\u00f6nyv-20170921.pdf\" target=\"_blank\" rel=\"noopener\">RN\u00d6 Jegyz\u0151k\u00f6nyv 20170921<\/a><\/li>\n<li><a href=\"https:\/\/www.gemzse.hu\/wp-content\/uploads\/2018\/03\/RN\u00d6-Jegyz\u0151k\u00f6nyv-20170720.pdf\" target=\"_blank\" rel=\"noopener\">RN\u00d6 Jegyz\u0151k\u00f6nyv 20170720<\/a><\/li>\n<li><a href=\"https:\/\/www.gemzse.hu\/wp-content\/uploads\/2018\/03\/RN\u00d6-Jegyz\u0151k\u00f6nyv-20170504.pdf\" target=\"_blank\" rel=\"noopener\">RN\u00d6 Jegyz\u0151k\u00f6nyv 20170504<\/a><\/li>\n<li><a href=\"https:\/\/www.gemzse.hu\/wp-content\/uploads\/2018\/03\/RN\u00d6-Jegyz\u0151k\u00f6nyv-20170321.pdf\" target=\"_blank\" rel=\"noopener\">RN\u00d6 Jegyz\u0151k\u00f6nyv 20170321<\/a><\/li>\n<li><a href=\"https:\/\/www.gemzse.hu\/wp-content\/uploads\/2018\/03\/RN\u00d6-Jegyz\u0151k\u00f6nyv-20170223.pdf\" target=\"_blank\" rel=\"noopener\">RN\u00d6 Jegyz\u0151k\u00f6nyv 20170223<\/a><\/li>\n<li><a href=\"https:\/\/www.gemzse.hu\/wp-content\/uploads\/2018\/03\/RN\u00d6-Jegyz\u0151k\u00f6nyv-20170112.pdf\" target=\"_blank\" rel=\"noopener\">RN\u00d6 Jegyz\u0151k\u00f6nyv 20170112<\/a><\/li>\n<\/ul>\n","protected":false},"excerpt":{"rendered":"<p>RN\u00d6 Jegyz\u0151k\u00f6nyv 20171130 RN\u00d6 Jegyz\u0151k\u00f6nyv 20171130 k\u00f6zmeghallgat\u00e1s RN\u00d6 Jegyz\u0151k\u00f6nyv 20171026 RN\u00d6 Jegyz\u0151k\u00f6nyv 20170921 RN\u00d6 Jegyz\u0151k\u00f6nyv 20170720 RN\u00d6 Jegyz\u0151k\u00f6nyv 20170504 RN\u00d6 Jegyz\u0151k\u00f6nyv 20170321 RN\u00d6 Jegyz\u0151k\u00f6nyv 20170223 RN\u00d6 Jegyz\u0151k\u00f6nyv 20170112<\/p>\n","protected":false},"author":1,"featured_media":0,"parent":306,"menu_order":97,"comment_status":"closed","ping_status":"closed","template":"","meta":{"footnotes":""},"class_list":["post-1144","page","type-page","status-publish","hentry","nodate","item-wrap"],"_links":{"self":[{"href":"https:\/\/www.gemzse.hu\/index.php?rest_route=\/wp\/v2\/pages\/1144","targetHints":{"allow":["GET"]}}],"collection":[{"href":"https:\/\/www.gemzse.hu\/index.php?rest_route=\/wp\/v2\/pages"}],"about":[{"href":"https:\/\/www.gemzse.hu\/index.php?rest_route=\/wp\/v2\/types\/page"}],"author":[{"embeddable":true,"href":"https:\/\/www.gemzse.hu\/index.php?rest_route=\/wp\/v2\/users\/1"}],"replies":[{"embeddable":true,"href":"https:\/\/www.gemzse.hu\/index.php?rest_route=%2Fwp%2Fv2%2Fcomments&post=1144"}],"version-history":[{"count":3,"href":"https:\/\/www.gemzse.hu\/index.php?rest_route=\/wp\/v2\/pages\/1144\/revisions"}],"predecessor-version":[{"id":1156,"href":"https:\/\/www.gemzse.hu\/index.php?rest_route=\/wp\/v2\/pages\/1144\/revisions\/1156"}],"up":[{"embeddable":true,"href":"https:\/\/www.gemzse.hu\/index.php?rest_route=\/wp\/v2\/pages\/306"}],"wp:attachment":[{"href":"https:\/\/www.gemzse.hu\/index.php?rest_route=%2Fwp%2Fv2%2Fmedia&parent=1144"}],"curies":[{"name":"wp","href":"https:\/\/api.w.org\/{rel}","templated":true}]}}