{"id":1207,"date":"2019-08-30T10:50:09","date_gmt":"2019-08-30T08:50:09","guid":{"rendered":"http:\/\/www.gemzse.hu\/?page_id=1207"},"modified":"2019-09-15T23:52:49","modified_gmt":"2019-09-15T21:52:49","slug":"valasztas-2019","status":"publish","type":"page","link":"https:\/\/www.gemzse.hu\/?page_id=1207","title":{"rendered":"\u00d6nkorm\u00e1nyzati V\u00e1laszt\u00e1s 2019"},"content":{"rendered":"\n<p><span style=\"color: #0000ff;\"><strong><a style=\"color: #0000ff;\" href=\"https:\/\/www.gemzse.hu\/?page_id=1214\">Helyi V\u00e1laszt\u00e1si Bizotts\u00e1g hat\u00e1rozatai<\/a><\/strong><\/span><\/p>\n<p>Hivatalos weboldal: <a href=\"https:\/\/www.valasztas.hu\/\" target=\"_blank\" rel=\"noopener noreferrer\">valasztas.hu<\/a><\/p>\n<p><a href=\"http:\/\/www.valasztas.hu\" target=\"_blank\" rel=\"noopener noreferrer\"><img loading=\"lazy\" decoding=\"async\" class=\"alignnone wp-image-1289 size-full\" src=\"https:\/\/www.gemzse.hu\/wp-content\/uploads\/2019\/09\/helyi_onk_kituzes_v2.png\" alt=\"\" width=\"520\" height=\"310\" srcset=\"https:\/\/www.gemzse.hu\/wp-content\/uploads\/2019\/09\/helyi_onk_kituzes_v2.png 520w, https:\/\/www.gemzse.hu\/wp-content\/uploads\/2019\/09\/helyi_onk_kituzes_v2-300x179.png 300w\" sizes=\"auto, (max-width: 520px) 100vw, 520px\" \/><\/a><\/p>\n<h1 class=\"carousel-item-title\">Helyi \u00f6nkorm\u00e1nyzati k\u00e9pvisel\u0151k \u00e9s polg\u00e1rmesterek v\u00e1laszt\u00e1sa 2019<i class=\"icon icon-time\" aria-hidden=\"true\"><\/i><\/h1>\n<div class=\"carousel-item-lead\">A k\u00f6zt\u00e1rsas\u00e1gi eln\u00f6k 2019. okt\u00f3ber 13. napj\u00e1ra, vas\u00e1rnapra t\u0171zte ki a helyi \u00f6nkorm\u00e1nyzati \u00e1ltal\u00e1nos v\u00e1laszt\u00e1sokat. Oldalainkon megkeresheti, hol adhatja le a szavazat\u00e1t, k\u00e9relmet ny\u00fajthat be, ha nem a lakc\u00edme szerinti szavaz\u00f3k\u00f6rben k\u00edv\u00e1n szavazni, \u00e9s megtekintheti a v\u00e1laszt\u00e1son indul\u00f3 jel\u00f6lteket, list\u00e1kat.<\/div>\n<div>\u00a0<\/div>\n<div>\n<h1 class=\"carousel-item-title\">Nemzetis\u00e9gi \u00f6nkorm\u00e1nyzati v\u00e1laszt\u00e1sok 2019<i class=\"icon icon-time\" aria-hidden=\"true\"><\/i><\/h1>\n<div class=\"carousel-item-lead\">A Nemzeti V\u00e1laszt\u00e1si Bizotts\u00e1g &#8211; jogszab\u00e1lyi k\u00f6telezetts\u00e9g\u00e9nek eleget t\u00e9ve &#8211; a helyi \u00f6nkorm\u00e1nyzati v\u00e1laszt\u00e1sokkal azonos napra, 2019. okt\u00f3ber 13-\u00e1ra, vas\u00e1rnapra t\u0171zte ki a nemzetis\u00e9gi \u00f6nkorm\u00e1nyzati \u00e1ltal\u00e1nos v\u00e1laszt\u00e1sokat. Oldalainkon megkeresheti, hol adhatja le a szavazat\u00e1t, \u00e9s inform\u00e1ci\u00f3kat tal\u00e1l a v\u00e1laszt\u00e1sokkal kapcsolatos legfontosabb tudnival\u00f3kr\u00f3l.<\/div>\n<\/div>\n","protected":false},"excerpt":{"rendered":"","protected":false},"author":1,"featured_media":0,"parent":0,"menu_order":0,"comment_status":"closed","ping_status":"closed","template":"","meta":{"footnotes":""},"class_list":["post-1207","page","type-page","status-publish","hentry","nodate","item-wrap"],"_links":{"self":[{"href":"https:\/\/www.gemzse.hu\/index.php?rest_route=\/wp\/v2\/pages\/1207","targetHints":{"allow":["GET"]}}],"collection":[{"href":"https:\/\/www.gemzse.hu\/index.php?rest_route=\/wp\/v2\/pages"}],"about":[{"href":"https:\/\/www.gemzse.hu\/index.php?rest_route=\/wp\/v2\/types\/page"}],"author":[{"embeddable":true,"href":"https:\/\/www.gemzse.hu\/index.php?rest_route=\/wp\/v2\/users\/1"}],"replies":[{"embeddable":true,"href":"https:\/\/www.gemzse.hu\/index.php?rest_route=%2Fwp%2Fv2%2Fcomments&post=1207"}],"version-history":[{"count":9,"href":"https:\/\/www.gemzse.hu\/index.php?rest_route=\/wp\/v2\/pages\/1207\/revisions"}],"predecessor-version":[{"id":1293,"href":"https:\/\/www.gemzse.hu\/index.php?rest_route=\/wp\/v2\/pages\/1207\/revisions\/1293"}],"wp:attachment":[{"href":"https:\/\/www.gemzse.hu\/index.php?rest_route=%2Fwp%2Fv2%2Fmedia&parent=1207"}],"curies":[{"name":"wp","href":"https:\/\/api.w.org\/{rel}","templated":true}]}}