{"id":1214,"date":"2019-08-30T11:00:45","date_gmt":"2019-08-30T09:00:45","guid":{"rendered":"http:\/\/www.gemzse.hu\/?page_id=1214"},"modified":"2019-10-15T21:13:44","modified_gmt":"2019-10-15T19:13:44","slug":"helyi-valasztasi-bizottsag-hatarozatai","status":"publish","type":"page","link":"https:\/\/www.gemzse.hu\/?page_id=1214","title":{"rendered":"Helyi V\u00e1laszt\u00e1si Bizotts\u00e1g hat\u00e1rozatai"},"content":{"rendered":"\n<p><a href=\"https:\/\/www.gemzse.hu\/wp-content\/uploads\/2019\/10\/Gemzse-k\u00f6zs\u00e9g-Helyi-V\u00e1laszt\u00e1si-Bizotts\u00e1g-47-sz\u00e1m\u00fa-hat\u00e1rozata.pdf\" target=\"_blank\" rel=\"noopener noreferrer\">Gemzse k\u00f6zs\u00e9g Helyi V\u00e1laszt\u00e1si Bizotts\u00e1g 47 sz\u00e1m\u00fa hat\u00e1rozata<\/a><\/p>\n<p><a href=\"https:\/\/www.gemzse.hu\/wp-content\/uploads\/2019\/10\/Gemzse-k\u00f6zs\u00e9g-Helyi-V\u00e1laszt\u00e1si-Bizotts\u00e1g-46-sz\u00e1m\u00fa-hat\u00e1rozata.pdf\" target=\"_blank\" rel=\"noopener noreferrer\">Gemzse k\u00f6zs\u00e9g Helyi V\u00e1laszt\u00e1si Bizotts\u00e1g 46 sz\u00e1m\u00fa hat\u00e1rozata<\/a><\/p>\n<p><a href=\"https:\/\/www.gemzse.hu\/wp-content\/uploads\/2019\/10\/Gemzse-k\u00f6zs\u00e9g-Helyi-V\u00e1laszt\u00e1si-Bizotts\u00e1g-45-sz\u00e1m\u00fa-hat\u00e1rozata.pdf\" target=\"_blank\" rel=\"noopener noreferrer\">Gemzse k\u00f6zs\u00e9g Helyi V\u00e1laszt\u00e1si Bizotts\u00e1g 45 sz\u00e1m\u00fa hat\u00e1rozata<\/a><\/p>\n<p><a href=\"https:\/\/www.gemzse.hu\/wp-content\/uploads\/2019\/09\/V\u00e1laszt\u00e1si-Bizotts\u00e1g-hat\u00e1rozata-a-roma-nemzetis\u00e9gi-\u00f6nkorm\u00e1nyzat.pdf\" target=\"_blank\" rel=\"noopener noreferrer\">V\u00e1laszt\u00e1si Bizotts\u00e1g hat\u00e1rozata a roma nemzetis\u00e9gi \u00f6nkorm\u00e1nyzati k\u00e9pvisel\u0151v\u00e1laszt\u00e1s szavaz\u00f3lap tartalm\u00e1nak j\u00f3v\u00e1hagy\u00e1s\u00e1r\u00f3l<\/a><\/p>\n<p><a href=\"https:\/\/www.gemzse.hu\/wp-content\/uploads\/2019\/09\/V\u00e1laszt\u00e1si-Bizotts\u00e1g-hat\u00e1rozata-a-polg\u00e1rmester-v\u00e1laszt\u00e1s-szavaz.pdf\" target=\"_blank\" rel=\"noopener noreferrer\">V\u00e1laszt\u00e1si Bizotts\u00e1g hat\u00e1rozata a polg\u00e1rmester v\u00e1laszt\u00e1s szavaz\u00f3lapj\u00e1nak j\u00f3v\u00e1hagy\u00e1sa<\/a><\/p>\n<p><a href=\"https:\/\/www.gemzse.hu\/wp-content\/uploads\/2019\/09\/V\u00e1laszt\u00e1si-Bizotts\u00e1g-hat\u00e1rozata-a-k\u00e9pvisel\u0151v\u00e1laszt\u00e1s-szavaz.pdf\" target=\"_blank\" rel=\"noopener noreferrer\">V\u00e1laszt\u00e1si Bizotts\u00e1g hat\u00e1rozata a k\u00e9pvisel\u0151v\u00e1laszt\u00e1s szavaz\u00f3lap tartalm\u00e1nak j\u00f3v\u00e1hagy\u00e1s\u00e1r\u00f3l<\/a><\/p>\n<p><a href=\"https:\/\/www.gemzse.hu\/wp-content\/uploads\/2019\/09\/Jegyz\u0151k\u00f6nyv-2019.szeptember-18-i-Helyi-V\u00e1laszt\u00e1si-Bizotts\u00e1g-\u00fcl\u00e9.pdf\" target=\"_blank\" rel=\"noopener noreferrer\">Jegyz\u0151k\u00f6nyv 2019.szeptember 18-i Helyi V\u00e1laszt\u00e1si Bizotts\u00e1g \u00fcl\u00e9s\u00e9r\u0151l<\/a><\/p>\n<p><a href=\"https:\/\/www.gemzse.hu\/nagyfajlok\/jegyzokonyv20190909.pdf\" target=\"_blank\" rel=\"noopener noreferrer\">Jegyz\u0151k\u00f6nyv 2019. szeptember 9-i Helyi V\u00e1laszt\u00e1si Bizotts\u00e1g \u00fcl\u00e9s\u00e9r\u0151l<\/a><\/p>\n<p><a href=\"https:\/\/www.gemzse.hu\/wp-content\/uploads\/2019\/09\/Hat\u00e1rozat-polg\u00e1rmester-jel\u00f6ltek-szavaz\u00f3lapon-elfoglalt-sorrendj.pdf\" target=\"_blank\" rel=\"noopener noreferrer\">Hat\u00e1rozat polg\u00e1rmester-jel\u00f6ltek szavaz\u00f3lapon elfoglalt sorrendj\u00e9nek sorsol\u00e1s\u00e1r\u00f3l<\/a><\/p>\n<p><a href=\"https:\/\/www.gemzse.hu\/wp-content\/uploads\/2019\/09\/Hat\u00e1rozat-\u00f6nkorm\u00e1nyzati-k\u00e9pvisel\u0151-jel\u00f6ltek-szavaz\u00f3lapon-elfogla.pdf\" target=\"_blank\" rel=\"noopener noreferrer\">Hat\u00e1rozat \u00f6nkorm\u00e1nyzati k\u00e9pvisel\u0151-jel\u00f6ltek szavaz\u00f3lapon elfoglalt sorrendj\u00e9nek sorsol\u00e1s\u00e1r\u00f3l<\/a><\/p>\n<p><a href=\"https:\/\/www.gemzse.hu\/wp-content\/uploads\/2019\/09\/Hat\u00e1rozat-a-roma-nemzetis\u00e9gi-k\u00e9pvisel\u0151-jel\u00f6ltek-szavaz\u00f3lapon-el-1.pdf\" target=\"_blank\" rel=\"noopener noreferrer\">Hat\u00e1rozat a roma nemzetis\u00e9gi k\u00e9pvisel\u0151-jel\u00f6ltek szavaz\u00f3lapon elfoglalt sorrendj\u00e9nek sorsol\u00e1s\u00e1r\u00f3l<\/a><\/p>\n<p><a href=\"https:\/\/www.gemzse.hu\/wp-content\/uploads\/2019\/09\/Hat\u00e1rozat-B\u00e1lint-Dezs\u0151-egy\u00e9ni-k\u00e9pvisel\u0151jel\u00f6lt.pdf\" target=\"_blank\" rel=\"noopener noreferrer\">B\u00e1lint Dezs\u0151 egy\u00e9ni k\u00e9pvisel\u0151jel\u00f6lt nyilv\u00e1ntart\u00e1sba v\u00e9tele<\/a><\/p>\n<p><a href=\"https:\/\/www.gemzse.hu\/wp-content\/uploads\/2019\/09\/Hat\u00e1rozat-B\u00e1lint-Dezs\u0151-roma-nemzetis\u00e9gi-egy\u00e9ni-jel\u00f6lt-nyilv\u00e1nta.pdf\">B\u00e1lint Dezs\u0151 roma nemzetis\u00e9gi egy\u00e9ni jel\u00f6lt nyilv\u00e1ntart\u00e1sba v\u00e9tele<\/a><\/p>\n<p><a href=\"https:\/\/www.gemzse.hu\/wp-content\/uploads\/2019\/09\/Hat\u00e1rozat-Beri-R\u00f3bert-roma-nemzetis\u00e9gi-egy\u00e9ni-jel\u00f6lt-n.pdf\" target=\"_blank\" rel=\"noopener noreferrer\">Beri R\u00f3bert roma nemzetis\u00e9gi egy\u00e9ni jel\u00f6lt nyilv\u00e1ntart\u00e1sba v\u00e9tele<\/a><\/p>\n<p><a href=\"https:\/\/www.gemzse.hu\/wp-content\/uploads\/2019\/09\/Czomb-Zsolt-egy\u00e9ni-k\u00e9pvisel\u0151jel\u00f6lt-nyilv\u00e1ntart\u00e1sba-v\u00e9tele.pdf\" target=\"_blank\" rel=\"noopener noreferrer\">Czomb Zsolt egy\u00e9ni k\u00e9pvisel\u0151jel\u00f6lt nyilv\u00e1ntart\u00e1sba v\u00e9tele<\/a><\/p>\n<p><a href=\"https:\/\/www.gemzse.hu\/wp-content\/uploads\/2019\/09\/Hat\u00e1rozat-Dobos-Imre-polg\u00e1rmesterjel\u00f6lt-nylv\u00e1ntart\u00e1sba-v\u00e9tel\u00e9r\u0151.pdf\" target=\"_blank\" rel=\"noopener noreferrer\">Dobos Imre polg\u00e1rmesterjel\u00f6lt nyilv\u00e1ntart\u00e1sba v\u00e9tel\u00e9r\u0151l<\/a><\/p>\n<p><a href=\"https:\/\/www.gemzse.hu\/wp-content\/uploads\/2019\/09\/Imre-Zolt\u00e1n-roma-nemzetis\u00e9gi-egy\u00e9ni-jel\u00f6lt-nyilv\u00e1ntart\u00e1sba-v\u00e9te.pdf\" target=\"_blank\" rel=\"noopener noreferrer\">Imre Zolt\u00e1n roma nemzetis\u00e9gi egy\u00e9ni jel\u00f6lt nyilv\u00e1ntart\u00e1sba v\u00e9tele<\/a><\/p>\n<p><a href=\"https:\/\/www.gemzse.hu\/wp-content\/uploads\/2019\/09\/Jegyz\u0151k\u00f6nyv-Gemzse-K\u00f6zs\u00e9g-Helyi-V\u00e1laszt\u00e1si-Bizotts\u00e1g-alakul\u00f3-\u00fcl.pdf\" target=\"_blank\" rel=\"noopener noreferrer\">Jegyz\u0151k\u00f6nyv Gemzse K\u00f6zs\u00e9g Helyi V\u00e1laszt\u00e1si Bizotts\u00e1g alakul\u00f3 \u00fcl\u00e9s<\/a><\/p>\n<p><a href=\"https:\/\/www.gemzse.hu\/wp-content\/uploads\/2019\/09\/Hat\u00e1rozat-Kiss-Zsoltn\u00e9-egy\u00e9ni-k\u00e9pvisel\u0151jel\u00f6lt.pdf\" target=\"_blank\" rel=\"noopener noreferrer\">Kiss Zsoltn\u00e9 egy\u00e9ni k\u00e9pvisel\u0151jel\u00f6lt nyilv\u00e1ntart\u00e1sba v\u00e9tele<\/a><\/p>\n<p><a href=\"https:\/\/www.gemzse.hu\/wp-content\/uploads\/2019\/09\/Hat\u00e1rozat-Kiss-Zsoltn\u00e9-polg\u00e1rmesterjel\u00f6lt-nylv\u00e1ntart\u00e1sba-v\u00e9t.pdf\" target=\"_blank\" rel=\"noopener noreferrer\">Kiss Zsoltn\u00e9 polg\u00e1rmesterjel\u00f6lt nyilv\u00e1ntart\u00e1sba v\u00e9tele<\/a><\/p>\n<p><a href=\"https:\/\/www.gemzse.hu\/wp-content\/uploads\/2019\/09\/Hat\u00e1rozat-Kov\u00e1cs-G\u00e1bor-egy\u00e9ni-k\u00e9pvisel\u0151jel\u00f6lt.pdf\" target=\"_blank\" rel=\"noopener noreferrer\">Kov\u00e1cs G\u00e1bor egy\u00e9ni k\u00e9pvisel\u0151jel\u00f6lt nyilv\u00e1ntart\u00e1sba v\u00e9tele<\/a><\/p>\n<p><a href=\"https:\/\/www.gemzse.hu\/wp-content\/uploads\/2019\/09\/Hat\u00e1rozat-Koz\u00e1k-L\u00e1szl\u00f3-egy\u00e9ni-k\u00e9pvisel\u0151jel\u00f6lt.pdf\" target=\"_blank\" rel=\"noopener noreferrer\">Koz\u00e1k L\u00e1szl\u00f3 egy\u00e9ni k\u00e9pvisel\u0151jel\u00f6lt nyilv\u00e1ntart\u00e1sba v\u00e9tele<\/a><\/p>\n<p><a href=\"https:\/\/www.gemzse.hu\/wp-content\/uploads\/2019\/09\/Hat\u00e1rozat-M\u00e1t\u00e9-Annam\u00e1ria-roma-nemzetis\u00e9gi-egy\u00e9ni-jel\u00f6lt-nyil.pdf\" target=\"_blank\" rel=\"noopener noreferrer\">M\u00e1t\u00e9 Annam\u00e1ria roma nemzetis\u00e9gi egy\u00e9ni jel\u00f6lt nyilv\u00e1ntart\u00e1sba v\u00e9tele<\/a><\/p>\n<p><a href=\"https:\/\/www.gemzse.hu\/wp-content\/uploads\/2019\/09\/Hat\u00e1rozat-M\u00e1t\u00e9-Jen\u0151-roma-nemzetis\u00e9gi-egy\u00e9ni-jel\u00f6lt-n.pdf\" target=\"_blank\" rel=\"noopener noreferrer\">M\u00e1t\u00e9 Jen\u0151 roma nemzetis\u00e9gi egy\u00e9ni jel\u00f6lt nyilv\u00e1ntart\u00e1sba v\u00e9tele<\/a><\/p>\n<p><a href=\"https:\/\/www.gemzse.hu\/wp-content\/uploads\/2019\/09\/Hat\u00e1rozat-M\u00e1t\u00e9-R\u00f3bert-roma-nemzetis\u00e9gi-egy\u00e9ni-jel\u00f6lt-nyilv\u00e1ntar.pdf\" target=\"_blank\" rel=\"noopener noreferrer\">M\u00e1t\u00e9 R\u00f3bert roma nemzetis\u00e9gi egy\u00e9ni jel\u00f6lt nyilv\u00e1ntart\u00e1sba v\u00e9tele<\/a><\/p>\n<p><a href=\"https:\/\/www.gemzse.hu\/wp-content\/uploads\/2019\/09\/Hat\u00e1rozat-M\u00e1t\u00e9-Roland-roma-nemzetis\u00e9gi-egy\u00e9ni-jel\u00f6lt-nyilv\u00e1nta.pdf\" target=\"_blank\" rel=\"noopener noreferrer\">M\u00e1t\u00e9 Roland roma nemzetis\u00e9gi egy\u00e9ni jel\u00f6lt nyilv\u00e1ntart\u00e1sba v\u00e9tele<\/a><\/p>\n<p><a href=\"https:\/\/www.gemzse.hu\/wp-content\/uploads\/2019\/09\/Hat\u00e1rozat-R\u00f3zsa-Val\u00e9ria-roma-nemzetis\u00e9gi-egy\u00e9ni-jel\u00f6lt-n.pdf\" target=\"_blank\" rel=\"noopener noreferrer\">R\u00f3zsa Val\u00e9ria roma nemzetis\u00e9gi egy\u00e9ni jel\u00f6lt nyilv\u00e1ntart\u00e1sba v\u00e9tele<\/a><\/p>\n<p><a href=\"https:\/\/www.gemzse.hu\/wp-content\/uploads\/2019\/09\/Hat\u00e1rozat-Samu-Gyul\u00e1n\u00e9-roma-nemzetis\u00e9gi-egy\u00e9ni-jel\u00f6lt-n.pdf\" target=\"_blank\" rel=\"noopener noreferrer\">Samu Gyul\u00e1n\u00e9 roma nemzetis\u00e9gi egy\u00e9ni jel\u00f6lt nyilv\u00e1ntart\u00e1sba v\u00e9tele<\/a><\/p>\n<p><a href=\"https:\/\/www.gemzse.hu\/wp-content\/uploads\/2019\/09\/Hat\u00e1rozat-Sebesty\u00e9n-Zsolt-egy\u00e9ni-k\u00e9pvisel\u0151jel\u00f6lt.pdf\" target=\"_blank\" rel=\"noopener noreferrer\">Sebesty\u00e9n Zsolt egy\u00e9ni k\u00e9pvisel\u0151jel\u00f6lt nyilv\u00e1ntart\u00e1sba v\u00e9tele<\/a><\/p>\n<p><a href=\"https:\/\/www.gemzse.hu\/wp-content\/uploads\/2019\/09\/Szab\u00f3-K\u00e1roly-Rich\u00e1rd-egy\u00e9ni-k\u00e9pvisel\u0151jel\u00f6lt-nyilv\u00e1ntart\u00e1sba-v\u00e9t.pdf\" target=\"_blank\" rel=\"noopener noreferrer\">Szab\u00f3 K\u00e1roly Rich\u00e1rd egy\u00e9ni k\u00e9pvisel\u0151jel\u00f6lt nyilv\u00e1ntart\u00e1sba v\u00e9tele<\/a><\/p>\n<p><a href=\"https:\/\/www.gemzse.hu\/wp-content\/uploads\/2019\/09\/Hat\u00e1rozat-Szab\u00f3-K\u00e1roly-Rich\u00e1rd-roma-nemzetis\u00e9gi-egy\u00e9ni-jel\u00f6lt-n.pdf\" target=\"_blank\" rel=\"noopener noreferrer\">Szab\u00f3 K\u00e1roly Rich\u00e1rd roma nemzetis\u00e9gi egy\u00e9ni jel\u00f6lt nyilv\u00e1ntart\u00e1sba v\u00e9tele<\/a><\/p>\n<p><a href=\"https:\/\/www.gemzse.hu\/wp-content\/uploads\/2019\/09\/Hat\u00e1rozat-Szab\u00f3-S\u00e1ndorn\u00e9-egy\u00e9ni-k\u00e9pvisel\u0151jel\u00f6lt.pdf\" target=\"_blank\" rel=\"noopener noreferrer\">Szab\u00f3 S\u00e1ndorn\u00e9 egy\u00e9ni k\u00e9pvisel\u0151jel\u00f6lt nyilv\u00e1ntart\u00e1sba v\u00e9tele<\/a><\/p>\n<p><a href=\"https:\/\/www.gemzse.hu\/wp-content\/uploads\/2019\/09\/Hat\u00e1rozat-Sz\u00e1va-Oszk\u00e1r-egy\u00e9ni-k\u00e9pvisel\u0151jel\u00f6lt.pdf\" target=\"_blank\" rel=\"noopener noreferrer\">Sz\u00e1va Oszk\u00e1r egy\u00e9ni k\u00e9pvisel\u0151jel\u00f6lt nyilv\u00e1ntart\u00e1sba v\u00e9tele<\/a><\/p>\n<p><a href=\"https:\/\/www.gemzse.hu\/wp-content\/uploads\/2019\/09\/Hat\u00e1rozat-Sz\u00e1va-Oszk\u00e1rn\u00e9-roma-nemzetis\u00e9gi-egy\u00e9ni-jel\u00f6lt-n.pdf\" target=\"_blank\" rel=\"noopener noreferrer\">Sz\u00e1va Oszk\u00e1rn\u00e9 roma nemzetis\u00e9gi egy\u00e9ni jel\u00f6lt nyilv\u00e1ntart\u00e1sba v\u00e9tele<\/a><\/p>\n<p><a href=\"https:\/\/www.gemzse.hu\/wp-content\/uploads\/2019\/09\/Hat\u00e1rozat-Szesztai-Tam\u00e1s-egy\u00e9ni-k\u00e9pvisel\u0151jel\u00f6lt.pdf\" target=\"_blank\" rel=\"noopener noreferrer\">Szesztai Tam\u00e1s egy\u00e9ni k\u00e9pvisel\u0151jel\u00f6lt nyilv\u00e1ntart\u00e1sba v\u00e9tele<\/a><\/p>\n<p><a href=\"https:\/\/www.gemzse.hu\/wp-content\/uploads\/2019\/09\/Szolnoki-Andr\u00e1s-egy\u00e9ni-k\u00e9pvisel\u0151jel\u00f6lt-nyilv\u00e1ntart\u00e1sba-v\u00e9tele.pdf\" target=\"_blank\" rel=\"noopener noreferrer\">Szolnoki Andr\u00e1s egy\u00e9ni k\u00e9pvisel\u0151jel\u00f6lt nyilv\u00e1ntart\u00e1sba v\u00e9tele<\/a><\/p>\n<p><a href=\"https:\/\/www.gemzse.hu\/wp-content\/uploads\/2019\/09\/Szolnoki-Andr\u00e1s-roma-nemzetis\u00e9gi-egy\u00e9ni-jel\u00f6lt-nyilv\u00e1ntart\u00e1sba-.pdf\" target=\"_blank\" rel=\"noopener noreferrer\">Szolnoki Andr\u00e1s roma nemzetis\u00e9gi egy\u00e9ni jel\u00f6lt nyilv\u00e1ntart\u00e1sba v\u00e9tele<\/a><\/p>\n<p><a href=\"https:\/\/www.gemzse.hu\/wp-content\/uploads\/2019\/09\/Hat\u00e1rozat-Szolnoki-B\u00e9la-roma-nemzetis\u00e9gi-egy\u00e9ni-jel\u00f6lt-n.pdf\" target=\"_blank\" rel=\"noopener noreferrer\">Szolnoki B\u00e9la roma nemzetis\u00e9gi egy\u00e9ni jel\u00f6lt nyilv\u00e1ntart\u00e1sba v\u00e9tele<\/a><\/p>\n<p><a href=\"https:\/\/www.gemzse.hu\/wp-content\/uploads\/2019\/09\/Hat\u00e1rozat-Szolnoki-Menyh\u00e9rt-egy\u00e9ni-k\u00e9pvisel\u0151jel\u00f6lt.pdf\" target=\"_blank\" rel=\"noopener noreferrer\">Szolnoki Menyh\u00e9rt egy\u00e9ni k\u00e9pvisel\u0151jel\u00f6lt nyilv\u00e1ntart\u00e1sba v\u00e9tele<\/a><\/p>\n<p><a href=\"https:\/\/www.gemzse.hu\/wp-content\/uploads\/2019\/09\/Hat\u00e1rozat-Szolnoki-Menyh\u00e9rt-roma-nemzetis\u00e9gi-egy\u00e9ni-jel\u00f6lt-nyil.pdf\" target=\"_blank\" rel=\"noopener noreferrer\">Szolnoki Menyh\u00e9rt roma nemzetis\u00e9gi egy\u00e9ni jel\u00f6lt nyilv\u00e1ntart\u00e1sba v\u00e9tele<\/a><\/p>\n<p><a href=\"https:\/\/www.gemzse.hu\/wp-content\/uploads\/2019\/09\/Hat\u00e1rozat-Szolnoki-Oliv\u00e9r-polg\u00e1rmesterjel\u00f6lt-nylv\u00e1ntart\u00e1sba-v\u00e9t.pdf\" target=\"_blank\" rel=\"noopener noreferrer\">Szolnoki Oliv\u00e9r polg\u00e1rmesterjel\u00f6lt nyilv\u00e1ntart\u00e1sba v\u00e9tele<\/a><\/p>\n<p><a href=\"https:\/\/www.gemzse.hu\/wp-content\/uploads\/2019\/09\/Hat\u00e1rozat-Szolnoki-Oliv\u00e9r-roma-nemzetis\u00e9gi-egy\u00e9ni-jel\u00f6lt-n.pdf\" target=\"_blank\" rel=\"noopener noreferrer\">Szolnoki Oliv\u00e9r roma nemzetis\u00e9gi egy\u00e9ni jel\u00f6lt nyilv\u00e1ntart\u00e1sba v\u00e9tele<\/a><\/p>\n<p><a href=\"https:\/\/www.gemzse.hu\/wp-content\/uploads\/2019\/09\/Sz\u0151ke-\u00c1rp\u00e1dn\u00e9-egy\u00e9ni-k\u00e9pvisel\u0151jel\u00f6lt-nyilv\u00e1ntart\u00e1sba-v\u00e9tele.pdf\" target=\"_blank\" rel=\"noopener noreferrer\">Sz\u0151ke \u00c1rp\u00e1dn\u00e9 egy\u00e9ni k\u00e9pvisel\u0151jel\u00f6lt nyilv\u00e1ntart\u00e1sba v\u00e9tele<\/a><\/p>\n<p><a href=\"https:\/\/www.gemzse.hu\/wp-content\/uploads\/2019\/09\/Hat\u00e1rozat-T\u00f6r\u00f6kn\u00e9-Vincze-\u00c9va-Anna-egy\u00e9ni-k\u00e9pvisel\u0151jel\u00f6lt.pdf\" target=\"_blank\" rel=\"noopener noreferrer\">T\u00f6r\u00f6kn\u00e9 Vincze \u00c9va Anna egy\u00e9ni k\u00e9pvisel\u0151jel\u00f6lt nyilv\u00e1ntart\u00e1sba v\u00e9tele<\/a><\/p>\n<p><a href=\"https:\/\/www.gemzse.hu\/wp-content\/uploads\/2019\/09\/Hat\u00e1rozat-Varga-S\u00e1ndor-polg\u00e1rmesterjel\u00f6lt-nylv\u00e1ntart\u00e1sba-v\u00e9tel\u00e9.pdf\" target=\"_blank\" rel=\"noopener noreferrer\">Varga S\u00e1ndor polg\u00e1rmesterjel\u00f6lt nyilv\u00e1ntart\u00e1sba v\u00e9tele<\/a><\/p>\n<p><a href=\"https:\/\/www.gemzse.hu\/wp-content\/uploads\/2019\/09\/Hat\u00e1rozat-Z\u00e1mb\u00f3-Emil-roma-nemzetis\u00e9gi-egy\u00e9ni-jel\u00f6lt-n.pdf\" target=\"_blank\" rel=\"noopener noreferrer\">Z\u00e1mb\u00f3 Emil roma nemzetis\u00e9gi egy\u00e9ni jel\u00f6lt nyilv\u00e1ntart\u00e1sba v\u00e9tele<\/a><\/p>\n","protected":false},"excerpt":{"rendered":"","protected":false},"author":1,"featured_media":0,"parent":0,"menu_order":0,"comment_status":"closed","ping_status":"closed","template":"","meta":{"footnotes":""},"class_list":["post-1214","page","type-page","status-publish","hentry","nodate","item-wrap"],"_links":{"self":[{"href":"https:\/\/www.gemzse.hu\/index.php?rest_route=\/wp\/v2\/pages\/1214","targetHints":{"allow":["GET"]}}],"collection":[{"href":"https:\/\/www.gemzse.hu\/index.php?rest_route=\/wp\/v2\/pages"}],"about":[{"href":"https:\/\/www.gemzse.hu\/index.php?rest_route=\/wp\/v2\/types\/page"}],"author":[{"embeddable":true,"href":"https:\/\/www.gemzse.hu\/index.php?rest_route=\/wp\/v2\/users\/1"}],"replies":[{"embeddable":true,"href":"https:\/\/www.gemzse.hu\/index.php?rest_route=%2Fwp%2Fv2%2Fcomments&post=1214"}],"version-history":[{"count":29,"href":"https:\/\/www.gemzse.hu\/index.php?rest_route=\/wp\/v2\/pages\/1214\/revisions"}],"predecessor-version":[{"id":1387,"href":"https:\/\/www.gemzse.hu\/index.php?rest_route=\/wp\/v2\/pages\/1214\/revisions\/1387"}],"wp:attachment":[{"href":"https:\/\/www.gemzse.hu\/index.php?rest_route=%2Fwp%2Fv2%2Fmedia&parent=1214"}],"curies":[{"name":"wp","href":"https:\/\/api.w.org\/{rel}","templated":true}]}}