{"id":1310,"date":"2019-09-30T09:44:00","date_gmt":"2019-09-30T07:44:00","guid":{"rendered":"http:\/\/www.gemzse.hu\/?page_id=1310"},"modified":"2019-09-30T11:13:25","modified_gmt":"2019-09-30T09:13:25","slug":"jovonkert","status":"publish","type":"page","link":"https:\/\/www.gemzse.hu\/?page_id=1310","title":{"rendered":"\u201eJ\u00d6V\u0150NK\u00c9RT!\u201d"},"content":{"rendered":"\n<h2 style=\"text-align: right;\"><a href=\"https:\/\/www.gemzse.hu\/wp-content\/uploads\/2019\/09\/jovonkert_tamogato_logo.jpg\"><img loading=\"lazy\" decoding=\"async\" class=\"wp-image-1313 alignright\" src=\"https:\/\/www.gemzse.hu\/wp-content\/uploads\/2019\/09\/jovonkert_tamogato_logo-1024x708.jpg\" alt=\"\" width=\"400\" height=\"276\" \/><\/a><\/h2>\n<h2>J\u00d6V\u0150NK\u00c9RT P\u00c1LY\u00c1ZAT BEMUTAT\u00c1SA<\/h2>\n<p>\u00a0<\/p>\n<p><strong>Hum\u00e1n k\u00f6zszolg\u00e1ltat\u00e1sok fejleszt\u00e9se Ny\u00edrmada t\u00e9rs\u00e9g\u00e9ben<\/strong><\/p>\n<p>\u00a0<\/p>\n<p>\u00a0<\/p>\n<p>\u00a0<\/p>\n<p>Ny\u00edrmada V\u00e1ros \u00d6nkorm\u00e1nyzata 250.000.000.- Ft \u00f6sszeg\u0171, 100 sz\u00e1zal\u00e9kos, vissza nem t\u00e9r\u00edtend\u0151 t\u00e1mogat\u00e1st nyert az Emberi Er\u0151forr\u00e1sok Miniszt\u00e9rium felh\u00edv\u00e1s\u00e1ra konzorciumi egy\u00fcttm\u0171k\u00f6d\u00e9s keret\u00e9ben beadott<\/p>\n<p style=\"text-align: center;\">\u201c<strong>J\u00d6V\u0150NK\u00c9RT!\u201d <\/strong>megnevez\u00e9s\u0171,<\/p>\n<p style=\"text-align: center;\"><strong>EFOP-1.5.3-16-2017-00089<\/strong>,<\/p>\n<p style=\"text-align: center;\">azonos\u00edt\u00f3 sz\u00e1m\u00fa p\u00e1ly\u00e1zat megval\u00f3s\u00edt\u00e1s\u00e1ra.<\/p>\n<p>A megval\u00f3s\u00edt\u00e1s id\u0151tartama: 2018. \u00e1prilis 01. \u00e9s 2021. m\u00e1rcius 31 k\u00f6z\u00f6tt 36 h\u00f3nap.<\/p>\n<p>A projekt az Eur\u00f3pai Uni\u00f3 t\u00e1mogat\u00e1s\u00e1val \u00e9s az Eur\u00f3pai Szoci\u00e1lis Alap t\u00e1rsfinansz\u00edroz\u00e1s\u00e1val val\u00f3sul meg.<\/p>\n<p>A\u00a0projektben tervezett feladatok a konzorciumban r\u00e9sztvev\u0151 \u00f6t telep\u00fcl\u00e9sen, Ny\u00edrmad\u00e1n, Pusztadoboson, Kisvars\u00e1nyban, Gemzs\u00e9n \u00e9s \u0150rben ker\u00fclnek v\u00e9grehajt\u00e1sra.<\/p>\n<p>Gemzse K\u00f6zs\u00e9g \u00d6nkorm\u00e1nyzat vissza nem t\u00e9r\u00edtend\u0151 t\u00e1mogat\u00e1s \u00f6sszege: xx xxx xxx Ft.<\/p>\n<p><strong>A t\u00e1mogat\u00e1s intenzit\u00e1s m\u00e9rt\u00e9ke (%):\u00a0<\/strong>100<\/p>\n<p><strong>A projekt tartalm\u00e1nak bemutat\u00e1sa<\/strong>: Gemzse K\u00f6zs\u00e9g \u00d6nkorm\u00e1nyzata az 5 tag\u00fa konzorcium az EFOP-1-5.3-16 azonos\u00edt\u00f3sz\u00e1m\u00fa p\u00e1ly\u00e1zati konstrukci\u00f3 keret\u00e9ben beny\u00fajtotta a \u201eHum\u00e1n szolg\u00e1ltat\u00e1sok fejleszt\u00e9se J\u00f6v\u0151nk\u00e9rt\u201d c\u00edm\u0171 projektet. A konzorcium &#8211; a pozit\u00edv t\u00e1mogat\u00f3i d\u00f6nt\u00e9s \u00e9rtelm\u00e9ben &#8211; 250.000.000,- Ft vissza nem t\u00e9r\u00edtend\u0151 t\u00e1mogat\u00e1sban r\u00e9szes\u00fclt az Emberi Er\u0151forr\u00e1s Fejleszt\u00e9si Operat\u00edv Program keret\u00e9n bel\u00fcl. Az 5 tag\u00fa konzorcium telep\u00fcl\u00e9sei, k\u00f6zt\u00fck Ny\u00edrmada f\u0151 kedvezm\u00e9nyezett, Pusztadobos, Gemzse, Kisvars\u00e1ny \u00e9s \u0150r. A projekt c\u00e9lja a t\u00e1rsadalmi kirekeszt\u0151d\u00e9s cs\u00f6kkent\u00e9se, m\u00e9rs\u00e9kl\u00e9se, tov\u00e1bb\u00e1 a kist\u00e9rs\u00e9g bels\u0151 \u00f6sszefog\u00e1s\u00e1nak er\u0151s\u00edt\u00e9se. A projekt megval\u00f3s\u00edt\u00e1s\u00e1val a hum\u00e1n k\u00f6zszolg\u00e1ltat\u00e1sban dolgoz\u00f3k k\u00e9pzetts\u00e9gi szintj\u00e9nek fejleszt\u00e9se, a k\u00f6zoktat\u00e1sban r\u00e9sztvev\u0151 tanul\u00f3k fejleszt\u00e9se, a h\u00e1tr\u00e1nyos helyzet\u0171 tanul\u00f3k oktat\u00e1si es\u00e9lyteremt\u00e9se val\u00f3sul meg. A projektben megval\u00f3sul\u00f3 beavatkoz\u00e1sok hozz\u00e1j\u00e1rulnak a tehets\u00e9ggondoz\u00e1shoz, a felz\u00e1rk\u00f3ztat\u00e1shoz sz\u00fcks\u00e9ges felt\u00e9telek megteremt\u00e9s\u00e9hez, tov\u00e1bb\u00e1 a k\u00f6zszolg\u00e1ltat\u00e1sban dolgoz\u00f3 emberi er\u0151forr\u00e1s min\u0151s\u00e9g\u00e9nek jav\u00edt\u00e1s\u00e1hoz.<\/p>\n<p>A projekt legf\u0151bb c\u00e9lkit\u0171z\u00e9sei, hogy a munkaer\u0151-piaci integr\u00e1l\u00f3 programokba 230 f\u0151 h\u00e1tr\u00e1nyos helyzet\u0171 szem\u00e9lyt, eg\u00e9szs\u00e9gfejleszt\u0151 \u00e9s betegs\u00e9gmegel\u0151z\u0151 programokba 200 f\u0151t vonjunk be, valamint a kisebbs\u00e9gi r\u00e9sztvev\u0151k k\u00f6z\u00fcl 200 f\u0151 vegyen r\u00e9szt a p\u00e1ly\u00e1zati programokban. A program tov\u00e1bbi c\u00e9lja, hogy a program elhagy\u00e1s\u00e1t k\u00f6vet\u0151en a munkaer\u0151-piacra vagy munkaer\u0151-piaci programba bel\u00e9p\u0151k sz\u00e1ma el\u00e9rje az 50 f\u0151t, valamint 5 int\u00e9zm\u00e9nyt \u00e9rint\u0151en val\u00f3suljanak meg szervezetfejleszt\u00e9si int\u00e9zked\u00e9sek.<\/p>\n<p>A projekt tervezett id\u0151tartama: 36 h\u00f3nap<\/p>\n<p><strong>A projekt kezd\u0151 id\u0151pontja:\u00a0<\/strong>2018.04.01.<\/p>\n<p><strong>Projekt tervezett befejez\u00e9si d\u00e1tuma:\u00a0<\/strong>2021.03.31.<\/p>\n<p><strong>A projekt azonos\u00edt\u00f3sz\u00e1ma:\u00a0<\/strong>EFOP-1.5.3-16-2017-00089<\/p>\n<p><strong>A t\u00e1mogat\u00e1s az ESZA finansz\u00edroz\u00e1s\u00e1b\u00f3l val\u00f3sul meg.<\/strong><\/p>\n<p><strong>Befektet\u00e9s a j\u00f6v\u0151be.<\/strong><\/p>\n<p><a href=\"https:\/\/www.gemzse.hu\/wp-content\/uploads\/2019\/09\/tabla_jovo.jpg\"><img loading=\"lazy\" decoding=\"async\" class=\"size-full wp-image-1320 alignnone\" src=\"https:\/\/www.gemzse.hu\/wp-content\/uploads\/2019\/09\/tabla_jovo.jpg\" alt=\"\" width=\"1002\" height=\"703\" srcset=\"https:\/\/www.gemzse.hu\/wp-content\/uploads\/2019\/09\/tabla_jovo.jpg 1002w, https:\/\/www.gemzse.hu\/wp-content\/uploads\/2019\/09\/tabla_jovo-300x210.jpg 300w, https:\/\/www.gemzse.hu\/wp-content\/uploads\/2019\/09\/tabla_jovo-768x539.jpg 768w\" sizes=\"auto, (max-width: 1002px) 100vw, 1002px\" \/><\/a><\/p>\n<p>\u00a0A\u00a0<b><\/b><strong>\u201eJ\u00d6V\u0150NK\u00c9RT!\u201d <\/strong>programokat az al\u00e1bbi linken k\u00f6vetheted:\u00a0<a title=\"J\u00d6V\u0150NK\u00c9RT PROGRAMOK\" href=\"http:\/\/gemzse.hu\">Itt<\/a><\/p>\n","protected":false},"excerpt":{"rendered":"","protected":false},"author":1,"featured_media":0,"parent":0,"menu_order":0,"comment_status":"closed","ping_status":"closed","template":"","meta":{"footnotes":""},"class_list":["post-1310","page","type-page","status-publish","hentry","nodate","item-wrap"],"_links":{"self":[{"href":"https:\/\/www.gemzse.hu\/index.php?rest_route=\/wp\/v2\/pages\/1310","targetHints":{"allow":["GET"]}}],"collection":[{"href":"https:\/\/www.gemzse.hu\/index.php?rest_route=\/wp\/v2\/pages"}],"about":[{"href":"https:\/\/www.gemzse.hu\/index.php?rest_route=\/wp\/v2\/types\/page"}],"author":[{"embeddable":true,"href":"https:\/\/www.gemzse.hu\/index.php?rest_route=\/wp\/v2\/users\/1"}],"replies":[{"embeddable":true,"href":"https:\/\/www.gemzse.hu\/index.php?rest_route=%2Fwp%2Fv2%2Fcomments&post=1310"}],"version-history":[{"count":6,"href":"https:\/\/www.gemzse.hu\/index.php?rest_route=\/wp\/v2\/pages\/1310\/revisions"}],"predecessor-version":[{"id":1324,"href":"https:\/\/www.gemzse.hu\/index.php?rest_route=\/wp\/v2\/pages\/1310\/revisions\/1324"}],"wp:attachment":[{"href":"https:\/\/www.gemzse.hu\/index.php?rest_route=%2Fwp%2Fv2%2Fmedia&parent=1310"}],"curies":[{"name":"wp","href":"https:\/\/api.w.org\/{rel}","templated":true}]}}