{"id":1315,"date":"2019-09-30T09:58:45","date_gmt":"2019-09-30T07:58:45","guid":{"rendered":"http:\/\/www.gemzse.hu\/?page_id=1315"},"modified":"2019-12-10T22:41:09","modified_gmt":"2019-12-10T21:41:09","slug":"programok","status":"publish","type":"page","link":"https:\/\/www.gemzse.hu\/?page_id=1315","title":{"rendered":"Programok"},"content":{"rendered":"\n<p style=\"text-align: center;\"><span style=\"color: #ff0000;\"><strong>2019. december<\/strong><\/span><\/p>\n<h2 style=\"text-align: center;\"><strong>Megh\u00edv\u00f3<\/strong><\/h2>\n<p style=\"text-align: center;\">Gemzse K\u00f6zs\u00e9g \u00d6nkorm\u00e1nyzata tisztelettel \u00e9s szeretettel megh\u00edvja \u00d6nt \u00e9s kedves csal\u00e1dj\u00e1t<\/p>\n<p style=\"text-align: center;\"><strong><u>2019.12.01. (vas\u00e1rnap) 14:00 \u00f3r\u00e1t\u00f3l<\/u><\/strong><\/p>\n<p style=\"text-align: center;\">kezd\u0151d\u0151<\/p>\n<p style=\"text-align: center;\"><strong><u>Adventi gyertyagy\u00fajt\u00e1sra<\/u><\/strong>.<\/p>\n<p style=\"text-align: center;\">Az els\u0151 l\u00e1ngot az egyh\u00e1z k\u00e9pvisel\u0151ivel k\u00f6z\u00f6sen<\/p>\n<p style=\"text-align: center;\">\u00a0az <strong><u>\u00e1ltal\u00e1nos iskola melletti t\u00e9ren <\/u><\/strong><\/p>\n<p style=\"text-align: center;\">lobbantjuk fel.<\/p>\n<p style=\"text-align: center;\">Az els\u0151 adventi gyertya a hit szimb\u00f3luma.<\/p>\n<p style=\"text-align: center;\">Mindenkit szeretettel v\u00e1runk!<\/p>\n<p><a href=\"https:\/\/www.gemzse.hu\/wp-content\/uploads\/2019\/11\/advent-gemzse2.jpg\"><img loading=\"lazy\" decoding=\"async\" class=\"aligncenter size-full wp-image-1501\" src=\"https:\/\/www.gemzse.hu\/wp-content\/uploads\/2019\/11\/advent-gemzse2.jpg\" alt=\"\" width=\"860\" height=\"505\" srcset=\"https:\/\/www.gemzse.hu\/wp-content\/uploads\/2019\/11\/advent-gemzse2.jpg 860w, https:\/\/www.gemzse.hu\/wp-content\/uploads\/2019\/11\/advent-gemzse2-300x176.jpg 300w, https:\/\/www.gemzse.hu\/wp-content\/uploads\/2019\/11\/advent-gemzse2-768x451.jpg 768w\" sizes=\"auto, (max-width: 860px) 100vw, 860px\" \/><\/a><\/p>\n<hr \/>\n<p style=\"text-align: center;\"><span style=\"color: #ff0000;\"><strong>2019. okt\u00f3ber<\/strong><\/span><br \/><span style=\"color: #0000ff;\"><strong><a style=\"color: #0000ff;\" href=\"https:\/\/www.gemzse.hu\/wp-content\/uploads\/2019\/10\/K\u00e9pz\u00e9si-lehet\u0151s\u00e9gek.pdf\" target=\"_blank\" rel=\"noopener noreferrer\">K\u00e9pz\u00e9si lehet\u0151s\u00e9gek<\/a><\/strong><\/span><\/p>\n<p style=\"text-align: center;\"><a href=\"https:\/\/www.gemzse.hu\/wp-content\/uploads\/2019\/10\/K\u00e9pz\u00e9si-lehet\u0151s\u00e9gek.pdf\" target=\"_blank\" rel=\"noopener noreferrer\"><img loading=\"lazy\" decoding=\"async\" class=\"aligncenter size-large wp-image-1379\" src=\"https:\/\/www.gemzse.hu\/wp-content\/uploads\/2019\/10\/k\u00e9pz\u00e9si-programok-20191009-1024x609.jpg\" alt=\"\" width=\"750\" height=\"446\" srcset=\"https:\/\/www.gemzse.hu\/wp-content\/uploads\/2019\/10\/k\u00e9pz\u00e9si-programok-20191009-1024x609.jpg 1024w, https:\/\/www.gemzse.hu\/wp-content\/uploads\/2019\/10\/k\u00e9pz\u00e9si-programok-20191009-300x179.jpg 300w, https:\/\/www.gemzse.hu\/wp-content\/uploads\/2019\/10\/k\u00e9pz\u00e9si-programok-20191009-768x457.jpg 768w, https:\/\/www.gemzse.hu\/wp-content\/uploads\/2019\/10\/k\u00e9pz\u00e9si-programok-20191009.jpg 1183w\" sizes=\"auto, (max-width: 750px) 100vw, 750px\" \/><\/a><\/p>\n<p>\u00a0<\/p>\n<hr \/>\n<p style=\"text-align: center;\"><span style=\"color: #ff0000;\"><strong>2019. okt\u00f3ber 6.<\/strong><\/span><br \/><span style=\"color: #0000ff;\"><strong>SZ\u00dcRETI MULATTS\u00c1G GEMZSE<\/strong><\/span><\/p>\n<p style=\"text-align: center;\"><span style=\"color: #0000ff;\"><strong><br \/><\/strong><\/span><span style=\"color: #0000ff;\"><strong><a href=\"https:\/\/www.gemzse.hu\/wp-content\/uploads\/2019\/09\/Sz\u00fcreti-Mulats\u00e1g-plak\u00e1t.jpg\"><img loading=\"lazy\" decoding=\"async\" class=\"aligncenter size-large wp-image-1351\" src=\"https:\/\/www.gemzse.hu\/wp-content\/uploads\/2019\/09\/Sz\u00fcreti-Mulats\u00e1g-plak\u00e1t-724x1024.jpg\" alt=\"\" width=\"724\" height=\"1024\" srcset=\"https:\/\/www.gemzse.hu\/wp-content\/uploads\/2019\/09\/Sz\u00fcreti-Mulats\u00e1g-plak\u00e1t-724x1024.jpg 724w, https:\/\/www.gemzse.hu\/wp-content\/uploads\/2019\/09\/Sz\u00fcreti-Mulats\u00e1g-plak\u00e1t-212x300.jpg 212w, https:\/\/www.gemzse.hu\/wp-content\/uploads\/2019\/09\/Sz\u00fcreti-Mulats\u00e1g-plak\u00e1t-768x1086.jpg 768w, https:\/\/www.gemzse.hu\/wp-content\/uploads\/2019\/09\/Sz\u00fcreti-Mulats\u00e1g-plak\u00e1t.jpg 1754w\" sizes=\"auto, (max-width: 724px) 100vw, 724px\" \/><\/a><br \/><\/strong><\/span><\/p>\n<hr \/>\n<p style=\"text-align: center;\"><span style=\"color: #ff0000;\"><strong>2019. szeptember 12.<\/strong><\/span><br \/><span style=\"color: #0000ff;\"><strong>IV. K\u00f6zfoglalkoztat\u00e1si ki\u00e1ll\u00edt\u00e1s Ny\u00edregyh\u00e1za<br \/><a href=\"https:\/\/www.gemzse.hu\/?page_id=1348\">Fot\u00f3ink a ki\u00e1ll\u00edt\u00e1sr\u00f3l<\/a><\/strong><\/span><\/p>\n<p style=\"text-align: center;\"><a href=\"https:\/\/www.gemzse.hu\/wp-content\/uploads\/2019\/10\/lkkk-800x600.jpg\"><img loading=\"lazy\" decoding=\"async\" class=\"aligncenter size-large wp-image-1334\" src=\"https:\/\/www.gemzse.hu\/wp-content\/uploads\/2019\/10\/lkkk-800x600-1024x418.jpg\" alt=\"\" width=\"750\" height=\"306\" srcset=\"https:\/\/www.gemzse.hu\/wp-content\/uploads\/2019\/10\/lkkk-800x600-1024x418.jpg 1024w, https:\/\/www.gemzse.hu\/wp-content\/uploads\/2019\/10\/lkkk-800x600-300x122.jpg 300w, https:\/\/www.gemzse.hu\/wp-content\/uploads\/2019\/10\/lkkk-800x600-768x313.jpg 768w, https:\/\/www.gemzse.hu\/wp-content\/uploads\/2019\/10\/lkkk-800x600.jpg 1470w\" sizes=\"auto, (max-width: 750px) 100vw, 750px\" \/><\/a><\/p>\n<p style=\"text-align: center;\">Negyedik alkalommal szervezett a Szabolcs-Szatm\u00e1r-Bereg Megyei Korm\u00e1nyhivatal k\u00f6zfoglalkoztat\u00e1si ki\u00e1ll\u00edt\u00e1st -\u00e9s v\u00e1s\u00e1rt, az idei rendezv\u00e9nyen 80 telep\u00fcl\u00e9s \u00e9rt\u00e9kteremt\u0151 k\u00f6zmunka-programj\u00e1ba nyerhettek betekint\u00e9st mindazok, akik Ny\u00edregyh\u00e1z\u00e1n a Kossuth t\u00e9rre ell\u00e1togattak.<\/p>\n<hr \/>\n<p style=\"text-align: center;\"><span style=\"color: #ff0000;\"><strong>2019. j\u00falius 1. &#8211; augusztus 27.<\/strong><\/span><br \/><a href=\"https:\/\/www.gemzse.hu\/?page_id=1357\"><span style=\"color: #0000ff;\"><strong>Ny\u00e1ri t\u00e1bor<\/strong><\/span><\/a><\/p>\n<p><a href=\"https:\/\/www.gemzse.hu\/?page_id=1357\"><img loading=\"lazy\" decoding=\"async\" class=\"aligncenter size-full wp-image-1366\" src=\"https:\/\/www.gemzse.hu\/wp-content\/uploads\/2019\/10\/64998822_339044343679832_7279824422595198976_n-1.jpg\" alt=\"\" width=\"553\" height=\"717\" srcset=\"https:\/\/www.gemzse.hu\/wp-content\/uploads\/2019\/10\/64998822_339044343679832_7279824422595198976_n-1.jpg 553w, https:\/\/www.gemzse.hu\/wp-content\/uploads\/2019\/10\/64998822_339044343679832_7279824422595198976_n-1-231x300.jpg 231w\" sizes=\"auto, (max-width: 553px) 100vw, 553px\" \/><\/a><\/p>\n","protected":false},"excerpt":{"rendered":"","protected":false},"author":1,"featured_media":0,"parent":1310,"menu_order":0,"comment_status":"closed","ping_status":"closed","template":"","meta":{"footnotes":""},"class_list":["post-1315","page","type-page","status-publish","hentry","nodate","item-wrap"],"_links":{"self":[{"href":"https:\/\/www.gemzse.hu\/index.php?rest_route=\/wp\/v2\/pages\/1315","targetHints":{"allow":["GET"]}}],"collection":[{"href":"https:\/\/www.gemzse.hu\/index.php?rest_route=\/wp\/v2\/pages"}],"about":[{"href":"https:\/\/www.gemzse.hu\/index.php?rest_route=\/wp\/v2\/types\/page"}],"author":[{"embeddable":true,"href":"https:\/\/www.gemzse.hu\/index.php?rest_route=\/wp\/v2\/users\/1"}],"replies":[{"embeddable":true,"href":"https:\/\/www.gemzse.hu\/index.php?rest_route=%2Fwp%2Fv2%2Fcomments&post=1315"}],"version-history":[{"count":13,"href":"https:\/\/www.gemzse.hu\/index.php?rest_route=\/wp\/v2\/pages\/1315\/revisions"}],"predecessor-version":[{"id":1506,"href":"https:\/\/www.gemzse.hu\/index.php?rest_route=\/wp\/v2\/pages\/1315\/revisions\/1506"}],"up":[{"embeddable":true,"href":"https:\/\/www.gemzse.hu\/index.php?rest_route=\/wp\/v2\/pages\/1310"}],"wp:attachment":[{"href":"https:\/\/www.gemzse.hu\/index.php?rest_route=%2Fwp%2Fv2%2Fmedia&parent=1315"}],"curies":[{"name":"wp","href":"https:\/\/api.w.org\/{rel}","templated":true}]}}