{"id":1348,"date":"2019-10-01T18:34:39","date_gmt":"2019-10-01T16:34:39","guid":{"rendered":"http:\/\/www.gemzse.hu\/?page_id=1348"},"modified":"2019-10-04T00:07:55","modified_gmt":"2019-10-03T22:07:55","slug":"kozfoglalkoztatasi-kiallitas-es-vasar-nyiregyhazan","status":"publish","type":"page","link":"https:\/\/www.gemzse.hu\/?page_id=1348","title":{"rendered":"K\u00f6zfoglalkoztat\u00e1si ki\u00e1ll\u00edt\u00e1s -\u00e9s v\u00e1s\u00e1r Ny\u00edregyh\u00e1z\u00e1n"},"content":{"rendered":"\n<p><a href=\"https:\/\/www.gemzse.hu\/wp-content\/uploads\/2019\/10\/kozfoglalkoz.kiall_.szorolap.jpg\"><img loading=\"lazy\" decoding=\"async\" class=\"aligncenter size-large wp-image-1347\" src=\"https:\/\/www.gemzse.hu\/wp-content\/uploads\/2019\/10\/kozfoglalkoz.kiall_.szorolap-495x1024.jpg\" alt=\"\" width=\"495\" height=\"1024\" srcset=\"https:\/\/www.gemzse.hu\/wp-content\/uploads\/2019\/10\/kozfoglalkoz.kiall_.szorolap-495x1024.jpg 495w, https:\/\/www.gemzse.hu\/wp-content\/uploads\/2019\/10\/kozfoglalkoz.kiall_.szorolap-145x300.jpg 145w, https:\/\/www.gemzse.hu\/wp-content\/uploads\/2019\/10\/kozfoglalkoz.kiall_.szorolap.jpg 757w\" sizes=\"auto, (max-width: 495px) 100vw, 495px\" \/><\/a><\/p>\n<hr \/>\n<p><a href=\"https:\/\/www.gemzse.hu\/wp-content\/uploads\/2019\/10\/69905830_2629833317060740_6167115515664793600_o.jpg\"><img loading=\"lazy\" decoding=\"async\" class=\"aligncenter size-large wp-image-1346\" src=\"https:\/\/www.gemzse.hu\/wp-content\/uploads\/2019\/10\/69905830_2629833317060740_6167115515664793600_o-1024x684.jpg\" alt=\"\" width=\"750\" height=\"501\" srcset=\"https:\/\/www.gemzse.hu\/wp-content\/uploads\/2019\/10\/69905830_2629833317060740_6167115515664793600_o-1024x684.jpg 1024w, https:\/\/www.gemzse.hu\/wp-content\/uploads\/2019\/10\/69905830_2629833317060740_6167115515664793600_o-300x201.jpg 300w, https:\/\/www.gemzse.hu\/wp-content\/uploads\/2019\/10\/69905830_2629833317060740_6167115515664793600_o-768x513.jpg 768w, https:\/\/www.gemzse.hu\/wp-content\/uploads\/2019\/10\/69905830_2629833317060740_6167115515664793600_o.jpg 1870w\" sizes=\"auto, (max-width: 750px) 100vw, 750px\" \/><\/a><\/p>\n<hr \/>\n<p><a href=\"https:\/\/www.gemzse.hu\/wp-content\/uploads\/2019\/10\/06.jpg\"><img loading=\"lazy\" decoding=\"async\" class=\"aligncenter size-full wp-image-1344\" src=\"https:\/\/www.gemzse.hu\/wp-content\/uploads\/2019\/10\/06.jpg\" alt=\"\" width=\"635\" height=\"476\" srcset=\"https:\/\/www.gemzse.hu\/wp-content\/uploads\/2019\/10\/06.jpg 635w, https:\/\/www.gemzse.hu\/wp-content\/uploads\/2019\/10\/06-300x225.jpg 300w\" sizes=\"auto, (max-width: 635px) 100vw, 635px\" \/><\/a><\/p>\n<hr \/>\n<p><a href=\"https:\/\/www.gemzse.hu\/wp-content\/uploads\/2019\/10\/05.jpg\"><img loading=\"lazy\" decoding=\"async\" class=\"aligncenter size-full wp-image-1343\" src=\"https:\/\/www.gemzse.hu\/wp-content\/uploads\/2019\/10\/05.jpg\" alt=\"\" width=\"635\" height=\"476\" srcset=\"https:\/\/www.gemzse.hu\/wp-content\/uploads\/2019\/10\/05.jpg 635w, https:\/\/www.gemzse.hu\/wp-content\/uploads\/2019\/10\/05-300x225.jpg 300w\" sizes=\"auto, (max-width: 635px) 100vw, 635px\" \/><\/a><\/p>\n<hr \/>\n<p><a href=\"https:\/\/www.gemzse.hu\/wp-content\/uploads\/2019\/10\/03.jpg\"><img loading=\"lazy\" decoding=\"async\" class=\"aligncenter size-full wp-image-1341\" src=\"https:\/\/www.gemzse.hu\/wp-content\/uploads\/2019\/10\/03.jpg\" alt=\"\" width=\"635\" height=\"476\" srcset=\"https:\/\/www.gemzse.hu\/wp-content\/uploads\/2019\/10\/03.jpg 635w, https:\/\/www.gemzse.hu\/wp-content\/uploads\/2019\/10\/03-300x225.jpg 300w\" sizes=\"auto, (max-width: 635px) 100vw, 635px\" \/><\/a><\/p>\n<hr \/>\n<p><a href=\"https:\/\/www.gemzse.hu\/wp-content\/uploads\/2019\/10\/02.jpg\"><img loading=\"lazy\" decoding=\"async\" class=\"aligncenter size-full wp-image-1340\" src=\"https:\/\/www.gemzse.hu\/wp-content\/uploads\/2019\/10\/02.jpg\" alt=\"\" width=\"635\" height=\"476\" srcset=\"https:\/\/www.gemzse.hu\/wp-content\/uploads\/2019\/10\/02.jpg 635w, https:\/\/www.gemzse.hu\/wp-content\/uploads\/2019\/10\/02-300x225.jpg 300w\" sizes=\"auto, (max-width: 635px) 100vw, 635px\" \/><\/a><\/p>\n<hr \/>\n<p><a href=\"https:\/\/www.gemzse.hu\/wp-content\/uploads\/2019\/10\/04.jpg\"><img loading=\"lazy\" decoding=\"async\" class=\"aligncenter size-full wp-image-1342\" src=\"https:\/\/www.gemzse.hu\/wp-content\/uploads\/2019\/10\/04.jpg\" alt=\"\" width=\"635\" height=\"476\" srcset=\"https:\/\/www.gemzse.hu\/wp-content\/uploads\/2019\/10\/04.jpg 635w, https:\/\/www.gemzse.hu\/wp-content\/uploads\/2019\/10\/04-300x225.jpg 300w\" sizes=\"auto, (max-width: 635px) 100vw, 635px\" \/><\/a><\/p>\n<hr \/>\n<p><a href=\"https:\/\/www.gemzse.hu\/wp-content\/uploads\/2019\/10\/01-e1569945661972.jpg\"><img loading=\"lazy\" decoding=\"async\" class=\"aligncenter size-full wp-image-1339\" src=\"https:\/\/www.gemzse.hu\/wp-content\/uploads\/2019\/10\/01-e1569945661972.jpg\" alt=\"\" width=\"476\" height=\"635\" srcset=\"https:\/\/www.gemzse.hu\/wp-content\/uploads\/2019\/10\/01-e1569945661972.jpg 476w, https:\/\/www.gemzse.hu\/wp-content\/uploads\/2019\/10\/01-e1569945661972-225x300.jpg 225w\" sizes=\"auto, (max-width: 476px) 100vw, 476px\" \/><\/a><\/p>\n<hr \/>\n<p>\u00a0<\/p>\n","protected":false},"excerpt":{"rendered":"","protected":false},"author":1,"featured_media":0,"parent":1315,"menu_order":0,"comment_status":"closed","ping_status":"closed","template":"","meta":{"footnotes":""},"class_list":["post-1348","page","type-page","status-publish","hentry","nodate","item-wrap"],"_links":{"self":[{"href":"https:\/\/www.gemzse.hu\/index.php?rest_route=\/wp\/v2\/pages\/1348","targetHints":{"allow":["GET"]}}],"collection":[{"href":"https:\/\/www.gemzse.hu\/index.php?rest_route=\/wp\/v2\/pages"}],"about":[{"href":"https:\/\/www.gemzse.hu\/index.php?rest_route=\/wp\/v2\/types\/page"}],"author":[{"embeddable":true,"href":"https:\/\/www.gemzse.hu\/index.php?rest_route=\/wp\/v2\/users\/1"}],"replies":[{"embeddable":true,"href":"https:\/\/www.gemzse.hu\/index.php?rest_route=%2Fwp%2Fv2%2Fcomments&post=1348"}],"version-history":[{"count":2,"href":"https:\/\/www.gemzse.hu\/index.php?rest_route=\/wp\/v2\/pages\/1348\/revisions"}],"predecessor-version":[{"id":1356,"href":"https:\/\/www.gemzse.hu\/index.php?rest_route=\/wp\/v2\/pages\/1348\/revisions\/1356"}],"up":[{"embeddable":true,"href":"https:\/\/www.gemzse.hu\/index.php?rest_route=\/wp\/v2\/pages\/1315"}],"wp:attachment":[{"href":"https:\/\/www.gemzse.hu\/index.php?rest_route=%2Fwp%2Fv2%2Fmedia&parent=1348"}],"curies":[{"name":"wp","href":"https:\/\/api.w.org\/{rel}","templated":true}]}}