{"id":1409,"date":"2019-10-22T23:17:37","date_gmt":"2019-10-22T21:17:37","guid":{"rendered":"http:\/\/www.gemzse.hu\/?page_id=1409"},"modified":"2020-09-15T21:32:59","modified_gmt":"2020-09-15T19:32:59","slug":"munkahely-allas-lehetosegek","status":"publish","type":"page","link":"https:\/\/www.gemzse.hu\/?page_id=1409","title":{"rendered":"Munkahely-, \u00e1ll\u00e1s-lehet\u0151s\u00e9gek, k\u00e9pz\u00e9sek"},"content":{"rendered":"\n<h5>2020.09.11.<\/h5>\n<div class=\"job-logo__wrapper\">\n<div class=\"adv_logo job-logo\"><img decoding=\"async\" src=\"https:\/\/www.profession.hu\/images\/logos\/3\/3\/33429_1388484313.jpg\" alt=\"\" \/><\/div>\n<\/div>\n<div>\n<div class=\"company_name\">&#8221;H\u00c1DA-1&#8221; Kft. (H\u00c1DA-1 KFT.)<\/div>\n<\/div>\n<div class=\"company_info\">\n<ul>\n<li>A H\u00c1DA Kft. (LOG\u00d3)<br \/><br \/>Magyarorsz\u00e1g &#8211; t\u00f6bb mint 80 ruh\u00e1zati \u00fczlettel rendelkez\u0151 &#8211; piacvezet\u0151 haszn\u00e1ltruha feldolgoz\u00f3 \u00e9s \u00e9rt\u00e9kes\u00edt\u0151 v\u00e1llalata Kisv\u00e1rd\u00e1n tal\u00e1lhat\u00f3 k\u00f6zpontj\u00e1ba<br \/><strong>kontrolling munkat\u00e1rs<\/strong><br \/>poz\u00edci\u00f3ba munkat\u00e1rsat keres.<\/li>\n<\/ul>\n<\/div>\n<div>Munkat\u00e1rsat keres\u00fcnk<\/div>\n<h1 class=\"job-title \">Kontrolling munkat\u00e1rs<\/h1>\n<div>poz\u00edci\u00f3ba.<\/div>\n<div class=\"descr\">\n<h3>F\u0151bb feladatok, munk\u00e1k:<\/h3>\n<ul class=\"tasks\">\n<li style=\"list-style-type: none;\">\n<ul>\n<li>Az \u00fczletek banki befizet\u00e9s\u00e9nek ellen\u0151rz\u00e9se a p\u00e9nzt\u00e1rjelent\u00e9sek alapj\u00e1n<\/li>\n<li>A dokument\u00e1ci\u00f3 \u00f6sszek\u00e9sz\u00edt\u00e9se \u00e9s tov\u00e1bb\u00edt\u00e1sa a k\u00f6nyvel\u00e9sre<\/li>\n<li>K\u00f6lts\u00e9gsz\u00e1ml\u00e1k ellen\u0151rz\u00e9se<\/li>\n<li>Adatr\u00f6gz\u00edt\u00e9s a v\u00e1llalatir\u00e1ny\u00edt\u00e1si rendszerben<\/li>\n<li>Dokumentumok rendez\u00e9se lef\u0171z\u00e9se \u2013 iratt\u00e1roz\u00e1si feladatok<\/li>\n<li>Kontrolling menedzser helyettes\u00edt\u00e9se<\/li>\n<li>Napi kapcsolattart\u00e1s a t\u00e1rsoszt\u00e1lyokkal<\/li>\n<li>P\u00e1ly\u00e1zati adminisztr\u00e1ci\u00f3 kezel\u00e9se<\/li>\n<\/ul>\n<\/li>\n<\/ul>\n<h3>Az \u00e1ll\u00e1shoz tartoz\u00f3 elv\u00e1r\u00e1sok:<\/h3>\n<ul class=\"requirements\">\n<li style=\"list-style-type: none;\">\n<ul>\n<li><strong>P\u00e9nz\u00fcgyi-sz\u00e1mviteli \u00fcgyint\u00e9z\u0151 vagy k\u00f6z\u00e9p vagy fels\u0151fok\u00fa gazdas\u00e1gi v\u00e9gzetts\u00e9g<\/strong><\/li>\n<li>Magabiztos sz\u00e1m\u00edt\u00e1stechnikai felhaszn\u00e1l\u00f3i ismeretek<\/li>\n<li>\u00d6n\u00e1ll\u00f3, felel\u0151ss\u00e9gteljes, prec\u00edz munkav\u00e9gz\u00e9s<\/li>\n<li>Logikus gondolkod\u00e1s, elk\u00f6telezetts\u00e9g a szakma ir\u00e1nt<\/li>\n<\/ul>\n<\/li>\n<\/ul>\n<h3>Az \u00e1ll\u00e1s bet\u00f6lt\u00e9s\u00e9hez el\u0151nyt jelent:<\/h3>\n<ul class=\"other\">Hasonl\u00f3 ter\u00fcleten szerzett 1-2 \u00e9v szakmai tapasztalat<\/ul>\n<h3>Amit k\u00edn\u00e1lunk:<\/h3>\n<ul class=\"offer\">\n<li style=\"list-style-type: none;\">\n<ul>\n<li>Hossz\u00fa t\u00e1v\u00fa munkalehet\u0151s\u00e9g, stabil v\u00e1llalati h\u00e1tt\u00e9r<\/li>\n<li>Teljes munkaid\u0151s, bejelentett \u00e1ll\u00e1s<\/li>\n<li>Szem\u00e9lyes \u00e9s szakmai fejl\u0151d\u00e9si lehet\u0151s\u00e9g<\/li>\n<li>Kultur\u00e1lt irodai k\u00f6rnyezet<\/li>\n<\/ul>\n<\/li>\n<\/ul>\n<h3>\u00c1ll\u00e1s, munka ter\u00fclete(i):<\/h3>\n<ul>\n<li class=\"\"><b>Adminisztr\u00e1ci\u00f3, Asszisztens, Irodai munka<\/b><\/li>\n<li class=\"\">Adminisztr\u00e1tor, Dokumentumkezel\u0151<\/li>\n<li class=\"\"><b>P\u00e9nz\u00fcgy, K\u00f6nyvel\u00e9s<\/b><\/li>\n<li class=\"\">Kontrolling<\/li>\n<li class=\"\">P\u00e9nz\u00fcgyi asszisztens, Munkat\u00e1rs<\/li>\n<li class=\"\">Teljes munkaid\u0151<\/li>\n<\/ul>\n<h3>Sz\u00fcks\u00e9ges tapasztalat:<\/h3>\n<ul>\n<li class=\"\">1-3 \u00e9v szakmai tapasztalat<\/li>\n<\/ul>\n<h3>Sz\u00fcks\u00e9ges nyelvtud\u00e1s:<\/h3>\n<ul>\n<li class=\"\">Nem ig\u00e9nyel nyelvtud\u00e1st<\/li>\n<\/ul>\n<div>\n<h3>Munkav\u00e9gz\u00e9s helye:<\/h3>\n<p>4600 Kisv\u00e1rda, V\u00e1rosmajor utca 86.<\/p>\n<\/div>\n<div class=\"adv_salary_bonuses\">\u00a0<\/div>\n<div class=\"contact newcontact\">\n<h3>JELENTKEZ\u00c9S M\u00d3DJA:<\/h3>\n<p class=\"contact_info\">Amennyiben szeretn\u00e9l Magyarorsz\u00e1g egyik legdinamikusabban fejl\u0151d\u0151 nagyv\u00e1llalat\u00e1n\u00e1l dolgozni, akkor k\u00fcldd el f\u00e9nyk\u00e9pes \u00f6n\u00e9letrajzod &#8211; a poz\u00edci\u00f3 \u00e9s a\u00a0<strong>fizet\u00e9si ig\u00e9ny<\/strong>\u00a0megjel\u00f6l\u00e9s\u00e9vel &#8211;\u00a0<strong>2020. szeptember 15-ig.<\/strong><\/p>\n<\/div>\n<\/div>\n<hr \/>\n<p>2020.09.08.<\/p>\n<div class=\"job-logo__wrapper\">\n<div class=\"adv_logo job-logo\"><img decoding=\"async\" src=\"https:\/\/www.profession.hu\/images\/logos\/2\/6\/26913_1595422410.png\" alt=\"\" \/><\/div>\n<\/div>\n<div>\n<div class=\"company_name\">KELET-ALFI-KER Kft.<\/div>\n<\/div>\n<div class=\"company_info\">\n<ul>\n<li>\n<p><strong>Kisv\u00e1rd\u00e1n m\u0171k\u00f6d\u0151 \u00e9lelmiszer- \u00e9s vegyi \u00e1ru rakt\u00e1r\u00e1ba<\/strong><\/p>\n<\/li>\n<\/ul>\n<\/div>\n<h1 class=\"job-title \">Elad\u00f3-P\u00e9nzt\u00e1rosokat keres.<\/h1>\n<div class=\"descr\">\n<h3>F\u0151bb feladatok, munk\u00e1k:<\/h3>\n<p>&#8211; p\u00e9nzt\u00e1r kezel\u00e9s,<br \/>&#8211; \u00e1rufelt\u00f6lt\u00e9s.<\/p>\n<h3>Az \u00e1ll\u00e1shoz tartoz\u00f3 elv\u00e1r\u00e1sok:<\/h3>\n<p>&#8211; kereskedelmi v\u00e9gzetts\u00e9g,<br \/>&#8211; vonalk\u00f3dos p\u00e9nzt\u00e1rg\u00e9p kezel\u00e9sben j\u00e1rtass\u00e1g,<br \/>&#8211; lelkes hozz\u00e1\u00e1ll\u00e1s.<\/p>\n<h3>Az \u00e1ll\u00e1s bet\u00f6lt\u00e9s\u00e9hez el\u0151nyt jelent:<\/h3>\n<p>&#8211; \u00e9lelmiszer-kereskedelemben szerzett tapasztalat.<\/p>\n<h3>Amit k\u00edn\u00e1lunk:<\/h3>\n<p>&#8211; ig\u00e9nyes munkahelyi k\u00f6rnyezet,<br \/>&#8211; bejelentett munkaviszony,<br \/>&#8211; fix munkab\u00e9r.<\/p>\n<h3>\u00c1ll\u00e1s, munka ter\u00fclete(i):<\/h3>\n<ul>\n<li class=\"\"><b>Szakmunka<\/b><\/li>\n<li class=\"\">Bolti elad\u00f3, P\u00e9nzt\u00e1ros<\/li>\n<li class=\"\">Teljes munkaid\u0151<\/li>\n<\/ul>\n<h3>Sz\u00fcks\u00e9ges tapasztalat:<\/h3>\n<ul>\n<li class=\"\">1-3 \u00e9v szakmai tapasztalat<\/li>\n<\/ul>\n<h3>Sz\u00fcks\u00e9ges nyelvtud\u00e1s:<\/h3>\n<ul>\n<li class=\"\">Nem ig\u00e9nyel nyelvtud\u00e1st<\/li>\n<\/ul>\n<div>\n<h3>Munkav\u00e9gz\u00e9s helye:<\/h3>\n<p>4600 Kisv\u00e1rda, M\u00e1ty\u00e1s kir\u00e1ly utca 102.<\/p>\n<\/div>\n<\/div>\n<hr \/>\n<h5>2020.04.21.<\/h5>\n<p><img loading=\"lazy\" decoding=\"async\" class=\"aligncenter size-large wp-image-1628\" src=\"https:\/\/www.gemzse.hu\/wp-content\/uploads\/2020\/04\/\u00e1lt.irod_.admini-724x1024.jpg\" alt=\"\" width=\"724\" height=\"1024\" srcset=\"https:\/\/www.gemzse.hu\/wp-content\/uploads\/2020\/04\/\u00e1lt.irod_.admini-724x1024.jpg 724w, https:\/\/www.gemzse.hu\/wp-content\/uploads\/2020\/04\/\u00e1lt.irod_.admini-212x300.jpg 212w, https:\/\/www.gemzse.hu\/wp-content\/uploads\/2020\/04\/\u00e1lt.irod_.admini-768x1086.jpg 768w, https:\/\/www.gemzse.hu\/wp-content\/uploads\/2020\/04\/\u00e1lt.irod_.admini-1086x1536.jpg 1086w, https:\/\/www.gemzse.hu\/wp-content\/uploads\/2020\/04\/\u00e1lt.irod_.admini-1448x2048.jpg 1448w, https:\/\/www.gemzse.hu\/wp-content\/uploads\/2020\/04\/\u00e1lt.irod_.admini-scaled.jpg 1811w\" sizes=\"auto, (max-width: 724px) 100vw, 724px\" \/><\/p>\n<hr \/>\n<div class=\"vacancy-desc_info\">\n<h1 class=\"desc_info-header\">\u00dcgyf\u00e9lkapcsolati menedzser &#8211; agr\u00e1r (Kisv\u00e1rda)<\/h1>\n<table class=\"jdp_info-table\">\n<tbody>\n<tr>\n<td class=\"title-column company-title-column\">C\u00e9g:<\/td>\n<td class=\"value-column\">\u00a0Takar\u00e9kbank Zrt.<\/td>\n<\/tr>\n<tr>\n<td class=\"title-column\">V\u00e1ros:<\/td>\n<td class=\"value-column\">\n<div class=\"jdp_location\">\n<div class=\"jdp_location__icon\">\u00a0<\/div>\n<span class=\"jdp_location__region\">Kisv\u00e1rda, Szabolcs-Szatm\u00e1r-Bereg<\/span><\/div>\n<\/td>\n<\/tr>\n<\/tbody>\n<\/table>\n<span class=\"description-separator\">Az \u00e1ll\u00e1s le\u00edr\u00e1sa<\/span><\/div>\n<div class=\"vacancy-desc_text_wrapper\">\n<div class=\"desc_text_paragraph \">\n<p>A Takar\u00e9kbank a p\u00e9nz\u00fcgyi szolg\u00e1ltat\u00e1sok piac\u00e1nak egyik legnagyobb szerepl\u0151je. T\u00f6bb, mint\u00a0h\u00e9tsz\u00e1z bankfi\u00f3kunkkal \u00e9s online fel\u00fcleteinkkel \u00e1llunk \u00fcgyfeleink rendelkez\u00e9s\u00e9re. C\u00e9lunk, hogy egyre magasabb szint\u0171 fejleszt\u00e9si t\u00f6rekv\u00e9seinket kiv\u00e1l\u00f3 szakemberek t\u00e1mogat\u00e1s\u00e1val \u00e9rj\u00fck el. Fontosnak tartjuk a munkahelyi k\u00e9pz\u00e9sek \u00e9s a szakmai fejleszt\u00e9s jelent\u0151s\u00e9g\u00e9t, leend\u0151 munkat\u00e1rsainknak kih\u00edv\u00e1sokkal teli feladatokat, \u00e9s folyamatos tanul\u00e1si, fejl\u0151d\u00e9si lehet\u0151s\u00e9get biztos\u00edtunk.<\/p>\n<p>A Takar\u00e9bank \u00faj munkat\u00e1rsat keres az al\u00e1bbi munkak\u00f6rbe:<\/p>\n<p>Ha \u00fagy \u00e9rzed, hogy \u00e1tfog\u00f3 agr\u00e1rismerettel rendelkezel, seg\u00edts\u00e9g\u00fcnkre lehetsz:<\/p>\n<ul>\n<li>Hitelez\u00e9s \u00e9s kereszt\u00e9rt\u00e9kes\u00edt\u00e9si folyamatok kidolgoz\u00e1s\u00e1ban, menedzsel\u00e9s\u00e9ben;<\/li>\n<li>\u00daj agr\u00e1r\u00fcgyfelek akvir\u00e1l\u00e1s\u00e1ban, \u00fcgyf\u00e9lportfoli\u00f3 b\u0151v\u00edt\u00e9s\u00e9ben;<\/li>\n<li>Szakmai rendezv\u00e9nyeken \u00e9s mez\u0151gazdas\u00e1gi konferenci\u00e1kon val\u00f3 r\u00e9szv\u00e9teleddel, gazdatal\u00e1lkoz\u00f3k megszervez\u00e9s\u00e9ben;<\/li>\n<li>\u00daj koll\u00e9g\u00e1k szakmai t\u00e1mogat\u00e1s\u00e1ban.<\/li>\n<\/ul>\n<p>Amit mi elv\u00e1runk T\u0151led:<\/p>\n<ul>\n<li>Fels\u0151fok\u00fa szakir\u00e1ny\u00fa,vagy p\u00e9nz\u00fcgyi v\u00e9gzetts\u00e9g, vagy akt\u00edv gazd\u00e1lkod\u00f3i tev\u00e9kenys\u00e9g;<\/li>\n<li>V\u00e1llalati finansz\u00edroz\u00e1sban szerzett banki tapasztalat;<\/li>\n<li>Legal\u00e1bb 2 \u00e9ves \u00e9rt\u00e9kes\u00edt\u0151i tapasztalat;<\/li>\n<li>Az MS Office programok megb\u00edzhat\u00f3 ismerete;<\/li>\n<li>K\u00f6lcs\u00f6n\u00f6s bizalom ki\u00e9p\u00edt\u00e9se az \u00fcgyfelekkel;<\/li>\n<li>Hat\u00e1rozott, meggy\u0151z\u0151 szem\u00e9lyis\u00e9g;<\/li>\n<li>\u00d6n\u00e1ll\u00f3, megb\u00edzhat\u00f3 munkav\u00e9gz\u00e9s.<\/li>\n<\/ul>\n<p>Amit biztos\u00edtani tudunk Neked:<\/p>\n<ul>\n<li>V\u00e1ltozatos munkav\u00e9gz\u00e9s;<\/li>\n<li>J\u00f3 hangulat\u00fa, dinamikus csapat;<\/li>\n<li>Nagyfok\u00fa szakmai \u00f6n\u00e1ll\u00f3s\u00e1g;<\/li>\n<li>Versenyk\u00e9pes kompenz\u00e1ci\u00f3s csomag.<\/li>\n<\/ul>\n<p>Amennyiben hirdet\u00e9s\u00fcnk felkeltette \u00e9rdekl\u0151d\u00e9sed a Jelentkez\u00e9s gombra kattintva elk\u00fcldheted hozz\u00e1nk p\u00e1ly\u00e1zati anyagodat Karrier fel\u00fclet\u00fcnk\u00f6n kereszt\u00fcl.<\/p>\n<\/div>\n<\/div>\n<hr \/>\n<p><img loading=\"lazy\" decoding=\"async\" class=\"aligncenter size-large wp-image-1582\" src=\"https:\/\/www.gemzse.hu\/wp-content\/uploads\/2020\/02\/projekt202002-1024x851.jpg\" alt=\"\" width=\"750\" height=\"623\" srcset=\"https:\/\/www.gemzse.hu\/wp-content\/uploads\/2020\/02\/projekt202002-1024x851.jpg 1024w, https:\/\/www.gemzse.hu\/wp-content\/uploads\/2020\/02\/projekt202002-300x249.jpg 300w, https:\/\/www.gemzse.hu\/wp-content\/uploads\/2020\/02\/projekt202002-768x638.jpg 768w, https:\/\/www.gemzse.hu\/wp-content\/uploads\/2020\/02\/projekt202002-1536x1276.jpg 1536w, https:\/\/www.gemzse.hu\/wp-content\/uploads\/2020\/02\/projekt202002-2048x1701.jpg 2048w\" sizes=\"auto, (max-width: 750px) 100vw, 750px\" \/><\/p>\n<hr \/>\n<p><img loading=\"lazy\" decoding=\"async\" class=\"aligncenter size-large wp-image-1572\" src=\"https:\/\/www.gemzse.hu\/wp-content\/uploads\/2020\/02\/IMG_5218-576x1024.png\" alt=\"\" width=\"576\" height=\"1024\" srcset=\"https:\/\/www.gemzse.hu\/wp-content\/uploads\/2020\/02\/IMG_5218-576x1024.png 576w, https:\/\/www.gemzse.hu\/wp-content\/uploads\/2020\/02\/IMG_5218-169x300.png 169w, https:\/\/www.gemzse.hu\/wp-content\/uploads\/2020\/02\/IMG_5218-768x1365.png 768w, https:\/\/www.gemzse.hu\/wp-content\/uploads\/2020\/02\/IMG_5218-864x1536.png 864w, https:\/\/www.gemzse.hu\/wp-content\/uploads\/2020\/02\/IMG_5218-1152x2048.png 1152w, https:\/\/www.gemzse.hu\/wp-content\/uploads\/2020\/02\/IMG_5218.png 1242w\" sizes=\"auto, (max-width: 576px) 100vw, 576px\" \/><\/p>\n<hr \/>\n<p><br \/><img loading=\"lazy\" decoding=\"async\" class=\"aligncenter size-large wp-image-1573\" src=\"https:\/\/www.gemzse.hu\/wp-content\/uploads\/2020\/02\/IMG_5217-576x1024.png\" alt=\"\" width=\"576\" height=\"1024\" srcset=\"https:\/\/www.gemzse.hu\/wp-content\/uploads\/2020\/02\/IMG_5217-576x1024.png 576w, https:\/\/www.gemzse.hu\/wp-content\/uploads\/2020\/02\/IMG_5217-169x300.png 169w, https:\/\/www.gemzse.hu\/wp-content\/uploads\/2020\/02\/IMG_5217-768x1365.png 768w, https:\/\/www.gemzse.hu\/wp-content\/uploads\/2020\/02\/IMG_5217-864x1536.png 864w, https:\/\/www.gemzse.hu\/wp-content\/uploads\/2020\/02\/IMG_5217-1152x2048.png 1152w, https:\/\/www.gemzse.hu\/wp-content\/uploads\/2020\/02\/IMG_5217.png 1242w\" sizes=\"auto, (max-width: 576px) 100vw, 576px\" \/><\/p>\n<hr \/>\n<p><br \/><img loading=\"lazy\" decoding=\"async\" class=\"aligncenter size-large wp-image-1574\" src=\"https:\/\/www.gemzse.hu\/wp-content\/uploads\/2020\/02\/IMG_5216-576x1024.png\" alt=\"\" width=\"576\" height=\"1024\" srcset=\"https:\/\/www.gemzse.hu\/wp-content\/uploads\/2020\/02\/IMG_5216-576x1024.png 576w, https:\/\/www.gemzse.hu\/wp-content\/uploads\/2020\/02\/IMG_5216-169x300.png 169w, https:\/\/www.gemzse.hu\/wp-content\/uploads\/2020\/02\/IMG_5216-768x1365.png 768w, https:\/\/www.gemzse.hu\/wp-content\/uploads\/2020\/02\/IMG_5216-864x1536.png 864w, https:\/\/www.gemzse.hu\/wp-content\/uploads\/2020\/02\/IMG_5216-1152x2048.png 1152w, https:\/\/www.gemzse.hu\/wp-content\/uploads\/2020\/02\/IMG_5216.png 1242w\" sizes=\"auto, (max-width: 576px) 100vw, 576px\" \/><\/p>\n<hr \/>\n<p><br \/><img loading=\"lazy\" decoding=\"async\" class=\"aligncenter size-large wp-image-1575\" src=\"https:\/\/www.gemzse.hu\/wp-content\/uploads\/2020\/02\/IMG_5215-576x1024.png\" alt=\"\" width=\"576\" height=\"1024\" srcset=\"https:\/\/www.gemzse.hu\/wp-content\/uploads\/2020\/02\/IMG_5215-576x1024.png 576w, https:\/\/www.gemzse.hu\/wp-content\/uploads\/2020\/02\/IMG_5215-169x300.png 169w, https:\/\/www.gemzse.hu\/wp-content\/uploads\/2020\/02\/IMG_5215-768x1365.png 768w, https:\/\/www.gemzse.hu\/wp-content\/uploads\/2020\/02\/IMG_5215-864x1536.png 864w, https:\/\/www.gemzse.hu\/wp-content\/uploads\/2020\/02\/IMG_5215-1152x2048.png 1152w, https:\/\/www.gemzse.hu\/wp-content\/uploads\/2020\/02\/IMG_5215.png 1242w\" sizes=\"auto, (max-width: 576px) 100vw, 576px\" \/><\/p>\n<hr \/>\n<p><br \/><img loading=\"lazy\" decoding=\"async\" class=\"aligncenter size-large wp-image-1576\" src=\"https:\/\/www.gemzse.hu\/wp-content\/uploads\/2020\/02\/IMG_5214-576x1024.png\" alt=\"\" width=\"576\" height=\"1024\" srcset=\"https:\/\/www.gemzse.hu\/wp-content\/uploads\/2020\/02\/IMG_5214-576x1024.png 576w, https:\/\/www.gemzse.hu\/wp-content\/uploads\/2020\/02\/IMG_5214-169x300.png 169w, https:\/\/www.gemzse.hu\/wp-content\/uploads\/2020\/02\/IMG_5214-768x1365.png 768w, https:\/\/www.gemzse.hu\/wp-content\/uploads\/2020\/02\/IMG_5214-864x1536.png 864w, https:\/\/www.gemzse.hu\/wp-content\/uploads\/2020\/02\/IMG_5214-1152x2048.png 1152w, https:\/\/www.gemzse.hu\/wp-content\/uploads\/2020\/02\/IMG_5214.png 1242w\" sizes=\"auto, (max-width: 576px) 100vw, 576px\" \/><\/p>\n<hr \/>\n<p><br \/><img loading=\"lazy\" decoding=\"async\" class=\"aligncenter size-large wp-image-1577\" src=\"https:\/\/www.gemzse.hu\/wp-content\/uploads\/2020\/02\/IMG_5213-576x1024.png\" alt=\"\" width=\"576\" height=\"1024\" srcset=\"https:\/\/www.gemzse.hu\/wp-content\/uploads\/2020\/02\/IMG_5213-576x1024.png 576w, https:\/\/www.gemzse.hu\/wp-content\/uploads\/2020\/02\/IMG_5213-169x300.png 169w, https:\/\/www.gemzse.hu\/wp-content\/uploads\/2020\/02\/IMG_5213-768x1365.png 768w, https:\/\/www.gemzse.hu\/wp-content\/uploads\/2020\/02\/IMG_5213-864x1536.png 864w, https:\/\/www.gemzse.hu\/wp-content\/uploads\/2020\/02\/IMG_5213-1152x2048.png 1152w, https:\/\/www.gemzse.hu\/wp-content\/uploads\/2020\/02\/IMG_5213.png 1242w\" sizes=\"auto, (max-width: 576px) 100vw, 576px\" \/><\/p>\n<hr \/>\n<p><br \/><img loading=\"lazy\" decoding=\"async\" class=\"aligncenter size-large wp-image-1578\" src=\"https:\/\/www.gemzse.hu\/wp-content\/uploads\/2020\/02\/IMG_5212-576x1024.png\" alt=\"\" width=\"576\" height=\"1024\" srcset=\"https:\/\/www.gemzse.hu\/wp-content\/uploads\/2020\/02\/IMG_5212-576x1024.png 576w, https:\/\/www.gemzse.hu\/wp-content\/uploads\/2020\/02\/IMG_5212-169x300.png 169w, https:\/\/www.gemzse.hu\/wp-content\/uploads\/2020\/02\/IMG_5212-768x1365.png 768w, https:\/\/www.gemzse.hu\/wp-content\/uploads\/2020\/02\/IMG_5212-864x1536.png 864w, https:\/\/www.gemzse.hu\/wp-content\/uploads\/2020\/02\/IMG_5212-1152x2048.png 1152w, https:\/\/www.gemzse.hu\/wp-content\/uploads\/2020\/02\/IMG_5212.png 1242w\" sizes=\"auto, (max-width: 576px) 100vw, 576px\" \/><\/p>\n<hr \/>\n<p><img loading=\"lazy\" decoding=\"async\" class=\"aligncenter size-large wp-image-1562\" src=\"https:\/\/www.gemzse.hu\/wp-content\/uploads\/2020\/01\/IMG_4934-576x1024.png\" alt=\"\" width=\"576\" height=\"1024\" srcset=\"https:\/\/www.gemzse.hu\/wp-content\/uploads\/2020\/01\/IMG_4934-576x1024.png 576w, https:\/\/www.gemzse.hu\/wp-content\/uploads\/2020\/01\/IMG_4934-169x300.png 169w, https:\/\/www.gemzse.hu\/wp-content\/uploads\/2020\/01\/IMG_4934-768x1365.png 768w, https:\/\/www.gemzse.hu\/wp-content\/uploads\/2020\/01\/IMG_4934-864x1536.png 864w, https:\/\/www.gemzse.hu\/wp-content\/uploads\/2020\/01\/IMG_4934-1152x2048.png 1152w, https:\/\/www.gemzse.hu\/wp-content\/uploads\/2020\/01\/IMG_4934.png 1242w\" sizes=\"auto, (max-width: 576px) 100vw, 576px\" \/><\/p>\n<hr \/>\n<p><img loading=\"lazy\" decoding=\"async\" class=\"aligncenter size-large wp-image-1561\" src=\"https:\/\/www.gemzse.hu\/wp-content\/uploads\/2020\/01\/IMG_4933-576x1024.png\" alt=\"\" width=\"576\" height=\"1024\" srcset=\"https:\/\/www.gemzse.hu\/wp-content\/uploads\/2020\/01\/IMG_4933-576x1024.png 576w, https:\/\/www.gemzse.hu\/wp-content\/uploads\/2020\/01\/IMG_4933-169x300.png 169w, https:\/\/www.gemzse.hu\/wp-content\/uploads\/2020\/01\/IMG_4933-768x1365.png 768w, https:\/\/www.gemzse.hu\/wp-content\/uploads\/2020\/01\/IMG_4933-864x1536.png 864w, https:\/\/www.gemzse.hu\/wp-content\/uploads\/2020\/01\/IMG_4933-1152x2048.png 1152w, https:\/\/www.gemzse.hu\/wp-content\/uploads\/2020\/01\/IMG_4933.png 1242w\" sizes=\"auto, (max-width: 576px) 100vw, 576px\" \/><\/p>\n<hr \/>\n<h2><img loading=\"lazy\" decoding=\"async\" class=\"size-large wp-image-1560 aligncenter\" src=\"https:\/\/www.gemzse.hu\/wp-content\/uploads\/2020\/01\/IMG_4932-576x1024.png\" alt=\"\" width=\"576\" height=\"1024\" srcset=\"https:\/\/www.gemzse.hu\/wp-content\/uploads\/2020\/01\/IMG_4932-576x1024.png 576w, https:\/\/www.gemzse.hu\/wp-content\/uploads\/2020\/01\/IMG_4932-169x300.png 169w, https:\/\/www.gemzse.hu\/wp-content\/uploads\/2020\/01\/IMG_4932-768x1365.png 768w, https:\/\/www.gemzse.hu\/wp-content\/uploads\/2020\/01\/IMG_4932-864x1536.png 864w, https:\/\/www.gemzse.hu\/wp-content\/uploads\/2020\/01\/IMG_4932-1152x2048.png 1152w, https:\/\/www.gemzse.hu\/wp-content\/uploads\/2020\/01\/IMG_4932.png 1242w\" sizes=\"auto, (max-width: 576px) 100vw, 576px\" \/><\/h2>\n<p><img loading=\"lazy\" decoding=\"async\" class=\"size-large wp-image-1557 aligncenter\" src=\"https:\/\/www.gemzse.hu\/wp-content\/uploads\/2020\/01\/IMG_4931-576x1024.png\" alt=\"\" width=\"576\" height=\"1024\" srcset=\"https:\/\/www.gemzse.hu\/wp-content\/uploads\/2020\/01\/IMG_4931-576x1024.png 576w, https:\/\/www.gemzse.hu\/wp-content\/uploads\/2020\/01\/IMG_4931-169x300.png 169w, https:\/\/www.gemzse.hu\/wp-content\/uploads\/2020\/01\/IMG_4931-768x1365.png 768w, https:\/\/www.gemzse.hu\/wp-content\/uploads\/2020\/01\/IMG_4931-864x1536.png 864w, https:\/\/www.gemzse.hu\/wp-content\/uploads\/2020\/01\/IMG_4931-1152x2048.png 1152w, https:\/\/www.gemzse.hu\/wp-content\/uploads\/2020\/01\/IMG_4931.png 1242w\" sizes=\"auto, (max-width: 576px) 100vw, 576px\" \/><\/p>\n<hr \/>\n<h2 class=\"post-title entry-title\"><a href=\"https:\/\/www.gemzse.hu\/?page_id=1492\"><span style=\"color: #ff0000;\">\u00c1ll\u00e1s &#8211; V\u00e1s\u00e1rosnam\u00e9ny\u00a0\u00a0 J\u00e1rm\u0171vezet\u0151 \u00e9s kapcsol\u00f3d\u00f3 munkat\u00e1rs<\/span><\/a><\/h2>\n<div class=\"entry-content clearfix\">\n<p><strong>2019.11.07.<br \/><\/strong><strong>V\u00e1s\u00e1rosnam\u00e9ny\u00a0\u00a0 J\u00e1rm\u0171vezet\u0151 \u00e9s kapcsol\u00f3d\u00f3 munkat\u00e1rs\u00a0 \u00a0<\/strong><\/p>\n<p><strong><u>Az \u00e1ll\u00e1saj\u00e1nlat r\u00e9szletei:<\/u><\/strong><\/p>\n<p><strong>A poz\u00edci\u00f3:<\/strong>\u00a0Egy\u00e9b j\u00e1rm\u0171vezet\u0151 \u00e9s kapcsol\u00f3d\u00f3 foglalkoz\u00e1s\u00fa<br \/><strong>Tapasztalat:<\/strong>\u00a0nincs<br \/><strong>Felaj\u00e1nlott havi brutt\u00f3 kereset<\/strong>\u00a0(Ft): 180 000 \u2013 220 000<\/p>\n<\/div>\n<hr \/>\n<h2 class=\"post-title entry-title\"><a href=\"https:\/\/www.gemzse.hu\/?page_id=1486\"><span style=\"color: #ff0000;\">\u00c1ll\u00e1s \u2013 V\u00e1s\u00e1rosnam\u00e9ny\u00a0Rakt\u00e1ri munk\u00e1s<\/span><\/a><\/h2>\n<h4><strong>2019.11.07.<\/strong><\/h4>\n<p><u>Az \u00e1ll\u00e1saj\u00e1nlat r\u00e9szletei:<br \/><\/u><strong><u>Munkak\u00f6r: Rakt\u00e1ri munk\u00e1s<br \/><\/u>Elv\u00e1rt gyakorlati id\u0151:<\/strong> nincs<br \/><strong>Felaj\u00e1nlott havi brutt\u00f3 kereset (Ft):<\/strong> 180 000 &#8211; 220 000<\/p>\n<hr \/>\n<div class=\"vacancy-desc_info\">\n<h2 class=\"post-title entry-title\"><a href=\"https:\/\/www.gemzse.hu\/?page_id=1457\"><span style=\"color: #ff0000;\">\u00c1ll\u00e1s \u2013 V\u00e1s\u00e1rosnam\u00e9ny\u00a0\u00a0 \u00c1ltal\u00e1nos irodai adminisztr\u00e1tor<\/span><\/a><\/h2>\n<div class=\"entry-content clearfix\">\n<p><strong>2019.11.07.<br \/>V\u00e1s\u00e1rosnam\u00e9ny\u00a0\u00a0 \u00c1ltal\u00e1nos irodai adminisztr\u00e1tor<\/strong><\/p>\n<p><u>Az \u00e1ll\u00e1saj\u00e1nlat r\u00e9szletei:<br \/><\/u><strong>Munkak\u00f6r:<\/strong>\u00a0\u00c1ltal\u00e1nos irodai adminisztr\u00e1tor<br \/><strong>Sz\u00fcks\u00e9ges gyakorlat:<\/strong>\u00a0nincs<br \/><strong>Felaj\u00e1nlott havi brutt\u00f3 kereset (Ft):<\/strong>\u00a0170 000 \u2013 200 000<\/p>\n<\/div>\n<hr \/>\n<div>\n<p><strong>2019.11.18.<\/strong><\/p>\n<h2><a href=\"https:\/\/www.gemzse.hu\/?page_id=1459\"><span style=\"color: #ff0000;\"><strong>Szak\u00e1cs k\u00e9pz\u00e9st keresel? Vend\u00e9gl\u00e1t\u00e1sban szeretn\u00e9l dolgozni?<\/strong><\/span><\/a><\/h2>\n<p>Szak\u00e1cs OKJ tanfolyamunk seg\u00edt, hogy megismerkedj a korszer\u0171 vend\u00e9gl\u00e1t\u00e1s k\u00f6vetelm\u00e9nyeivel.<\/p>\n<hr \/>\n<div class=\"et_pb_toggle_content clearfix\">\n<div class=\"et_pb_toggle_content clearfix\">\n<div class=\"et_pb_toggle_content clearfix\">\n<p><strong><span style=\"color: #000000;\">2019.11.18.<\/span><\/strong><\/p>\n<p><a href=\"https:\/\/www.gemzse.hu\/?page_id=1464\"><strong style=\"color: #ff0000; font-size: 1.95em;\">Biztons\u00e1gi \u0151r szeretn\u00e9l lenni?<br \/><\/strong><strong style=\"color: inherit; font-size: 1.95em;\"><span style=\"color: #ff0000;\">Szem\u00e9lyi- \u00e9s vagyon\u0151r k\u00e9pz\u00e9st keresel?<\/span><\/strong><\/a><\/p>\n<\/div>\n<\/div>\n<\/div>\n<p>A szem\u00e9ly- \u00e9s vagyon\u0151r \u0151rz\u00e9st v\u00e9gez k\u00fcl\u00f6nb\u00f6z\u0151 v\u00e9delmi szint\u0171 l\u00e9tes\u00edtm\u00e9nyekben. Ell\u00e1tja a bels\u0151 \u00e9s a k\u00f6zter\u00fcleti j\u00e1r\u0151rszolg\u00e1latot, helysz\u00edn-ellen\u0151rz\u00e9st v\u00e9gez a riaszt\u00e1sra kivonul\u00f3 szolg\u00e1lat tagjak\u00e9nt.\u00a0<\/p>\n<\/div>\n<div><hr \/>\n<div id=\"adv\" class=\"newadv supertemplate\n           blue     \">\n<p><strong>2019.11.18.<\/strong><\/p>\n<p><a href=\"https:\/\/www.gemzse.hu\/wp-content\/uploads\/2019\/11\/Projekt_szoro_1911.jpg\"><img loading=\"lazy\" decoding=\"async\" class=\"aligncenter size-full wp-image-1445\" src=\"https:\/\/www.gemzse.hu\/wp-content\/uploads\/2019\/11\/Projekt_szoro_1911.jpg\" alt=\"\" width=\"709\" height=\"591\" srcset=\"https:\/\/www.gemzse.hu\/wp-content\/uploads\/2019\/11\/Projekt_szoro_1911.jpg 709w, https:\/\/www.gemzse.hu\/wp-content\/uploads\/2019\/11\/Projekt_szoro_1911-300x250.jpg 300w\" sizes=\"auto, (max-width: 709px) 100vw, 709px\" \/><\/a><\/p>\n<hr \/>\n<p><strong>2019.10.16.<\/strong><\/p>\n<h1><a href=\"https:\/\/www.gemzse.hu\/?page_id=1470\"><span style=\"color: #ff0000;\">\u00c1ll\u00e1s &#8211; Szak\u00e1cs<\/span><\/a><\/h1>\n<div class=\"descr\">\n<p>Agilis, munk\u00e1j\u00e1ra ig\u00e9nyes munkat\u00e1rs jelentkez\u00e9s\u00e9t v\u00e1rjuk, magas min\u0151s\u00e9get elv\u00e1r\u00f3 \u00e9s k\u00f6vet\u0151 gasztron\u00f3miai vend\u00e9gl\u00e1t\u00f3 egys\u00e9gbe<\/p>\n<p><strong>Szak\u00e1cs\u00a0<\/strong>munkak\u00f6rbe<\/p>\n<p>Amennyiben szenved\u00e9lye a f\u0151z\u00e9s \u00e9s k\u00e9pes a folyamatos meg\u00fajul\u00e1sra, akkor ez a hirdet\u00e9s \u00d6nnek sz\u00f3l!<\/p>\n<\/div>\n<\/div>\n<\/div>\n<hr \/>\n<p><strong>2019.10.16.<\/strong><\/p>\n<h2 class=\"desc_info-header\"><a href=\"https:\/\/www.gemzse.hu\/?page_id=1478\"><span style=\"color: #ff0000;\">\u00c1ll\u00e1s &#8211; Pr\u00f3bav\u00e1s\u00e1rl\u00e1s<\/span><\/a><\/h2>\n<table class=\"jdp_info-table\">\n<tbody>\n<tr>\n<td class=\"title-column\">V\u00e1ros:<\/td>\n<td class=\"value-column\">V\u00e1s\u00e1rosnam\u00e9ny, Szabolcs-Szatm\u00e1r-Bereg<\/td>\n<\/tr>\n<tr>\n<td class=\"title-column\">Fizet\u00e9s:<\/td>\n<td class=\"value-column\">2 000 Ft\/\u00f3ra<\/td>\n<\/tr>\n<\/tbody>\n<\/table>\n<span class=\"description-separator\">Az \u00e1ll\u00e1s le\u00edr\u00e1sa<\/span><\/div>\n<div class=\"vacancy-desc_text_wrapper\">\n<div class=\"desc_text_paragraph \">\n<p>Szeretsz v\u00e1s\u00e1rolni? Van sz\u00e1modra egy szuper aj\u00e1nlatunk!<br \/>K\u00fcl\u00f6nb\u00f6z\u0151 \u00fczletek tesztel\u00e9s\u00e9re keres\u00fcnk pr\u00f3bav\u00e1s\u00e1rl\u00f3kat.<\/p>\n<\/div>\n<\/div>\n","protected":false},"excerpt":{"rendered":"","protected":false},"author":1,"featured_media":0,"parent":1310,"menu_order":0,"comment_status":"closed","ping_status":"closed","template":"","meta":{"footnotes":""},"class_list":["post-1409","page","type-page","status-publish","hentry","nodate","item-wrap"],"_links":{"self":[{"href":"https:\/\/www.gemzse.hu\/index.php?rest_route=\/wp\/v2\/pages\/1409","targetHints":{"allow":["GET"]}}],"collection":[{"href":"https:\/\/www.gemzse.hu\/index.php?rest_route=\/wp\/v2\/pages"}],"about":[{"href":"https:\/\/www.gemzse.hu\/index.php?rest_route=\/wp\/v2\/types\/page"}],"author":[{"embeddable":true,"href":"https:\/\/www.gemzse.hu\/index.php?rest_route=\/wp\/v2\/users\/1"}],"replies":[{"embeddable":true,"href":"https:\/\/www.gemzse.hu\/index.php?rest_route=%2Fwp%2Fv2%2Fcomments&post=1409"}],"version-history":[{"count":31,"href":"https:\/\/www.gemzse.hu\/index.php?rest_route=\/wp\/v2\/pages\/1409\/revisions"}],"predecessor-version":[{"id":1757,"href":"https:\/\/www.gemzse.hu\/index.php?rest_route=\/wp\/v2\/pages\/1409\/revisions\/1757"}],"up":[{"embeddable":true,"href":"https:\/\/www.gemzse.hu\/index.php?rest_route=\/wp\/v2\/pages\/1310"}],"wp:attachment":[{"href":"https:\/\/www.gemzse.hu\/index.php?rest_route=%2Fwp%2Fv2%2Fmedia&parent=1409"}],"curies":[{"name":"wp","href":"https:\/\/api.w.org\/{rel}","templated":true}]}}