{"id":1439,"date":"2019-10-31T18:50:17","date_gmt":"2019-10-31T17:50:17","guid":{"rendered":"http:\/\/www.gemzse.hu\/?page_id=1439"},"modified":"2019-10-31T18:50:54","modified_gmt":"2019-10-31T17:50:54","slug":"szocialis-tamogatasok","status":"publish","type":"page","link":"https:\/\/www.gemzse.hu\/?page_id=1439","title":{"rendered":"Szoci\u00e1lis t\u00e1mogat\u00e1sok"},"content":{"rendered":"\n<h2><span style=\"color: #0000ff;\">Szoci\u00e1lis t\u0171zifa ig\u00e9nyl\u00e9s<\/span><\/h2>\n<p>Tisztelt Lakoss\u00e1g!<\/p>\n<p>Gemzse k\u00f6zs\u00e9g \u00d6nkorm\u00e1nyzata <strong>2019. november 4. napj\u00e1t\u00f3l (h\u00e9tf\u0151)<\/strong> megkezdi a szoci\u00e1lis t\u0171zifa ig\u00e9nyl\u00e9s\u00e9hez sz\u00fcks\u00e9ges k\u00e9relmek beny\u00fajt\u00e1s\u00e1t, mivel t\u0171zif\u00e1t azok kapnak akik k\u00e9relmet ny\u00fajtanak be.<\/p>\n<p>A k\u00e9relem kit\u00f6lt\u00e9s\u00e9hez sz\u00fcks\u00e9ges az egy lakc\u00edmen \u00e9l\u0151k lakc\u00edmk\u00e1rty\u00e1ja, TAJ k\u00e1rty\u00e1ja, valamint megel\u0151z\u0151 havi j\u00f6vedelemr\u0151l igazol\u00e1s (banki kivonat vagy postai csekk, munk\u00e1ltat\u00f3i igazol\u00e1s megel\u0151z\u0151 havi j\u00f6vedelemr\u0151l).<\/p>\n<p>A k\u00e9relem kit\u00f6lt\u00e9s\u00e9ben seg\u00edts\u00e9get ny\u00fajtunk, az ehhez sz\u00fcks\u00e9ges nyomtatv\u00e1nyt az \u00f6nkorm\u00e1nyzatn\u00e1l lehet ig\u00e9nyelni.<\/p>\n<p>Gemzse, 2019. okt\u00f3ber 30.<\/p>\n<p><strong>Gemzse K\u00f6zs\u00e9g \u00d6nkorm\u00e1nyzata<\/strong><br \/>4567 Gemzse, Kossuth utca 36.<br \/>Telefon: +36 30 163-3981<\/p>\n<p><a href=\"https:\/\/www.gemzse.hu\/wp-content\/uploads\/2019\/10\/Szoci\u00e1lis-t\u00fczifa-ig\u00e9nyl\u00e9shez-2019.pdf\" target=\"_blank\" rel=\"noopener noreferrer\">Szoci\u00e1lis t\u00fczifa ig\u00e9nyl\u00e9shez 2019<\/a><\/p>\n","protected":false},"excerpt":{"rendered":"","protected":false},"author":1,"featured_media":0,"parent":1310,"menu_order":0,"comment_status":"closed","ping_status":"closed","template":"","meta":{"footnotes":""},"class_list":["post-1439","page","type-page","status-publish","hentry","nodate","item-wrap"],"_links":{"self":[{"href":"https:\/\/www.gemzse.hu\/index.php?rest_route=\/wp\/v2\/pages\/1439","targetHints":{"allow":["GET"]}}],"collection":[{"href":"https:\/\/www.gemzse.hu\/index.php?rest_route=\/wp\/v2\/pages"}],"about":[{"href":"https:\/\/www.gemzse.hu\/index.php?rest_route=\/wp\/v2\/types\/page"}],"author":[{"embeddable":true,"href":"https:\/\/www.gemzse.hu\/index.php?rest_route=\/wp\/v2\/users\/1"}],"replies":[{"embeddable":true,"href":"https:\/\/www.gemzse.hu\/index.php?rest_route=%2Fwp%2Fv2%2Fcomments&post=1439"}],"version-history":[{"count":1,"href":"https:\/\/www.gemzse.hu\/index.php?rest_route=\/wp\/v2\/pages\/1439\/revisions"}],"predecessor-version":[{"id":1441,"href":"https:\/\/www.gemzse.hu\/index.php?rest_route=\/wp\/v2\/pages\/1439\/revisions\/1441"}],"up":[{"embeddable":true,"href":"https:\/\/www.gemzse.hu\/index.php?rest_route=\/wp\/v2\/pages\/1310"}],"wp:attachment":[{"href":"https:\/\/www.gemzse.hu\/index.php?rest_route=%2Fwp%2Fv2%2Fmedia&parent=1439"}],"curies":[{"name":"wp","href":"https:\/\/api.w.org\/{rel}","templated":true}]}}