{"id":145,"date":"2015-01-22T19:10:34","date_gmt":"2015-01-22T18:10:34","guid":{"rendered":"http:\/\/www.gemzse.hu\/?page_id=145"},"modified":"2015-03-04T22:29:29","modified_gmt":"2015-03-04T21:29:29","slug":"onkormanyzat","status":"publish","type":"page","link":"https:\/\/www.gemzse.hu\/?page_id=145","title":{"rendered":"\u00d6nkorm\u00e1nyzat"},"content":{"rendered":"<ul>\n<li>\n<h5><a title=\"Gemzse K\u00f6zs\u00e9g \u00d6nkorm\u00e1nyzata linkje\" href=\"https:\/\/www.gemzse.hu\/?page_id=340\" rel=\"bookmark\">Gemzse K\u00f6zs\u00e9g \u00d6nkorm\u00e1nyzata<\/a><\/h5>\n<\/li>\n<li>\n<h5><a title=\"Gemzse K\u00f6zs\u00e9g Roma Nemzetis\u00e9gi \u00d6nkorm\u00e1nyzat linkje\" href=\"https:\/\/www.gemzse.hu\/?page_id=343\" rel=\"bookmark\">Gemzse K\u00f6zs\u00e9g Roma Nemzetis\u00e9gi \u00d6nkorm\u00e1nyzat<\/a><\/h5>\n<\/li>\n<li>\n<h5><a title=\"Ilki K\u00f6z\u00f6s \u00d6nkorm\u00e1nyzati Hivatal Gemzsei Kirendelts\u00e9g linkje\" href=\"https:\/\/www.gemzse.hu\/?page_id=346\" rel=\"bookmark\">Ilki K\u00f6z\u00f6s \u00d6nkorm\u00e1nyzati Hivatal Gemzsei Kirendelts\u00e9g<\/a><\/h5>\n<\/li>\n<li>\n<h5><a title=\"Rendeletek linkje\" href=\"https:\/\/www.gemzse.hu\/?page_id=239\" rel=\"bookmark\">Rendeletek<\/a><\/h5>\n<\/li>\n<li>\n<h5><a title=\"Jegyz\u0151k\u00f6nyvek linkje\" href=\"https:\/\/www.gemzse.hu\/?page_id=19\" rel=\"bookmark\">Jegyz\u0151k\u00f6nyvek<\/a><\/h5>\n<\/li>\n<li>\n<h5><a title=\"RN\u00d6 jegyz\u0151k\u00f6nyvek linkje\" href=\"https:\/\/www.gemzse.hu\/?page_id=306\" rel=\"bookmark\">RN\u00d6 jegyz\u0151k\u00f6nyvek<\/a><\/h5>\n<\/li>\n<li>\n<h5><a title=\"Dokumentumok linkje\" href=\"https:\/\/www.gemzse.hu\/?page_id=25\" rel=\"bookmark\">Dokumentumok<\/a><\/h5>\n<\/li>\n<li>\n<h5><a title=\"IKSZT linkje\" href=\"https:\/\/www.gemzse.hu\/?page_id=350\" rel=\"bookmark\">IKSZT<\/a><\/h5>\n<\/li>\n<li>\n<h5><a title=\"Tanyagondok linkje\" href=\"https:\/\/www.gemzse.hu\/?page_id=353\" rel=\"bookmark\">Tanyagondok<\/a><\/h5>\n<\/li>\n<\/ul>\n","protected":false},"excerpt":{"rendered":"<p>Gemzse K\u00f6zs\u00e9g \u00d6nkorm\u00e1nyzata Gemzse K\u00f6zs\u00e9g Roma Nemzetis\u00e9gi \u00d6nkorm\u00e1nyzat Ilki K\u00f6z\u00f6s \u00d6nkorm\u00e1nyzati Hivatal Gemzsei Kirendelts\u00e9g Rendeletek Jegyz\u0151k\u00f6nyvek RN\u00d6 jegyz\u0151k\u00f6nyvek Dokumentumok IKSZT Tanyagondok<\/p>\n","protected":false},"author":1,"featured_media":0,"parent":0,"menu_order":0,"comment_status":"closed","ping_status":"closed","template":"","meta":{"footnotes":""},"class_list":["post-145","page","type-page","status-publish","hentry","nodate","item-wrap"],"_links":{"self":[{"href":"https:\/\/www.gemzse.hu\/index.php?rest_route=\/wp\/v2\/pages\/145","targetHints":{"allow":["GET"]}}],"collection":[{"href":"https:\/\/www.gemzse.hu\/index.php?rest_route=\/wp\/v2\/pages"}],"about":[{"href":"https:\/\/www.gemzse.hu\/index.php?rest_route=\/wp\/v2\/types\/page"}],"author":[{"embeddable":true,"href":"https:\/\/www.gemzse.hu\/index.php?rest_route=\/wp\/v2\/users\/1"}],"replies":[{"embeddable":true,"href":"https:\/\/www.gemzse.hu\/index.php?rest_route=%2Fwp%2Fv2%2Fcomments&post=145"}],"version-history":[{"count":9,"href":"https:\/\/www.gemzse.hu\/index.php?rest_route=\/wp\/v2\/pages\/145\/revisions"}],"predecessor-version":[{"id":360,"href":"https:\/\/www.gemzse.hu\/index.php?rest_route=\/wp\/v2\/pages\/145\/revisions\/360"}],"wp:attachment":[{"href":"https:\/\/www.gemzse.hu\/index.php?rest_route=%2Fwp%2Fv2%2Fmedia&parent=145"}],"curies":[{"name":"wp","href":"https:\/\/api.w.org\/{rel}","templated":true}]}}