{"id":1459,"date":"2019-11-21T19:38:13","date_gmt":"2019-11-21T18:38:13","guid":{"rendered":"http:\/\/www.gemzse.hu\/?page_id=1459"},"modified":"2019-11-21T19:46:28","modified_gmt":"2019-11-21T18:46:28","slug":"szakacs-kepzest-keresel","status":"publish","type":"page","link":"https:\/\/www.gemzse.hu\/?page_id=1459","title":{"rendered":"Szak\u00e1cs k\u00e9pz\u00e9st keresel?"},"content":{"rendered":"\n<p><strong>2019.11.18.<\/strong><\/p>\n<p><strong><a href=\"https:\/\/www.gemzse.hu\/wp-content\/uploads\/2019\/11\/projekt-logo-web_e2.png\"><img loading=\"lazy\" decoding=\"async\" class=\"aligncenter size-full wp-image-1448\" src=\"https:\/\/www.gemzse.hu\/wp-content\/uploads\/2019\/11\/projekt-logo-web_e2.png\" alt=\"\" width=\"401\" height=\"99\" srcset=\"https:\/\/www.gemzse.hu\/wp-content\/uploads\/2019\/11\/projekt-logo-web_e2.png 401w, https:\/\/www.gemzse.hu\/wp-content\/uploads\/2019\/11\/projekt-logo-web_e2-300x74.png 300w\" sizes=\"auto, (max-width: 401px) 100vw, 401px\" \/><\/a><\/strong><\/p>\n<h2><span style=\"color: #ff0000;\"><strong>Szak\u00e1cs k\u00e9pz\u00e9st keresel? Vend\u00e9gl\u00e1t\u00e1sban szeretn\u00e9l dolgozni?<\/strong> <\/span><\/h2>\n<p>Szak\u00e1cs OKJ tanfolyamunk seg\u00edt, hogy megismerkedj a korszer\u0171 vend\u00e9gl\u00e1t\u00e1s k\u00f6vetelm\u00e9nyeivel.<\/p>\n<p>A szak\u00e1cs legfontosabb feladata a korszer\u0171 vend\u00e9gl\u00e1t\u00e1s k\u00f6vetelm\u00e9nyeinek megfelel\u0151 feladatok ell\u00e1t\u00e1sa: a vend\u00e9gek elv\u00e1r\u00e1sainak megfelel\u0151 \u00e9telv\u00e1laszt\u00e9k kialak\u00edt\u00e1sa \u00e9s elk\u00e9sz\u00edt\u00e9se, valamint az elk\u00e9sz\u00edtett \u00e9telek megfelel\u0151 min\u0151s\u00e9gi sz\u00ednvonalon t\u00f6rt\u00e9n\u0151 t\u00e1lal\u00e1sa a vend\u00e9gek sz\u00e1m\u00e1ra \u00e9ttermekben \u00e9s egy\u00e9b helysz\u00edneken l\u00e9v\u0151 vend\u00e9gl\u00e1t\u00f3ipari egys\u00e9gekben, h\u00e1ztart\u00e1sokban.<\/p>\n<h5 class=\"et_pb_toggle_title\">\u00c1ltal\u00e1nos adatok<\/h5>\n<div class=\"et_pb_toggle_content clearfix\">\n<ul>\n<li><strong>Szakk\u00e9pes\u00edt\u00e9s megnevez\u00e9se:<\/strong>\u00a0Szak\u00e1cs<\/li>\n<li><strong>A szakk\u00e9pes\u00edt\u00e9s OKJ sz\u00e1ma:<\/strong>\u00a034 811 04<\/li>\n<li><strong>A szakk\u00e9pes\u00edt\u00e9s szintje:\u00a0<\/strong>szakk\u00e9pes\u00edt\u00e9s<\/li>\n<li><strong>Szakmacsoport:<\/strong>\u00a018. Vend\u00e9gl\u00e1t\u00e1s-turisztika<\/li>\n<li><a href=\"https:\/\/www.nive.hu\/Downloads\/Szakkepzesi_dokumentumok\/Szakmai_es_vizsgakovetelmenyek\/2016\/DL.php?f=34_811_04_Szak%C3%A1cs_2016.pdf&amp;tip=szvk_2012_&amp;evszam=2016\" target=\"_blank\" rel=\"noopener noreferrer\">Szakmai \u00e9s vizsgak\u00f6vetelm\u00e9nyek let\u00f6lt\u00e9se<\/a><\/li>\n<li><strong>Jelentkez\u00e9si felt\u00e9tel:<\/strong>\u00a0Alapfok\u00fa iskolai v\u00e9gzetts\u00e9g + eg\u00e9szs\u00e9g\u00fcgyi alkalmass\u00e1g sz\u00fcks\u00e9ges<\/li>\n<\/ul>\n<p><strong>Milyen foglalkoz\u00e1sokat, munkak\u00f6r\u00f6ket t\u00f6lthetsz be ezzel a szakk\u00e9pes\u00edt\u00e9ssel?<br \/><\/strong><\/p>\n<ul>\n<li>Di\u00e9t\u00e1s szak\u00e1cs<\/li>\n<li>\u00c9tkezdei szak\u00e1cs<\/li>\n<li>Grill szak\u00e1cs<\/li>\n<li>Gyermek\u00e9lelmez\u00e9si szak\u00e1cs<\/li>\n<li>Haj\u00f3szak\u00e1cs<\/li>\n<li>Hidegkonyhai szak\u00e1cs<\/li>\n<li>K\u00f6z\u00e9tkeztet\u00e9si szak\u00e1cs<\/li>\n<li>Melegkonyhai szak\u00e1cs<\/li>\n<li>Pizzak\u00e9sz\u00edt\u0151 szak\u00e1cs<\/li>\n<li>Seg\u00e9dszak\u00e1cs<\/li>\n<\/ul>\n<h5 class=\"et_pb_toggle_title\">A Szak\u00e1cs OKJ tanfolyam r\u00e9szletei<\/h5>\n<div class=\"et_pb_toggle_content clearfix\">\n<p><strong>K\u00e9pz\u00e9s \u00f3rasz\u00e1ma:<\/strong>\u00a0960 \u00f3ra (Elm\u00e9let: 30% \u2013 288 \u00f3ra, gyakorlat: 70% \u2013 672 \u00f3ra)<br \/><strong>Tanfolyami id\u0151pontok:<\/strong>\u00a0megbesz\u00e9l\u00e9s szerint<br \/><strong>\u00c1rak:<\/strong>\u00a0(l\u00e1sd a z\u00f6ld dobozban)<br \/><strong>Kedvezm\u00e9nyek:<\/strong><\/p>\n<ul>\n<li>havi r\u00e9szletfizet\u00e9si lehet\u0151s\u00e9g<\/li>\n<li>10% kedvezm\u00e9ny a k\u00e9pz\u00e9si d\u00edj egy\u00f6sszeg\u0171 rendez\u00e9se eset\u00e9n<\/li>\n<li>5% kedvezm\u00e9ny a k\u00e9pz\u00e9si d\u00edj k\u00e9t r\u00e9szletben t\u00f6rt\u00e9n\u0151 befizet\u00e9sekor<\/li>\n<\/ul>\n<h5 class=\"et_pb_toggle_title\">Milyen vizsg\u00e1kat kell tenned a Szak\u00e1cs k\u00e9pz\u00e9s elv\u00e9gz\u00e9se ut\u00e1n?<\/h5>\n<div class=\"et_pb_toggle_content clearfix\">\n<h4>A Szak\u00e1cs OKJ szakk\u00e9pes\u00edt\u00e9s modulz\u00e1r\u00f3 vizsg\u00e1inak list\u00e1ja:<\/h4>\n<ul>\n<li>11518-16 \u00c9lelmiszerismeret \u2013 \u00edr\u00e1sbeli<\/li>\n<li>11561-16 Gazd\u00e1lkod\u00e1si ismeretek \u2013 \u00edr\u00e1sbeli<\/li>\n<li>12096-16 Szak\u00e1cs szakmai idegen nyelv \u2013 sz\u00f3beli<\/li>\n<li>12094-16 \u00c9telk\u00e9sz\u00edt\u00e9si ismeretek alapjai \u2013 gyakorlati<\/li>\n<li>12095-16 \u00c9telk\u00e9sz\u00edt\u00e9si ismeretek \u2013 gyakorlati<\/li>\n<li>11519-16 \u00c9lelmiszerbiztons\u00e1gi alapismeretek \u2013 \u00edr\u00e1sbeli<\/li>\n<li>11497-12 Foglalkoztat\u00e1s I. \u2013 \u00edr\u00e1sbeli<\/li>\n<li>11499-12 Foglalkoztat\u00e1s II. \u2013 \u00edr\u00e1sbeli<\/li>\n<\/ul>\n<h4>A Szak\u00e1cs OKJ tanfolyam komplex szakmai vizsg\u00e1i:<\/h4>\n<p><strong>Gyakorlat:<\/strong><\/p>\n<ul>\n<li>A: \u00c9telk\u00e9sz\u00edt\u00e9si alapfeladatok<\/li>\n<li>B: \u00c9telk\u00e9sz\u00edt\u00e9s<\/li>\n<\/ul>\n<p><strong>\u00cdr\u00e1sbeli:<\/strong><\/p>\n<ul>\n<li>Termel\u00e9ssel \u00f6sszef\u00fcgg\u0151 dokument\u00e1ci\u00f3s feladatok (120 perc)<\/li>\n<\/ul>\n<p><strong>Helysz\u00edn:<\/strong><br \/>V\u00e1s\u00e1rosnam\u00e9ny<br \/>(15 f\u0151 megl\u00e9te eset\u00e9n b\u00e1rmely telep\u00fcl\u00e9sen)<\/p>\n<p><strong>Id\u0151tartam:<\/strong>\u00a0960 \u00f3ra<\/p>\n<p><strong>\u00c1r:<\/strong><br \/>200 000 Ft + 55 000 Ft v.d\u00edj<\/p>\n<p><span class=\"small-info\">(A tanfolyami d\u00edj egy\u00f6sszeg\u0171 rendez\u00e9se eset\u00e9n 10%, k\u00e9t r\u00e9szletben t\u00f6rt\u00e9n\u0151 fizet\u00e9skor 5% kedvezm\u00e9ny!)<\/span><\/p>\n<\/div>\n<\/div>\n<\/div>\n","protected":false},"excerpt":{"rendered":"","protected":false},"author":1,"featured_media":0,"parent":1409,"menu_order":0,"comment_status":"closed","ping_status":"closed","template":"","meta":{"footnotes":""},"class_list":["post-1459","page","type-page","status-publish","hentry","nodate","item-wrap"],"_links":{"self":[{"href":"https:\/\/www.gemzse.hu\/index.php?rest_route=\/wp\/v2\/pages\/1459","targetHints":{"allow":["GET"]}}],"collection":[{"href":"https:\/\/www.gemzse.hu\/index.php?rest_route=\/wp\/v2\/pages"}],"about":[{"href":"https:\/\/www.gemzse.hu\/index.php?rest_route=\/wp\/v2\/types\/page"}],"author":[{"embeddable":true,"href":"https:\/\/www.gemzse.hu\/index.php?rest_route=\/wp\/v2\/users\/1"}],"replies":[{"embeddable":true,"href":"https:\/\/www.gemzse.hu\/index.php?rest_route=%2Fwp%2Fv2%2Fcomments&post=1459"}],"version-history":[{"count":1,"href":"https:\/\/www.gemzse.hu\/index.php?rest_route=\/wp\/v2\/pages\/1459\/revisions"}],"predecessor-version":[{"id":1460,"href":"https:\/\/www.gemzse.hu\/index.php?rest_route=\/wp\/v2\/pages\/1459\/revisions\/1460"}],"up":[{"embeddable":true,"href":"https:\/\/www.gemzse.hu\/index.php?rest_route=\/wp\/v2\/pages\/1409"}],"wp:attachment":[{"href":"https:\/\/www.gemzse.hu\/index.php?rest_route=%2Fwp%2Fv2%2Fmedia&parent=1459"}],"curies":[{"name":"wp","href":"https:\/\/api.w.org\/{rel}","templated":true}]}}