{"id":1464,"date":"2019-11-21T19:41:20","date_gmt":"2019-11-21T18:41:20","guid":{"rendered":"http:\/\/www.gemzse.hu\/?page_id=1464"},"modified":"2019-11-21T19:47:37","modified_gmt":"2019-11-21T18:47:37","slug":"biztonsagi-or-szeretnel-lenni","status":"publish","type":"page","link":"https:\/\/www.gemzse.hu\/?page_id=1464","title":{"rendered":"Biztons\u00e1gi \u0151r szeretn\u00e9l lenni?"},"content":{"rendered":"\n<div>\n<h2><a href=\"https:\/\/www.gemzse.hu\/wp-content\/uploads\/2019\/11\/projekt-logo-web_e2.png\"><img loading=\"lazy\" decoding=\"async\" class=\"aligncenter size-full wp-image-1448\" src=\"https:\/\/www.gemzse.hu\/wp-content\/uploads\/2019\/11\/projekt-logo-web_e2.png\" alt=\"\" width=\"401\" height=\"99\" srcset=\"https:\/\/www.gemzse.hu\/wp-content\/uploads\/2019\/11\/projekt-logo-web_e2.png 401w, https:\/\/www.gemzse.hu\/wp-content\/uploads\/2019\/11\/projekt-logo-web_e2-300x74.png 300w\" sizes=\"auto, (max-width: 401px) 100vw, 401px\" \/><\/a><strong><span style=\"color: #ff0000;\">Szem\u00e9lyi- \u00e9s vagyon\u0151r k\u00e9pz\u00e9st keresel?<\/span><br \/><\/strong><\/h2>\n<p>A szem\u00e9ly- \u00e9s vagyon\u0151r \u0151rz\u00e9st v\u00e9gez k\u00fcl\u00f6nb\u00f6z\u0151 v\u00e9delmi szint\u0171 l\u00e9tes\u00edtm\u00e9nyekben. Ell\u00e1tja a bels\u0151 \u00e9s a k\u00f6zter\u00fcleti j\u00e1r\u0151rszolg\u00e1latot, helysz\u00edn-ellen\u0151rz\u00e9st v\u00e9gez a riaszt\u00e1sra kivonul\u00f3 szolg\u00e1lat tagjak\u00e9nt. Sz\u00e1ll\u00edtm\u00e1nyk\u00eds\u00e9r\u00e9si feladatokat v\u00e9gez. Biztos\u00edtja a p\u00e9nz-, \u00e9rt\u00e9ksz\u00e1ll\u00edt\u00e1st a l\u00e9tes\u00edtm\u00e9ny ter\u00fclet\u00e9n. Parkol\u00e1si ellen\u0151rk\u00e9nt szolg\u00e1latot teljes\u00edt. Int\u00e9zkedik rendk\u00edv\u00fcli esem\u00e9nyekkor, sz\u00fcks\u00e9ghelyzetekben, k\u00f6zvesz\u00e9ly-elh\u00e1r\u00edt\u00e1sban. Elfogja a b\u0171ncselekm\u00e9nyen \u00e9s szab\u00e1lys\u00e9rt\u00e9sen tetten \u00e9rt szem\u00e9lyt.<\/p>\n<h5 class=\"et_pb_toggle_title\">\u00c1ltal\u00e1nos adatok<\/h5>\n<div class=\"et_pb_toggle_content clearfix\">\n<ul>\n<li><strong>Szakk\u00e9pes\u00edt\u00e9s megnevez\u00e9se:<\/strong>\u00a0Szem\u00e9ly- \u00e9s vagyon\u0151r<\/li>\n<li><strong>A szakk\u00e9pes\u00edt\u00e9s OKJ sz\u00e1ma:<\/strong>\u00a032 861 01<\/li>\n<li><strong>A szakk\u00e9pes\u00edt\u00e9s szintje:\u00a0<\/strong>szakk\u00e9pes\u00edt\u00e9s<\/li>\n<li><strong>Szakmacsoport:<\/strong>\u00a022. K\u00f6zszolg\u00e1lat<\/li>\n<li><a href=\"https:\/\/www.nive.hu\/Downloads\/Szakkepzesi_dokumentumok\/Szakmai_es_vizsgakovetelmenyek\/2016\/DL.php?f=32_861_01_Szemely_es_vagyonor_2016.pdf&amp;tip=szvk_2012_&amp;evszam=2016\" target=\"_blank\" rel=\"noopener noreferrer\">Szakmai \u00e9s vizsgak\u00f6vetelm\u00e9nyek let\u00f6lt\u00e9se<\/a><\/li>\n<li><strong>Jelentkez\u00e9si felt\u00e9tel:<\/strong>\u00a0Alapfok\u00fa iskolai v\u00e9gzetts\u00e9g + eg\u00e9szs\u00e9g\u00fcgyi alkalmass\u00e1g sz\u00fcks\u00e9ges<\/li>\n<\/ul>\n<p><strong>Milyen foglalkoz\u00e1sokat, munkak\u00f6r\u00f6ket t\u00f6lthetsz be ezzel a szakk\u00e9pes\u00edt\u00e9ssel?<br \/><\/strong><\/p>\n<ul>\n<li>Szem\u00e9ly- \u00e9s vagyon\u0151r<\/li>\n<li>Parkol\u00f3\u0151r<\/li>\n<li>Port\u00e1s, telep\u0151r, terem\u0151r<\/li>\n<\/ul>\n<\/div>\n<\/div>\n<h5 class=\"et_pb_toggle_title\">A Szem\u00e9ly- \u00e9s vagyon\u0151r OKJ tanfolyam r\u00e9szletei<\/h5>\n<div class=\"et_pb_toggle_content clearfix\">\n<p><strong>K\u00e9pz\u00e9s \u00f3rasz\u00e1ma:<\/strong>\u00a0300 \u00f3ra (Elm\u00e9let: 40% \u2013 128 \u00f3ra, gyakorlat: 60% \u2013 192 \u00f3ra)<br \/><strong>Tanfolyami id\u0151pontok:<\/strong>\u00a0megbesz\u00e9l\u00e9s szerint<br \/><strong>\u00c1rak:<\/strong>\u00a0(l\u00e1sd a z\u00f6ld dobozban)<br \/><strong>Kedvezm\u00e9nyek:<\/strong><\/p>\n<ul>\n<li>havi r\u00e9szletfizet\u00e9si lehet\u0151s\u00e9g<\/li>\n<li>10% kedvezm\u00e9ny a k\u00e9pz\u00e9si d\u00edj egy\u00f6sszeg\u0171 rendez\u00e9se eset\u00e9n<\/li>\n<li>5% kedvezm\u00e9ny a k\u00e9pz\u00e9si d\u00edj k\u00e9t r\u00e9szletben t\u00f6rt\u00e9n\u0151 befizet\u00e9sekor<\/li>\n<\/ul>\n<h5 class=\"et_pb_toggle_title\">Milyen vizsg\u00e1kat kell tenned a Szem\u00e9ly- \u00e9s vagyon\u0151r k\u00e9pz\u00e9s elv\u00e9gz\u00e9se ut\u00e1n?<\/h5>\n<div class=\"et_pb_toggle_content clearfix\">\n<h4>A Szem\u00e9ly- \u00e9s vagyon\u0151r OKJ szakk\u00e9pes\u00edt\u00e9s modulz\u00e1r\u00f3 vizsg\u00e1inak list\u00e1ja:<\/h4>\n<ul>\n<li>10348-12 Mag\u00e1n biztons\u00e1gv\u00e9delmi alapfeladatok \u2013 \u00edr\u00e1sbeli, gyakorlati<\/li>\n<li>10383-12 Objektum\u0151ri feladatok \u2013 \u00edr\u00e1sbeli, gyakorlati<\/li>\n<li>10384-12 Szem\u00e9ly, vagyon\u0151r speci\u00e1lis feladatai \u2013 sz\u00f3beli, gyakorlati<\/li>\n<\/ul>\n<h4>A Szem\u00e9ly- \u00e9s vagyon\u0151r OKJ tanfolyam komplex szakmai vizsg\u00e1i:<\/h4>\n<p><strong>Gyakorlat:<\/strong><\/p>\n<ul>\n<li>Szem\u00e9ly-, vagyonv\u00e9delmi int\u00e9zked\u00e9s bemutat\u00e1sa, az \u0151r jelent\u00e9si k\u00f6telezetts\u00e9g\u00e9nek teljes\u00edt\u00e9se<\/li>\n<\/ul>\n<p><strong>\u00cdr\u00e1sbeli:<\/strong><\/p>\n<ul>\n<li>Mag\u00e1n-biztons\u00e1gv\u00e9delmi ismeretek<\/li>\n<\/ul>\n<p><strong>Az oktat\u00e1s helysz\u00edne:<\/strong><br \/>V\u00e1s\u00e1rosnam\u00e9ny<br \/>(15 f\u0151 megl\u00e9te eset\u00e9n b\u00e1rmely telep\u00fcl\u00e9sen)<\/p>\n<p><strong>Kezd\u00e9s:<\/strong><br \/>megfelel\u0151 l\u00e9tsz\u00e1m eset\u00e9n<\/p>\n<p><strong>Id\u0151tartam:<\/strong>\u00a0300 \u00f3ra<\/p>\n<p><strong>\u00c1r:<\/strong><br \/>90 000 Ft + v.d\u00edj<\/p>\n<p><span class=\"small-info\">(A tanfolyami d\u00edj egy\u00f6sszeg\u0171 rendez\u00e9se eset\u00e9n 10%, k\u00e9t r\u00e9szletben t\u00f6rt\u00e9n\u0151 fizet\u00e9skor 5% kedvezm\u00e9ny!)<\/span><\/p>\n<\/div>\n<\/div>\n","protected":false},"excerpt":{"rendered":"","protected":false},"author":1,"featured_media":0,"parent":1409,"menu_order":0,"comment_status":"closed","ping_status":"closed","template":"","meta":{"footnotes":""},"class_list":["post-1464","page","type-page","status-publish","hentry","nodate","item-wrap"],"_links":{"self":[{"href":"https:\/\/www.gemzse.hu\/index.php?rest_route=\/wp\/v2\/pages\/1464","targetHints":{"allow":["GET"]}}],"collection":[{"href":"https:\/\/www.gemzse.hu\/index.php?rest_route=\/wp\/v2\/pages"}],"about":[{"href":"https:\/\/www.gemzse.hu\/index.php?rest_route=\/wp\/v2\/types\/page"}],"author":[{"embeddable":true,"href":"https:\/\/www.gemzse.hu\/index.php?rest_route=\/wp\/v2\/users\/1"}],"replies":[{"embeddable":true,"href":"https:\/\/www.gemzse.hu\/index.php?rest_route=%2Fwp%2Fv2%2Fcomments&post=1464"}],"version-history":[{"count":3,"href":"https:\/\/www.gemzse.hu\/index.php?rest_route=\/wp\/v2\/pages\/1464\/revisions"}],"predecessor-version":[{"id":1468,"href":"https:\/\/www.gemzse.hu\/index.php?rest_route=\/wp\/v2\/pages\/1464\/revisions\/1468"}],"up":[{"embeddable":true,"href":"https:\/\/www.gemzse.hu\/index.php?rest_route=\/wp\/v2\/pages\/1409"}],"wp:attachment":[{"href":"https:\/\/www.gemzse.hu\/index.php?rest_route=%2Fwp%2Fv2%2Fmedia&parent=1464"}],"curies":[{"name":"wp","href":"https:\/\/api.w.org\/{rel}","templated":true}]}}