{"id":1470,"date":"2019-11-21T19:57:19","date_gmt":"2019-11-21T18:57:19","guid":{"rendered":"http:\/\/www.gemzse.hu\/?page_id=1470"},"modified":"2019-11-21T19:58:42","modified_gmt":"2019-11-21T18:58:42","slug":"allas-szakacs","status":"publish","type":"page","link":"https:\/\/www.gemzse.hu\/?page_id=1470","title":{"rendered":"\u00c1ll\u00e1s &#8211; Szak\u00e1cs"},"content":{"rendered":"\n<p><strong>2019.10.16.<\/strong><\/p>\n<h1><span style=\"color: #ff0000;\">Szak\u00e1cs<\/span><\/h1>\n<div class=\"descr\">\n<p>Agilis, munk\u00e1j\u00e1ra ig\u00e9nyes munkat\u00e1rs jelentkez\u00e9s\u00e9t v\u00e1rjuk, magas min\u0151s\u00e9get elv\u00e1r\u00f3 \u00e9s k\u00f6vet\u0151 gasztron\u00f3miai vend\u00e9gl\u00e1t\u00f3 egys\u00e9gbe<\/p>\n<p><strong>Szak\u00e1cs\u00a0<\/strong>munkak\u00f6rbe<\/p>\n<p>Amennyiben szenved\u00e9lye a f\u0151z\u00e9s \u00e9s k\u00e9pes a folyamatos meg\u00fajul\u00e1sra, akkor ez a hirdet\u00e9s \u00d6nnek sz\u00f3l!<\/p>\n<p><strong><em><u>LEEND\u0150 MUNKAT\u00c1RS FELADATAI:<\/u><\/em><\/strong><\/p>\n<ul>\n<li><span style=\"font-size: inherit;\">Min\u0151s\u00e9gi \u00e9telek k\u00e9sz\u00edt\u00e9se \u00e9s t\u00e1lal\u00e1sa<\/span><\/li>\n<li><span style=\"font-size: inherit;\">Friss gasztron\u00f3miai ismeretek \u00e9s \u00faj trendek k\u00f6vet\u00e9se,<\/span><\/li>\n<li>S\u00e9f \u00fatmutat\u00e1sai alapj\u00e1n \u00f6n\u00e1ll\u00f3 munkav\u00e9gz\u00e9s<\/li>\n<li>Napi aj\u00e1nlat, \u00e9tlap, men\u00fc elk\u00e9sz\u00edt\u00e9se<\/li>\n<li>Megl\u00e9v\u0151 k\u00e9szletek, k\u00e9sz\u00e9telek felm\u00e9r\u00e9se, nyersanyagok megrendel\u00e9se<\/li>\n<\/ul>\n<p><strong><em><u>AZ \u00c1LL\u00c1SHOZ TARTOZ\u00d3 ELV\u00c1R\u00c1SOK:<\/u><\/em><\/strong><\/p>\n<ul>\n<li>Szakir\u00e1ny\u00fa v\u00e9gzetts\u00e9g \u00e9s tapasztalat<\/li>\n<li>Kreativit\u00e1s, megb\u00edzhat\u00f3s\u00e1g,<\/li>\n<li>Ig\u00e9nyess\u00e9g jellemzi<\/li>\n<li>T\u00f6bb \u00e9vnyi szakmai tapasztalat el\u0151nyt jelent<\/li>\n<\/ul>\n<p><strong><em><u>AMIT K\u00cdN\u00c1LUNK:<\/u><\/em><\/strong><\/p>\n<ul>\n<li>Hossz\u00fa t\u00e1v\u00fa munkalehet\u0151s\u00e9g n\u00edv\u00f3s munkak\u00f6rnyezetben<\/li>\n<li>Kiemelt b\u00e9rez\u00e9s<\/li>\n<li>J\u00f3 hangulat egy igazi csapatban<\/li>\n<li>F\u0151\u00e1ll\u00e1s\u00fa munkaviszony<\/li>\n<li>Fejl\u0151d\u00e9si lehet\u0151s\u00e9g<\/li>\n<li>Bar\u00e1ts\u00e1gos l\u00e9gk\u00f6r<\/li>\n<\/ul>\n<p><strong><u>MUNKAV\u00c9GZ\u00c9S HELYE:<\/u><\/strong><\/p>\n<p>V\u00e1s\u00e1rosnam\u00e9ny, 4800 V\u00e1s\u00e1rosnam\u00e9ny, \u00c1rp\u00e1d \u00fat<\/p>\n<h3>\u00c1ll\u00e1s, munka ter\u00fclete(i):<\/h3>\n<ul>\n<li><b style=\"color: #4a474b; font-size: 16px;\">Szakmunka<\/b><\/li>\n<li>Szak\u00e1cs<\/li>\n<li>Teljes munkaid\u0151<\/li>\n<\/ul>\n<h3>Sz\u00fcks\u00e9ges tapasztalat:<\/h3>\n<ul>\n<li>1-3 \u00e9v szakmai tapasztalat<\/li>\n<\/ul>\n<h3>Sz\u00fcks\u00e9ges nyelvtud\u00e1s:<\/h3>\n<ul>\n<li class=\"\">Nem ig\u00e9nyel nyelvtud\u00e1st<\/li>\n<\/ul>\n<\/div>\n","protected":false},"excerpt":{"rendered":"","protected":false},"author":1,"featured_media":0,"parent":1409,"menu_order":0,"comment_status":"closed","ping_status":"closed","template":"","meta":{"footnotes":""},"class_list":["post-1470","page","type-page","status-publish","hentry","nodate","item-wrap"],"_links":{"self":[{"href":"https:\/\/www.gemzse.hu\/index.php?rest_route=\/wp\/v2\/pages\/1470","targetHints":{"allow":["GET"]}}],"collection":[{"href":"https:\/\/www.gemzse.hu\/index.php?rest_route=\/wp\/v2\/pages"}],"about":[{"href":"https:\/\/www.gemzse.hu\/index.php?rest_route=\/wp\/v2\/types\/page"}],"author":[{"embeddable":true,"href":"https:\/\/www.gemzse.hu\/index.php?rest_route=\/wp\/v2\/users\/1"}],"replies":[{"embeddable":true,"href":"https:\/\/www.gemzse.hu\/index.php?rest_route=%2Fwp%2Fv2%2Fcomments&post=1470"}],"version-history":[{"count":1,"href":"https:\/\/www.gemzse.hu\/index.php?rest_route=\/wp\/v2\/pages\/1470\/revisions"}],"predecessor-version":[{"id":1471,"href":"https:\/\/www.gemzse.hu\/index.php?rest_route=\/wp\/v2\/pages\/1470\/revisions\/1471"}],"up":[{"embeddable":true,"href":"https:\/\/www.gemzse.hu\/index.php?rest_route=\/wp\/v2\/pages\/1409"}],"wp:attachment":[{"href":"https:\/\/www.gemzse.hu\/index.php?rest_route=%2Fwp%2Fv2%2Fmedia&parent=1470"}],"curies":[{"name":"wp","href":"https:\/\/api.w.org\/{rel}","templated":true}]}}