{"id":1478,"date":"2019-11-21T20:03:03","date_gmt":"2019-11-21T19:03:03","guid":{"rendered":"http:\/\/www.gemzse.hu\/?page_id=1478"},"modified":"2019-11-21T20:11:08","modified_gmt":"2019-11-21T19:11:08","slug":"allas-probavasarlas","status":"publish","type":"page","link":"https:\/\/www.gemzse.hu\/?page_id=1478","title":{"rendered":"\u00c1ll\u00e1s &#8211; Pr\u00f3bav\u00e1s\u00e1rl\u00e1s"},"content":{"rendered":"\n<div class=\"vacancy-desc_info\">\n<h2 class=\"desc_info-header\">\u00a0<\/h2>\n<table class=\"jdp_info-table\">\n<tbody>\n<tr>\n<td class=\"title-column\">V\u00e1ros:<\/td>\n<td class=\"value-column\">V\u00e1s\u00e1rosnam\u00e9ny, Szabolcs-Szatm\u00e1r-Bereg<\/td>\n<\/tr>\n<tr>\n<td class=\"title-column\">Fizet\u00e9s:<\/td>\n<td class=\"value-column\">2 000 Ft\/\u00f3ra<\/td>\n<\/tr>\n<\/tbody>\n<\/table>\n<span class=\"description-separator\">Az \u00e1ll\u00e1s le\u00edr\u00e1sa<\/span><\/div>\n<div class=\"vacancy-desc_text_wrapper\">\n<div class=\"desc_text_paragraph \">\n<p>Szeretsz v\u00e1s\u00e1rolni? Van sz\u00e1modra egy szuper aj\u00e1nlatunk!<br \/>K\u00fcl\u00f6nb\u00f6z\u0151 \u00fczletek tesztel\u00e9s\u00e9re keres\u00fcnk pr\u00f3bav\u00e1s\u00e1rl\u00f3kat.<\/p>\n<p>Jelentkezz hozz\u00e1nk, \u00e9s v\u00e1logass a folyamatosan b\u0151v\u00fcl\u0151 munk\u00e1ink k\u00f6z\u00fcl orsz\u00e1gszerte!<\/p>\n<p>N\u00e1lunk sz\u00e1m\u00edt a v\u00e9lem\u00e9nyed!<br \/>Fizet\u00e9s: Fizet\u00e9s (fix b\u00e9r)<br \/>A hirdet\u0151: \u00c1ll\u00e1st k\u00edn\u00e1l (munkaad\u00f3)<br \/>\u00c1ll\u00e1s t\u00edpus: EGY\u00c9B<br \/>Munkak\u00f6r: Egy\u00e9b<br \/>Sz\u00fcks\u00e9ges v\u00e9gzetts\u00e9g: Alapfok\u00fa v\u00e9gzetts\u00e9ggel<br \/>Poz\u00edci\u00f3 szint: Gyakornoki \/ Tanul\u00f3<\/p>\n<\/div>\n<\/div>\n","protected":false},"excerpt":{"rendered":"","protected":false},"author":1,"featured_media":0,"parent":0,"menu_order":0,"comment_status":"closed","ping_status":"closed","template":"","meta":{"footnotes":""},"class_list":["post-1478","page","type-page","status-publish","hentry","nodate","item-wrap"],"_links":{"self":[{"href":"https:\/\/www.gemzse.hu\/index.php?rest_route=\/wp\/v2\/pages\/1478","targetHints":{"allow":["GET"]}}],"collection":[{"href":"https:\/\/www.gemzse.hu\/index.php?rest_route=\/wp\/v2\/pages"}],"about":[{"href":"https:\/\/www.gemzse.hu\/index.php?rest_route=\/wp\/v2\/types\/page"}],"author":[{"embeddable":true,"href":"https:\/\/www.gemzse.hu\/index.php?rest_route=\/wp\/v2\/users\/1"}],"replies":[{"embeddable":true,"href":"https:\/\/www.gemzse.hu\/index.php?rest_route=%2Fwp%2Fv2%2Fcomments&post=1478"}],"version-history":[{"count":2,"href":"https:\/\/www.gemzse.hu\/index.php?rest_route=\/wp\/v2\/pages\/1478\/revisions"}],"predecessor-version":[{"id":1484,"href":"https:\/\/www.gemzse.hu\/index.php?rest_route=\/wp\/v2\/pages\/1478\/revisions\/1484"}],"wp:attachment":[{"href":"https:\/\/www.gemzse.hu\/index.php?rest_route=%2Fwp%2Fv2%2Fmedia&parent=1478"}],"curies":[{"name":"wp","href":"https:\/\/api.w.org\/{rel}","templated":true}]}}