{"id":1486,"date":"2019-11-21T20:19:34","date_gmt":"2019-11-21T19:19:34","guid":{"rendered":"http:\/\/www.gemzse.hu\/?page_id=1486"},"modified":"2019-11-21T20:20:10","modified_gmt":"2019-11-21T19:20:10","slug":"allas-vasarosnameny-raktari-munkas","status":"publish","type":"page","link":"https:\/\/www.gemzse.hu\/?page_id=1486","title":{"rendered":"\u00c1ll\u00e1s &#8211; V\u00e1s\u00e1rosnam\u00e9ny\u00a0Rakt\u00e1ri munk\u00e1s\u00a0\u00a0"},"content":{"rendered":"\n<h4><strong>2019.11.07.<\/strong><\/h4>\n<p><u>Az \u00e1ll\u00e1saj\u00e1nlat r\u00e9szletei:<br \/><\/u><strong><u>Munkak\u00f6r: Rakt\u00e1ri munk\u00e1s<br \/><\/u>Elv\u00e1rt gyakorlati id\u0151:<\/strong> nincs<br \/><strong>Felaj\u00e1nlott havi brutt\u00f3 kereset (Ft):<\/strong> 180 000 &#8211; 220 000<br \/><strong>\u00c1llom\u00e1nycsoport:<\/strong> betan\u00edtott munk\u00e1s<br \/><strong>Foglalkoztat\u00e1si jogviszony<\/strong>: Munka T\u00f6rv\u00e9nyk\u00f6nyve szerinti<br \/><strong>Elv\u00e1rt iskolai v\u00e9gzetts\u00e9g:<\/strong> szakmunk\u00e1sk\u00e9pz\u0151<br \/><strong>\u00c9rv\u00e9nyess\u00e9g id\u0151tartama:<\/strong> 2019.11.05 &#8211; 2020.01.03<br \/><strong>K\u00f6zvet\u00edt\u00e9s id\u0151tartama:<\/strong> 2019.11.05 &#8211; 2020.01.03<br \/><strong>Foglalkoztat\u00e1s id\u0151tartama:<\/strong> 2019.11.11 &#8211; 2020.04.30<\/p>\n<p><strong><u>Alkalmazni k\u00edv\u00e1nt l\u00e9tsz\u00e1m: 3 f\u0151<\/u><\/strong><\/p>\n<p>V\u00e1rhat\u00f3: pr\u00f3baid\u0151 Nem k\u00f6lcs\u00f6nz\u00e9s Nem kirendel\u00e9s Nem kik\u00fcldet\u00e9s Nem<br \/>pr\u00f3baid\u0151: Nem<br \/>kirendel\u00e9s: Nem<br \/>Teljes\/r\u00e9sz munkaid\u0151 (\u00f3ra): 8 \/ 0 (C\u00e9ges munkaid\u0151 teljes hossza \u00f3r\u00e1ban \/ Ebb\u0151l munkav\u00e1llal\u00f3nak ledolgozand\u00f3)<br \/>Munkaid\u0151 kezdete (\u00f3ra:perc): 0730<br \/><strong>Munkarend:<\/strong> k\u00f6t\u00f6tt nappali munkav\u00e9gz\u00e9s<\/p>\n<p><strong>Foglalkoztat\u00f3 neve: YOUNG KFT<br \/>K\u00e9pvisel\u00f5 neve: Luka Istv\u00e1n<br \/>K\u00e9pvisel\u00f5 el\u00e9rhet\u00f5s\u00e9gei: +36 70 7020052 youngkft@younghus.hu<br \/>Munkav\u00e9gz\u00e9s helye: 4800 V\u00e1s\u00e1rosnam\u00e9ny J\u00f3kai utca 32. Egy helyen t\u00f6rt\u00e9n\u00f5 foglalkoztat\u00e1s<\/strong><\/p>\n<p><strong>\u00c1ll\u00e1segyeztet\u00e9s helye: <br \/>Foglalkoztat\u00f3n\u00e1l: 4800 V\u00e1s\u00e1rosnam\u00e9ny, J\u00f3kai utca 32.<\/strong><\/p>\n<p><strong>\u00c1ll\u00e1segyeztet\u00e9s ideje: 2019.11.06<\/strong><\/p>\n","protected":false},"excerpt":{"rendered":"","protected":false},"author":1,"featured_media":0,"parent":1409,"menu_order":0,"comment_status":"closed","ping_status":"closed","template":"","meta":{"footnotes":""},"class_list":["post-1486","page","type-page","status-publish","hentry","nodate","item-wrap"],"_links":{"self":[{"href":"https:\/\/www.gemzse.hu\/index.php?rest_route=\/wp\/v2\/pages\/1486","targetHints":{"allow":["GET"]}}],"collection":[{"href":"https:\/\/www.gemzse.hu\/index.php?rest_route=\/wp\/v2\/pages"}],"about":[{"href":"https:\/\/www.gemzse.hu\/index.php?rest_route=\/wp\/v2\/types\/page"}],"author":[{"embeddable":true,"href":"https:\/\/www.gemzse.hu\/index.php?rest_route=\/wp\/v2\/users\/1"}],"replies":[{"embeddable":true,"href":"https:\/\/www.gemzse.hu\/index.php?rest_route=%2Fwp%2Fv2%2Fcomments&post=1486"}],"version-history":[{"count":1,"href":"https:\/\/www.gemzse.hu\/index.php?rest_route=\/wp\/v2\/pages\/1486\/revisions"}],"predecessor-version":[{"id":1487,"href":"https:\/\/www.gemzse.hu\/index.php?rest_route=\/wp\/v2\/pages\/1486\/revisions\/1487"}],"up":[{"embeddable":true,"href":"https:\/\/www.gemzse.hu\/index.php?rest_route=\/wp\/v2\/pages\/1409"}],"wp:attachment":[{"href":"https:\/\/www.gemzse.hu\/index.php?rest_route=%2Fwp%2Fv2%2Fmedia&parent=1486"}],"curies":[{"name":"wp","href":"https:\/\/api.w.org\/{rel}","templated":true}]}}