{"id":1492,"date":"2019-11-21T21:12:28","date_gmt":"2019-11-21T20:12:28","guid":{"rendered":"http:\/\/www.gemzse.hu\/?page_id=1492"},"modified":"2019-11-21T21:14:26","modified_gmt":"2019-11-21T20:14:26","slug":"vasarosnameny-jarmuvezeto-es-kapcsolodo-munkatars","status":"publish","type":"page","link":"https:\/\/www.gemzse.hu\/?page_id=1492","title":{"rendered":"\u00c1ll\u00e1s &#8211; V\u00e1s\u00e1rosnam\u00e9ny\u00a0\u00a0 J\u00e1rm\u0171vezet\u0151 \u00e9s kapcsol\u00f3d\u00f3 munkat\u00e1rs"},"content":{"rendered":"\n<p><strong>2019.11.07.<br \/><\/strong><strong>V\u00e1s\u00e1rosnam\u00e9ny\u00a0\u00a0 J\u00e1rm\u0171vezet\u0151 \u00e9s kapcsol\u00f3d\u00f3 munkat\u00e1rs\u00a0 \u00a0<\/strong><\/p>\n<p><strong><u>Az \u00e1ll\u00e1saj\u00e1nlat r\u00e9szletei:<\/u><\/strong><\/p>\n<p><strong>A poz\u00edci\u00f3:<\/strong> Egy\u00e9b j\u00e1rm\u0171vezet\u0151 \u00e9s kapcsol\u00f3d\u00f3 foglalkoz\u00e1s\u00fa<br \/><strong>Tapasztalat:<\/strong> nincs<br \/><strong>Felaj\u00e1nlott havi brutt\u00f3 kereset<\/strong> (Ft): 180 000 &#8211; 220 000<br \/><strong>\u00c1llom\u00e1nycsoport:<\/strong> betan\u00edtott munk\u00e1s<br \/><strong>Foglalkoztat\u00e1si jogviszony:<\/strong> Munka T\u00f6rv\u00e9nyk\u00f6nyve szerinti<br \/><strong>Elv\u00e1rt iskolai v\u00e9gzetts\u00e9g:<\/strong> szakiskola<br \/><strong>\u00c9rv\u00e9nyess\u00e9g id\u0151tartama:<\/strong> 2019.11.05 &#8211; 2020.01.03<br \/><strong>K\u00f6zvet\u00edt\u00e9s id\u0151tartama:<\/strong> 2019.11.05 &#8211; 2020.01.03<br \/><strong>Foglalkoztat\u00e1s id\u0151tartama:<\/strong> 2019.11.11 &#8211; 2020.04.30<\/p>\n<p><strong><u>Alkalmazni k\u00edv\u00e1nt l\u00e9tsz\u00e1m: 5 f\u0151<\/u><\/strong><\/p>\n<p><strong>V\u00e1rhat\u00f3:<\/strong> pr\u00f3baid\u0151 Nem k\u00f6lcs\u00f6nz\u00e9s Nem kirendel\u00e9s Nem kik\u00fcldet\u00e9s Nem<\/p>\n<p><strong>pr\u00f3baid\u0151: Nem<br \/><\/strong><strong>kirendel\u00e9s: Nem<br \/><\/strong>Teljes\/r\u00e9sz munkaid\u0151 (\u00f3ra): 8 \/ 0 (C\u00e9ges munkaid\u0151 teljes hossza \u00f3r\u00e1ban \/ Ebb\u0151l munkav\u00e1llal\u00f3nak ledolgozand\u00f3)<br \/>Munkaid\u0151 kezdete (\u00f3ra:perc): 07:30<br \/><strong>Munkarend:<\/strong> k\u00f6t\u00f6tt nappali munkav\u00e9gz\u00e9s<\/p>\n<p><strong>Foglalkoztat\u00f3 neve: YOUNG KFT<br \/><\/strong><strong>K\u00e9pvisel\u00f5 neve: Luka Istv\u00e1n<br \/><\/strong><strong>K\u00e9pvisel\u00f5 el\u00e9rhet\u00f5s\u00e9gei: +36 70 7020052 youngkft@younghus.hu<br \/><\/strong><strong>Munkav\u00e9gz\u00e9s helye: 4800 V\u00e1s\u00e1rosnam\u00e9ny J\u00f3kai utca 32. Egy helyen t\u00f6rt\u00e9n\u00f5 foglalkoztat\u00e1s<br \/><\/strong><strong>\u00c1ll\u00e1segyeztet\u00e9s helye: <\/strong><\/p>\n<p><strong>Foglalkoztat\u00f3n\u00e1l: 4800 V\u00e1s\u00e1rosnam\u00e9ny, J\u00f3kai utca 32.<\/strong><\/p>\n<p><strong>\u00c1ll\u00e1segyeztet\u00e9s ideje: 2019.11.06<\/strong><\/p>\n","protected":false},"excerpt":{"rendered":"","protected":false},"author":1,"featured_media":0,"parent":0,"menu_order":0,"comment_status":"closed","ping_status":"closed","template":"","meta":{"footnotes":""},"class_list":["post-1492","page","type-page","status-publish","hentry","nodate","item-wrap"],"_links":{"self":[{"href":"https:\/\/www.gemzse.hu\/index.php?rest_route=\/wp\/v2\/pages\/1492","targetHints":{"allow":["GET"]}}],"collection":[{"href":"https:\/\/www.gemzse.hu\/index.php?rest_route=\/wp\/v2\/pages"}],"about":[{"href":"https:\/\/www.gemzse.hu\/index.php?rest_route=\/wp\/v2\/types\/page"}],"author":[{"embeddable":true,"href":"https:\/\/www.gemzse.hu\/index.php?rest_route=\/wp\/v2\/users\/1"}],"replies":[{"embeddable":true,"href":"https:\/\/www.gemzse.hu\/index.php?rest_route=%2Fwp%2Fv2%2Fcomments&post=1492"}],"version-history":[{"count":2,"href":"https:\/\/www.gemzse.hu\/index.php?rest_route=\/wp\/v2\/pages\/1492\/revisions"}],"predecessor-version":[{"id":1496,"href":"https:\/\/www.gemzse.hu\/index.php?rest_route=\/wp\/v2\/pages\/1492\/revisions\/1496"}],"wp:attachment":[{"href":"https:\/\/www.gemzse.hu\/index.php?rest_route=%2Fwp%2Fv2%2Fmedia&parent=1492"}],"curies":[{"name":"wp","href":"https:\/\/api.w.org\/{rel}","templated":true}]}}