{"id":1507,"date":"2019-12-10T22:46:07","date_gmt":"2019-12-10T21:46:07","guid":{"rendered":"http:\/\/www.gemzse.hu\/?page_id=1507"},"modified":"2019-12-10T22:48:00","modified_gmt":"2019-12-10T21:48:00","slug":"adattisztitasi-kollega-kisvarda","status":"publish","type":"page","link":"https:\/\/www.gemzse.hu\/?page_id=1507","title":{"rendered":"Adattiszt\u00edt\u00e1si koll\u00e9ga &#8211; Kisv\u00e1rda"},"content":{"rendered":"\n<table style=\"width: 100%; height: 169px;\">\n<tbody>\n<tr style=\"height: 68px;\">\n<td style=\"width: 28.6207%; height: 68px;\">\n<p>V\u00e1ros:<\/p>\n<\/td>\n<td style=\"width: 71.2069%; height: 68px;\">\n<p>Kisv\u00e1rda, Szabolcs-Szatm\u00e1r-Bereg<\/p>\n<\/td>\n<\/tr>\n<tr style=\"height: 101px;\">\n<td style=\"width: 28.6207%; height: 101px;\">\n<p>Foglalkoz\u00e1s:<\/p>\n<\/td>\n<td style=\"width: 71.2069%; height: 101px;\">\n<p>Id\u0151szakos munka<\/p>\n<\/td>\n<\/tr>\n<\/tbody>\n<\/table>\n<p>Az \u00e1ll\u00e1s le\u00edr\u00e1sa<\/p>\n<p><strong>ADATTISZT\u00cdT\u00c1SI MUNKAT\u00c1RS<\/strong> &#8211; Kisv\u00e1rda<\/p>\n<p>Kisv\u00e1rda k\u00f6zponti r\u00e9sz\u00e9n tal\u00e1lhat\u00f3 (F\u0151t\u00e9r k\u00f6zel\u00e9ben) contact centerbe keres\u00fcnk teljes- vagy r\u00e9szmunkaid\u0151s adattiszt\u00edt\u00e1si koll\u00e9g\u00e1t janu\u00e1ri kezd\u00e9ssel. Az irod\u00e1t\u00f3l p\u00e1r perc s\u00e9t\u00e1ra el\u00e9rhet\u0151 vonat- \u00e9s t\u00e1vols\u00e1gi busz\u00e1llom\u00e1s is.<\/p>\n<p><strong>Feladat:<\/strong><\/p>\n<p>&#8211; Megb\u00edz\u00f3 \u00fcgyfeleivel telefonos<br \/>kapcsolatfelv\u00e9tel adategyeztet\u00e9s<br \/>c\u00e9lj\u00e1b\u00f3l<br \/>&#8211; Kapott inform\u00e1ci\u00f3k sz\u00e1m\u00edt\u00f3g\u00e9pes<br \/>rendszerben t\u00f6rt\u00e9n\u0151 r\u00f6gz\u00edt\u00e9se<\/p>\n<p><strong>Elv\u00e1r\u00e1sok:<\/strong><\/p>\n<ul>\n<li>k\u00f6z\u00e9pfok\u00fa v\u00e9gzetts\u00e9g<\/li>\n<li>sz\u00e1m\u00edt\u00f3g\u00e9p felhaszn\u00e1l\u00f3i szint\u0171 ismerete<\/li>\n<li>\u00fczleties kommunik\u00e1ci\u00f3<\/li>\n<li>monot\u00f3nia t\u0171r\u00e9s<\/li>\n<li>call centerben szerzett tapasztalat el\u0151ny<\/li>\n<\/ul>\n<p><strong>Amit k\u00edn\u00e1lunk:<\/strong><\/p>\n<ul>\n<li>bar\u00e1ts\u00e1gos, t\u00e1mogat\u00f3 l\u00e9gk\u00f6r<\/li>\n<li>oktat\u00e1s, fejl\u0151d\u00e9si lehet\u0151s\u00e9g<\/li>\n<li>r\u00e9szmunkaid\u0151s lehet\u0151s\u00e9g (kisgyermeket nevel\u0151knek ide\u00e1lis lehet)<\/li>\n<li>h\u00e9tf\u0151t\u0151l- p\u00e9ntekig tart\u00f3 munkarend<\/li>\n<li>korrekt fizet\u00e9s<\/li>\n<\/ul>\n<p><strong>Jelentkez\u00e9s:<\/strong><\/p>\n<p>Jelentkez\u00e9s\u00e9t el\u00e9rhet\u0151s\u00e9g \u00e9s poz\u00edci\u00f3 megjel\u00f6l\u00e9s\u00e9vel, \u00f6n\u00e9letrajz csatol\u00e1s\u00e1val v\u00e1rjuk az<\/p>\n<p><a href=\"https:\/\/hu.jooble.org\/away\/6484532431864883293?p=1&amp;pos=0&amp;sid=1510907733240870950&amp;age=129&amp;relb=100&amp;brelb=100&amp;scr=8415,3837890625&amp;bscr=8415,3837890625&amp;jdp=1&amp;scid=8816872709408587066&amp;jdpid=7627476297009910368&amp;crId=HU_4058760883507710841HU_-1\">E-mail c\u00edm mutat\u00e1sa itt startapro.hu<\/a>\u00a0email c\u00edmre.<\/p>\n","protected":false},"excerpt":{"rendered":"","protected":false},"author":1,"featured_media":0,"parent":1409,"menu_order":0,"comment_status":"closed","ping_status":"closed","template":"","meta":{"footnotes":""},"class_list":["post-1507","page","type-page","status-publish","hentry","nodate","item-wrap"],"_links":{"self":[{"href":"https:\/\/www.gemzse.hu\/index.php?rest_route=\/wp\/v2\/pages\/1507","targetHints":{"allow":["GET"]}}],"collection":[{"href":"https:\/\/www.gemzse.hu\/index.php?rest_route=\/wp\/v2\/pages"}],"about":[{"href":"https:\/\/www.gemzse.hu\/index.php?rest_route=\/wp\/v2\/types\/page"}],"author":[{"embeddable":true,"href":"https:\/\/www.gemzse.hu\/index.php?rest_route=\/wp\/v2\/users\/1"}],"replies":[{"embeddable":true,"href":"https:\/\/www.gemzse.hu\/index.php?rest_route=%2Fwp%2Fv2%2Fcomments&post=1507"}],"version-history":[{"count":1,"href":"https:\/\/www.gemzse.hu\/index.php?rest_route=\/wp\/v2\/pages\/1507\/revisions"}],"predecessor-version":[{"id":1508,"href":"https:\/\/www.gemzse.hu\/index.php?rest_route=\/wp\/v2\/pages\/1507\/revisions\/1508"}],"up":[{"embeddable":true,"href":"https:\/\/www.gemzse.hu\/index.php?rest_route=\/wp\/v2\/pages\/1409"}],"wp:attachment":[{"href":"https:\/\/www.gemzse.hu\/index.php?rest_route=%2Fwp%2Fv2%2Fmedia&parent=1507"}],"curies":[{"name":"wp","href":"https:\/\/api.w.org\/{rel}","templated":true}]}}