{"id":1513,"date":"2019-12-10T23:10:18","date_gmt":"2019-12-10T22:10:18","guid":{"rendered":"http:\/\/www.gemzse.hu\/?page_id=1513"},"modified":"2019-12-10T23:12:14","modified_gmt":"2019-12-10T22:12:14","slug":"bolti-elado-kisvarda","status":"publish","type":"page","link":"https:\/\/www.gemzse.hu\/?page_id=1513","title":{"rendered":"Bolti elad\u00f3 &#8211; Kisv\u00e1rda"},"content":{"rendered":"\n<table>\n<tbody>\n<tr>\n<td>\n<p>C\u00e9g:<\/p>\n<\/td>\n<td>\n<p><a href=\"https:\/\/hu.jooble.org\/company\/2470699207810667689\/Aldi+Magyarorsz%c3%a1g+%c3%89lelmiszer+Bt.?jdpid=-5417669566877386815\">Aldi<\/a><\/p>\n<\/td>\n<\/tr>\n<tr>\n<td>\n<p>V\u00e1ros:<\/p>\n<\/td>\n<td>\n<p>Kisv\u00e1rda, Szabolcs-Szatm\u00e1r-Bereg<\/p>\n<\/td>\n<\/tr>\n<tr>\n<td>\n<p>Foglalkoz\u00e1s:<\/p>\n<\/td>\n<td>\n<p>Id\u0151szakos munka<\/p>\n<\/td>\n<\/tr>\n<tr>\n<td>\n<p>Fizet\u00e9s:<\/p>\n<\/td>\n<td>\n<p>193 951 Ft\/h\u00f3<\/p>\n<\/td>\n<\/tr>\n<\/tbody>\n<\/table>\n<p>Az \u00e1ll\u00e1s le\u00edr\u00e1sa<\/p>\n<p>K\u00e9szen \u00e1llsz a sikerre?<\/p>\n<p><strong>Bolti elad\u00f3 &#8211; Kisv\u00e1rda<\/strong><\/p>\n<p>Az ALDI Magyarorsz\u00e1g a piacon meghat\u00e1roz\u00f3 szerepet bet\u00f6lt\u0151, nemzetk\u00f6zi kereskedelmi v\u00e1llalat. A diszkont elv k\u00f6vetkezetes megval\u00f3s\u00edt\u00e1sa mellett k\u00f6telezt\u00fck el magunkat, amely egyet jelent azzal, hogy a l\u00e9nyegre koncentr\u00e1lunk: tart\u00f3san magas min\u0151s\u00e9get k\u00edn\u00e1lunk folyamatosan alacsony \u00e1ron.<\/p>\n<p><strong>Az \u00faj munkat\u00e1rs feladatai<\/strong><\/p>\n<ul>\n<li>\u00e1rupakol\u00e1s<\/li>\n<li>kassz\u00e1z\u00e1s<\/li>\n<li>helyben s\u00fct\u00f6tt p\u00e9k\u00e1ruk megs\u00fct\u00e9se<\/li>\n<li>takar\u00edt\u00e1s<\/li>\n<\/ul>\n<p><strong>Az ide\u00e1lis jel\u00f6lt<\/strong><\/p>\n<ul>\n<li>pontos<\/li>\n<li>megb\u00edzhat\u00f3<\/li>\n<li>hossz\u00fa t\u00e1vra tervez<\/li>\n<li>j\u00f3 munkak\u00f6rnyezetre v\u00e1gyik<\/li>\n<\/ul>\n<p><strong>Amit k\u00edn\u00e1lunk<\/strong><\/p>\n<p>Bolti elad\u00f3 poz\u00edci\u00f3ban el\u00e9rhet\u0151 havi brutt\u00f3 fizet\u00e9sek \u00f6sszege az \u00f3rasz\u00e1mok f\u00fcggv\u00e9ny\u00e9ben:<\/p>\n<table>\n<tbody>\n<tr>\n<td style=\"text-align: center; vertical-align: middle;\">\n<p><strong>Heti ledolgozand\u00f3 \u00f3r\u00e1k sz\u00e1ma<\/strong><\/p>\n<\/td>\n<td style=\"text-align: center; vertical-align: middle;\"><strong>Kezd\u0151 fizet\u00e9s<\/strong><\/td>\n<td style=\"text-align: center; vertical-align: middle;\"><strong>El\u00e9rhet\u0151 legmagasabb fizet\u00e9s*<\/strong><\/td>\n<\/tr>\n<tr>\n<td>\n<p>25 \u00f3ra eset\u00e9n<\/p>\n<\/td>\n<td>\n<p>193 951 Ft<\/p>\n<\/td>\n<td>\n<p>244 826 Ft<\/p>\n<\/td>\n<\/tr>\n<tr>\n<td>\n<p>30 \u00f3ra eset\u00e9n<\/p>\n<\/td>\n<td>\n<p>232 440 Ft<\/p>\n<\/td>\n<td>\n<p>293 490 Ft<\/p>\n<\/td>\n<\/tr>\n<tr>\n<td>\n<p>35 \u00f3ra eset\u00e9n<\/p>\n<\/td>\n<td>\n<p>270 929 Ft<\/p>\n<\/td>\n<td>\n<p>342 154 Ft<\/p>\n<\/td>\n<\/tr>\n<\/tbody>\n<\/table>\n<p>Fizet\u00e9st kieg\u00e9sz\u00edt\u0151 juttat\u00e1sok \u00e9s inform\u00e1ci\u00f3k:<\/p>\n<ul>\n<li>munk\u00e1ba j\u00e1r\u00e1s k\u00f6lts\u00e9g\u00e9nek t\u00e9r\u00edt\u00e9se<\/li>\n<li>egy\u00e9b ingyenes juttat\u00e1sok\u00a0<\/li>\n<li>a munkat\u00e1rsak az \u00fczletvezet\u0151 \u00e1ltal elk\u00e9sz\u00edtett beoszt\u00e1suknak megfelel\u0151en a h\u00e9t b\u00e1rmely munkanapj\u00e1n d\u00e9lel\u0151tt\u00f6s, vagy d\u00e9lut\u00e1nos m\u0171szakokban, naponta v\u00e1ltakoz\u00f3 munkarendekben dolgoznak a nyitvatart\u00e1si id\u0151 szerint<\/li>\n<li>\u00f6sszetart\u00f3, stabil csapat, j\u00f3 hangulat, meg\u00e9rt\u0151 vezet\u0151s\u00e9g<\/li>\n<\/ul>\n<p>*az ALDI Magyarorsz\u00e1gn\u00e1l a poz\u00edci\u00f3ban elt\u00f6lt\u00f6tt 10 \u00e9v munkaviszony ut\u00e1n el\u00e9rhet\u0151, p\u00f3tl\u00e9kokkal (kiv\u00e9ve vas\u00e1rnapi p\u00f3tl\u00e9k) n\u00f6velt legmagasabb havi brutt\u00f3 fizet\u00e9s. A vas\u00e1rnapi p\u00f3tl\u00e9k kifizet\u00e9se a Munka T\u00f6rv\u00e9nyk\u00f6nyve \u00e1ltal meghat\u00e1rozott m\u00e9rt\u00e9kben t\u00f6rt\u00e9nik.<\/p>\n<p>V\u00c1RUNK\u00a0AZ ALDI CSAPAT\u00c1BA! K\u00dcLDD\u00a0EL F\u00c9NYK\u00c9PES \u00d6N\u00c9LETRAJZOD\u00a0MOST!<\/p>\n<p><strong>Munkav\u00e9gz\u00e9s helye<\/strong><\/p>\n<p>\u200b4600 Kisv\u00e1rda, V\u00e1rosmajor utca 53.\u200b<\/p>\n<p><strong>A munka megkezd\u00e9se<\/strong><\/p>\n<p>\u200bazonnal\u200b<\/p>\n<p><strong>Online jelentkez\u00e9s<\/strong><\/p>\n<p>K\u00e9rj\u00fck, haszn\u00e1ld\u00a0az online jelentkez\u00e9si fel\u00fcletet \u00e9s k\u00fcldd\u00a0el f\u00e9nyk\u00e9pes \u00f6n\u00e9letrajzod, motiv\u00e1ci\u00f3s leveled.<\/p>\n","protected":false},"excerpt":{"rendered":"","protected":false},"author":1,"featured_media":0,"parent":1409,"menu_order":0,"comment_status":"closed","ping_status":"closed","template":"","meta":{"footnotes":""},"class_list":["post-1513","page","type-page","status-publish","hentry","nodate","item-wrap"],"_links":{"self":[{"href":"https:\/\/www.gemzse.hu\/index.php?rest_route=\/wp\/v2\/pages\/1513","targetHints":{"allow":["GET"]}}],"collection":[{"href":"https:\/\/www.gemzse.hu\/index.php?rest_route=\/wp\/v2\/pages"}],"about":[{"href":"https:\/\/www.gemzse.hu\/index.php?rest_route=\/wp\/v2\/types\/page"}],"author":[{"embeddable":true,"href":"https:\/\/www.gemzse.hu\/index.php?rest_route=\/wp\/v2\/users\/1"}],"replies":[{"embeddable":true,"href":"https:\/\/www.gemzse.hu\/index.php?rest_route=%2Fwp%2Fv2%2Fcomments&post=1513"}],"version-history":[{"count":1,"href":"https:\/\/www.gemzse.hu\/index.php?rest_route=\/wp\/v2\/pages\/1513\/revisions"}],"predecessor-version":[{"id":1514,"href":"https:\/\/www.gemzse.hu\/index.php?rest_route=\/wp\/v2\/pages\/1513\/revisions\/1514"}],"up":[{"embeddable":true,"href":"https:\/\/www.gemzse.hu\/index.php?rest_route=\/wp\/v2\/pages\/1409"}],"wp:attachment":[{"href":"https:\/\/www.gemzse.hu\/index.php?rest_route=%2Fwp%2Fv2%2Fmedia&parent=1513"}],"curies":[{"name":"wp","href":"https:\/\/api.w.org\/{rel}","templated":true}]}}