{"id":1519,"date":"2019-12-17T08:55:27","date_gmt":"2019-12-17T07:55:27","guid":{"rendered":"http:\/\/www.gemzse.hu\/?page_id=1519"},"modified":"2019-12-17T08:55:27","modified_gmt":"2019-12-17T07:55:27","slug":"meghivo","status":"publish","type":"page","link":"https:\/\/www.gemzse.hu\/?page_id=1519","title":{"rendered":"Megh\u00edv\u00f3"},"content":{"rendered":"\n<p style=\"text-align: center;\"><a href=\"https:\/\/www.gemzse.hu\/wp-content\/uploads\/2019\/12\/ADV41.png\"><img loading=\"lazy\" decoding=\"async\" class=\"aligncenter size-full wp-image-1520\" src=\"https:\/\/www.gemzse.hu\/wp-content\/uploads\/2019\/12\/ADV41.png\" alt=\"\" width=\"600\" height=\"347\" srcset=\"https:\/\/www.gemzse.hu\/wp-content\/uploads\/2019\/12\/ADV41.png 600w, https:\/\/www.gemzse.hu\/wp-content\/uploads\/2019\/12\/ADV41-300x174.png 300w\" sizes=\"auto, (max-width: 600px) 100vw, 600px\" \/><\/a>Gemzse K\u00f6zs\u00e9g \u00d6nkorm\u00e1nyzata<br \/>\u00e9s<br \/>K\u00e9pvisel\u0151-test\u00fclete nev\u00e9ben <br \/>tisztelettel \u00e9s szeretettel megh\u00edvja <br \/>\u00d6nt \u00e9s kedves csal\u00e1dj\u00e1t <br \/>Advent 4. vas\u00e1rnapj\u00e1n <br \/>az egyh\u00e1zi m\u00e9lt\u00f3s\u00e1gokkal tartand\u00f3 <br \/>\u00f6komenikus gyertyagy\u00fajt\u00e1sra.<\/p>\n<p style=\"text-align: center;\"><strong><u>Id\u0151pontja:<\/u><\/strong> 2019.12.22.\u00a0 \u00a014:00<\/p>\n<p style=\"text-align: center;\"><strong><u>Helysz\u00edne:<\/u><\/strong> \u00c1ltal\u00e1nos Iskola melletti t\u00e9r<\/p>\n<p style=\"text-align: center;\"><strong><u>Fell\u00e9p: Nagy Szil\u00e1rd Adventi m\u0171sor\u00e1val<\/u><\/strong><\/p>\n<p style=\"text-align: center;\">Mindenkit szeretettel v\u00e1runk!<\/p>\n<p style=\"text-align: center;\">Tisztelettel: <img loading=\"lazy\" decoding=\"async\" class=\"alignright size-full wp-image-1521\" src=\"https:\/\/www.gemzse.hu\/wp-content\/uploads\/2019\/12\/ADV42.jpg\" alt=\"\" width=\"200\" height=\"252\" \/><br \/><strong>Varga S\u00e1ndor<\/strong><br \/>Polg\u00e1rmester<\/p>\n","protected":false},"excerpt":{"rendered":"","protected":false},"author":1,"featured_media":0,"parent":1310,"menu_order":0,"comment_status":"closed","ping_status":"closed","template":"","meta":{"footnotes":""},"class_list":["post-1519","page","type-page","status-publish","hentry","nodate","item-wrap"],"_links":{"self":[{"href":"https:\/\/www.gemzse.hu\/index.php?rest_route=\/wp\/v2\/pages\/1519","targetHints":{"allow":["GET"]}}],"collection":[{"href":"https:\/\/www.gemzse.hu\/index.php?rest_route=\/wp\/v2\/pages"}],"about":[{"href":"https:\/\/www.gemzse.hu\/index.php?rest_route=\/wp\/v2\/types\/page"}],"author":[{"embeddable":true,"href":"https:\/\/www.gemzse.hu\/index.php?rest_route=\/wp\/v2\/users\/1"}],"replies":[{"embeddable":true,"href":"https:\/\/www.gemzse.hu\/index.php?rest_route=%2Fwp%2Fv2%2Fcomments&post=1519"}],"version-history":[{"count":1,"href":"https:\/\/www.gemzse.hu\/index.php?rest_route=\/wp\/v2\/pages\/1519\/revisions"}],"predecessor-version":[{"id":1522,"href":"https:\/\/www.gemzse.hu\/index.php?rest_route=\/wp\/v2\/pages\/1519\/revisions\/1522"}],"up":[{"embeddable":true,"href":"https:\/\/www.gemzse.hu\/index.php?rest_route=\/wp\/v2\/pages\/1310"}],"wp:attachment":[{"href":"https:\/\/www.gemzse.hu\/index.php?rest_route=%2Fwp%2Fv2%2Fmedia&parent=1519"}],"curies":[{"name":"wp","href":"https:\/\/api.w.org\/{rel}","templated":true}]}}