{"id":1533,"date":"2019-12-26T19:35:39","date_gmt":"2019-12-26T18:35:39","guid":{"rendered":"http:\/\/www.gemzse.hu\/?page_id=1533"},"modified":"2025-02-17T22:45:41","modified_gmt":"2025-02-17T21:45:41","slug":"kepek-a-gyertyagyujtasrol","status":"publish","type":"page","link":"https:\/\/www.gemzse.hu\/?page_id=1533","title":{"rendered":"K\u00e9pek a gyertyagy\u00fajt\u00e1sr\u00f3l"},"content":{"rendered":"\n<figure class=\"wp-block-gallery has-nested-images columns-default is-cropped wp-block-gallery-1 is-layout-flex wp-block-gallery-is-layout-flex\">\n<figure class=\"wp-block-image size-large\"><img loading=\"lazy\" decoding=\"async\" width=\"160\" height=\"120\" data-id=\"1534\" src=\"https:\/\/www.gemzse.hu\/wp-content\/uploads\/2019\/12\/IMG_4798.jpg\" alt=\"\" class=\"wp-image-1534\"\/><\/figure>\n\n\n\n<figure class=\"wp-block-image size-large\"><img loading=\"lazy\" decoding=\"async\" width=\"160\" height=\"120\" data-id=\"1535\" src=\"https:\/\/www.gemzse.hu\/wp-content\/uploads\/2019\/12\/IMG_4799.jpg\" alt=\"\" class=\"wp-image-1535\"\/><\/figure>\n\n\n\n<figure class=\"wp-block-image size-large\"><img loading=\"lazy\" decoding=\"async\" width=\"160\" height=\"120\" data-id=\"1536\" src=\"https:\/\/www.gemzse.hu\/wp-content\/uploads\/2019\/12\/IMG_4801.jpg\" alt=\"\" class=\"wp-image-1536\"\/><\/figure>\n\n\n\n<figure class=\"wp-block-image size-large\"><img loading=\"lazy\" decoding=\"async\" width=\"120\" height=\"160\" data-id=\"1537\" src=\"https:\/\/www.gemzse.hu\/wp-content\/uploads\/2019\/12\/IMG_4805.jpg\" alt=\"\" class=\"wp-image-1537\"\/><\/figure>\n\n\n\n<figure class=\"wp-block-image size-large\"><img loading=\"lazy\" decoding=\"async\" width=\"160\" height=\"120\" data-id=\"1538\" src=\"https:\/\/www.gemzse.hu\/wp-content\/uploads\/2019\/12\/IMG_4809.jpg\" alt=\"\" class=\"wp-image-1538\"\/><\/figure>\n\n\n\n<figure class=\"wp-block-image size-large\"><img loading=\"lazy\" decoding=\"async\" width=\"240\" height=\"180\" data-id=\"1539\" src=\"https:\/\/www.gemzse.hu\/wp-content\/uploads\/2019\/12\/IMG_4816.jpg\" alt=\"\" class=\"wp-image-1539\"\/><\/figure>\n\n\n\n<figure class=\"wp-block-image size-large\"><img loading=\"lazy\" decoding=\"async\" width=\"160\" height=\"120\" data-id=\"1540\" src=\"https:\/\/www.gemzse.hu\/wp-content\/uploads\/2019\/12\/IMG_4818.jpg\" alt=\"\" class=\"wp-image-1540\"\/><\/figure>\n\n\n\n<figure class=\"wp-block-image size-large\"><img loading=\"lazy\" decoding=\"async\" width=\"240\" height=\"180\" data-id=\"1541\" src=\"https:\/\/www.gemzse.hu\/wp-content\/uploads\/2019\/12\/IMG_4822.jpg\" alt=\"\" class=\"wp-image-1541\"\/><\/figure>\n\n\n\n<figure class=\"wp-block-image size-large\"><img loading=\"lazy\" decoding=\"async\" width=\"160\" height=\"120\" data-id=\"1542\" src=\"https:\/\/www.gemzse.hu\/wp-content\/uploads\/2019\/12\/IMG_4824.jpg\" alt=\"\" class=\"wp-image-1542\"\/><\/figure>\n\n\n\n<figure class=\"wp-block-image size-large\"><img loading=\"lazy\" decoding=\"async\" width=\"240\" height=\"180\" data-id=\"1543\" src=\"https:\/\/www.gemzse.hu\/wp-content\/uploads\/2019\/12\/IMG_4825.jpg\" alt=\"\" class=\"wp-image-1543\"\/><\/figure>\n\n\n\n<figure class=\"wp-block-image size-large\"><img loading=\"lazy\" decoding=\"async\" width=\"240\" height=\"180\" data-id=\"1544\" src=\"https:\/\/www.gemzse.hu\/wp-content\/uploads\/2019\/12\/IMG_4828.jpg\" alt=\"\" class=\"wp-image-1544\"\/><\/figure>\n\n\n\n<figure class=\"wp-block-image size-large\"><img loading=\"lazy\" decoding=\"async\" width=\"240\" height=\"135\" data-id=\"1545\" src=\"https:\/\/www.gemzse.hu\/wp-content\/uploads\/2019\/12\/IMG_4829.jpg\" alt=\"\" class=\"wp-image-1545\"\/><\/figure>\n\n\n\n<figure class=\"wp-block-image size-large\"><img loading=\"lazy\" decoding=\"async\" width=\"135\" height=\"240\" data-id=\"1546\" src=\"https:\/\/www.gemzse.hu\/wp-content\/uploads\/2019\/12\/IMG_4831.jpg\" alt=\"\" class=\"wp-image-1546\"\/><\/figure>\n\n\n\n<figure class=\"wp-block-image size-large\"><img loading=\"lazy\" decoding=\"async\" width=\"90\" height=\"160\" data-id=\"1547\" src=\"https:\/\/www.gemzse.hu\/wp-content\/uploads\/2019\/12\/IMG_4832.jpg\" alt=\"\" class=\"wp-image-1547\"\/><\/figure>\n\n\n\n<figure class=\"wp-block-image size-large\"><img loading=\"lazy\" decoding=\"async\" width=\"240\" height=\"180\" data-id=\"1548\" src=\"https:\/\/www.gemzse.hu\/wp-content\/uploads\/2019\/12\/IMG_4840.jpg\" alt=\"\" class=\"wp-image-1548\"\/><\/figure>\n\n\n\n<figure class=\"wp-block-image size-large\"><img loading=\"lazy\" decoding=\"async\" width=\"240\" height=\"180\" data-id=\"1549\" src=\"https:\/\/www.gemzse.hu\/wp-content\/uploads\/2019\/12\/IMG_4841.jpg\" alt=\"\" class=\"wp-image-1549\"\/><\/figure>\n\n\n\n<figure class=\"wp-block-image size-large\"><img loading=\"lazy\" decoding=\"async\" width=\"135\" height=\"240\" data-id=\"1550\" src=\"https:\/\/www.gemzse.hu\/wp-content\/uploads\/2019\/12\/IMG_4846.jpg\" alt=\"\" class=\"wp-image-1550\"\/><\/figure>\n<\/figure>\n","protected":false},"excerpt":{"rendered":"","protected":false},"author":1,"featured_media":0,"parent":1310,"menu_order":0,"comment_status":"closed","ping_status":"closed","template":"","meta":{"footnotes":""},"class_list":["post-1533","page","type-page","status-publish","hentry","nodate","item-wrap"],"_links":{"self":[{"href":"https:\/\/www.gemzse.hu\/index.php?rest_route=\/wp\/v2\/pages\/1533","targetHints":{"allow":["GET"]}}],"collection":[{"href":"https:\/\/www.gemzse.hu\/index.php?rest_route=\/wp\/v2\/pages"}],"about":[{"href":"https:\/\/www.gemzse.hu\/index.php?rest_route=\/wp\/v2\/types\/page"}],"author":[{"embeddable":true,"href":"https:\/\/www.gemzse.hu\/index.php?rest_route=\/wp\/v2\/users\/1"}],"replies":[{"embeddable":true,"href":"https:\/\/www.gemzse.hu\/index.php?rest_route=%2Fwp%2Fv2%2Fcomments&post=1533"}],"version-history":[{"count":3,"href":"https:\/\/www.gemzse.hu\/index.php?rest_route=\/wp\/v2\/pages\/1533\/revisions"}],"predecessor-version":[{"id":2398,"href":"https:\/\/www.gemzse.hu\/index.php?rest_route=\/wp\/v2\/pages\/1533\/revisions\/2398"}],"up":[{"embeddable":true,"href":"https:\/\/www.gemzse.hu\/index.php?rest_route=\/wp\/v2\/pages\/1310"}],"wp:attachment":[{"href":"https:\/\/www.gemzse.hu\/index.php?rest_route=%2Fwp%2Fv2%2Fmedia&parent=1533"}],"curies":[{"name":"wp","href":"https:\/\/api.w.org\/{rel}","templated":true}]}}