{"id":1646,"date":"2020-06-10T09:39:20","date_gmt":"2020-06-10T07:39:20","guid":{"rendered":"http:\/\/www.gemzse.hu\/?page_id=1646"},"modified":"2025-02-25T17:24:11","modified_gmt":"2025-02-25T16:24:11","slug":"fogjunk-ossze-a-kornyezetunkert","status":"publish","type":"page","link":"https:\/\/www.gemzse.hu\/?page_id=1646","title":{"rendered":"\u201eFogjunk \u00f6ssze a k\u00f6rnyezet\u00fcnk\u00e9rt\u201d"},"content":{"rendered":"\n<h4><img loading=\"lazy\" decoding=\"async\" class=\"aligncenter size-large wp-image-1688\" src=\"https:\/\/www.gemzse.hu\/wp-content\/uploads\/2020\/06\/foakCt\u00e1blaGemzse-1024x720.jpg\" alt=\"\" width=\"750\" height=\"527\" srcset=\"https:\/\/www.gemzse.hu\/wp-content\/uploads\/2020\/06\/foakCt\u00e1blaGemzse-1024x720.jpg 1024w, https:\/\/www.gemzse.hu\/wp-content\/uploads\/2020\/06\/foakCt\u00e1blaGemzse-300x211.jpg 300w, https:\/\/www.gemzse.hu\/wp-content\/uploads\/2020\/06\/foakCt\u00e1blaGemzse-768x540.jpg 768w, https:\/\/www.gemzse.hu\/wp-content\/uploads\/2020\/06\/foakCt\u00e1blaGemzse-1536x1080.jpg 1536w, https:\/\/www.gemzse.hu\/wp-content\/uploads\/2020\/06\/foakCt\u00e1blaGemzse-2048x1440.jpg 2048w\" sizes=\"auto, (max-width: 750px) 100vw, 750px\" \/><\/h4>\n<table style=\"border-collapse: collapse; width: 100%; height: 533px;\">\n<tbody>\n<tr style=\"height: 65px;\">\n<td style=\"width: 100%; background-color: #c9dbff; height: 65px;\">\n<p><strong><span style=\"color: #0000ff;\"><a style=\"color: #0000ff;\" href=\"https:\/\/www.gemzse.hu\/?page_id=1651\">\u201eFogjunk \u00f6ssze a k\u00f6rnyezet\u00fcnk\u00e9rt\u201d &#8211; A p\u00e1ly\u00e1zat h\u00e1ttere\u00a0<\/a><\/span><\/strong><\/p>\n<\/td>\n<\/tr>\n<tr style=\"height: 39px;\">\n<td style=\"width: 100%; height: 39px;\">\u00a0<\/td>\n<\/tr>\n<tr style=\"height: 65px;\">\n<td style=\"width: 100%; background-color: #d4ffd4; height: 65px;\">\n<p><span style=\"color: #0000ff;\"><a style=\"color: #0000ff;\" href=\"https:\/\/www.gemzse.hu\/?page_id=1658\"><strong>\u201eFogjunk \u00f6ssze a k\u00f6rnyezet\u00fcnk\u00e9rt\u201d &#8211; A p\u00e1ly\u00e1zat t\u00e1rgya \u00e9s c\u00e9lja<\/strong><\/a><\/span><\/p>\n<\/td>\n<\/tr>\n<tr style=\"height: 39px;\">\n<td style=\"width: 100%; height: 39px;\">\u00a0<\/td>\n<\/tr>\n<tr style=\"height: 65px;\">\n<td style=\"width: 100%; background-color: #c9dbff; height: 65px;\">\n<p><a href=\"https:\/\/www.gemzse.hu\/?page_id=1669\"><span style=\"color: #0000ff;\"><strong>\u201eFogjunk \u00f6ssze a k\u00f6rnyezet\u00fcnk\u00e9rt\u201d &#8211; Projekt c\u00e9ljaink<\/strong><\/span><\/a><\/p>\n<\/td>\n<\/tr>\n<tr style=\"height: 39px;\">\n<td style=\"width: 100%; height: 39px;\">\u00a0<\/td>\n<\/tr>\n<tr style=\"height: 65px;\">\n<td style=\"width: 100%; background-color: #d4ffd4; height: 65px;\">\n<p><span style=\"color: #0000ff;\"><a style=\"color: #0000ff;\" href=\"https:\/\/www.gemzse.hu\/?page_id=1675\"><strong>\u201eFogjunk \u00f6ssze a k\u00f6rnyezet\u00fcnk\u00e9rt\u201d &#8211; Tev\u00e9kenys\u00e9gek bemutat\u00e1sa<\/strong><\/a><\/span><\/p>\n<\/td>\n<\/tr>\n<tr style=\"height: 39px;\">\n<td style=\"width: 100%; height: 39px;\">\u00a0<\/td>\n<\/tr>\n<tr style=\"height: 39px;\">\n<td style=\"width: 100%; background-color: #c9dbff; height: 39px;\"><strong><a href=\"https:\/\/www.gemzse.hu\/wp-content\/uploads\/2025\/02\/2.Kiadvany_Tudatos_haziasszony.pdf\">\u201eFogjunk \u00f6ssze a k\u00f6rnyezet\u00fcnk\u00e9rt\u201d &#8211; E-tudatos h\u00e1ziasszony (Kiadv\u00e1ny)<\/a><\/strong><\/td>\n<\/tr>\n<tr style=\"height: 39px;\">\n<td style=\"width: 100%; height: 39px;\">\u00a0<\/td>\n<\/tr>\n<tr style=\"height: 39px;\">\n<td style=\"width: 100%; height: 39px; background-color: #d4ffd4;\"><a href=\"https:\/\/haromhatar.hu\/index.php\/hirek\/helyi-hirek\/17461-fogjunk-ossze-a-kornyezetunkert-energiatudatos-gondolkodas-es-eletmod-gemzse-kozsegben.html\" target=\"_blank\" rel=\"noopener\"><strong>\u201eFogjunk \u00f6ssze a k\u00f6rnyezet\u00fcnk\u00e9rt\u201d &#8211; Energiatudatos gondolkod\u00e1s \u00e9s \u00e9letm\u00f3d Gemzse k\u00f6zs\u00e9gben<\/strong><\/a><\/td>\n<\/tr>\n<tr>\n<td style=\"width: 100%;\"><strong>\u00a0<\/strong><\/td>\n<\/tr>\n<tr>\n<td style=\"width: 100%; background-color: #c9dbff;\"><a href=\"https:\/\/www.gemzse.hu\/?page_id=2407\"><strong>\u201eFogjunk \u00f6ssze a k\u00f6rnyezet\u00fcnk\u00e9rt\u201d &#8211; Fot\u00f3k rendezv\u00e9nyeinkr\u0151l<\/strong><\/a><\/td>\n<\/tr>\n<tr>\n<td style=\"width: 100%;\"><strong>\u00a0<\/strong><\/td>\n<\/tr>\n<tr>\n<td style=\"width: 100%;\"><strong>\u00a0<\/strong><\/td>\n<\/tr>\n<\/tbody>\n<\/table>\n<h4>\u00a0<\/h4>\n<h4>\u00a0<\/h4>\n<p>\u00a0<\/p>\n<h4>\u00a0<\/h4>\n","protected":false},"excerpt":{"rendered":"","protected":false},"author":1,"featured_media":0,"parent":2352,"menu_order":0,"comment_status":"closed","ping_status":"closed","template":"","meta":{"footnotes":""},"class_list":["post-1646","page","type-page","status-publish","hentry","nodate","item-wrap"],"_links":{"self":[{"href":"https:\/\/www.gemzse.hu\/index.php?rest_route=\/wp\/v2\/pages\/1646","targetHints":{"allow":["GET"]}}],"collection":[{"href":"https:\/\/www.gemzse.hu\/index.php?rest_route=\/wp\/v2\/pages"}],"about":[{"href":"https:\/\/www.gemzse.hu\/index.php?rest_route=\/wp\/v2\/types\/page"}],"author":[{"embeddable":true,"href":"https:\/\/www.gemzse.hu\/index.php?rest_route=\/wp\/v2\/users\/1"}],"replies":[{"embeddable":true,"href":"https:\/\/www.gemzse.hu\/index.php?rest_route=%2Fwp%2Fv2%2Fcomments&post=1646"}],"version-history":[{"count":27,"href":"https:\/\/www.gemzse.hu\/index.php?rest_route=\/wp\/v2\/pages\/1646\/revisions"}],"predecessor-version":[{"id":2414,"href":"https:\/\/www.gemzse.hu\/index.php?rest_route=\/wp\/v2\/pages\/1646\/revisions\/2414"}],"up":[{"embeddable":true,"href":"https:\/\/www.gemzse.hu\/index.php?rest_route=\/wp\/v2\/pages\/2352"}],"wp:attachment":[{"href":"https:\/\/www.gemzse.hu\/index.php?rest_route=%2Fwp%2Fv2%2Fmedia&parent=1646"}],"curies":[{"name":"wp","href":"https:\/\/api.w.org\/{rel}","templated":true}]}}