{"id":1651,"date":"2020-06-10T09:46:19","date_gmt":"2020-06-10T07:46:19","guid":{"rendered":"http:\/\/www.gemzse.hu\/?page_id=1651"},"modified":"2025-02-14T14:25:19","modified_gmt":"2025-02-14T13:25:19","slug":"a-palyazat-hattere","status":"publish","type":"page","link":"https:\/\/www.gemzse.hu\/?page_id=1651","title":{"rendered":"A p\u00e1ly\u00e1zat h\u00e1ttere"},"content":{"rendered":"\n<p style=\"text-align: justify;\"><a href=\"https:\/\/www.gemzse.hu\/wp-content\/uploads\/2020\/09\/honlapra_infoblokk_kedv_final_felso_cmyk_KA.jpg\"><img loading=\"lazy\" decoding=\"async\" class=\"size-medium wp-image-1735 alignright\" src=\"https:\/\/www.gemzse.hu\/wp-content\/uploads\/2020\/09\/honlapra_infoblokk_kedv_final_felso_cmyk_KA-300x207.jpg\" alt=\"\" width=\"300\" height=\"207\" srcset=\"https:\/\/www.gemzse.hu\/wp-content\/uploads\/2020\/09\/honlapra_infoblokk_kedv_final_felso_cmyk_KA-300x207.jpg 300w, https:\/\/www.gemzse.hu\/wp-content\/uploads\/2020\/09\/honlapra_infoblokk_kedv_final_felso_cmyk_KA-1024x708.jpg 1024w, https:\/\/www.gemzse.hu\/wp-content\/uploads\/2020\/09\/honlapra_infoblokk_kedv_final_felso_cmyk_KA-768x531.jpg 768w, https:\/\/www.gemzse.hu\/wp-content\/uploads\/2020\/09\/honlapra_infoblokk_kedv_final_felso_cmyk_KA-750x518.jpg 750w, https:\/\/www.gemzse.hu\/wp-content\/uploads\/2020\/09\/honlapra_infoblokk_kedv_final_felso_cmyk_KA.jpg 1453w\" sizes=\"auto, (max-width: 300px) 100vw, 300px\" \/><\/a>A KEHOP-5.4.1 Szeml\u00e9letform\u00e1l\u00e1si programok c\u00edm\u0171 felh\u00edv\u00e1st a K\u00f6rnyezeti \u00e9s Energiahat\u00e9konys\u00e1gi Operat\u00edv Program (KEHOP) keret\u00e9ben a Nemzeti Fejleszt\u00e9si Miniszt\u00e9rium K\u00f6rnyezeti \u00e9s Energiahat\u00e9konys\u00e1gi Operat\u00edv Programok Ir\u00e1ny\u00edt\u00f3 Hat\u00f3s\u00e1ga (IH) hirdette meg, a K\u00f6rnyezeti \u00e9s Energiahat\u00e9konys\u00e1gi Operat\u00edv Program \u00e9ves fejleszt\u00e9si keret\u00e9nek meg\u00e1llap\u00edt\u00e1s\u00e1r\u00f3l sz\u00f3l\u00f3 1084\/2016. (II. 29.) Korm. hat\u00e1rozat alapj\u00e1n.<\/p>\n<p>A tudatos, fenntarthat\u00f3 energiafogyaszt\u00e1s, \u00e9s ezzel egy\u00fctt az energiahat\u00e9konys\u00e1g \u00e9s a meg\u00fajul\u00f3 energiaforr\u00e1sok alkalmaz\u00e1s\u00e1nak n\u00f6vel\u00e9se \u00e9rdek\u00e9ben a felh\u00edv\u00e1s a fogyaszt\u00f3i szok\u00e1sok, valamint az azokat meghat\u00e1roz\u00f3 gondolkod\u00e1sm\u00f3dok megv\u00e1ltoztat\u00e1s\u00e1nak els\u0151dleges eszk\u00f6z\u00e9\u00fcl szolg\u00e1l\u00f3 szeml\u00e9letform\u00e1l\u00e1sra ir\u00e1nyul, hozz\u00e1j\u00e1rulva az Energia- \u00e9s Kl\u00edmatudatoss\u00e1gi Szeml\u00e9letform\u00e1l\u00e1si Cselekv\u00e9si Terv c\u00e9ljaihoz.<\/p>\n<p>Az energia-megtakar\u00edt\u00e1sokat induk\u00e1l\u00f3 t\u00e1mogatott szeml\u00e9letform\u00e1l\u00e1si projektek t\u00e1rsadalmi hat\u00e1sak\u00e9nt az energiatudatos magatart\u00e1s szoci\u00e1lis norm\u00e1v\u00e1 v\u00e1lik, tov\u00e1bb\u00e1 a j\u00f6v\u0151 gener\u00e1ci\u00f3k ir\u00e1nti felel\u0151ss\u00e9g\u00e9rzet meger\u0151s\u00f6d\u00e9s\u00e9vel lehet sz\u00e1molni. A szeml\u00e9letform\u00e1l\u00e1s k\u00f6zvetett m\u00f3don az energiafogyaszt\u00e1s cs\u00f6kken\u00e9s\u00e9t, a meg\u00fajul\u00f3 energiaforr\u00e1sok felhaszn\u00e1l\u00e1s\u00e1nak n\u00f6vel\u00e9s\u00e9t \u00e9s \u2013 annak mintegy velej\u00e1r\u00f3jak\u00e9nt \u2013 az \u00fcvegh\u00e1zhat\u00e1s\u00fa g\u00e1zok kibocs\u00e1t\u00e1s\u00e1nak cs\u00f6kkent\u00e9s\u00e9t eredm\u00e9nyezi hossz\u00fat\u00e1von.<\/p>\n<p><a href=\"https:\/\/www.gemzse.hu\/?page_id=1646\"><span style=\"color: #0000ff;\">Vissza az el\u0151z\u0151 oldalra<\/span><\/a><\/p>\n","protected":false},"excerpt":{"rendered":"","protected":false},"author":1,"featured_media":0,"parent":1646,"menu_order":0,"comment_status":"closed","ping_status":"closed","template":"","meta":{"footnotes":""},"class_list":["post-1651","page","type-page","status-publish","hentry","nodate","item-wrap"],"_links":{"self":[{"href":"https:\/\/www.gemzse.hu\/index.php?rest_route=\/wp\/v2\/pages\/1651","targetHints":{"allow":["GET"]}}],"collection":[{"href":"https:\/\/www.gemzse.hu\/index.php?rest_route=\/wp\/v2\/pages"}],"about":[{"href":"https:\/\/www.gemzse.hu\/index.php?rest_route=\/wp\/v2\/types\/page"}],"author":[{"embeddable":true,"href":"https:\/\/www.gemzse.hu\/index.php?rest_route=\/wp\/v2\/users\/1"}],"replies":[{"embeddable":true,"href":"https:\/\/www.gemzse.hu\/index.php?rest_route=%2Fwp%2Fv2%2Fcomments&post=1651"}],"version-history":[{"count":7,"href":"https:\/\/www.gemzse.hu\/index.php?rest_route=\/wp\/v2\/pages\/1651\/revisions"}],"predecessor-version":[{"id":2246,"href":"https:\/\/www.gemzse.hu\/index.php?rest_route=\/wp\/v2\/pages\/1651\/revisions\/2246"}],"up":[{"embeddable":true,"href":"https:\/\/www.gemzse.hu\/index.php?rest_route=\/wp\/v2\/pages\/1646"}],"wp:attachment":[{"href":"https:\/\/www.gemzse.hu\/index.php?rest_route=%2Fwp%2Fv2%2Fmedia&parent=1651"}],"curies":[{"name":"wp","href":"https:\/\/api.w.org\/{rel}","templated":true}]}}