{"id":1658,"date":"2020-06-10T09:53:42","date_gmt":"2020-06-10T07:53:42","guid":{"rendered":"http:\/\/www.gemzse.hu\/?page_id=1658"},"modified":"2025-02-14T14:32:19","modified_gmt":"2025-02-14T13:32:19","slug":"a-palyazat-targya-es-celja","status":"publish","type":"page","link":"https:\/\/www.gemzse.hu\/?page_id=1658","title":{"rendered":"A p\u00e1ly\u00e1zat t\u00e1rgya \u00e9s c\u00e9lja"},"content":{"rendered":"\n<p><a href=\"https:\/\/www.gemzse.hu\/wp-content\/uploads\/2020\/09\/honlapra_infoblokk_kedv_final_felso_cmyk_KA.jpg\"><img loading=\"lazy\" decoding=\"async\" class=\"alignright size-medium wp-image-1735\" src=\"https:\/\/www.gemzse.hu\/wp-content\/uploads\/2020\/09\/honlapra_infoblokk_kedv_final_felso_cmyk_KA-300x207.jpg\" alt=\"\" width=\"300\" height=\"207\" srcset=\"https:\/\/www.gemzse.hu\/wp-content\/uploads\/2020\/09\/honlapra_infoblokk_kedv_final_felso_cmyk_KA-300x207.jpg 300w, https:\/\/www.gemzse.hu\/wp-content\/uploads\/2020\/09\/honlapra_infoblokk_kedv_final_felso_cmyk_KA-1024x708.jpg 1024w, https:\/\/www.gemzse.hu\/wp-content\/uploads\/2020\/09\/honlapra_infoblokk_kedv_final_felso_cmyk_KA-768x531.jpg 768w, https:\/\/www.gemzse.hu\/wp-content\/uploads\/2020\/09\/honlapra_infoblokk_kedv_final_felso_cmyk_KA-750x518.jpg 750w, https:\/\/www.gemzse.hu\/wp-content\/uploads\/2020\/09\/honlapra_infoblokk_kedv_final_felso_cmyk_KA.jpg 1453w\" sizes=\"auto, (max-width: 300px) 100vw, 300px\" \/><\/a>A felh\u00edv\u00e1s c\u00e9lja az energiatudatos gondolkod\u00e1s \u00e9s a kapcsol\u00f3d\u00f3 viselked\u00e9smint\u00e1k \u00e9s szok\u00e1sok elterjeszt\u00e9se. A konkr\u00e9t c\u00e9l, hogy a lakoss\u00e1g sz\u00e9lesebb k\u00f6rben megismerhesse az energiatakar\u00e9koss\u00e1gi, energiahat\u00e9konys\u00e1gi, meg\u00fajul\u00f3 \u00e9s alternat\u00edv energiahasznos\u00edt\u00e1si megold\u00e1sokat, lehet\u0151s\u00e9geket, illetve v\u00e1ltozzanak a lakosok ezekkel kapcsolatos fogyaszt\u00f3i \u00e9s t\u00e1rsadalmi be\u00e1ll\u00edt\u00f3d\u00e1sai. A fogyaszt\u00f3i \u00e9s t\u00e1rsadalmi attit\u0171dv\u00e1lt\u00e1s a k\u00f6rnyezetbar\u00e1t \u00e9s energiatudatos fogyaszt\u00f3i d\u00f6nt\u00e9sek sz\u00e1m\u00e1nak n\u00f6veked\u00e9s\u00e9t (pl. felel\u0151s term\u00e9kv\u00e1laszt\u00e1s stb.) eredm\u00e9nyezi, illetve az ezeket seg\u00edt\u0151 gazdas\u00e1gi-t\u00e1rsadalmi strukt\u00farav\u00e1lt\u00e1st t\u00e1mogatja. Az inform\u00e1ci\u00f3s, szeml\u00e9letform\u00e1l\u00f3 programsorozatokkal, kamp\u00e1nyokkal, k\u00e9pz\u00e9sekkel, k\u00f6z\u00f6ss\u00e9gi egy\u00fcttm\u0171k\u00f6d\u00e9sek megval\u00f3s\u00edt\u00e1s\u00e1val a felh\u00edv\u00e1s hozz\u00e1j\u00e1rul a kompetens \u00e9s felel\u0151s magatart\u00e1s elterjed\u00e9s\u00e9hez, az energiatudatos \u00e9letm\u00f3d \u00e9rt\u00e9keinek \u00e9s eszk\u00f6zeinek sz\u00e9lesk\u00f6r\u0171 elterjeszt\u00e9s\u00e9hez, valamint a kapcsol\u00f3d\u00f3 nem form\u00e1lis tanul\u00e1si helyzetek \u00f6szt\u00f6nz\u00e9s\u00e9hez \u00e9s v\u00e9gs\u0151 soron a meg\u00fajul\u00f3 energia-felhaszn\u00e1l\u00e1s n\u00f6veked\u00e9s\u00e9hez \u00e9s az energiafelhaszn\u00e1l\u00e1s cs\u00f6kkent\u00e9s\u00e9hez.<\/p>\n<p><strong>A projekt megval\u00f3s\u00edt\u00e1si id\u0151szaka:<\/strong> 2019.12.03-2022.04.30.<\/p>\n<p><strong>Megval\u00f3s\u00edt\u00e1si helysz\u00edn:<\/strong> Gemzs\u00e9n bel\u00fcl a tev\u00e9kenys\u00e9gt\u0151l f\u00fcgg\u0151en t\u00f6bb helysz\u00ednen<\/p>\n<p><strong>Projekt azonos\u00edt\u00f3sz\u00e1ma:<\/strong> KEHOP-5.4.1-16-2016-00130<\/p>\n<p><strong>A p\u00e1ly\u00e1zat c\u00edme:<\/strong> Fogjunk \u00f6ssze k\u00f6rnyezet\u00fcnk\u00e9rt<\/p>\n<p><strong>A t\u00e1mogat\u00e1s \u00f6sszege:<\/strong> 4\u00a0590\u00a0000 Forint, 100%-os intenzit\u00e1s.<\/p>\n<p><a href=\"https:\/\/www.gemzse.hu\/?page_id=1646\">Vissza az el\u0151z\u0151 oldalra<\/a><\/p>\n","protected":false},"excerpt":{"rendered":"","protected":false},"author":1,"featured_media":0,"parent":1646,"menu_order":0,"comment_status":"closed","ping_status":"closed","template":"","meta":{"footnotes":""},"class_list":["post-1658","page","type-page","status-publish","hentry","nodate","item-wrap"],"_links":{"self":[{"href":"https:\/\/www.gemzse.hu\/index.php?rest_route=\/wp\/v2\/pages\/1658","targetHints":{"allow":["GET"]}}],"collection":[{"href":"https:\/\/www.gemzse.hu\/index.php?rest_route=\/wp\/v2\/pages"}],"about":[{"href":"https:\/\/www.gemzse.hu\/index.php?rest_route=\/wp\/v2\/types\/page"}],"author":[{"embeddable":true,"href":"https:\/\/www.gemzse.hu\/index.php?rest_route=\/wp\/v2\/users\/1"}],"replies":[{"embeddable":true,"href":"https:\/\/www.gemzse.hu\/index.php?rest_route=%2Fwp%2Fv2%2Fcomments&post=1658"}],"version-history":[{"count":8,"href":"https:\/\/www.gemzse.hu\/index.php?rest_route=\/wp\/v2\/pages\/1658\/revisions"}],"predecessor-version":[{"id":2250,"href":"https:\/\/www.gemzse.hu\/index.php?rest_route=\/wp\/v2\/pages\/1658\/revisions\/2250"}],"up":[{"embeddable":true,"href":"https:\/\/www.gemzse.hu\/index.php?rest_route=\/wp\/v2\/pages\/1646"}],"wp:attachment":[{"href":"https:\/\/www.gemzse.hu\/index.php?rest_route=%2Fwp%2Fv2%2Fmedia&parent=1658"}],"curies":[{"name":"wp","href":"https:\/\/api.w.org\/{rel}","templated":true}]}}