{"id":1675,"date":"2020-06-10T12:14:57","date_gmt":"2020-06-10T10:14:57","guid":{"rendered":"http:\/\/www.gemzse.hu\/?page_id=1675"},"modified":"2025-02-17T22:08:29","modified_gmt":"2025-02-17T21:08:29","slug":"tevekenysegek-bemutatasa","status":"publish","type":"page","link":"https:\/\/www.gemzse.hu\/?page_id=1675","title":{"rendered":"Tev\u00e9kenys\u00e9gek bemutat\u00e1sa"},"content":{"rendered":"\n<p><a href=\"https:\/\/www.gemzse.hu\/wp-content\/uploads\/2020\/09\/honlapra_infoblokk_kedv_final_felso_cmyk_KA.jpg\"><img loading=\"lazy\" decoding=\"async\" class=\"alignright size-medium wp-image-1735\" src=\"https:\/\/www.gemzse.hu\/wp-content\/uploads\/2020\/09\/honlapra_infoblokk_kedv_final_felso_cmyk_KA-300x207.jpg\" alt=\"\" width=\"300\" height=\"207\" srcset=\"https:\/\/www.gemzse.hu\/wp-content\/uploads\/2020\/09\/honlapra_infoblokk_kedv_final_felso_cmyk_KA-300x207.jpg 300w, https:\/\/www.gemzse.hu\/wp-content\/uploads\/2020\/09\/honlapra_infoblokk_kedv_final_felso_cmyk_KA-1024x708.jpg 1024w, https:\/\/www.gemzse.hu\/wp-content\/uploads\/2020\/09\/honlapra_infoblokk_kedv_final_felso_cmyk_KA-768x531.jpg 768w, https:\/\/www.gemzse.hu\/wp-content\/uploads\/2020\/09\/honlapra_infoblokk_kedv_final_felso_cmyk_KA-750x518.jpg 750w, https:\/\/www.gemzse.hu\/wp-content\/uploads\/2020\/09\/honlapra_infoblokk_kedv_final_felso_cmyk_KA.jpg 1453w\" sizes=\"auto, (max-width: 300px) 100vw, 300px\" \/><\/a>a) int\u00e9zm\u00e9nyi, telep\u00fcl\u00e9si illetve t\u00f6bb telep\u00fcl\u00e9sre kiterjed\u0151, interakt\u00edv tematikus szeml\u00e9letform\u00e1l\u00e1si programsorozatok szervez\u00e9se \u00e9s lebonyol\u00edt\u00e1sa<\/p>\n<ul>\n<li><strong><em>Helyi akci\u00f3 az \u00f3vod\u00e1ban<\/em><\/strong>:<br \/>3 alkalommal Energianap az \u00f3vod\u00e1ban, ahol az energia t\u00e9mak\u00f6r\u00e9hez kapcsol\u00f3d\u00f3 mes\u00e9k felolvas\u00e1sa t\u00f6rt\u00e9nik. A mes\u00e9ket k\u00f6vet\u0151en megbesz\u00e9l\u00e9sre ker\u00fclnek a hallottak, majd j\u00e1t\u00e9kos foglalkoz\u00e1sok k\u00f6vetkeznek. A gyerekek a v\u00e9g\u00e9n rajzot k\u00e9sz\u00edtenek az elhangzottak t\u00e9mak\u00f6reib\u0151l.<\/li>\n<\/ul>\n<ul>\n<li><strong><em>Helyi akci\u00f3 az iskol\u00e1ban<\/em><\/strong>:<br \/>Energiatudatos \u00e9letm\u00f3ddal kapcsolatos felvil\u00e1gos\u00edt\u00f3 \u00f3r\u00e1k tart\u00e1sa az iskol\u00e1ban 1 alkalommal.<\/li>\n<\/ul>\n<p>b) telep\u00fcl\u00e9si figyelemfelh\u00edv\u00f3 akci\u00f3k megval\u00f3s\u00edt\u00e1sa<\/p>\n<ul>\n<li><strong><em>Falunaphoz kapcsol\u00f3d\u00f3 energetikai nagyrendezv\u00e9ny<\/em><\/strong>:<br \/>A feln\u0151ttek sz\u00e1m\u00e1ra energetikai tan\u00e1csad\u00e1s, a gyerekeknek interakt\u00edv foglalkoz\u00e1sok tart\u00e1sa.<\/li>\n<\/ul>\n<ul>\n<li><strong><em>K\u00f6rnyezetv\u00e9delmi naphoz kapcsol\u00f3d\u00f3 rendezv\u00e9ny<\/em><\/strong>:<br \/>A feln\u0151ttek sz\u00e1m\u00e1ra energetikai tan\u00e1csad\u00e1s, a gyerekeknek interakt\u00edv foglalkoz\u00e1sok tart\u00e1sa.<\/li>\n<\/ul>\n<ul>\n<li><strong><em>Vill\u00e1makci\u00f3<\/em><\/strong>:<br \/>A 12 alkalommal megrendez\u00e9sre ker\u00fcl\u0151 vill\u00e1makci\u00f3k sor\u00e1n k\u00e9rd\u00e9seket tesz\u00fcnk fel az utca ember\u00e9nek. A helyesen v\u00e1laszol\u00f3k k\u00f6z\u00f6tt sz\u00f3r\u00f3aj\u00e1nd\u00e9kok ker\u00fclnek sz\u00e9toszt\u00e1sra.<\/li>\n<\/ul>\n<p>c) t\u00e9rs\u00e9gi vagy helyi rendezv\u00e9nyeken energiatudatos szeml\u00e9letre nevel\u0151, kreat\u00edv, j\u00e1t\u00e9kos foglalkoz\u00e1sok szervez\u00e9se \u00e9s lebonyol\u00edt\u00e1sa gyermekek sz\u00e1m\u00e1ra<\/p>\n<ul>\n<li><strong><em>A Falunapon \u00e9s a K\u00f6rnyezetv\u00e9delmi napon a gyerekek sz\u00e1m\u00e1ra k\u00fcl\u00f6n interakt\u00edv programok ker\u00fclnek megrendez\u00e9sre<\/em><\/strong>:<br \/>Energiatudatos szeml\u00e9letre nevel\u0151, kreat\u00edv, j\u00e1t\u00e9kos \u00e9s interakt\u00edv foglalkoz\u00e1sok megtart\u00e1sa.<\/li>\n<\/ul>\n<p>d) telep\u00fcl\u00e9si int\u00e9zm\u00e9nyi szerepl\u0151k energiatudatos szeml\u00e9let\u00e9nek terjeszt\u00e9s\u00e9ben val\u00f3 k\u00f6zrem\u0171k\u00f6d\u00e9s \u00f6szt\u00f6nz\u00e9se, ennek keret\u00e9ben: t\u00e1j\u00e9koztat\u00f3 el\u0151ad\u00e1sok\/workshopok\/f\u00f3rumok szervez\u00e9se \u00e9s lebonyol\u00edt\u00e1sa a projektben \u00e9rintett int\u00e9zm\u00e9nyek munkav\u00e1llal\u00f3i sz\u00e1m\u00e1ra<\/p>\n<ul>\n<li><strong><em>Workshop<\/em><\/strong>:<br \/>A workshopot az \u00f6nkorm\u00e1nyzat dolgoz\u00f3i, Gemzse telep\u00fcl\u00e9s d\u00f6nt\u00e9shoz\u00f3i \u00e9s int\u00e9zm\u00e9nyeinek munkav\u00e1llal\u00f3i, valamint az \u00e1ltal\u00e1nos iskola \u00e9s \u00f3voda pedag\u00f3gusai r\u00e9sz\u00e9re ker\u00fcl megszervez\u00e9sre. C\u00e9lja, megismerkedhessenek az energiahat\u00e9konys\u00e1g \u00e9s a meg\u00fajul\u00f3 energia legfontosabb elemeivel, alapjaival.<\/li>\n<\/ul>\n<ul>\n<li><strong><em>Energetikai kiadv\u00e1ny<\/em><\/strong>:<br \/>Meg\u00fajul\u00f3 energia otthonunkban c\u00edmmel kiadv\u00e1nyt jelentet\u00fcnk meg.<\/li>\n<\/ul>\n<p>\u00a0<\/p>\n<p>e) a telep\u00fcl\u00e9si programsorozathoz \u00e9s figyelemfelkelt\u0151 akci\u00f3hoz kapcsol\u00f3d\u00f3 m\u00e9diakamp\u00e1nyok megszervez\u00e9se \u00e9s lebonyol\u00edt\u00e1sa<\/p>\n<ul>\n<li><strong><em>R\u00e1di\u00f3<\/em><\/strong>:<br \/>3-4 perces interj\u00fa a projekt k\u00e9pvisel\u0151j\u00e9vel \u00e9s k\u00e9t alkalommal h\u00edrekben val\u00f3 megjelen\u00e9s a projekt c\u00e9ljai bemutat\u00e1s\u00e1val.<\/li>\n<\/ul>\n<ul>\n<li><strong><em>\u00dajs\u00e1g<\/em><\/strong>:<br \/>R\u00f6vid cikk megjelen\u00edt\u00e9se az energiatakar\u00e9koss\u00e1g fontoss\u00e1g\u00e1r\u00f3l.<\/li>\n<\/ul>\n<p>f) a felh\u00edv\u00e1s f\u0151 c\u00e9lj\u00e1hoz kapcsol\u00f3d\u00f3 szakir\u00e1ny\u00fa tanulm\u00e1nyi kir\u00e1ndul\u00e1sok, szakmai \u00fczeml\u00e1togat\u00e1sok, szakmai tanulm\u00e1nyutak megszervez\u00e9se \u00e9s lebonyol\u00edt\u00e1sa, azokon val\u00f3 r\u00e9szv\u00e9tel t\u00e1mogat\u00e1sa<\/p>\n<ul>\n<li><strong><em>Tanulm\u00e1nyi \u00fat<\/em><\/strong>:<br \/>Tanulm\u00e1nyi \u00fat 20 f\u0151 r\u00e9szv\u00e9tel\u00e9vel.<\/li>\n<\/ul>\n<p>g) projekttel kapcsolatos t\u00e1j\u00e9koztat\u00e1s \u00e9s nyilv\u00e1noss\u00e1g biztos\u00edt\u00e1sa<\/p>\n<ul>\n<li>\u201eC\u201d t\u00edpus\u00fa t\u00e1bla beszerz\u00e9se \u00e9s kihelyez\u00e9se<\/li>\n<\/ul>\n<p>h) es\u00e9lyegyenl\u0151s\u00e9g biztos\u00edt\u00e1sa<\/p>\n<ul>\n<li><strong><em>Alhonlap l\u00e9trehoz\u00e1sa<\/em><\/strong>:<br \/>A projekttel kapcsolatos inform\u00e1ci\u00f3k k\u00f6zz\u00e9t\u00e9tele: rendezv\u00e9nyek helysz\u00edne, id\u0151pontja, fot\u00f3dokument\u00e1ci\u00f3<\/li>\n<\/ul>\n<p>i) Ezen <strong>kiadv\u00e1ny<\/strong> f\u0151 c\u00e9lja, hogy a megl\u00e9v\u0151 tudatoss\u00e1got fokozva, k\u00e9pes legyen felh\u00edvni a figyelmet az energiahaszn\u00e1lathoz t\u00e1rsul\u00f3 sz\u00e9n-dioxid-kibocs\u00e1t\u00e1sra \u00e9s a korszer\u0171s\u00edt\u00e9s fontoss\u00e1g\u00e1nak hangs\u00falyoz\u00e1s\u00e1ra.<\/p>\n<ul>\n<li><strong><a href=\"https:\/\/www.gemzse.hu\/wp-content\/uploads\/2025\/02\/2.Kiadvany_Tudatos_haziasszony.pdf\">E-tudatos h\u00e1ziasszony (Kiadv\u00e1ny) let\u00f6lt\u00e9s itt!<\/a><\/strong><\/li>\n<\/ul>\n<p><a href=\"https:\/\/www.gemzse.hu\/?page_id=1646\">Vissza az el\u0151z\u0151 oldalra<\/a><\/p>\n","protected":false},"excerpt":{"rendered":"","protected":false},"author":1,"featured_media":0,"parent":1646,"menu_order":0,"comment_status":"closed","ping_status":"closed","template":"","meta":{"footnotes":""},"class_list":["post-1675","page","type-page","status-publish","hentry","nodate","item-wrap"],"_links":{"self":[{"href":"https:\/\/www.gemzse.hu\/index.php?rest_route=\/wp\/v2\/pages\/1675","targetHints":{"allow":["GET"]}}],"collection":[{"href":"https:\/\/www.gemzse.hu\/index.php?rest_route=\/wp\/v2\/pages"}],"about":[{"href":"https:\/\/www.gemzse.hu\/index.php?rest_route=\/wp\/v2\/types\/page"}],"author":[{"embeddable":true,"href":"https:\/\/www.gemzse.hu\/index.php?rest_route=\/wp\/v2\/users\/1"}],"replies":[{"embeddable":true,"href":"https:\/\/www.gemzse.hu\/index.php?rest_route=%2Fwp%2Fv2%2Fcomments&post=1675"}],"version-history":[{"count":8,"href":"https:\/\/www.gemzse.hu\/index.php?rest_route=\/wp\/v2\/pages\/1675\/revisions"}],"predecessor-version":[{"id":2385,"href":"https:\/\/www.gemzse.hu\/index.php?rest_route=\/wp\/v2\/pages\/1675\/revisions\/2385"}],"up":[{"embeddable":true,"href":"https:\/\/www.gemzse.hu\/index.php?rest_route=\/wp\/v2\/pages\/1646"}],"wp:attachment":[{"href":"https:\/\/www.gemzse.hu\/index.php?rest_route=%2Fwp%2Fv2%2Fmedia&parent=1675"}],"curies":[{"name":"wp","href":"https:\/\/api.w.org\/{rel}","templated":true}]}}