{"id":1696,"date":"2020-07-08T23:38:26","date_gmt":"2020-07-08T21:38:26","guid":{"rendered":"http:\/\/www.gemzse.hu\/?page_id=1696"},"modified":"2020-07-08T23:39:21","modified_gmt":"2020-07-08T21:39:21","slug":"irany-a-sereg-a-magyar-honvedseg","status":"publish","type":"page","link":"https:\/\/www.gemzse.hu\/?page_id=1696","title":{"rendered":"Ir\u00e1ny a Sereg! \u2013 a Magyar Honv\u00e9ds\u00e9g"},"content":{"rendered":"\n<p>Kipr\u00f3b\u00e1ln\u00e1d magad katonak\u00e9nt? <br \/>Ha baj van, szeretn\u00e9l Te is ott leni, ahol seg\u00edthetsz \u00e9s sz\u00e1m\u00edtanak r\u00e1d? <br \/>Tanulm\u00e1nyaid mellett \u00e9s a munk\u00e1d mellett is seg\u00edthetsz a Haza szolg\u00e1lat\u00e1ban! <br \/>Jelentkezz tartal\u00e9kos katon\u00e1nak!<br \/>Sz\u00e1m\u0171zheted az egyhang\u00fas\u00e1got az \u00e9letedb\u0151l!<\/p>\n<table style=\"border-collapse: collapse; width: 100%;\">\n<tbody>\n<tr>\n<td style=\"width: 50%;\"><a href=\"https:\/\/www.gemzse.hu\/wp-content\/uploads\/2020\/07\/iranyasereg1-scaled.jpg\" target=\"_blank\" rel=\"noopener noreferrer\"><img loading=\"lazy\" decoding=\"async\" class=\"aligncenter size-medium wp-image-1691\" src=\"https:\/\/www.gemzse.hu\/wp-content\/uploads\/2020\/07\/iranyasereg1-212x300.jpg\" alt=\"\" width=\"212\" height=\"300\" srcset=\"https:\/\/www.gemzse.hu\/wp-content\/uploads\/2020\/07\/iranyasereg1-212x300.jpg 212w, https:\/\/www.gemzse.hu\/wp-content\/uploads\/2020\/07\/iranyasereg1-723x1024.jpg 723w, https:\/\/www.gemzse.hu\/wp-content\/uploads\/2020\/07\/iranyasereg1-768x1087.jpg 768w, https:\/\/www.gemzse.hu\/wp-content\/uploads\/2020\/07\/iranyasereg1-1085x1536.jpg 1085w, https:\/\/www.gemzse.hu\/wp-content\/uploads\/2020\/07\/iranyasereg1-1447x2048.jpg 1447w, https:\/\/www.gemzse.hu\/wp-content\/uploads\/2020\/07\/iranyasereg1-scaled.jpg 1809w\" sizes=\"auto, (max-width: 212px) 100vw, 212px\" \/><\/a><\/td>\n<td style=\"width: 50%;\"><a href=\"https:\/\/www.gemzse.hu\/wp-content\/uploads\/2020\/07\/iranyasereg2-scaled.jpg\" target=\"_blank\" rel=\"noopener noreferrer\"><img loading=\"lazy\" decoding=\"async\" class=\"aligncenter size-medium wp-image-1692\" src=\"https:\/\/www.gemzse.hu\/wp-content\/uploads\/2020\/07\/iranyasereg2-212x300.jpg\" alt=\"\" width=\"212\" height=\"300\" srcset=\"https:\/\/www.gemzse.hu\/wp-content\/uploads\/2020\/07\/iranyasereg2-212x300.jpg 212w, https:\/\/www.gemzse.hu\/wp-content\/uploads\/2020\/07\/iranyasereg2-724x1024.jpg 724w, https:\/\/www.gemzse.hu\/wp-content\/uploads\/2020\/07\/iranyasereg2-768x1086.jpg 768w, https:\/\/www.gemzse.hu\/wp-content\/uploads\/2020\/07\/iranyasereg2-1086x1536.jpg 1086w, https:\/\/www.gemzse.hu\/wp-content\/uploads\/2020\/07\/iranyasereg2-1448x2048.jpg 1448w, https:\/\/www.gemzse.hu\/wp-content\/uploads\/2020\/07\/iranyasereg2-scaled.jpg 1810w\" sizes=\"auto, (max-width: 212px) 100vw, 212px\" \/><\/a><\/td>\n<\/tr>\n<\/tbody>\n<\/table>\n<p style=\"text-align: center;\"><a href=\"http:\/\/www.iranyasereg.hu\" target=\"_blank\" rel=\"noopener noreferrer\">www.iranyasereg.hu<\/a><\/p>\n","protected":false},"excerpt":{"rendered":"","protected":false},"author":1,"featured_media":0,"parent":1310,"menu_order":0,"comment_status":"closed","ping_status":"closed","template":"","meta":{"footnotes":""},"class_list":["post-1696","page","type-page","status-publish","hentry","nodate","item-wrap"],"_links":{"self":[{"href":"https:\/\/www.gemzse.hu\/index.php?rest_route=\/wp\/v2\/pages\/1696","targetHints":{"allow":["GET"]}}],"collection":[{"href":"https:\/\/www.gemzse.hu\/index.php?rest_route=\/wp\/v2\/pages"}],"about":[{"href":"https:\/\/www.gemzse.hu\/index.php?rest_route=\/wp\/v2\/types\/page"}],"author":[{"embeddable":true,"href":"https:\/\/www.gemzse.hu\/index.php?rest_route=\/wp\/v2\/users\/1"}],"replies":[{"embeddable":true,"href":"https:\/\/www.gemzse.hu\/index.php?rest_route=%2Fwp%2Fv2%2Fcomments&post=1696"}],"version-history":[{"count":1,"href":"https:\/\/www.gemzse.hu\/index.php?rest_route=\/wp\/v2\/pages\/1696\/revisions"}],"predecessor-version":[{"id":1698,"href":"https:\/\/www.gemzse.hu\/index.php?rest_route=\/wp\/v2\/pages\/1696\/revisions\/1698"}],"up":[{"embeddable":true,"href":"https:\/\/www.gemzse.hu\/index.php?rest_route=\/wp\/v2\/pages\/1310"}],"wp:attachment":[{"href":"https:\/\/www.gemzse.hu\/index.php?rest_route=%2Fwp%2Fv2%2Fmedia&parent=1696"}],"curies":[{"name":"wp","href":"https:\/\/api.w.org\/{rel}","templated":true}]}}