{"id":1779,"date":"2020-12-30T00:50:05","date_gmt":"2020-12-29T23:50:05","guid":{"rendered":"http:\/\/www.gemzse.hu\/?page_id=1779"},"modified":"2025-02-17T21:30:55","modified_gmt":"2025-02-17T20:30:55","slug":"gemzsei-piacter-fejlesztese","status":"publish","type":"page","link":"https:\/\/www.gemzse.hu\/?page_id=1779","title":{"rendered":"Gemzsei piact\u00e9r fejleszt\u00e9se"},"content":{"rendered":"\n<p><strong><a href=\"https:\/\/www.gemzse.hu\/wp-content\/uploads\/2020\/12\/VP-logo.png\"><img loading=\"lazy\" decoding=\"async\" class=\"size-medium wp-image-1781 alignright\" src=\"https:\/\/www.gemzse.hu\/wp-content\/uploads\/2020\/12\/VP-logo-300x198.png\" alt=\"\" width=\"300\" height=\"198\" srcset=\"https:\/\/www.gemzse.hu\/wp-content\/uploads\/2020\/12\/VP-logo-300x198.png 300w, https:\/\/www.gemzse.hu\/wp-content\/uploads\/2020\/12\/VP-logo.png 658w\" sizes=\"auto, (max-width: 300px) 100vw, 300px\" \/><\/a><\/strong><\/p>\n<p><strong>Gemzse K\u00f6zs\u00e9g \u00d6nkorm\u00e1nyzata<\/strong><\/p>\n<p><strong>VP6-7.2.1-7.4.1.3-17 Helyi term\u00e9k\u00e9rt\u00e9kes\u00edt\u00e9st szolg\u00e1l\u00f3<br \/>piacok infrastruktur\u00e1lis fejleszt\u00e9se, k\u00f6z\u00e9tkeztet\u00e9s fejleszt\u00e9se<\/strong><\/p>\n<p><strong>\u00a0<\/strong><\/p>\n<p>Projekt c\u00edme: Gemzsei piact\u00e9r fejleszt\u00e9se<\/p>\n<p>Projekt azonos\u00edt\u00f3 sz\u00e1ma: 1896964636<\/p>\n<p>Szerz\u0151d\u00f6tt t\u00e1mogat\u00e1s \u00f6sszege: 44\u00a0560 496 Ft<\/p>\n<p>T\u00e1mogat\u00e1s m\u00e9rt\u00e9ke: 95%<\/p>\n<p>\u00a0<\/p>\n<p>Gemzse K\u00f6zs\u00e9g \u00d6nkorm\u00e1nyzata a VP6-7.2.1-7.4.1.3-17 k\u00f3dsz\u00e1m\u00fa p\u00e1ly\u00e1zatra 2017.10.02-\u00e1n ny\u00fajtotta be t\u00e1mogat\u00e1si k\u00e9relm\u00e9t. A helyi term\u00e9k\u00e9rt\u00e9kes\u00edt\u00e9st szolg\u00e1l\u00f3 piacok infrastruktur\u00e1lis fejleszt\u00e9se, k\u00f6z\u00e9tkeztet\u00e9s fejleszt\u00e9se elnevez\u00e9s\u0171 p\u00e1ly\u00e1zati felh\u00edv\u00e1s sor\u00e1n beny\u00fajtott k\u00e9relmet a Vid\u00e9kfejleszt\u00e9si Program keret\u00e9n bel\u00fcl a Vid\u00e9kfejleszt\u00e9si Program Ir\u00e1ny\u00edt\u00f3 Hat\u00f3s\u00e1ga, mint T\u00e1mogat\u00f3 elfogadta, \u00edgy 2018.07.05-\u00e9n T\u00e1mogat\u00f3i Okiratot bocs\u00e1tott ki a kedvezm\u00e9nyezett r\u00e9sz\u00e9re.<\/p>\n<p>A T\u00e1mogat\u00f3i Okirat k\u00e9zhezv\u00e9tel\u00e9t\u0151l megkezd\u0151dtek a munk\u00e1latok. A projekt lebonyol\u00edt\u00e1s\u00e1ra t\u00f6bb c\u00e9g is jelentkezett, melyek k\u00f6z\u00fcl kiv\u00e1laszt\u00e1sra ker\u00fcltek a nyertesek. A szerz\u0151d\u00e9sk\u00f6t\u00e9seket k\u00f6vet\u0151en elkezd\u0151dtek a munk\u00e1latok. A kivitelez\u00e9si feladatok nagyon j\u00f3 \u00fctemben haladtak, \u00edgy a szerz\u0151d\u00e9s megk\u00f6t\u00e9s\u00e9t k\u00f6vet\u0151en p\u00e1r h\u00f3napon bel\u00fcl be is fejez\u0151dtek a munk\u00e1latok.<\/p>\n<p>Gemzse K\u00f6zs\u00e9g \u00d6nkorm\u00e1nyzat\u00e1nak, \u00e9s \u00edgy Varga S\u00e1ndor Polg\u00e1rmester \u00darnak nagyon fontos, hogy a telep\u00fcl\u00e9s fejl\u0151dj\u00f6n. Nagy seg\u00edts\u00e9get ny\u00fajtott a t\u00e1mogat\u00e1s abban, hogy kialak\u00edt\u00e1sra ker\u00fclhessen a piact\u00e9r, ugyanis csup\u00e1n \u00f6ner\u0151b\u0151l ez nem j\u00f6hetett volna l\u00e9tre. Az \u00faj piacnak k\u00f6sz\u00f6nhet\u0151en egy kultur\u00e1lt, j\u00f3l kialak\u00edtott, akad\u00e1lymentes\u00edtett ter\u00fcleten \u00e1rulhatj\u00e1k term\u00e9keiket a helyi, illetve k\u00f6rny\u00e9kbeli lakosok \u00e9s \u00e1rusok. A projekt hat\u00e1s\u00e1ra fellend\u00fclhet Gemzse K\u00f6zs\u00e9g infrastrukt\u00far\u00e1ja.<\/p>\n<p>K\u00f6sz\u00f6nj\u00fck a Magyar \u00c1llam \u00e9s az Eur\u00f3pai Uni\u00f3 t\u00e1mogat\u00e1s\u00e1t.<\/p>\n<p>\u00a0<\/p>\n<p>Projekt tervezett befejez\u00e9si d\u00e1tuma: 2020.12.31.<\/p>\n<p><a href=\"https:\/\/www.gemzse.hu\/wp-content\/uploads\/2020\/12\/VPPiactabla.jpg\" target=\"_blank\" rel=\"https:\/\/www.gemzse.hu\/wp-content\/uploads\/2020\/12\/VPPiactabla.jpg noopener\"><img loading=\"lazy\" decoding=\"async\" class=\"aligncenter wp-image-1777 size-large\" src=\"https:\/\/www.gemzse.hu\/wp-content\/uploads\/2020\/12\/VPPiactabla-1024x724.jpg\" alt=\"\" width=\"750\" height=\"530\" srcset=\"https:\/\/www.gemzse.hu\/wp-content\/uploads\/2020\/12\/VPPiactabla-1024x724.jpg 1024w, https:\/\/www.gemzse.hu\/wp-content\/uploads\/2020\/12\/VPPiactabla-300x212.jpg 300w, https:\/\/www.gemzse.hu\/wp-content\/uploads\/2020\/12\/VPPiactabla-768x543.jpg 768w, https:\/\/www.gemzse.hu\/wp-content\/uploads\/2020\/12\/VPPiactabla-750x530.jpg 750w, https:\/\/www.gemzse.hu\/wp-content\/uploads\/2020\/12\/VPPiactabla.jpg 1236w\" sizes=\"auto, (max-width: 750px) 100vw, 750px\" \/><\/a><\/p>\n","protected":false},"excerpt":{"rendered":"","protected":false},"author":1,"featured_media":0,"parent":2269,"menu_order":0,"comment_status":"closed","ping_status":"closed","template":"","meta":{"footnotes":""},"class_list":["post-1779","page","type-page","status-publish","hentry","nodate","item-wrap"],"_links":{"self":[{"href":"https:\/\/www.gemzse.hu\/index.php?rest_route=\/wp\/v2\/pages\/1779","targetHints":{"allow":["GET"]}}],"collection":[{"href":"https:\/\/www.gemzse.hu\/index.php?rest_route=\/wp\/v2\/pages"}],"about":[{"href":"https:\/\/www.gemzse.hu\/index.php?rest_route=\/wp\/v2\/types\/page"}],"author":[{"embeddable":true,"href":"https:\/\/www.gemzse.hu\/index.php?rest_route=\/wp\/v2\/users\/1"}],"replies":[{"embeddable":true,"href":"https:\/\/www.gemzse.hu\/index.php?rest_route=%2Fwp%2Fv2%2Fcomments&post=1779"}],"version-history":[{"count":2,"href":"https:\/\/www.gemzse.hu\/index.php?rest_route=\/wp\/v2\/pages\/1779\/revisions"}],"predecessor-version":[{"id":1783,"href":"https:\/\/www.gemzse.hu\/index.php?rest_route=\/wp\/v2\/pages\/1779\/revisions\/1783"}],"up":[{"embeddable":true,"href":"https:\/\/www.gemzse.hu\/index.php?rest_route=\/wp\/v2\/pages\/2269"}],"wp:attachment":[{"href":"https:\/\/www.gemzse.hu\/index.php?rest_route=%2Fwp%2Fv2%2Fmedia&parent=1779"}],"curies":[{"name":"wp","href":"https:\/\/api.w.org\/{rel}","templated":true}]}}