{"id":1873,"date":"2021-08-02T21:31:25","date_gmt":"2021-08-02T19:31:25","guid":{"rendered":"http:\/\/www.gemzse.hu\/?page_id=1873"},"modified":"2026-01-29T22:10:39","modified_gmt":"2026-01-29T21:10:39","slug":"magyar-falu-program","status":"publish","type":"page","link":"https:\/\/www.gemzse.hu\/?page_id=1873","title":{"rendered":"Magyar Falu Program"},"content":{"rendered":"\n<div class=\"wp-block-image\">\n<table style=\"border-collapse: collapse; width: 100%; height: 1125px;\">\n<tbody>\n<tr style=\"height: 478px;\">\n<td style=\"width: 100%; text-align: center; vertical-align: middle; height: 478px;\">\n<div class=\"wp-block-image\"><a href=\"https:\/\/www.gemzse.hu\/wp-content\/uploads\/2025\/02\/Magyar-Falu-Program-1200x1200-1.jpg\"><img loading=\"lazy\" decoding=\"async\" class=\"wpa-warning wpa-image-missing-alt aligncenter wp-image-2286\" src=\"https:\/\/www.gemzse.hu\/wp-content\/uploads\/2025\/02\/Magyar-Falu-Program-1200x1200-1-1024x1024.jpg\" alt=\"\" width=\"400\" height=\"400\" data-warning=\"Missing alt text\" srcset=\"https:\/\/www.gemzse.hu\/wp-content\/uploads\/2025\/02\/Magyar-Falu-Program-1200x1200-1-1024x1024.jpg 1024w, https:\/\/www.gemzse.hu\/wp-content\/uploads\/2025\/02\/Magyar-Falu-Program-1200x1200-1-300x300.jpg 300w, https:\/\/www.gemzse.hu\/wp-content\/uploads\/2025\/02\/Magyar-Falu-Program-1200x1200-1-150x150.jpg 150w, https:\/\/www.gemzse.hu\/wp-content\/uploads\/2025\/02\/Magyar-Falu-Program-1200x1200-1-768x768.jpg 768w, https:\/\/www.gemzse.hu\/wp-content\/uploads\/2025\/02\/Magyar-Falu-Program-1200x1200-1-750x750.jpg 750w, https:\/\/www.gemzse.hu\/wp-content\/uploads\/2025\/02\/Magyar-Falu-Program-1200x1200-1.jpg 1200w\" sizes=\"auto, (max-width: 400px) 100vw, 400px\" \/><\/a><\/div>\n<\/td>\n<\/tr>\n<tr>\n<td style=\"width: 100%; background-color: #c9dbff;\"><a href=\"https:\/\/www.gemzse.hu\/?page_id=2563\">MFP-UHJ\/2024\u00a0 &#8211; ,,\u00dat, h\u00edd, j\u00e1rda, ker\u00e9kp\u00e1rforgalmi l\u00e9tes\u00edtm\u00e9ny \u00e9p\u00edt\u00e9se\/fel\u00faj\u00edt\u00e1sa-2024&#8243;<\/a><\/td>\n<\/tr>\n<tr>\n<td style=\"width: 100%;\">\u00a0<\/td>\n<\/tr>\n<tr style=\"height: 39px;\">\n<td style=\"width: 100%; background-color: #d4ffd4; height: 39px;\"><a href=\"https:\/\/www.gemzse.hu\/?page_id=2200\">MFP-\u00d6TIFB\/2024 &#8211; \u201eKommun\u00e1lis eszk\u00f6zbeszerz\u00e9s Gemzs\u00e9n\u201d<\/a><\/td>\n<\/tr>\n<tr>\n<td style=\"width: 100%;\">\u00a0<\/td>\n<\/tr>\n<tr style=\"height: 39px;\">\n<td style=\"width: 100%; height: 39px; background-color: #c9dbff;\"><a href=\"https:\/\/www.gemzse.hu\/?page_id=2494\">MFP-UHJ\/2023 \u00dat, h\u00edd, j\u00e1rda \u00e9p\u00edt\u00e9se\/fel\u00faj\u00edt\u00e1sa<\/a><\/td>\n<\/tr>\n<tr style=\"height: 15px;\">\n<td style=\"width: 100%; height: 39px;\">\u00a0<\/td>\n<\/tr>\n<tr style=\"height: 39px;\">\n<td style=\"width: 100%; background-color: #d4ffd4; height: 39px;\"><a href=\"https:\/\/www.gemzse.hu\/?page_id=1984\">MFP-UHK\/2021 &#8211; \u00dat, h\u00edd, ker\u00e9kp\u00e1rforgalmi l\u00e9tes\u00edtm\u00e9ny \u00e9p\u00edt\u00e9se\/fel\u00faj\u00edt\u00e1sa \u2013 2021.<\/a><\/td>\n<\/tr>\n<tr style=\"height: 15px;\">\n<td style=\"width: 100%; height: 39px;\">\u00a0<\/td>\n<\/tr>\n<tr style=\"height: 39px;\">\n<td style=\"width: 100%; background-color: #c9dbff; height: 39px;\"><a href=\"https:\/\/www.gemzse.hu\/?page_id=1860\">MFP-\u00d6TU\/2019 &#8211; \u00d6nkorm\u00e1nyzati tulajdon\u00fa utak fel\u00faj\u00edt\u00e1sa<\/a><\/td>\n<\/tr>\n<tr style=\"height: 15px;\">\n<td style=\"width: 100%; height: 39px;\">\u00a0<\/td>\n<\/tr>\n<tr style=\"height: 39px;\">\n<td style=\"width: 100%; background-color: #d4ffd4; height: 39px;\"><a href=\"https:\/\/www.gemzse.hu\/?page_id=1867\">MFP-NHI\/2019 &#8211; A nemzeti \u00e9s helyi identit\u00e1studat er\u0151s\u00edt\u00e9se<\/a><\/td>\n<\/tr>\n<tr style=\"height: 39px;\">\n<td style=\"width: 100%; height: 39px;\">\u00a0<\/td>\n<\/tr>\n<tr style=\"height: 39px;\">\n<td style=\"width: 100%; background-color: #c9dbff; height: 39px;\"><a href=\"https:\/\/www.gemzse.hu\/wp-content\/uploads\/2021\/10\/Zaro-szakmai-beszamolo.pdf\" target=\"_blank\" rel=\"noopener\">MFP-AEE\/2020 &#8211; Orvosi eszk\u00f6z\u00f6k beszerz\u00e9se (Z\u00e1r\u00f3 szakmai besz\u00e1mol\u00f3)<\/a><\/td>\n<\/tr>\n<tr style=\"height: 39px;\">\n<td style=\"width: 100%; height: 39px;\">\u00a0<\/td>\n<\/tr>\n<tr style=\"height: 39px;\">\n<td style=\"width: 100%; background-color: #d4ffd4; height: 39px;\"><a href=\"https:\/\/www.gemzse.hu\/?page_id=1929\">MFP-BJA\/2022 &#8211; \u00d6nkorm\u00e1nyzati j\u00e1rda\u00e9p\u00edt\u00e9s\/fel\u00faj\u00edt\u00e1sa -2022<\/a><\/td>\n<\/tr>\n<tr style=\"height: 39px;\">\n<td style=\"width: 100%; height: 39px;\">\u00a0<\/td>\n<\/tr>\n<tr style=\"height: 62px;\">\n<td style=\"width: 100%; background-color: #c9dbff; height: 62px;\"><a href=\"https:\/\/www.gemzse.hu\/?page_id=1920\">MFP-KEB\/2021 &#8211; K\u00f6z\u00f6ss\u00e9gszervez\u00e9shez kapcsol\u00f3d\u00f3 eszk\u00f6zbeszerz\u00e9s \u00e9s k\u00f6z\u00f6ss\u00e9gszervez\u0151 b\u00e9rt\u00e1mogat\u00e1sa.<\/a><\/td>\n<\/tr>\n<tr style=\"height: 39px;\">\n<td style=\"width: 100%; height: 39px;\">\u00a0<\/td>\n<\/tr>\n<tr style=\"height: 39px;\">\n<td style=\"width: 100%; background-color: #d4ffd4; height: 39px;\"><a href=\"https:\/\/www.gemzse.hu\/?page_id=1911\">MFP-TFB\/2020 &#8211; Tanya- \u00e9s falugondnoki buszok beszerz\u00e9se<\/a><\/td>\n<\/tr>\n<\/tbody>\n<\/table>\n<\/div>\n<p style=\"text-align: center;\">\u00a0<\/p>\n<p>\u00a0<\/p>\n","protected":false},"excerpt":{"rendered":"","protected":false},"author":1,"featured_media":0,"parent":2321,"menu_order":0,"comment_status":"closed","ping_status":"closed","template":"","meta":{"footnotes":""},"class_list":["post-1873","page","type-page","status-publish","hentry","nodate","item-wrap"],"_links":{"self":[{"href":"https:\/\/www.gemzse.hu\/index.php?rest_route=\/wp\/v2\/pages\/1873","targetHints":{"allow":["GET"]}}],"collection":[{"href":"https:\/\/www.gemzse.hu\/index.php?rest_route=\/wp\/v2\/pages"}],"about":[{"href":"https:\/\/www.gemzse.hu\/index.php?rest_route=\/wp\/v2\/types\/page"}],"author":[{"embeddable":true,"href":"https:\/\/www.gemzse.hu\/index.php?rest_route=\/wp\/v2\/users\/1"}],"replies":[{"embeddable":true,"href":"https:\/\/www.gemzse.hu\/index.php?rest_route=%2Fwp%2Fv2%2Fcomments&post=1873"}],"version-history":[{"count":34,"href":"https:\/\/www.gemzse.hu\/index.php?rest_route=\/wp\/v2\/pages\/1873\/revisions"}],"predecessor-version":[{"id":2565,"href":"https:\/\/www.gemzse.hu\/index.php?rest_route=\/wp\/v2\/pages\/1873\/revisions\/2565"}],"up":[{"embeddable":true,"href":"https:\/\/www.gemzse.hu\/index.php?rest_route=\/wp\/v2\/pages\/2321"}],"wp:attachment":[{"href":"https:\/\/www.gemzse.hu\/index.php?rest_route=%2Fwp%2Fv2%2Fmedia&parent=1873"}],"curies":[{"name":"wp","href":"https:\/\/api.w.org\/{rel}","templated":true}]}}