{"id":1883,"date":"2021-08-10T21:28:14","date_gmt":"2021-08-10T19:28:14","guid":{"rendered":"http:\/\/www.gemzse.hu\/?page_id=1883"},"modified":"2025-02-17T15:44:53","modified_gmt":"2025-02-17T14:44:53","slug":"mini-bolcsode-kialakitasa-gemzsen","status":"publish","type":"page","link":"https:\/\/www.gemzse.hu\/?page_id=1883","title":{"rendered":"Mini b\u00f6lcs\u0151de kialak\u00edt\u00e1sa Gemzs\u00e9n"},"content":{"rendered":"\n<p style=\"text-align: center;\">\u201eMini b\u00f6lcs\u0151de kialak\u00edt\u00e1sa Gemzs\u00e9n\u201d TOP-1.4.1-19-SB1-2019-00030<\/p>\n<p>Kedvezm\u00e9nyezett neve: <strong>Gemzse K\u00f6zs\u00e9g \u00d6nkorm\u00e1nyzata<br \/><\/strong>Projekt azonos\u00edt\u00f3sz\u00e1ma: <strong>TOP-1.4.1-19-SB1-2019-00030<br \/><\/strong>Projekt c\u00edme:<strong> Mini b\u00f6lcs\u0151de kialak\u00edt\u00e1sa Gemzs\u00e9n<br \/><\/strong>T\u00e1mogat\u00e1s \u00f6sszege: <strong>\u00a0 149 999\u00a0990 Ft<br \/><\/strong>T\u00e1mogat\u00e1s intenzit\u00e1sa: <strong>100%<br \/><\/strong>A projekt fizikai befejez\u00e9se: <strong>2023.03.31.<\/strong><\/p>\n<p>Gemzse K\u00f6zs\u00e9g \u00d6nkorm\u00e1nyzat\u00e1nak c\u00e9lja egy \u00faj mini b\u00f6lcs\u0151dei int\u00e9zm\u00e9ny, szolg\u00e1ltat\u00e1s kialak\u00edt\u00e1sa volt. Ennek a keretein bel\u00fcl egy megl\u00e9v\u0151 \u00e9p\u00fclet b\u0151v\u00edt\u00e9se, fel\u00faj\u00edt\u00e1sa, korszer\u0171s\u00edt\u00e9se val\u00f3sult meg. A fel\u00faj\u00edtott \u00e9p\u00fcletben 7 f\u00e9r\u0151hely ker\u00fclt ki\u00e1ll\u00edt\u00e1s\u00e1ra. \u00a0Ez\u00e1ltal biztos\u00edtani tudja a sz\u00fcl\u0151k miel\u0151bbi munk\u00e1ba \u00e1ll\u00e1s\u00e1t, valamint seg\u00edts\u00e9get ny\u00fajt azoknak a helyi lakosoknak, akik megfelel\u0151 v\u00e9gzetts\u00e9ggel rendelkeznek a b\u00f6lcs\u0151dei munka elv\u00e9gz\u00e9shez. \u00cdgy cs\u00f6kkenteni tudja a k\u00f6zs\u00e9gben a munkan\u00e9lk\u00fcliek sz\u00e1m\u00e1t.<\/p>\n<p>\u00a0A projekt keretein bel\u00fcl egy megl\u00e9v\u0151 \u00e9p\u00fcletet ker\u00fclt \u00e1talak\u00edt\u00e1sra, illetve b\u0151v\u00edt\u00e9sre, valamint az udvar fel\u00faj\u00edt\u00e1s\u00e1ra \u00e9s a j\u00e1tsz\u00f3udvar kialak\u00edt\u00e1s\u00e1ra is sor ker\u00fclt. \u00daj b\u00f6lcs\u0151dei eszk\u00f6z\u00f6k beszerz\u00e9s\u00e9re is bek\u00f6vetkezett, hogy egy felszerelt b\u00f6lcs\u0151de \u00fczemeljen a telep\u00fcl\u00e9sen, melyben a gyerekek nem \u00e9reznek semmiben sem hi\u00e1nyt, ehhez ez\u00e9rt sz\u00ednesebbn\u00e9l sz\u00ednesebb eszk\u00f6z\u00f6k beszerz\u00e9se t\u00f6rt\u00e9nt. Tov\u00e1bb az \u00e9p\u00fcleten bel\u00fcl az akad\u00e1lymentes\u00edt\u00e9s, infokommunik\u00e1ci\u00f3s akad\u00e1lymentes\u00edt\u00e9s is kialak\u00edt\u00e1sra ker\u00fclt. Az \u00e9p\u00fclet el\u0151tti parkol\u00f3-f\u00e9r\u0151hely \u00e9s akad\u00e1lymentes parkol\u00f3-f\u00e9r\u0151hely fejleszt\u00e9se val\u00f3sult meg. A beruh\u00e1z\u00e1s sor\u00e1n az energiahat\u00e9konys\u00e1gi szempontok \u00e9rv\u00e9nyes\u00edt\u00e9s\u00e9re is nagy hangs\u00falyt fektett\u00fcnk.<\/p>\n<p>Az \u00d6nkorm\u00e1nyzat jelen projekt megval\u00f3s\u00edt\u00e1s\u00e1t k\u00f6vet\u0151en m\u00e1r biztos\u00edtani tudta a lakosok r\u00e9sz\u00e9re a 0-3 \u00e9ves korig terjed\u0151 koroszt\u00e1ly\u00fa gyermekek napk\u00f6zben ell\u00e1t\u00e1s\u00e1t.<\/p>\n<div class=\"wp-block-image\"><a href=\"https:\/\/www.gemzse.hu\/wp-content\/uploads\/2023\/07\/gemzse-tiop-bolcsi.png\"><img loading=\"lazy\" decoding=\"async\" class=\"aligncenter size-large wp-image-1971\" src=\"https:\/\/www.gemzse.hu\/wp-content\/uploads\/2023\/07\/gemzse-tiop-bolcsi-1024x725.png\" alt=\"\" width=\"750\" height=\"531\" srcset=\"https:\/\/www.gemzse.hu\/wp-content\/uploads\/2023\/07\/gemzse-tiop-bolcsi-1024x725.png 1024w, https:\/\/www.gemzse.hu\/wp-content\/uploads\/2023\/07\/gemzse-tiop-bolcsi-300x213.png 300w, https:\/\/www.gemzse.hu\/wp-content\/uploads\/2023\/07\/gemzse-tiop-bolcsi-768x544.png 768w, https:\/\/www.gemzse.hu\/wp-content\/uploads\/2023\/07\/gemzse-tiop-bolcsi-750x531.png 750w, https:\/\/www.gemzse.hu\/wp-content\/uploads\/2023\/07\/gemzse-tiop-bolcsi.png 1327w\" sizes=\"auto, (max-width: 750px) 100vw, 750px\" \/><\/a><\/div>\n<div class=\"wp-block-image\">\n<div class=\"wp-block-image\"><a href=\"https:\/\/www.gemzse.hu\/wp-content\/uploads\/2023\/07\/gemzse-tiop-bolcsi_1.jpg\"><img loading=\"lazy\" decoding=\"async\" class=\"aligncenter size-large wp-image-1977\" src=\"https:\/\/www.gemzse.hu\/wp-content\/uploads\/2023\/07\/gemzse-tiop-bolcsi_1-1024x768.jpg\" alt=\"\" width=\"750\" height=\"563\" srcset=\"https:\/\/www.gemzse.hu\/wp-content\/uploads\/2023\/07\/gemzse-tiop-bolcsi_1-1024x768.jpg 1024w, https:\/\/www.gemzse.hu\/wp-content\/uploads\/2023\/07\/gemzse-tiop-bolcsi_1-300x225.jpg 300w, https:\/\/www.gemzse.hu\/wp-content\/uploads\/2023\/07\/gemzse-tiop-bolcsi_1-768x576.jpg 768w, https:\/\/www.gemzse.hu\/wp-content\/uploads\/2023\/07\/gemzse-tiop-bolcsi_1-750x563.jpg 750w, https:\/\/www.gemzse.hu\/wp-content\/uploads\/2023\/07\/gemzse-tiop-bolcsi_1.jpg 1386w\" sizes=\"auto, (max-width: 750px) 100vw, 750px\" \/><\/a><\/div>\n<div class=\"wp-block-image\"><a href=\"https:\/\/www.gemzse.hu\/wp-content\/uploads\/2023\/07\/gemzse-tiop-bolcsi_2.jpg\"><img loading=\"lazy\" decoding=\"async\" class=\"aligncenter size-large wp-image-1976\" src=\"https:\/\/www.gemzse.hu\/wp-content\/uploads\/2023\/07\/gemzse-tiop-bolcsi_2-1024x768.jpg\" alt=\"\" width=\"750\" height=\"563\" srcset=\"https:\/\/www.gemzse.hu\/wp-content\/uploads\/2023\/07\/gemzse-tiop-bolcsi_2-1024x768.jpg 1024w, https:\/\/www.gemzse.hu\/wp-content\/uploads\/2023\/07\/gemzse-tiop-bolcsi_2-300x225.jpg 300w, https:\/\/www.gemzse.hu\/wp-content\/uploads\/2023\/07\/gemzse-tiop-bolcsi_2-768x576.jpg 768w, https:\/\/www.gemzse.hu\/wp-content\/uploads\/2023\/07\/gemzse-tiop-bolcsi_2-750x563.jpg 750w, https:\/\/www.gemzse.hu\/wp-content\/uploads\/2023\/07\/gemzse-tiop-bolcsi_2.jpg 1386w\" sizes=\"auto, (max-width: 750px) 100vw, 750px\" \/><\/a><\/div>\n<div class=\"wp-block-image\"><a href=\"https:\/\/www.gemzse.hu\/wp-content\/uploads\/2023\/07\/gemzse-tiop-bolcsi_3.jpg\"><img loading=\"lazy\" decoding=\"async\" class=\"aligncenter size-large wp-image-1975\" src=\"https:\/\/www.gemzse.hu\/wp-content\/uploads\/2023\/07\/gemzse-tiop-bolcsi_3-1024x768.jpg\" alt=\"\" width=\"750\" height=\"563\" srcset=\"https:\/\/www.gemzse.hu\/wp-content\/uploads\/2023\/07\/gemzse-tiop-bolcsi_3-1024x768.jpg 1024w, https:\/\/www.gemzse.hu\/wp-content\/uploads\/2023\/07\/gemzse-tiop-bolcsi_3-300x225.jpg 300w, https:\/\/www.gemzse.hu\/wp-content\/uploads\/2023\/07\/gemzse-tiop-bolcsi_3-768x576.jpg 768w, https:\/\/www.gemzse.hu\/wp-content\/uploads\/2023\/07\/gemzse-tiop-bolcsi_3-750x563.jpg 750w, https:\/\/www.gemzse.hu\/wp-content\/uploads\/2023\/07\/gemzse-tiop-bolcsi_3.jpg 1386w\" sizes=\"auto, (max-width: 750px) 100vw, 750px\" \/><\/a><\/div>\n<div class=\"wp-block-image\"><a href=\"https:\/\/www.gemzse.hu\/wp-content\/uploads\/2023\/07\/gemzse-tiop-bolcsi_4.jpg\"><img loading=\"lazy\" decoding=\"async\" class=\"aligncenter size-large wp-image-1974\" src=\"https:\/\/www.gemzse.hu\/wp-content\/uploads\/2023\/07\/gemzse-tiop-bolcsi_4-1024x768.jpg\" alt=\"\" width=\"750\" height=\"563\" srcset=\"https:\/\/www.gemzse.hu\/wp-content\/uploads\/2023\/07\/gemzse-tiop-bolcsi_4-1024x768.jpg 1024w, https:\/\/www.gemzse.hu\/wp-content\/uploads\/2023\/07\/gemzse-tiop-bolcsi_4-300x225.jpg 300w, https:\/\/www.gemzse.hu\/wp-content\/uploads\/2023\/07\/gemzse-tiop-bolcsi_4-768x576.jpg 768w, https:\/\/www.gemzse.hu\/wp-content\/uploads\/2023\/07\/gemzse-tiop-bolcsi_4-750x563.jpg 750w, https:\/\/www.gemzse.hu\/wp-content\/uploads\/2023\/07\/gemzse-tiop-bolcsi_4.jpg 1386w\" sizes=\"auto, (max-width: 750px) 100vw, 750px\" \/><\/a><\/div>\n<div class=\"wp-block-image\"><a href=\"https:\/\/www.gemzse.hu\/wp-content\/uploads\/2023\/07\/gemzse-tiop-bolcsi_5.jpg\"><img loading=\"lazy\" decoding=\"async\" class=\"aligncenter size-large wp-image-1973\" src=\"https:\/\/www.gemzse.hu\/wp-content\/uploads\/2023\/07\/gemzse-tiop-bolcsi_5-1024x768.jpg\" alt=\"\" width=\"750\" height=\"563\" srcset=\"https:\/\/www.gemzse.hu\/wp-content\/uploads\/2023\/07\/gemzse-tiop-bolcsi_5-1024x768.jpg 1024w, https:\/\/www.gemzse.hu\/wp-content\/uploads\/2023\/07\/gemzse-tiop-bolcsi_5-300x225.jpg 300w, https:\/\/www.gemzse.hu\/wp-content\/uploads\/2023\/07\/gemzse-tiop-bolcsi_5-768x576.jpg 768w, https:\/\/www.gemzse.hu\/wp-content\/uploads\/2023\/07\/gemzse-tiop-bolcsi_5-750x563.jpg 750w, https:\/\/www.gemzse.hu\/wp-content\/uploads\/2023\/07\/gemzse-tiop-bolcsi_5.jpg 1386w\" sizes=\"auto, (max-width: 750px) 100vw, 750px\" \/><\/a><\/div>\n<\/div>\n<div class=\"wp-block-image\" style=\"text-align: center;\"><strong>Tov\u00e1bbi dokumentumok:<\/strong><\/div>\n<p style=\"text-align: center;\"><a href=\"https:\/\/www.gemzse.hu\/wp-content\/uploads\/2021\/08\/Kozbeszerzesi-dokumentacio-Gemzse.pdf\">K\u00f6zbeszerz\u00e9si dokument\u00e1ci\u00f3 Gemzse<\/a><\/p>\n<p style=\"text-align: center;\"><a href=\"https:\/\/www.gemzse.hu\/wp-content\/uploads\/2021\/08\/Kozbeszerzesi-tervezet.pdf\">K\u00f6zbeszerz\u00e9si tervezet<\/a><\/p>\n<p style=\"text-align: center;\"><a href=\"https:\/\/www.gemzse.hu\/wp-content\/uploads\/2021\/08\/Bolcsode-koltsegvetes.pdf\">B\u00f6lcs\u0151de k\u00f6lts\u00e9gvet\u00e9s<\/a><\/p>\n<p style=\"text-align: center;\"><a href=\"https:\/\/www.gemzse.hu\/wp-content\/uploads\/2021\/08\/Kulso-munkak-koltsegvetes.pdf\">K\u00fcls\u0151 munk\u00e1k k\u00f6lts\u00e9gvet\u00e9s<\/a><\/p>\n<p><a href=\"https:\/\/www.gemzse.hu\/wp-content\/uploads\/2022\/04\/ERFA-logo.jpg\"><img loading=\"lazy\" decoding=\"async\" class=\"size-full wp-image-1905 alignright\" src=\"https:\/\/www.gemzse.hu\/wp-content\/uploads\/2022\/04\/ERFA-logo.jpg\" alt=\"\" width=\"340\" height=\"235\" srcset=\"https:\/\/www.gemzse.hu\/wp-content\/uploads\/2022\/04\/ERFA-logo.jpg 340w, https:\/\/www.gemzse.hu\/wp-content\/uploads\/2022\/04\/ERFA-logo-300x207.jpg 300w\" sizes=\"auto, (max-width: 340px) 100vw, 340px\" \/><\/a><\/p>\n","protected":false},"excerpt":{"rendered":"<p>\u201eMini b\u00f6lcs\u0151de kialak\u00edt\u00e1sa Gemzs\u00e9n\u201d TOP-1.4.1-19-SB1-2019-00030 Kedvezm\u00e9nyezett neve: Gemzse K\u00f6zs\u00e9g \u00d6nkorm\u00e1nyzataProjekt azonos\u00edt\u00f3sz\u00e1ma: TOP-1.4.1-19-SB1-2019-00030Projekt c\u00edme: Mini b\u00f6lcs\u0151de kialak\u00edt\u00e1sa Gemzs\u00e9nT\u00e1mogat\u00e1s \u00f6sszege: \u00a0 149 999\u00a0990 FtT\u00e1mogat\u00e1s intenzit\u00e1sa: 100%A projekt fizikai befejez\u00e9se: 2023.03.31. Gemzse K\u00f6zs\u00e9g \u00d6nkorm\u00e1nyzat\u00e1nak c\u00e9lja egy \u00faj mini b\u00f6lcs\u0151dei int\u00e9zm\u00e9ny, szolg\u00e1ltat\u00e1s kialak\u00edt\u00e1sa volt. Ennek a keretein bel\u00fcl egy megl\u00e9v\u0151 \u00e9p\u00fclet b\u0151v\u00edt\u00e9se, fel\u00faj\u00edt\u00e1sa, korszer\u0171s\u00edt\u00e9se val\u00f3sult meg. A fel\u00faj\u00edtott \u00e9p\u00fcletben &hellip; <\/p>\n<p><a class=\"more-link btn\" href=\"https:\/\/www.gemzse.hu\/?page_id=1883\">Olvass tov\u00e1bb<\/a><\/p>\n","protected":false},"author":1,"featured_media":0,"parent":2274,"menu_order":0,"comment_status":"closed","ping_status":"closed","template":"","meta":{"footnotes":""},"class_list":["post-1883","page","type-page","status-publish","hentry","nodate","item-wrap"],"_links":{"self":[{"href":"https:\/\/www.gemzse.hu\/index.php?rest_route=\/wp\/v2\/pages\/1883","targetHints":{"allow":["GET"]}}],"collection":[{"href":"https:\/\/www.gemzse.hu\/index.php?rest_route=\/wp\/v2\/pages"}],"about":[{"href":"https:\/\/www.gemzse.hu\/index.php?rest_route=\/wp\/v2\/types\/page"}],"author":[{"embeddable":true,"href":"https:\/\/www.gemzse.hu\/index.php?rest_route=\/wp\/v2\/users\/1"}],"replies":[{"embeddable":true,"href":"https:\/\/www.gemzse.hu\/index.php?rest_route=%2Fwp%2Fv2%2Fcomments&post=1883"}],"version-history":[{"count":7,"href":"https:\/\/www.gemzse.hu\/index.php?rest_route=\/wp\/v2\/pages\/1883\/revisions"}],"predecessor-version":[{"id":1980,"href":"https:\/\/www.gemzse.hu\/index.php?rest_route=\/wp\/v2\/pages\/1883\/revisions\/1980"}],"up":[{"embeddable":true,"href":"https:\/\/www.gemzse.hu\/index.php?rest_route=\/wp\/v2\/pages\/2274"}],"wp:attachment":[{"href":"https:\/\/www.gemzse.hu\/index.php?rest_route=%2Fwp%2Fv2%2Fmedia&parent=1883"}],"curies":[{"name":"wp","href":"https:\/\/api.w.org\/{rel}","templated":true}]}}