{"id":1897,"date":"2021-10-26T23:16:12","date_gmt":"2021-10-26T21:16:12","guid":{"rendered":"http:\/\/www.gemzse.hu\/?page_id=1897"},"modified":"2021-10-26T23:16:12","modified_gmt":"2021-10-26T21:16:12","slug":"magyar-falu-program-orvosi-eszkozok-beszerzese-zaro-szakmai-beszamolo","status":"publish","type":"page","link":"https:\/\/www.gemzse.hu\/?page_id=1897","title":{"rendered":"Magyar Falu Program &#8211; Orvosi eszk\u00f6z\u00f6k beszerz\u00e9se (Z\u00e1r\u00f3 szakmai besz\u00e1mol\u00f3)"},"content":{"rendered":"\n<p><a href=\"https:\/\/www.gemzse.hu\/wp-content\/uploads\/2021\/10\/Zaro-szakmai-beszamolo.pdf\" target=\"_blank\" rel=\"noopener\">Magyar Falu Program &#8211; Orvosi eszk\u00f6z\u00f6k beszerz\u00e9se (Z\u00e1r\u00f3 szakmai besz\u00e1mol\u00f3)<\/a><\/p>\n<p><a href=\"https:\/\/www.gemzse.hu\/wp-content\/uploads\/2021\/10\/Zaro-szakmai-beszamolo_1.jpg\"><img loading=\"lazy\" decoding=\"async\" class=\"aligncenter size-full wp-image-1898\" src=\"https:\/\/www.gemzse.hu\/wp-content\/uploads\/2021\/10\/Zaro-szakmai-beszamolo_1.jpg\" alt=\"\" width=\"1654\" height=\"2338\" srcset=\"https:\/\/www.gemzse.hu\/wp-content\/uploads\/2021\/10\/Zaro-szakmai-beszamolo_1.jpg 1654w, https:\/\/www.gemzse.hu\/wp-content\/uploads\/2021\/10\/Zaro-szakmai-beszamolo_1-212x300.jpg 212w, https:\/\/www.gemzse.hu\/wp-content\/uploads\/2021\/10\/Zaro-szakmai-beszamolo_1-724x1024.jpg 724w, https:\/\/www.gemzse.hu\/wp-content\/uploads\/2021\/10\/Zaro-szakmai-beszamolo_1-768x1086.jpg 768w, https:\/\/www.gemzse.hu\/wp-content\/uploads\/2021\/10\/Zaro-szakmai-beszamolo_1-1087x1536.jpg 1087w, https:\/\/www.gemzse.hu\/wp-content\/uploads\/2021\/10\/Zaro-szakmai-beszamolo_1-1449x2048.jpg 1449w, https:\/\/www.gemzse.hu\/wp-content\/uploads\/2021\/10\/Zaro-szakmai-beszamolo_1-750x1060.jpg 750w\" sizes=\"auto, (max-width: 1654px) 100vw, 1654px\" \/><\/a><a href=\"https:\/\/www.gemzse.hu\/wp-content\/uploads\/2021\/10\/Zaro-szakmai-beszamolo_2.jpg\"><img loading=\"lazy\" decoding=\"async\" class=\"aligncenter size-full wp-image-1899\" src=\"https:\/\/www.gemzse.hu\/wp-content\/uploads\/2021\/10\/Zaro-szakmai-beszamolo_2.jpg\" alt=\"\" width=\"1654\" height=\"2338\" srcset=\"https:\/\/www.gemzse.hu\/wp-content\/uploads\/2021\/10\/Zaro-szakmai-beszamolo_2.jpg 1654w, https:\/\/www.gemzse.hu\/wp-content\/uploads\/2021\/10\/Zaro-szakmai-beszamolo_2-212x300.jpg 212w, https:\/\/www.gemzse.hu\/wp-content\/uploads\/2021\/10\/Zaro-szakmai-beszamolo_2-724x1024.jpg 724w, https:\/\/www.gemzse.hu\/wp-content\/uploads\/2021\/10\/Zaro-szakmai-beszamolo_2-768x1086.jpg 768w, https:\/\/www.gemzse.hu\/wp-content\/uploads\/2021\/10\/Zaro-szakmai-beszamolo_2-1087x1536.jpg 1087w, https:\/\/www.gemzse.hu\/wp-content\/uploads\/2021\/10\/Zaro-szakmai-beszamolo_2-1449x2048.jpg 1449w, https:\/\/www.gemzse.hu\/wp-content\/uploads\/2021\/10\/Zaro-szakmai-beszamolo_2-750x1060.jpg 750w\" sizes=\"auto, (max-width: 1654px) 100vw, 1654px\" \/><\/a><\/p>\n<p>\u00a0<\/p>\n","protected":false},"excerpt":{"rendered":"","protected":false},"author":1,"featured_media":0,"parent":0,"menu_order":0,"comment_status":"closed","ping_status":"closed","template":"","meta":{"footnotes":""},"class_list":["post-1897","page","type-page","status-publish","hentry","nodate","item-wrap"],"_links":{"self":[{"href":"https:\/\/www.gemzse.hu\/index.php?rest_route=\/wp\/v2\/pages\/1897","targetHints":{"allow":["GET"]}}],"collection":[{"href":"https:\/\/www.gemzse.hu\/index.php?rest_route=\/wp\/v2\/pages"}],"about":[{"href":"https:\/\/www.gemzse.hu\/index.php?rest_route=\/wp\/v2\/types\/page"}],"author":[{"embeddable":true,"href":"https:\/\/www.gemzse.hu\/index.php?rest_route=\/wp\/v2\/users\/1"}],"replies":[{"embeddable":true,"href":"https:\/\/www.gemzse.hu\/index.php?rest_route=%2Fwp%2Fv2%2Fcomments&post=1897"}],"version-history":[{"count":1,"href":"https:\/\/www.gemzse.hu\/index.php?rest_route=\/wp\/v2\/pages\/1897\/revisions"}],"predecessor-version":[{"id":1900,"href":"https:\/\/www.gemzse.hu\/index.php?rest_route=\/wp\/v2\/pages\/1897\/revisions\/1900"}],"wp:attachment":[{"href":"https:\/\/www.gemzse.hu\/index.php?rest_route=%2Fwp%2Fv2%2Fmedia&parent=1897"}],"curies":[{"name":"wp","href":"https:\/\/api.w.org\/{rel}","templated":true}]}}