{"id":1920,"date":"2022-10-19T12:48:49","date_gmt":"2022-10-19T10:48:49","guid":{"rendered":"http:\/\/www.gemzse.hu\/?page_id=1920"},"modified":"2022-10-19T13:01:46","modified_gmt":"2022-10-19T11:01:46","slug":"kozossegszervezeshez-kapcsolodo-zaro-szakmai-beszamolo","status":"publish","type":"page","link":"https:\/\/www.gemzse.hu\/?page_id=1920","title":{"rendered":"K\u00f6z\u00f6ss\u00e9gszervez\u00e9shez kapcsol\u00f3d\u00f3 &#8230;(z\u00e1r\u00f3 szakmai besz\u00e1mol\u00f3)"},"content":{"rendered":"\n<p>K\u00f6z\u00f6ss\u00e9gszervez\u00e9shez kapcsol\u00f3d\u00f3 eszk\u00f6zbeszerz\u00e9s \u00e9s k\u00f6z\u00f6ss\u00e9gszervez\u0151 b\u00e9rt\u00e1mogat\u00e1sa (z\u00e1r\u00f3 szakmai besz\u00e1mol\u00f3)<\/p>\n<p><a href=\"https:\/\/www.gemzse.hu\/wp-content\/uploads\/2022\/10\/Zaro-szakmai-beszamolo-KEB.pdf\"><img loading=\"lazy\" decoding=\"async\" class=\"aligncenter size-full wp-image-1923\" src=\"https:\/\/www.gemzse.hu\/wp-content\/uploads\/2022\/10\/Zaro-szakmai-beszamolo_b1.jpg\" alt=\"\" width=\"1419\" height=\"2085\" srcset=\"https:\/\/www.gemzse.hu\/wp-content\/uploads\/2022\/10\/Zaro-szakmai-beszamolo_b1.jpg 1419w, https:\/\/www.gemzse.hu\/wp-content\/uploads\/2022\/10\/Zaro-szakmai-beszamolo_b1-204x300.jpg 204w, https:\/\/www.gemzse.hu\/wp-content\/uploads\/2022\/10\/Zaro-szakmai-beszamolo_b1-697x1024.jpg 697w, https:\/\/www.gemzse.hu\/wp-content\/uploads\/2022\/10\/Zaro-szakmai-beszamolo_b1-768x1128.jpg 768w, https:\/\/www.gemzse.hu\/wp-content\/uploads\/2022\/10\/Zaro-szakmai-beszamolo_b1-1045x1536.jpg 1045w, https:\/\/www.gemzse.hu\/wp-content\/uploads\/2022\/10\/Zaro-szakmai-beszamolo_b1-1394x2048.jpg 1394w, https:\/\/www.gemzse.hu\/wp-content\/uploads\/2022\/10\/Zaro-szakmai-beszamolo_b1-750x1102.jpg 750w\" sizes=\"auto, (max-width: 1419px) 100vw, 1419px\" \/><\/a><br \/><a href=\"https:\/\/www.gemzse.hu\/wp-content\/uploads\/2022\/10\/Zaro-szakmai-beszamolo-KEB.pdf\"><img loading=\"lazy\" decoding=\"async\" class=\"aligncenter size-full wp-image-1924\" src=\"https:\/\/www.gemzse.hu\/wp-content\/uploads\/2022\/10\/Zaro-szakmai-beszamolo_b2.jpg\" alt=\"\" width=\"1426\" height=\"1973\" srcset=\"https:\/\/www.gemzse.hu\/wp-content\/uploads\/2022\/10\/Zaro-szakmai-beszamolo_b2.jpg 1426w, https:\/\/www.gemzse.hu\/wp-content\/uploads\/2022\/10\/Zaro-szakmai-beszamolo_b2-217x300.jpg 217w, https:\/\/www.gemzse.hu\/wp-content\/uploads\/2022\/10\/Zaro-szakmai-beszamolo_b2-740x1024.jpg 740w, https:\/\/www.gemzse.hu\/wp-content\/uploads\/2022\/10\/Zaro-szakmai-beszamolo_b2-768x1063.jpg 768w, https:\/\/www.gemzse.hu\/wp-content\/uploads\/2022\/10\/Zaro-szakmai-beszamolo_b2-1110x1536.jpg 1110w, https:\/\/www.gemzse.hu\/wp-content\/uploads\/2022\/10\/Zaro-szakmai-beszamolo_b2-750x1038.jpg 750w\" sizes=\"auto, (max-width: 1426px) 100vw, 1426px\" \/><\/a><\/p>\n","protected":false},"excerpt":{"rendered":"","protected":false},"author":1,"featured_media":0,"parent":0,"menu_order":0,"comment_status":"closed","ping_status":"closed","template":"","meta":{"footnotes":""},"class_list":["post-1920","page","type-page","status-publish","hentry","nodate","item-wrap"],"_links":{"self":[{"href":"https:\/\/www.gemzse.hu\/index.php?rest_route=\/wp\/v2\/pages\/1920","targetHints":{"allow":["GET"]}}],"collection":[{"href":"https:\/\/www.gemzse.hu\/index.php?rest_route=\/wp\/v2\/pages"}],"about":[{"href":"https:\/\/www.gemzse.hu\/index.php?rest_route=\/wp\/v2\/types\/page"}],"author":[{"embeddable":true,"href":"https:\/\/www.gemzse.hu\/index.php?rest_route=\/wp\/v2\/users\/1"}],"replies":[{"embeddable":true,"href":"https:\/\/www.gemzse.hu\/index.php?rest_route=%2Fwp%2Fv2%2Fcomments&post=1920"}],"version-history":[{"count":2,"href":"https:\/\/www.gemzse.hu\/index.php?rest_route=\/wp\/v2\/pages\/1920\/revisions"}],"predecessor-version":[{"id":1927,"href":"https:\/\/www.gemzse.hu\/index.php?rest_route=\/wp\/v2\/pages\/1920\/revisions\/1927"}],"wp:attachment":[{"href":"https:\/\/www.gemzse.hu\/index.php?rest_route=%2Fwp%2Fv2%2Fmedia&parent=1920"}],"curies":[{"name":"wp","href":"https:\/\/api.w.org\/{rel}","templated":true}]}}