{"id":1929,"date":"2022-12-06T14:56:22","date_gmt":"2022-12-06T13:56:22","guid":{"rendered":"http:\/\/www.gemzse.hu\/?page_id=1929"},"modified":"2022-12-10T14:59:45","modified_gmt":"2022-12-10T13:59:45","slug":"magyar-falu-program-onkormanyzati-jardaepites-felujitasa-2022","status":"publish","type":"page","link":"https:\/\/www.gemzse.hu\/?page_id=1929","title":{"rendered":"\u00d6nkorm\u00e1nyzati j\u00e1rda\u00e9p\u00edt\u00e9s\/fel\u00faj\u00edt\u00e1sa -2022"},"content":{"rendered":"\n\n\n<p>&nbsp;<\/p>\n<table style=\"border-collapse: collapse; width: 100%;\">\n<tbody>\n<tr>\n<td style=\"width: 50%;\">Gemzse K\u00f6zs\u00e9g \u00d6nkorm\u00e1nyzata<br>4567 Gemzse, Kossuth utca 36.<br>15442143-2-15<br>MFP-BJA\/2022<\/td>\n<td style=\"width: 50%; text-align: right;\">\n<div class=\"wp-block-image\"><a href=\"https:\/\/www.gemzse.hu\/wp-content\/uploads\/2021\/02\/MFPlogo.jpg\"><img loading=\"lazy\" decoding=\"async\" class=\"wp-image-1829 size-thumbnail alignright\" src=\"https:\/\/www.gemzse.hu\/wp-content\/uploads\/2021\/02\/MFPlogo-150x150.jpg\" alt=\"\" width=\"150\" height=\"150\"><\/a><\/div>\n<\/td>\n<\/tr>\n<\/tbody>\n<\/table>\n<p>Magyar Falu Program &#8211; \u00d6nkorm\u00e1nyzati j\u00e1rda\u00e9p\u00edt\u00e9s\/fel\u00faj\u00edt\u00e1sa -2022<\/p>\n<p><strong>T\u00e1mogat\u00f3i okirat iratazonos\u00edt\u00f3:&nbsp; &nbsp; <\/strong>3346298029<br><strong>T\u00e1mogat\u00e1si \u00f6sszeg:&nbsp; &nbsp; &nbsp; &nbsp; &nbsp; &nbsp; &nbsp; &nbsp; &nbsp; &nbsp; &nbsp; &nbsp; &nbsp; &nbsp; &nbsp; &nbsp; <\/strong>9 055 167 Ft<br><strong>T\u00e1mogat\u00e1si intenzit\u00e1s:&nbsp; &nbsp; &nbsp; &nbsp; &nbsp; &nbsp; &nbsp; &nbsp; &nbsp; &nbsp; &nbsp; &nbsp; <\/strong>100 %<br><strong>Projekt fizikai z\u00e1r\u00e1sa:&nbsp; &nbsp; &nbsp; &nbsp; &nbsp; &nbsp; &nbsp; &nbsp; &nbsp; &nbsp; &nbsp; &nbsp; &nbsp; <\/strong>2022. november 14.<\/p>\n<p>&nbsp;<\/p>\n<p>Gemzse K\u00f6zs\u00e9g \u00d6nkorm\u00e1nyzata a Magyar Falu Program \u00f6nkorm\u00e1nyzati j\u00e1rda\u00e9p\u00edt\u00e9s\/fel\u00faj\u00edt\u00e1sa -2022 megnevez\u00e9s\u0171 alprogram keret\u00e9ben nyert 9&nbsp;055 167 Ft t\u00e1mogat\u00e1st, melynek seg\u00edts\u00e9g\u00e9vel az \u00d6nkorm\u00e1nyzat tulajdon\u00e1ban l\u00e9v\u0151 4567 Gemzse, Kossuth utca 219. helyrajzi sz\u00e1m\u00fa szakasz\u00e1n 828 m\u00e9ter j\u00e1rda fel\u00faj\u00edt\u00e1sa val\u00f3sult meg.<\/p>\n<p>Ezen t\u00e1mogat\u00e1si k\u00e9relem beny\u00fajt\u00e1sakor c\u00e9lunk az volt a Kossuth utca meghat\u00e1rozott szakasz\u00e1n olyan j\u00e1rda ker\u00fclj\u00f6n \u00e9p\u00edt\u00e9sre, amely biztos\u00edtja a biztons\u00e1gos k\u00f6zleked\u00e9st az itt \u00e9l\u0151k \u00e9s idet\u00e9r\u0151 l\u00e1togat\u00f3k r\u00e9sz\u00e9re. &nbsp;A fejleszt\u00e9sek \u00e1ltal egy vonz\u00f3bb telep\u00fcl\u00e9s legy\u00fcnk, valamint kistelep\u00fcl\u00e9sk\u00e9nt is egy \u00e9lhet\u0151, fejlett k\u00f6zs\u00e9get biztos\u00edtsunk lakosaink sz\u00e1m\u00e1ra. Kiemelten fontos volt, hogy a lakosok sz\u00e1m\u00e1ra biztos\u00edtsuk a biztons\u00e1gos k\u00f6zleked\u00e9st, tov\u00e1bb\u00e1 a k\u00f6zs\u00e9gen \u00e1thalad\u00f3k is egy rendezett \u00e1polt telep\u00fcl\u00e9st l\u00e1thatnak.<\/p>\n<p>A j\u00e1rda\u00e9p\u00edt\u00e9s t\u00e1j\u00e9koztat\u00e1s\u00e1t a k\u00f6zs\u00e9gh\u00e1z\u00e1n kihelyezett t\u00e1mogat\u00f3i t\u00e1bla \u00e9s a k\u00f6zs\u00e9g weboldal\u00e1n l\u00e9v\u0151 p\u00e1ly\u00e1zati t\u00e1j\u00e9koztat\u00f3 biztos\u00edtja.<\/p>\n","protected":false},"excerpt":{"rendered":"","protected":false},"author":1,"featured_media":0,"parent":1873,"menu_order":0,"comment_status":"closed","ping_status":"closed","template":"","meta":{"footnotes":""},"class_list":["post-1929","page","type-page","status-publish","hentry","nodate","item-wrap"],"_links":{"self":[{"href":"https:\/\/www.gemzse.hu\/index.php?rest_route=\/wp\/v2\/pages\/1929","targetHints":{"allow":["GET"]}}],"collection":[{"href":"https:\/\/www.gemzse.hu\/index.php?rest_route=\/wp\/v2\/pages"}],"about":[{"href":"https:\/\/www.gemzse.hu\/index.php?rest_route=\/wp\/v2\/types\/page"}],"author":[{"embeddable":true,"href":"https:\/\/www.gemzse.hu\/index.php?rest_route=\/wp\/v2\/users\/1"}],"replies":[{"embeddable":true,"href":"https:\/\/www.gemzse.hu\/index.php?rest_route=%2Fwp%2Fv2%2Fcomments&post=1929"}],"version-history":[{"count":2,"href":"https:\/\/www.gemzse.hu\/index.php?rest_route=\/wp\/v2\/pages\/1929\/revisions"}],"predecessor-version":[{"id":1932,"href":"https:\/\/www.gemzse.hu\/index.php?rest_route=\/wp\/v2\/pages\/1929\/revisions\/1932"}],"up":[{"embeddable":true,"href":"https:\/\/www.gemzse.hu\/index.php?rest_route=\/wp\/v2\/pages\/1873"}],"wp:attachment":[{"href":"https:\/\/www.gemzse.hu\/index.php?rest_route=%2Fwp%2Fv2%2Fmedia&parent=1929"}],"curies":[{"name":"wp","href":"https:\/\/api.w.org\/{rel}","templated":true}]}}