{"id":1934,"date":"2023-02-13T23:36:08","date_gmt":"2023-02-13T22:36:08","guid":{"rendered":"http:\/\/www.gemzse.hu\/?page_id=1934"},"modified":"2023-02-14T00:45:09","modified_gmt":"2023-02-13T23:45:09","slug":"hogyan-segit-az-ugyelet","status":"publish","type":"page","link":"https:\/\/www.gemzse.hu\/?page_id=1934","title":{"rendered":"HOGYAN SEG\u00cdT AZ \u00dcGYELET?"},"content":{"rendered":"\n<h2 class=\"wp-block-image\" style=\"text-align: center;\"><span style=\"color: #ff0000;\"><strong> 2023. m\u00e1rcius 1. napj\u00e1t\u00f3l<\/strong><\/span><a href=\"https:\/\/www.gemzse.hu\/wp-content\/uploads\/2023\/02\/OMSZ_Ugyeletiszolgalat_hirdetes_Szabolcs-Sz-B_FINAL.pdf\" target=\"_blank\" rel=\"noopener\"><br \/><img loading=\"lazy\" decoding=\"async\" class=\"aligncenter size-full wp-image-1935\" src=\"https:\/\/www.gemzse.hu\/wp-content\/uploads\/2023\/02\/OMSZ_Ugyeletiszolgalat_hirdetes_Szabolcs-Sz-B_FINAL1-scaled.jpg\" alt=\"\" width=\"1809\" height=\"2560\" srcset=\"https:\/\/www.gemzse.hu\/wp-content\/uploads\/2023\/02\/OMSZ_Ugyeletiszolgalat_hirdetes_Szabolcs-Sz-B_FINAL1-scaled.jpg 1809w, https:\/\/www.gemzse.hu\/wp-content\/uploads\/2023\/02\/OMSZ_Ugyeletiszolgalat_hirdetes_Szabolcs-Sz-B_FINAL1-212x300.jpg 212w, https:\/\/www.gemzse.hu\/wp-content\/uploads\/2023\/02\/OMSZ_Ugyeletiszolgalat_hirdetes_Szabolcs-Sz-B_FINAL1-724x1024.jpg 724w, https:\/\/www.gemzse.hu\/wp-content\/uploads\/2023\/02\/OMSZ_Ugyeletiszolgalat_hirdetes_Szabolcs-Sz-B_FINAL1-768x1087.jpg 768w, https:\/\/www.gemzse.hu\/wp-content\/uploads\/2023\/02\/OMSZ_Ugyeletiszolgalat_hirdetes_Szabolcs-Sz-B_FINAL1-1085x1536.jpg 1085w, https:\/\/www.gemzse.hu\/wp-content\/uploads\/2023\/02\/OMSZ_Ugyeletiszolgalat_hirdetes_Szabolcs-Sz-B_FINAL1-1447x2048.jpg 1447w, https:\/\/www.gemzse.hu\/wp-content\/uploads\/2023\/02\/OMSZ_Ugyeletiszolgalat_hirdetes_Szabolcs-Sz-B_FINAL1-750x1061.jpg 750w\" sizes=\"auto, (max-width: 1809px) 100vw, 1809px\" \/><\/a><\/h2>\n","protected":false},"excerpt":{"rendered":"","protected":false},"author":1,"featured_media":0,"parent":0,"menu_order":0,"comment_status":"closed","ping_status":"closed","template":"","meta":{"footnotes":""},"class_list":["post-1934","page","type-page","status-publish","hentry","nodate","item-wrap"],"_links":{"self":[{"href":"https:\/\/www.gemzse.hu\/index.php?rest_route=\/wp\/v2\/pages\/1934","targetHints":{"allow":["GET"]}}],"collection":[{"href":"https:\/\/www.gemzse.hu\/index.php?rest_route=\/wp\/v2\/pages"}],"about":[{"href":"https:\/\/www.gemzse.hu\/index.php?rest_route=\/wp\/v2\/types\/page"}],"author":[{"embeddable":true,"href":"https:\/\/www.gemzse.hu\/index.php?rest_route=\/wp\/v2\/users\/1"}],"replies":[{"embeddable":true,"href":"https:\/\/www.gemzse.hu\/index.php?rest_route=%2Fwp%2Fv2%2Fcomments&post=1934"}],"version-history":[{"count":3,"href":"https:\/\/www.gemzse.hu\/index.php?rest_route=\/wp\/v2\/pages\/1934\/revisions"}],"predecessor-version":[{"id":1955,"href":"https:\/\/www.gemzse.hu\/index.php?rest_route=\/wp\/v2\/pages\/1934\/revisions\/1955"}],"wp:attachment":[{"href":"https:\/\/www.gemzse.hu\/index.php?rest_route=%2Fwp%2Fv2%2Fmedia&parent=1934"}],"curies":[{"name":"wp","href":"https:\/\/api.w.org\/{rel}","templated":true}]}}