{"id":1984,"date":"2023-10-26T22:56:56","date_gmt":"2023-10-26T20:56:56","guid":{"rendered":"http:\/\/www.gemzse.hu\/?page_id=1984"},"modified":"2023-10-26T23:03:58","modified_gmt":"2023-10-26T21:03:58","slug":"ut-hid-kerekparforgalmi-letesitmeny-epitese-felujitasa-2021","status":"publish","type":"page","link":"https:\/\/www.gemzse.hu\/?page_id=1984","title":{"rendered":"\u00dat, h\u00edd, ker\u00e9kp\u00e1rforgalmi l\u00e9tes\u00edtm\u00e9ny \u00e9p\u00edt\u00e9se\/fel\u00faj\u00edt\u00e1sa &#8211; 2021."},"content":{"rendered":"\n<div class=\"wp-block-image\"><a href=\"https:\/\/www.gemzse.hu\/wp-content\/uploads\/2023\/10\/Tamogatoi-okirat-MFP-UHK-2021.pdf\"><img loading=\"lazy\" decoding=\"async\" class=\"aligncenter size-large wp-image-1986\" src=\"https:\/\/www.gemzse.hu\/wp-content\/uploads\/2023\/10\/Tamogatoi-okirat-MFP-UHK-2021_mf-724x1024.jpg\" alt=\"\" width=\"724\" height=\"1024\" srcset=\"https:\/\/www.gemzse.hu\/wp-content\/uploads\/2023\/10\/Tamogatoi-okirat-MFP-UHK-2021_mf-724x1024.jpg 724w, https:\/\/www.gemzse.hu\/wp-content\/uploads\/2023\/10\/Tamogatoi-okirat-MFP-UHK-2021_mf-212x300.jpg 212w, https:\/\/www.gemzse.hu\/wp-content\/uploads\/2023\/10\/Tamogatoi-okirat-MFP-UHK-2021_mf-768x1087.jpg 768w, https:\/\/www.gemzse.hu\/wp-content\/uploads\/2023\/10\/Tamogatoi-okirat-MFP-UHK-2021_mf-1085x1536.jpg 1085w, https:\/\/www.gemzse.hu\/wp-content\/uploads\/2023\/10\/Tamogatoi-okirat-MFP-UHK-2021_mf-1447x2048.jpg 1447w, https:\/\/www.gemzse.hu\/wp-content\/uploads\/2023\/10\/Tamogatoi-okirat-MFP-UHK-2021_mf-750x1061.jpg 750w, https:\/\/www.gemzse.hu\/wp-content\/uploads\/2023\/10\/Tamogatoi-okirat-MFP-UHK-2021_mf-scaled.jpg 1809w\" sizes=\"auto, (max-width: 724px) 100vw, 724px\" \/><\/a><\/div>\n<div><a href=\"https:\/\/www.gemzse.hu\/wp-content\/uploads\/2023\/10\/Tamogatoi-okirat-MFP-UHK-2021.pdf\">Teljes dokumentum let\u00f6lt\u00e9se<\/a><\/div>\n","protected":false},"excerpt":{"rendered":"","protected":false},"author":1,"featured_media":0,"parent":0,"menu_order":0,"comment_status":"closed","ping_status":"closed","template":"","meta":{"footnotes":""},"class_list":["post-1984","page","type-page","status-publish","hentry","nodate","item-wrap"],"_links":{"self":[{"href":"https:\/\/www.gemzse.hu\/index.php?rest_route=\/wp\/v2\/pages\/1984","targetHints":{"allow":["GET"]}}],"collection":[{"href":"https:\/\/www.gemzse.hu\/index.php?rest_route=\/wp\/v2\/pages"}],"about":[{"href":"https:\/\/www.gemzse.hu\/index.php?rest_route=\/wp\/v2\/types\/page"}],"author":[{"embeddable":true,"href":"https:\/\/www.gemzse.hu\/index.php?rest_route=\/wp\/v2\/users\/1"}],"replies":[{"embeddable":true,"href":"https:\/\/www.gemzse.hu\/index.php?rest_route=%2Fwp%2Fv2%2Fcomments&post=1984"}],"version-history":[{"count":2,"href":"https:\/\/www.gemzse.hu\/index.php?rest_route=\/wp\/v2\/pages\/1984\/revisions"}],"predecessor-version":[{"id":1994,"href":"https:\/\/www.gemzse.hu\/index.php?rest_route=\/wp\/v2\/pages\/1984\/revisions\/1994"}],"wp:attachment":[{"href":"https:\/\/www.gemzse.hu\/index.php?rest_route=%2Fwp%2Fv2%2Fmedia&parent=1984"}],"curies":[{"name":"wp","href":"https:\/\/api.w.org\/{rel}","templated":true}]}}