{"id":2,"date":"2015-01-13T18:34:23","date_gmt":"2015-01-13T17:34:23","guid":{"rendered":"http:\/\/www.gemzse.hu\/?page_id=2"},"modified":"2025-02-14T15:17:44","modified_gmt":"2025-02-14T14:17:44","slug":"ez-egy-minta-oldal","status":"publish","type":"page","link":"https:\/\/www.gemzse.hu\/?page_id=2","title":{"rendered":"Bemutatkoz\u00e1s"},"content":{"rendered":"<h2>A telep\u00fcl\u00e9s elhelyezked\u00e9se:<\/h2>\n<p style=\"padding-left: 30px; text-align: justify;\">Az \u00c9szakkelet-Ny\u00edrs\u00e9g k\u00f6z\u00e9ps\u0151 r\u00e9sz\u00e9n tal\u00e1lhat\u00f3, V\u00e1s\u00e1rosnam\u00e9nyt\u00f3l 11 km-re nyugat-\u00e9szaknyugatra, Kisv\u00e1rd\u00e1t\u00f3l 15 km-re d\u00e9lkeletre.<\/p>\n<table class=\" aligncenter\" style=\"width: 100%;\">\n<tbody>\n<tr>\n<td><iframe loading=\"lazy\" style=\"border: 0;\" src=\"https:\/\/www.google.com\/maps\/embed?pb=!1m18!1m12!1m3!1d42595.73636155116!2d22.1974084!3d48.144303!2m3!1f0!2f0!3f0!3m2!1i1024!2i768!4f13.1!3m3!1m2!1s0x47388c9177dedaf1%3A0xece32d3ee05d6219!2sGemzse!5e0!3m2!1shu!2shu!4v1421950599284\" width=\"600\" height=\"450\" frameborder=\"0\"><\/iframe><\/td>\n<\/tr>\n<\/tbody>\n<\/table>\n<h2>A telep\u00fcl\u00e9s t\u00f6rt\u00e9nete:<\/h2>\n<p style=\"text-align: justify;\">B\u00e1r neve szem\u00e9lyn\u00e9vi eredet\u0171, m\u00e9gis k\u00e9s\u0151n, a XIV. sz\u00e1zad m\u00e1sodik fel\u00e9ben t\u0171nt fel, az oklevelekben el\u0151sz\u00f6r 1347-ben: <b>Konaki P\u00e9ter fia Istv\u00e1n<\/b> Gemzse fel\u00e9t, &#8222;\u201emelyben egy <i>Szent Bertalan<\/i> tisztelet\u00e9re f\u00e1b\u00f3l \u00e9p\u00fclt k\u00e1polna \u00e1ll\u201d, m\u00e1s birtokaival egy\u00fctt eladta 2500 fr-\u00e9rt <b>K\u00e1llai L\u00e1szl\u00f3<\/b> fiainak. A <b>K\u00e1llayak<\/b> m\u00e9g a sz\u00e1zad v\u00e9g\u00e9n is birtokolt\u00e1k.<\/p>\n<p style=\"text-align: justify;\">1426-ban a Losonczy, 1440-ben pedig a rozs\u00e1lyi K\u00fan \u00e9s a Kusalyi Jakcs csal\u00e1d is birtokosa volt.<\/p>\n<p style=\"text-align: justify;\">A K\u00e1rolyi csal\u00e1d itteni birtokl\u00e1s\u00e1t 1444-ben eml\u00edtik el\u0151sz\u00f6r az oklevelek. A birtokl\u00e1s jogc\u00edm\u00e9t <b>K\u00e1rolyi Bertalann\u00e9 K\u00f6lcsei Mikl\u00f3si Krisztina<\/b> hozom\u00e1nya adta.<\/p>\n<p style=\"text-align: justify;\">\u00dagy l\u00e1tszik, ekkor m\u00e1r egy kor\u00e1bban elpusztult falu \u2013 Cs\u00f3katelek \u2013 is hozz\u00e1 tartozott.<\/p>\n<p style=\"text-align: justify;\">A 16. sz\u00e1zad elej\u00e9n K\u00e1rolyi Istv\u00e1n itteni birtok\u00e1t Per\u00e9nyi G\u00e1bornak, K\u00e1rolyi Lanc L\u00e1szl\u00f3 pedig Dr\u00e1gffy J\u00e1nosnak adta el, de 1530-ban\u00a0J\u00e1nos kir\u00e1ly a Ferdin\u00e1ndhoz p\u00e1rtolt Kenderessy L\u00e1szl\u00f3 itteni birtokr\u00e9sz\u00e9t K\u00e1rolyi Lanc Zsigmondnak adom\u00e1nyozta, \u00edgy a csal\u00e1d birtokl\u00e1sa nem sz\u0171nt meg.<\/p>\n<p style=\"text-align: justify;\">A 16. sz\u00e1zad k\u00f6zep\u00e9n kis n\u00e9pess\u00e9g\u0171 hely lehetett, mert 1556-ban 13 tizedfizet\u0151 h\u00e1ztart\u00e1sa alapj\u00e1n 65-70 lak\u00f3ja volt.<\/p>\n<p style=\"text-align: justify;\">Ibr\u00e1nyi Ferenc alisp\u00e1n itteni birtokr\u00e9sz\u00e9t a megye seg\u00edts\u00e9g\u00e9vel szerezte, ez\u00e9rt a hal\u00e1la ut\u00e1n Szabolcs v\u00e1rmegy\u00e9re sz\u00e1llott birtok\u00e1t a k\u00f6zgy\u0171l\u00e9s hat\u00e1rozata szerint a megye n\u00f3t\u00e1riusa kapta meg. Azonban \u00f6zvegye, L\u00f3nyay Katalin m\u00e9g 1628-ban is rendelkezett egy telek felett.<\/p>\n<p style=\"text-align: justify;\">A jogc\u00edm az volt, hogy Ibr\u00e1nyi Ferenc feles\u00e9g\u00e9nek gemzsei jobb\u00e1gyait n\u00e1szaj\u00e1nd\u00e9kba k\u00f6t\u00f6tte le, \u00e9s fi\u00fa\u00f6r\u00f6k\u00f6s n\u00e9lk\u00fcl t\u00f6rt\u00e9nt hal\u00e1la ut\u00e1n le\u00e1nyai, <i>Tatay Istv\u00e1nn\u00e9, Bornemissza L\u00e1szl\u00f3n\u00e9 Chernel P\u00e1ln\u00e9 \u00e9s a P\u00e9chy<\/i> csal\u00e1dbeliek osztoztak ezen az \u00f6r\u00f6ks\u00e9gen.<\/p>\n<p style=\"text-align: justify;\">A K\u00e1rolyi csal\u00e1d ez id\u0151ben itteni r\u00e9szeit \u0151si \u00f6r\u00f6ks\u00e9gnek tartotta, \u00e9s ez\u00e9rt csak a fi\u00e1gi lesz\u00e1rmazottak osztoztak rajta. 1827-re a gr\u00f3f\u00a0K\u00e1rolyi csal\u00e1d megszerezte a falu fel\u00e9t. A jobb\u00e1gyfelszabad\u00edt\u00e1s idej\u00e9n 737 lakosa volt, \u00e9s f\u00f6ldesurai a K\u00e1rolyi \u00e9s a Petry csal\u00e1d kiv\u00e9tel\u00e9vel teljesen kicser\u00e9l\u0151dtek.<\/p>\n<h2><span id=\"Nevezetess.C3.A9gei\" class=\"mw-headline\">Nevezetess\u00e9gei:<\/span><\/h2>\n<div class=\"wp-block-image\"><a href=\"https:\/\/www.gemzse.hu\/wp-content\/uploads\/2025\/02\/gemzse-fatorony.jpg\"><img loading=\"lazy\" decoding=\"async\" class=\"wpa-warning wpa-image-missing-alt aligncenter wp-image-2255 size-full\" src=\"https:\/\/www.gemzse.hu\/wp-content\/uploads\/2025\/02\/gemzse-fatorony.jpg\" alt=\"Harangtorony Gemzse\" width=\"595\" height=\"783\" data-warning=\"Missing alt text\" srcset=\"https:\/\/www.gemzse.hu\/wp-content\/uploads\/2025\/02\/gemzse-fatorony.jpg 595w, https:\/\/www.gemzse.hu\/wp-content\/uploads\/2025\/02\/gemzse-fatorony-228x300.jpg 228w\" sizes=\"auto, (max-width: 595px) 100vw, 595px\" \/><\/a><\/div>\n<div class=\"thumb tright\">\n<div class=\"thumbinner\">\n<div class=\"thumbcaption\">\n<div class=\"magnify\">\u00a0A Harangtorony<\/div>\n<\/div>\n<\/div>\n<\/div>\n<ul>\n<li style=\"text-align: justify;\">A k\u00f6zs\u00e9g \u00e9k alak\u00fa, hajdani piacter\u00e9n \u00e1ll a t\u00f6bbsz\u00f6r fel\u00faj\u00edtott, <b>m\u0171eml\u00e9k fa harangtorony<\/b>, melyet a hajdani torony\u00e9p\u00edt\u0151 j\u00e1ndi\u00a0paraszt \u00e1cs <i>Kakuk Imre<\/i> \u00e9p\u00edtett 1789-ben t\u00f6lgyf\u00e1b\u00f3l. Jellegzetess\u00e9ge: A k\u00f6rny\u00e9k t\u00f6bbi <i>fa harangtorny\u00e1t\u00f3l<\/i> k\u00fcl\u00f6nb\u00f6zik: nincs fenn kereng\u0151je. \u00c9rdekess\u00e9ge: csak faanyagot haszn\u00e1ltak hozz\u00e1, nemcsak az \u00e9p\u00edt\u00e9shez, de az \u00f6sszeszerel\u00e9s\u00e9hez is.<\/li>\n<\/ul>\n<ul style=\"text-align: justify;\">\n<li>2001. november elsej\u00e9n avatt\u00e1k fel az els\u0151 \u00e9s m\u00e1sodik vil\u00e1gh\u00e1bor\u00fa \u00e1ldozatainak eml\u00e9ket \u00e1ll\u00edt\u00f3, a szatm\u00e1rcsekei <b>cs\u00f3nak alak\u00fa fejf\u00e1kat<\/b> id\u00e9z\u0151 eml\u00e9km\u0171vet.<\/li>\n<\/ul>\n<p style=\"text-align: justify;\">Az eml\u00e9km\u0171 t\u00f6lgyf\u00e1b\u00f3l lett kifaragva, a l\u00e1bazata term\u00e9sk\u0151, ide ker\u00fclt az \u00e1ldozatok nev\u00e9t tartalmaz\u00f3 m\u00e1rv\u00e1ny eml\u00e9kt\u00e1bla. Az eml\u00e9km\u0171 szint\u00e9n a toronykertben kapott m\u00e9lt\u00f3 helyet.<\/p>\n<p>Forr\u00e1s: http:\/\/hu.wikipedia.org\/wiki\/Gemzse<\/p>\n","protected":false},"excerpt":{"rendered":"<p>A telep\u00fcl\u00e9s elhelyezked\u00e9se: Az \u00c9szakkelet-Ny\u00edrs\u00e9g k\u00f6z\u00e9ps\u0151 r\u00e9sz\u00e9n tal\u00e1lhat\u00f3, V\u00e1s\u00e1rosnam\u00e9nyt\u00f3l 11 km-re nyugat-\u00e9szaknyugatra, Kisv\u00e1rd\u00e1t\u00f3l 15 km-re d\u00e9lkeletre. A telep\u00fcl\u00e9s t\u00f6rt\u00e9nete: B\u00e1r neve szem\u00e9lyn\u00e9vi eredet\u0171, m\u00e9gis k\u00e9s\u0151n, a XIV. sz\u00e1zad m\u00e1sodik fel\u00e9ben t\u0171nt fel, az oklevelekben el\u0151sz\u00f6r 1347-ben: Konaki P\u00e9ter fia Istv\u00e1n Gemzse fel\u00e9t, &#8222;\u201emelyben egy Szent Bertalan tisztelet\u00e9re f\u00e1b\u00f3l \u00e9p\u00fclt k\u00e1polna \u00e1ll\u201d, m\u00e1s birtokaival egy\u00fctt eladta &hellip; <\/p>\n<p><a class=\"more-link btn\" href=\"https:\/\/www.gemzse.hu\/?page_id=2\">Olvass tov\u00e1bb<\/a><\/p>\n","protected":false},"author":1,"featured_media":0,"parent":0,"menu_order":0,"comment_status":"closed","ping_status":"closed","template":"","meta":{"footnotes":""},"class_list":["post-2","page","type-page","status-publish","hentry","nodate","item-wrap"],"_links":{"self":[{"href":"https:\/\/www.gemzse.hu\/index.php?rest_route=\/wp\/v2\/pages\/2","targetHints":{"allow":["GET"]}}],"collection":[{"href":"https:\/\/www.gemzse.hu\/index.php?rest_route=\/wp\/v2\/pages"}],"about":[{"href":"https:\/\/www.gemzse.hu\/index.php?rest_route=\/wp\/v2\/types\/page"}],"author":[{"embeddable":true,"href":"https:\/\/www.gemzse.hu\/index.php?rest_route=\/wp\/v2\/users\/1"}],"replies":[{"embeddable":true,"href":"https:\/\/www.gemzse.hu\/index.php?rest_route=%2Fwp%2Fv2%2Fcomments&post=2"}],"version-history":[{"count":8,"href":"https:\/\/www.gemzse.hu\/index.php?rest_route=\/wp\/v2\/pages\/2\/revisions"}],"predecessor-version":[{"id":2257,"href":"https:\/\/www.gemzse.hu\/index.php?rest_route=\/wp\/v2\/pages\/2\/revisions\/2257"}],"wp:attachment":[{"href":"https:\/\/www.gemzse.hu\/index.php?rest_route=%2Fwp%2Fv2%2Fmedia&parent=2"}],"curies":[{"name":"wp","href":"https:\/\/api.w.org\/{rel}","templated":true}]}}