{"id":2008,"date":"2023-11-15T18:24:31","date_gmt":"2023-11-15T17:24:31","guid":{"rendered":"http:\/\/www.gemzse.hu\/?page_id=2008"},"modified":"2026-03-30T22:20:00","modified_gmt":"2026-03-30T20:20:00","slug":"adatvedelmi-tisztviselo","status":"publish","type":"page","link":"https:\/\/www.gemzse.hu\/?page_id=2008","title":{"rendered":"Adatv\u00e9delmi tisztvisel\u0151"},"content":{"rendered":"\n<p><strong>Partners in Efficiency Kft.<\/strong><br \/>4567 Gemzse, Kossuth utca 36.<br \/>E-mail c\u00edme: <a href=\"mailto:dpo@p-efficiency.hu\">dpo@p-efficiency.hu<\/a><\/p>\n<p><a href=\"https:\/\/www.gemzse.hu\/wp-content\/uploads\/2024\/08\/Tajekoztato-szemelyes-adatok-kezeleserol-Gemzse.pdf\" target=\"_blank\" rel=\"noopener\">T\u00e1j\u00e9koztat\u00f3 a szem\u00e9lyes adatok kezel\u00e9s\u00e9hez kapcsol\u00f3d\u00f3 \u00e9rintett jogok gyakorl\u00e1s\u00e1r\u00f3l\u00a0<\/a><\/p>\n<p><span style=\"color: #0000ff;\"><strong>ADATKEZEL\u00c9SI T\u00c1J\u00c9KOZTAT\u00d3K:<\/strong><\/span><\/p>\n<ul>\n<li><a href=\"https:\/\/www.gemzse.hu\/?page_id=2585\">a term\u00e9szetes szem\u00e9lyek \u00e1ltal kezdem\u00e9nyezett kapcsolatfelv\u00e9tellel \u00e9s a kapcsolattart\u00e1ssal \u00f6sszef\u00fcgg\u00e9sben birtok\u00e1ba ker\u00fclt szem\u00e9lyes adatok kezel\u00e9s\u00e9r\u0151l<\/a><br \/><span style=\"color: #ff6600;\"><a style=\"color: #ff6600;\" href=\"https:\/\/www.gemzse.hu\/wp-content\/uploads\/2026\/03\/Adatkezelesi_tajekoztato_altalanos_kapcsolatfelveteli_gemzse_onk.pdf\" target=\"_blank\" rel=\"noopener\">Let\u00f6lthet\u0151 pdf form\u00e1tumban itt!<\/a><\/span><\/li>\n<li><a href=\"https:\/\/www.gemzse.hu\/?page_id=2508\">a polg\u00e1rmesteri fogad\u00f3\u00f3ra megtart\u00e1s\u00e1val \u00e9s lebonyol\u00edt\u00e1s\u00e1val kapcsolatosan birtok\u00e1ba ker\u00fclt szem\u00e9lyes adatok kezel\u00e9s\u00e9r\u0151l<\/a><br \/><span style=\"color: #ff6600;\"><a style=\"color: #ff6600;\" href=\"https:\/\/www.gemzse.hu\/wp-content\/uploads\/2025\/10\/Adatkezelesi-tajekoztato_polgarmesteri-fogado-nap_Gemzse.pdf\" target=\"_blank\" rel=\"noopener\">Let\u00f6lthet\u0151 pdf form\u00e1tumban itt!<\/a><\/span><\/li>\n<li>\n<p><a href=\"https:\/\/www.gemzse.hu\/?page_id=2483\">GEMZSE K\u00d6ZS\u00c9G \u00d6NKORM\u00c1NYZAT\u00c1NAK\u00a0ADATKEZEL\u00c9SI T\u00c1J\u00c9KOZTAT\u00d3JA &#8211;\u00a0a k\u00f6z\u00e9rdek\u0171 adatok megismer\u00e9se ir\u00e1nti ig\u00e9nyek teljes\u00edt\u00e9se sor\u00e1n\u00a0birtok\u00e1ba jutott szem\u00e9lyes adatok kezel\u00e9s\u00e9r\u0151l<\/a><br \/><span style=\"color: #ff6600;\"><a style=\"color: #ff6600;\" href=\"https:\/\/www.gemzse.hu\/wp-content\/uploads\/2025\/07\/Adatkezelesi-tajekoztato_kozerdeku-adatigenyles_Gemzse-Onkormanyzat.pdf\" target=\"_blank\" rel=\"noopener\">Let\u00f6lthet\u0151 pdf form\u00e1tumban itt!<\/a><\/span><\/p>\n<\/li>\n<li><a href=\"https:\/\/www.gemzse.hu\/?page_id=2434\">az eb\u00f6ssze\u00edr\u00e1s sor\u00e1n megval\u00f3sul\u00f3 adatkezel\u00e9sr\u0151l<\/a><br \/><a href=\"https:\/\/www.gemzse.hu\/wp-content\/uploads\/2025\/03\/Adatkezelesi-tajekoztato_ebosszeirassal-osszefuggo-szemelyes-adatok-kezeleserol_Gemzse.pdf\" target=\"_blank\" rel=\"noopener\">Let\u00f6lthet\u0151 pdf form\u00e1tumban itt!<\/a><br \/><br \/><\/li>\n<li><a href=\"https:\/\/www.gemzse.hu\/?page_id=2152\">a lakhat\u00e1si t\u00e1mogat\u00e1s meg\u00e1llap\u00edt\u00e1s t\u00e1rgy\u00e1ban k\u00e9relmet beny\u00fajt\u00f3 term\u00e9szetes szem\u00e9lyek szem\u00e9lyes adatainak kezel\u00e9s\u00e9r\u0151l<\/a><br \/><span style=\"color: #ff6600;\"><a style=\"color: #ff6600;\" href=\"https:\/\/www.gemzse.hu\/wp-content\/uploads\/2024\/10\/Adatkezelesi-tajekoztato_lakhatasi-tamogatassal-osszefuggo-adatkezeles_Gemzse.pdf\">Let\u00f6lthet\u0151 pdf form\u00e1tumban itt!<\/a><br \/><br \/><\/span><\/li>\n<li><a href=\"https:\/\/www.gemzse.hu\/?page_id=2156\">a rendk\u00edv\u00fcli telep\u00fcl\u00e9si t\u00e1mogat\u00e1s meg\u00e1llap\u00edt\u00e1s\u00e1nak t\u00e1rgy\u00e1ban k\u00e9relmet beny\u00fajt\u00f3 term\u00e9szetes szem\u00e9lyek szem\u00e9lyes adatainak kezel\u00e9s\u00e9r\u0151l<\/a><br \/><a href=\"https:\/\/www.gemzse.hu\/wp-content\/uploads\/2024\/10\/Adatkezelesi-tajekoztato_rendkivuli-telepulesi-tamogatas-megallapitasaval-osszefuggo-adatkezeles_Gemzse.pdf\"><span style=\"color: #ff6600;\">Let\u00f6lthet\u0151 pdf form\u00e1timban itt!<\/span><\/a><\/li>\n<li><a href=\"https:\/\/www.gemzse.hu\/?page_id=2160\">az ad\u00f3hat\u00f3s\u00e1gi feladatok ell\u00e1t\u00e1s\u00e1val \u00f6sszef\u00fcgg\u00e9sben birtok\u00e1ba ker\u00fcl\u0151 szem\u00e9lyes adatok kezel\u00e9s\u00e9r\u0151l<\/a><br \/><a href=\"https:\/\/www.gemzse.hu\/wp-content\/uploads\/2024\/10\/Adatkezelesi-tajekoztato_adohatosagi-ugyviteli-feladatellatas_Ilki-Kozos-Onkormanyzati-Hivatal.pdf\"><span style=\"color: #ff6600;\">Let\u00f6lthet\u0151 pdf form\u00e1timban itt!<\/span><\/a><\/li>\n<\/ul>\n","protected":false},"excerpt":{"rendered":"<p>Partners in Efficiency Kft.4567 Gemzse, Kossuth utca 36.E-mail c\u00edme: dpo@p-efficiency.hu T\u00e1j\u00e9koztat\u00f3 a szem\u00e9lyes adatok kezel\u00e9s\u00e9hez kapcsol\u00f3d\u00f3 \u00e9rintett jogok gyakorl\u00e1s\u00e1r\u00f3l\u00a0 ADATKEZEL\u00c9SI T\u00c1J\u00c9KOZTAT\u00d3K: a term\u00e9szetes szem\u00e9lyek \u00e1ltal kezdem\u00e9nyezett kapcsolatfelv\u00e9tellel \u00e9s a kapcsolattart\u00e1ssal \u00f6sszef\u00fcgg\u00e9sben birtok\u00e1ba ker\u00fclt szem\u00e9lyes adatok kezel\u00e9s\u00e9r\u0151lLet\u00f6lthet\u0151 pdf form\u00e1tumban itt! a polg\u00e1rmesteri fogad\u00f3\u00f3ra megtart\u00e1s\u00e1val \u00e9s lebonyol\u00edt\u00e1s\u00e1val kapcsolatosan birtok\u00e1ba ker\u00fclt szem\u00e9lyes adatok kezel\u00e9s\u00e9r\u0151lLet\u00f6lthet\u0151 pdf form\u00e1tumban itt! GEMZSE &hellip; <\/p>\n<p><a class=\"more-link btn\" href=\"https:\/\/www.gemzse.hu\/?page_id=2008\">Olvass tov\u00e1bb<\/a><\/p>\n","protected":false},"author":1,"featured_media":0,"parent":0,"menu_order":0,"comment_status":"closed","ping_status":"closed","template":"","meta":{"footnotes":""},"class_list":["post-2008","page","type-page","status-publish","hentry","nodate","item-wrap"],"_links":{"self":[{"href":"https:\/\/www.gemzse.hu\/index.php?rest_route=\/wp\/v2\/pages\/2008","targetHints":{"allow":["GET"]}}],"collection":[{"href":"https:\/\/www.gemzse.hu\/index.php?rest_route=\/wp\/v2\/pages"}],"about":[{"href":"https:\/\/www.gemzse.hu\/index.php?rest_route=\/wp\/v2\/types\/page"}],"author":[{"embeddable":true,"href":"https:\/\/www.gemzse.hu\/index.php?rest_route=\/wp\/v2\/users\/1"}],"replies":[{"embeddable":true,"href":"https:\/\/www.gemzse.hu\/index.php?rest_route=%2Fwp%2Fv2%2Fcomments&post=2008"}],"version-history":[{"count":17,"href":"https:\/\/www.gemzse.hu\/index.php?rest_route=\/wp\/v2\/pages\/2008\/revisions"}],"predecessor-version":[{"id":2598,"href":"https:\/\/www.gemzse.hu\/index.php?rest_route=\/wp\/v2\/pages\/2008\/revisions\/2598"}],"wp:attachment":[{"href":"https:\/\/www.gemzse.hu\/index.php?rest_route=%2Fwp%2Fv2%2Fmedia&parent=2008"}],"curies":[{"name":"wp","href":"https:\/\/api.w.org\/{rel}","templated":true}]}}