{"id":2200,"date":"2025-01-13T10:36:30","date_gmt":"2025-01-13T09:36:30","guid":{"rendered":"https:\/\/www.gemzse.hu\/?page_id=2200"},"modified":"2025-01-13T10:36:30","modified_gmt":"2025-01-13T09:36:30","slug":"mfp-otifb-2024-kommunalis-eszkozbeszerzes-gemzsen","status":"publish","type":"page","link":"https:\/\/www.gemzse.hu\/?page_id=2200","title":{"rendered":"MFP-\u00d6TIFB\/2024 &#8222;Kommun\u00e1lis eszk\u00f6zbeszerz\u00e9s Gemzs\u00e9n&#8221;"},"content":{"rendered":"\n\n\n<div class=\"wp-block-image\" style=\"text-align: center;\"><a href=\"https:\/\/www.gemzse.hu\/wp-content\/uploads\/2021\/02\/MFPlogo.jpg\"><img loading=\"lazy\" decoding=\"async\" class=\"wpa-warning wpa-image-missing-alt aligncenter size-medium wp-image-1829\" src=\"https:\/\/www.gemzse.hu\/wp-content\/uploads\/2021\/02\/MFPlogo-300x200.jpg\" alt=\"\" width=\"300\" height=\"200\" data-warning=\"Missing alt text\" srcset=\"https:\/\/www.gemzse.hu\/wp-content\/uploads\/2021\/02\/MFPlogo-300x200.jpg 300w, https:\/\/www.gemzse.hu\/wp-content\/uploads\/2021\/02\/MFPlogo-768x511.jpg 768w, https:\/\/www.gemzse.hu\/wp-content\/uploads\/2021\/02\/MFPlogo-750x499.jpg 750w, https:\/\/www.gemzse.hu\/wp-content\/uploads\/2021\/02\/MFPlogo.jpg 900w\" sizes=\"auto, (max-width: 300px) 100vw, 300px\" \/><\/a><\/div>\n<ul>\n<li><a href=\"https:\/\/www.gemzse.hu\/wp-content\/uploads\/2025\/01\/Zaro-szakmai-beszamolo.pdf\">Za\u0301ro\u0301 szakmai besza\u0301molo\u0301<\/a> <a href=\"https:\/\/www.gemzse.hu\/wp-content\/uploads\/2025\/01\/Tamogatoi-okirat-MFP-OTIFB_2024-apritogep.pdf\">Ta\u0301mogato\u0301i okirat MFP-O\u0308TIFB_2024 apri\u0301to\u0301ge\u0301p<\/a><\/li>\n<\/ul>\n<div>\u00a0<\/div>\n<ul>\n<li><a href=\"https:\/\/www.gemzse.hu\/wp-content\/uploads\/2025\/01\/Tamogatoi-okirat-MFP-OTIFB_2024-apritogep.pdf\">Ta\u0301mogato\u0301i okirat MFP-O\u0308TIFB_2024 apri\u0301to\u0301ge\u0301p<\/a><\/li>\n<\/ul>\n\n\n","protected":false},"excerpt":{"rendered":"","protected":false},"author":1,"featured_media":0,"parent":0,"menu_order":0,"comment_status":"closed","ping_status":"closed","template":"","meta":{"footnotes":""},"class_list":["post-2200","page","type-page","status-publish","hentry","nodate","item-wrap"],"_links":{"self":[{"href":"https:\/\/www.gemzse.hu\/index.php?rest_route=\/wp\/v2\/pages\/2200","targetHints":{"allow":["GET"]}}],"collection":[{"href":"https:\/\/www.gemzse.hu\/index.php?rest_route=\/wp\/v2\/pages"}],"about":[{"href":"https:\/\/www.gemzse.hu\/index.php?rest_route=\/wp\/v2\/types\/page"}],"author":[{"embeddable":true,"href":"https:\/\/www.gemzse.hu\/index.php?rest_route=\/wp\/v2\/users\/1"}],"replies":[{"embeddable":true,"href":"https:\/\/www.gemzse.hu\/index.php?rest_route=%2Fwp%2Fv2%2Fcomments&post=2200"}],"version-history":[{"count":1,"href":"https:\/\/www.gemzse.hu\/index.php?rest_route=\/wp\/v2\/pages\/2200\/revisions"}],"predecessor-version":[{"id":2203,"href":"https:\/\/www.gemzse.hu\/index.php?rest_route=\/wp\/v2\/pages\/2200\/revisions\/2203"}],"wp:attachment":[{"href":"https:\/\/www.gemzse.hu\/index.php?rest_route=%2Fwp%2Fv2%2Fmedia&parent=2200"}],"curies":[{"name":"wp","href":"https:\/\/api.w.org\/{rel}","templated":true}]}}