{"id":2214,"date":"2025-02-10T23:16:56","date_gmt":"2025-02-10T22:16:56","guid":{"rendered":"https:\/\/www.gemzse.hu\/?page_id=2214"},"modified":"2025-02-11T00:16:11","modified_gmt":"2025-02-10T23:16:11","slug":"kozzeteteli-lista","status":"publish","type":"page","link":"https:\/\/www.gemzse.hu\/?page_id=2214","title":{"rendered":"K\u00f6zz\u00e9t\u00e9teli lista"},"content":{"rendered":"\n<table class=\" aligncenter\" style=\"width: 100%; border-collapse: collapse;\">\n<tbody>\n<tr>\n<td style=\"width: 100%; background-color: #0070b1; vertical-align: middle;\">\n<h3 style=\"text-align: center;\"><a href=\"https:\/\/www.gemzse.hu\/?page_id=2220\"><span style=\"color: #ffffff;\">I. Szervezeti, szem\u00e9lyzeti adatok<\/span><\/a><\/h3>\n<\/td>\n<\/tr>\n<tr style=\"height: 15px;\">\n<td style=\"width: 100%; vertical-align: middle;\">\u00a0<\/td>\n<\/tr>\n<tr>\n<td style=\"width: 100%; background-color: #e21e26; vertical-align: middle;\">\n<h3 style=\"text-align: center;\"><a href=\"https:\/\/www.gemzse.hu\/?page_id=2224\"><span style=\"color: #ffffff;\">II. Tev\u00e9kenys\u00e9gre, m\u0171k\u00f6d\u00e9sre vonatkoz\u00f3 adatok<\/span><\/a><\/h3>\n<\/td>\n<\/tr>\n<tr style=\"height: 15px;\">\n<td style=\"width: 100%; vertical-align: middle;\">\u00a0<\/td>\n<\/tr>\n<tr>\n<td style=\"width: 100%; background-color: #006442; vertical-align: middle;\">\n<h3 style=\"text-align: center;\"><a href=\"https:\/\/www.gemzse.hu\/?page_id=2228\"><span style=\"color: #ffffff;\">III. Gazd\u00e1lkod\u00e1si adatok<\/span><\/a><\/h3>\n<\/td>\n<\/tr>\n<\/tbody>\n<\/table>\n","protected":false},"excerpt":{"rendered":"","protected":false},"author":1,"featured_media":0,"parent":0,"menu_order":0,"comment_status":"closed","ping_status":"closed","template":"","meta":{"footnotes":""},"class_list":["post-2214","page","type-page","status-publish","hentry","nodate","item-wrap"],"_links":{"self":[{"href":"https:\/\/www.gemzse.hu\/index.php?rest_route=\/wp\/v2\/pages\/2214","targetHints":{"allow":["GET"]}}],"collection":[{"href":"https:\/\/www.gemzse.hu\/index.php?rest_route=\/wp\/v2\/pages"}],"about":[{"href":"https:\/\/www.gemzse.hu\/index.php?rest_route=\/wp\/v2\/types\/page"}],"author":[{"embeddable":true,"href":"https:\/\/www.gemzse.hu\/index.php?rest_route=\/wp\/v2\/users\/1"}],"replies":[{"embeddable":true,"href":"https:\/\/www.gemzse.hu\/index.php?rest_route=%2Fwp%2Fv2%2Fcomments&post=2214"}],"version-history":[{"count":6,"href":"https:\/\/www.gemzse.hu\/index.php?rest_route=\/wp\/v2\/pages\/2214\/revisions"}],"predecessor-version":[{"id":2230,"href":"https:\/\/www.gemzse.hu\/index.php?rest_route=\/wp\/v2\/pages\/2214\/revisions\/2230"}],"wp:attachment":[{"href":"https:\/\/www.gemzse.hu\/index.php?rest_route=%2Fwp%2Fv2%2Fmedia&parent=2214"}],"curies":[{"name":"wp","href":"https:\/\/api.w.org\/{rel}","templated":true}]}}