{"id":2269,"date":"2025-02-17T15:31:04","date_gmt":"2025-02-17T14:31:04","guid":{"rendered":"https:\/\/www.gemzse.hu\/?page_id=2269"},"modified":"2025-02-17T21:30:08","modified_gmt":"2025-02-17T20:30:08","slug":"videkfejlesztesi-program","status":"publish","type":"page","link":"https:\/\/www.gemzse.hu\/?page_id=2269","title":{"rendered":"Vid\u00e9kfejleszt\u00e9si Program"},"content":{"rendered":"\n<div class=\"wp-block-image\"><a href=\"https:\/\/www.gemzse.hu\/wp-content\/uploads\/2025\/02\/Videkfejlesztesi-projekt.png\"><img loading=\"lazy\" decoding=\"async\" class=\"wpa-warning wpa-image-missing-alt size-large wp-image-2270 aligncenter\" src=\"https:\/\/www.gemzse.hu\/wp-content\/uploads\/2025\/02\/Videkfejlesztesi-projekt-1024x427.png\" alt=\"Vid\u00e9kfejleszt\u00e9si Projekt\" width=\"750\" height=\"313\" data-warning=\"Missing alt text\" srcset=\"https:\/\/www.gemzse.hu\/wp-content\/uploads\/2025\/02\/Videkfejlesztesi-projekt-1024x427.png 1024w, https:\/\/www.gemzse.hu\/wp-content\/uploads\/2025\/02\/Videkfejlesztesi-projekt-300x125.png 300w, https:\/\/www.gemzse.hu\/wp-content\/uploads\/2025\/02\/Videkfejlesztesi-projekt-768x320.png 768w, https:\/\/www.gemzse.hu\/wp-content\/uploads\/2025\/02\/Videkfejlesztesi-projekt-1536x640.png 1536w, https:\/\/www.gemzse.hu\/wp-content\/uploads\/2025\/02\/Videkfejlesztesi-projekt-2048x853.png 2048w, https:\/\/www.gemzse.hu\/wp-content\/uploads\/2025\/02\/Videkfejlesztesi-projekt-750x312.png 750w\" sizes=\"auto, (max-width: 750px) 100vw, 750px\" \/><\/a><\/div>\n\n\n\n<table style=\"border-collapse: collapse; width: 100%; height: 208px;\">\n<tbody>\n<tr style=\"height: 65px;\">\n<td style=\"width: 100%; background-color: #c9dbff; height: 65px;\">\n<p><strong><a href=\"https:\/\/www.gemzse.hu\/?page_id=1958\">K\u00fclter\u00fcleti helyi k\u00f6zutak fejleszt\u00e9se &#8211; VP6-7.2.1.1-21<\/a><\/strong><\/p>\n<\/td>\n<\/tr>\n<tr style=\"height: 26px;\">\n<td style=\"width: 100%; height: 26px;\">\u00a0<\/td>\n<\/tr>\n<tr style=\"height: 39px;\">\n<td style=\"width: 100%; background-color: #d4ffd4; height: 39px;\"><strong><a href=\"https:\/\/www.gemzse.hu\/?page_id=1779\">Gemzsei piact\u00e9r fejleszt\u00e9se &#8211; VP6-7.2.1-7.4.1.3-17<\/a><\/strong><\/td>\n<\/tr>\n<tr style=\"height: 39px;\">\n<td style=\"width: 100%; height: 39px;\">\u00a0<\/td>\n<\/tr>\n<tr style=\"height: 39px;\">\n<td style=\"width: 100%; height: 39px;\">\u00a0<\/td>\n<\/tr>\n<\/tbody>\n<\/table>\n<p>\u00a0<\/p>\n","protected":false},"excerpt":{"rendered":"","protected":false},"author":1,"featured_media":0,"parent":2321,"menu_order":0,"comment_status":"closed","ping_status":"closed","template":"","meta":{"footnotes":""},"class_list":["post-2269","page","type-page","status-publish","hentry","nodate","item-wrap"],"_links":{"self":[{"href":"https:\/\/www.gemzse.hu\/index.php?rest_route=\/wp\/v2\/pages\/2269","targetHints":{"allow":["GET"]}}],"collection":[{"href":"https:\/\/www.gemzse.hu\/index.php?rest_route=\/wp\/v2\/pages"}],"about":[{"href":"https:\/\/www.gemzse.hu\/index.php?rest_route=\/wp\/v2\/types\/page"}],"author":[{"embeddable":true,"href":"https:\/\/www.gemzse.hu\/index.php?rest_route=\/wp\/v2\/users\/1"}],"replies":[{"embeddable":true,"href":"https:\/\/www.gemzse.hu\/index.php?rest_route=%2Fwp%2Fv2%2Fcomments&post=2269"}],"version-history":[{"count":8,"href":"https:\/\/www.gemzse.hu\/index.php?rest_route=\/wp\/v2\/pages\/2269\/revisions"}],"predecessor-version":[{"id":2367,"href":"https:\/\/www.gemzse.hu\/index.php?rest_route=\/wp\/v2\/pages\/2269\/revisions\/2367"}],"up":[{"embeddable":true,"href":"https:\/\/www.gemzse.hu\/index.php?rest_route=\/wp\/v2\/pages\/2321"}],"wp:attachment":[{"href":"https:\/\/www.gemzse.hu\/index.php?rest_route=%2Fwp%2Fv2%2Fmedia&parent=2269"}],"curies":[{"name":"wp","href":"https:\/\/api.w.org\/{rel}","templated":true}]}}