{"id":2274,"date":"2025-02-17T15:36:53","date_gmt":"2025-02-17T14:36:53","guid":{"rendered":"https:\/\/www.gemzse.hu\/?page_id=2274"},"modified":"2025-02-17T22:27:15","modified_gmt":"2025-02-17T21:27:15","slug":"top-palyazatok","status":"publish","type":"page","link":"https:\/\/www.gemzse.hu\/?page_id=2274","title":{"rendered":"TOP p\u00e1ly\u00e1zatok"},"content":{"rendered":"\n<div class=\"wp-block-image\"><a href=\"https:\/\/www.gemzse.hu\/wp-content\/uploads\/2025\/02\/top_palyazatok.jpg\"><img loading=\"lazy\" decoding=\"async\" class=\"wpa-warning wpa-image-missing-alt size-full wp-image-2276 alignnone\" src=\"https:\/\/www.gemzse.hu\/wp-content\/uploads\/2025\/02\/top_palyazatok.jpg\" alt=\"Ter\u00fclet- \u00e9s Telep\u00fcl\u00e9sfejleszt\u00e9si Operat\u00edv Program (TOP)\" width=\"960\" height=\"775\" data-warning=\"Missing alt text\" srcset=\"https:\/\/www.gemzse.hu\/wp-content\/uploads\/2025\/02\/top_palyazatok.jpg 960w, https:\/\/www.gemzse.hu\/wp-content\/uploads\/2025\/02\/top_palyazatok-300x242.jpg 300w, https:\/\/www.gemzse.hu\/wp-content\/uploads\/2025\/02\/top_palyazatok-768x620.jpg 768w, https:\/\/www.gemzse.hu\/wp-content\/uploads\/2025\/02\/top_palyazatok-750x605.jpg 750w\" sizes=\"auto, (max-width: 960px) 100vw, 960px\" \/><\/a><\/div>\n<p>\u00a0<\/p>\n\n\n<table style=\"width: 100%; border-collapse: collapse; height: 130px;\">\n<tbody>\n<tr style=\"height: 25px;\">\n<td style=\"width: 100%; height: 10px; background-color: #c9dbff;\">\n<p><a href=\"https:\/\/www.gemzse.hu\/?page_id=1883\">\u201eMini b\u00f6lcs\u0151de kialak\u00edt\u00e1sa Gemzs\u00e9n\u201d\u00a0 &#8211; TOP-1.4.1-19-SB1-2019-00030<\/a><\/p>\n<\/td>\n<\/tr>\n<tr style=\"height: 15px;\">\n<td style=\"width: 100%; height: 21px;\">\u00a0<\/td>\n<\/tr>\n<tr style=\"height: 25px;\">\n<td style=\"width: 100%; height: 10px; background-color: #d4ffd4;\">\n<p><a href=\"https:\/\/www.gemzse.hu\/?page_id=2329\">Energetikai Rekonstrukci\u00f3 Gemzs\u00e9n &#8211; TOP-3.2.1-15-SB1-2016-00036<\/a><\/p>\n<\/td>\n<\/tr>\n<tr style=\"height: 15px;\">\n<td style=\"width: 100%; height: 35px;\">\u00a0<\/td>\n<\/tr>\n<tr style=\"height: 25px; background-color: #c9dbff;\">\n<td style=\"width: 100%; height: 15px;\"><a href=\"https:\/\/www.gemzse.hu\/?page_id=2334\">ELEKTRONIKAI REKONSTRUKCI\u00d3 GEMZS\u00c9N &#8211; TOP-3.2.1-15-SB1-2016-00036<\/a><\/td>\n<\/tr>\n<tr style=\"height: 39px;\">\n<td style=\"width: 100%; height: 39px;\">\u00a0<\/td>\n<\/tr>\n<\/tbody>\n<\/table>\n<p class=\"post-title entry-title\">\u00a0<\/p>","protected":false},"excerpt":{"rendered":"<p>\u201eMini b\u00f6lcs\u0151de kialak\u00edt\u00e1sa Gemzs\u00e9n\u201d\u00a0 &#8211; TOP-1.4.1-19-SB1-2019-00030 \u00a0 Energetikai Rekonstrukci\u00f3 Gemzs\u00e9n &#8211; TOP-3.2.1-15-SB1-2016-00036 \u00a0 ELEKTRONIKAI REKONSTRUKCI\u00d3 GEMZS\u00c9N &#8211; TOP-3.2.1-15-SB1-2016-00036 \u00a0 \u00a0<\/p>\n","protected":false},"author":1,"featured_media":0,"parent":2321,"menu_order":0,"comment_status":"closed","ping_status":"closed","template":"","meta":{"footnotes":""},"class_list":["post-2274","page","type-page","status-publish","hentry","nodate","item-wrap"],"_links":{"self":[{"href":"https:\/\/www.gemzse.hu\/index.php?rest_route=\/wp\/v2\/pages\/2274","targetHints":{"allow":["GET"]}}],"collection":[{"href":"https:\/\/www.gemzse.hu\/index.php?rest_route=\/wp\/v2\/pages"}],"about":[{"href":"https:\/\/www.gemzse.hu\/index.php?rest_route=\/wp\/v2\/types\/page"}],"author":[{"embeddable":true,"href":"https:\/\/www.gemzse.hu\/index.php?rest_route=\/wp\/v2\/users\/1"}],"replies":[{"embeddable":true,"href":"https:\/\/www.gemzse.hu\/index.php?rest_route=%2Fwp%2Fv2%2Fcomments&post=2274"}],"version-history":[{"count":15,"href":"https:\/\/www.gemzse.hu\/index.php?rest_route=\/wp\/v2\/pages\/2274\/revisions"}],"predecessor-version":[{"id":2387,"href":"https:\/\/www.gemzse.hu\/index.php?rest_route=\/wp\/v2\/pages\/2274\/revisions\/2387"}],"up":[{"embeddable":true,"href":"https:\/\/www.gemzse.hu\/index.php?rest_route=\/wp\/v2\/pages\/2321"}],"wp:attachment":[{"href":"https:\/\/www.gemzse.hu\/index.php?rest_route=%2Fwp%2Fv2%2Fmedia&parent=2274"}],"curies":[{"name":"wp","href":"https:\/\/api.w.org\/{rel}","templated":true}]}}