{"id":2329,"date":"2025-02-17T18:34:48","date_gmt":"2025-02-17T17:34:48","guid":{"rendered":"https:\/\/www.gemzse.hu\/?page_id=2329"},"modified":"2025-02-17T19:20:04","modified_gmt":"2025-02-17T18:20:04","slug":"energetikai-rekonstrukcio-gemzsen","status":"publish","type":"page","link":"https:\/\/www.gemzse.hu\/?page_id=2329","title":{"rendered":"Energetikai Rekonstrukci\u00f3 Gemzs\u00e9n"},"content":{"rendered":"\n<p class=\"post-title entry-title\"><strong style=\"font-size: revert;\">TOP-3.2.1-15-SB1-2016-00036<\/strong><\/p>\n<div class=\"entry-content clearfix\">\n<p><strong>Projekt c\u00edme:<\/strong>\u00a0Energetikai Rekonstrukci\u00f3 Gemzs\u00e9n<\/p>\n<p><strong>Projekt le\u00edr\u00e1sa:<\/strong><\/p>\n<p>A projekt c\u00e9lja az \u00d6nkorm\u00e1nyzati Hivatal korszer\u0171s\u00edt\u00e9se. Az \u00e9p\u00fclet fel\u00faj\u00edt\u00e1sa r\u00e9g\u00f3ta c\u00e9lk\u00e9nt fogalmaz\u00f3dott meg a k\u00e9pvisel\u0151 test\u00fclet tagjaiban, melynek anyagi forr\u00e1sai sikeres p\u00e1ly\u00e1zatot k\u00f6vet\u0151en Eur\u00f3pai Uni\u00f3s forr\u00e1sb\u00f3l v\u00e1lt biztos\u00edtott\u00e1. A megval\u00f3sult fejleszt\u00e9snek k\u00f6sz\u00f6nhet\u0151en az \u00e9p\u00fclet energetikai tulajdons\u00e1gainak jav\u00edt\u00e1sa, gazdas\u00e1gosabb m\u0171k\u00f6d\u00e9s el\u00e9r\u00e9se, meg\u00fajul\u00f3 energiahordoz\u00f3kkal val\u00f3 ell\u00e1t\u00e1sa v\u00e1lt val\u00f3ra. A projekt 53,31 milli\u00f3 forint eur\u00f3pai uni\u00f3s vissza nem t\u00e9r\u00edtend\u0151 t\u00e1mogat\u00e1s seg\u00edts\u00e9g\u00e9vel j\u00f6tt l\u00e9tre.<\/p>\n<p>A beruh\u00e1z\u00e1snak k\u00f6sz\u00f6nhet\u0151en az \u00e9p\u00fclet k\u00fcls\u0151 h\u0151szigetel\u0151 burkolattal l\u00e1tt\u00e1k el, a ny\u00edl\u00e1sz\u00e1r\u00f3kat korszer\u0171 1,15 W\/m2K egy\u00fctthat\u00f3j\u00fa szerkezet\u0171re cser\u00e9lt\u00e9k \u00e9s akad\u00e1lymentes\u00edt\u00e9sre is sor ker\u00fclt, tov\u00e1bb\u00e1 5 kW-os napelemes rendszer ker\u00fclt telep\u00edt\u00e9sre, melynek k\u00f6sz\u00f6nhet\u0151en az \u00e9p\u00fclet k\u00f6z\u00fczemi sz\u00e1ml\u00e1i is jelent\u0151sen cs\u00f6kkenek.<\/p>\n<p>Az \u00d6nkorm\u00e1nyzat legf\u0151bb c\u00e9lkit\u0171z\u00e9se, olyan fejleszt\u00e9sek v\u00e1llal\u00e1sa, melyekkel a megval\u00f3sul\u00f3 eszk\u00f6z\u00f6ket, programokat a m\u0171k\u00f6d\u00e9s sor\u00e1n is finansz\u00edrozni tudja. Fontosnak tartja, hogy a fejleszt\u00e9s sor\u00e1n azok az ig\u00e9nyek ker\u00fcljenek el\u0151t\u00e9rbe, melyek olyan probl\u00e9ma megold\u00e1s\u00e1ra, ig\u00e9ny kiel\u00e9g\u00edt\u00e9s\u00e9re ir\u00e1nyulnak, melyek alapelve a telep\u00fcl\u00e9s\u00fczemeltet\u00e9si \u00e9s k\u00f6zszolg\u00e1ltat\u00e1si feladatokhoz kapcsol\u00f3dnak, valamint a m\u0171k\u00f6d\u00e9si kiad\u00e1sok cs\u00f6kken\u00e9s\u00e9vel j\u00e1rnak.<\/p>\n<p>A fejleszt\u00e9s sor\u00e1n fontos, hogy a fejleszt\u00e9s eredm\u00e9nyek\u00e9nt a kiad\u00e1sok cs\u00f6kkenjenek, a telep\u00fcl\u00e9s komfortfokozata javuljon, valamint az \u00d6nkorm\u00e1nyzati k\u00f6telez\u0151 feladat ell\u00e1t\u00e1s\u00e1t, infrastrukt\u00far\u00e1j\u00e1t megteremtse.<\/p>\n<p><strong>T\u00e1mogat\u00e1s \u00f6sszege \u00e9s m\u00e9rt\u00e9ke:<\/strong>\u00a051 531 159 Ft, 100%<\/p>\n<p><strong>Megval\u00f3s\u00edt\u00e1si id\u0151szak:<\/strong>\u00a02017.10.01.-2018.10.31.<\/p>\n<p><strong>Kedvezm\u00e9nyezett neve<\/strong>: Gemzse K\u00f6zs\u00e9g \u00d6nkorm\u00e1nyzata<\/p>\n<p>\u00a0<\/p>\n<p>2018.04.04<\/p>\n<p><strong>GEMZSE K\u00d6ZS\u00c9G \u00d6NKORM\u00c1NYZATA<\/strong><\/p>\n<\/div>\n","protected":false},"excerpt":{"rendered":"","protected":false},"author":1,"featured_media":0,"parent":2274,"menu_order":0,"comment_status":"closed","ping_status":"closed","template":"","meta":{"footnotes":""},"class_list":["post-2329","page","type-page","status-publish","hentry","nodate","item-wrap"],"_links":{"self":[{"href":"https:\/\/www.gemzse.hu\/index.php?rest_route=\/wp\/v2\/pages\/2329","targetHints":{"allow":["GET"]}}],"collection":[{"href":"https:\/\/www.gemzse.hu\/index.php?rest_route=\/wp\/v2\/pages"}],"about":[{"href":"https:\/\/www.gemzse.hu\/index.php?rest_route=\/wp\/v2\/types\/page"}],"author":[{"embeddable":true,"href":"https:\/\/www.gemzse.hu\/index.php?rest_route=\/wp\/v2\/users\/1"}],"replies":[{"embeddable":true,"href":"https:\/\/www.gemzse.hu\/index.php?rest_route=%2Fwp%2Fv2%2Fcomments&post=2329"}],"version-history":[{"count":1,"href":"https:\/\/www.gemzse.hu\/index.php?rest_route=\/wp\/v2\/pages\/2329\/revisions"}],"predecessor-version":[{"id":2330,"href":"https:\/\/www.gemzse.hu\/index.php?rest_route=\/wp\/v2\/pages\/2329\/revisions\/2330"}],"up":[{"embeddable":true,"href":"https:\/\/www.gemzse.hu\/index.php?rest_route=\/wp\/v2\/pages\/2274"}],"wp:attachment":[{"href":"https:\/\/www.gemzse.hu\/index.php?rest_route=%2Fwp%2Fv2%2Fmedia&parent=2329"}],"curies":[{"name":"wp","href":"https:\/\/api.w.org\/{rel}","templated":true}]}}