{"id":2334,"date":"2025-02-17T18:39:11","date_gmt":"2025-02-17T17:39:11","guid":{"rendered":"https:\/\/www.gemzse.hu\/?page_id=2334"},"modified":"2025-02-17T19:21:23","modified_gmt":"2025-02-17T18:21:23","slug":"elektronikai-rekonstrukcio-gemzsen","status":"publish","type":"page","link":"https:\/\/www.gemzse.hu\/?page_id=2334","title":{"rendered":"ELEKTRONIKAI REKONSTRUKCI\u00d3 GEMZS\u00c9N"},"content":{"rendered":"\n<p class=\"post-title entry-title\"><strong>TOP-3.2.1-15-SB1<\/strong><\/p>\n<div class=\"entry-content clearfix\">\n<p><strong>Gemzse K\u00f6zs\u00e9g \u00d6nkorm\u00e1nyzata a Ter\u00fclet- \u00e9s Telep\u00fcl\u00e9sfejleszt\u00e9si Operat\u00edv Program keret\u00e9ben a Nemzetgazdas\u00e1gi Miniszt\u00e9rium Region\u00e1lis Fejleszt\u00e9si Operat\u00edv Programok Ir\u00e1ny\u00edt\u00f3 Hat\u00f3s\u00e1ga \u00e1ltal meghirdetett elektronikai rekonstrukci\u00f3 Gemzs\u00e9n elnevez\u00e9s\u0171 p\u00e1ly\u00e1zati konstrukci\u00f3ban 53,31 milli\u00f3 forint eur\u00f3pai uni\u00f3s vissza nem t\u00e9r\u00edtend\u0151 t\u00e1mogat\u00e1st nyert<\/strong><\/p>\n<p>A p\u00e1ly\u00e1zati felh\u00edv\u00e1sra az Gemzse K\u00f6zs\u00e9g \u00d6nkorm\u00e1nyzata 2016.06.30-\u00e1n ny\u00fajtotta be t\u00e1mogat\u00e1si ig\u00e9ny\u00e9t. A megval\u00f3s\u00edt\u00e1s 2018.10.31-\u00e9n fejez\u0151d\u00f6tt be. A projekt azonos\u00edt\u00f3sz\u00e1ma TOP-3.2.1-15-SB1-2016-00036. A fejleszt\u00e9s c\u00e9lja az \u00d6nkorm\u00e1nyzati Hivatal korszer\u0171s\u00edt\u00e9se. Az \u00e9p\u00fclet fel\u00faj\u00edt\u00e1sa r\u00e9g\u00f3ta c\u00e9lk\u00e9nt fogalmaz\u00f3dott meg a k\u00e9pvisel\u0151 test\u00fclet tagjaiban, melynek anyagi forr\u00e1sai sikeres p\u00e1ly\u00e1zatot k\u00f6vet\u0151en Eur\u00f3pai Uni\u00f3s forr\u00e1sb\u00f3l v\u00e1lt biztos\u00edtott\u00e1. A megval\u00f3sult fejleszt\u00e9snek k\u00f6sz\u00f6nhet\u0151en az \u00e9p\u00fclet energetikai tulajdons\u00e1gainak jav\u00edt\u00e1sa, gazdas\u00e1gosabb m\u0171k\u00f6d\u00e9s el\u00e9r\u00e9se, meg\u00fajul\u00f3 energiahordoz\u00f3kkal val\u00f3 ell\u00e1t\u00e1sa v\u00e1lt val\u00f3ra. A projekt 53,31 milli\u00f3 forint eur\u00f3pai uni\u00f3s vissza nem t\u00e9r\u00edtend\u0151 t\u00e1mogat\u00e1s seg\u00edts\u00e9g\u00e9vel j\u00f6tt l\u00e9tre.<\/p>\n<p>A beruh\u00e1z\u00e1snak k\u00f6sz\u00f6nhet\u0151en az \u00e9p\u00fclet k\u00fcls\u0151 h\u0151szigetel\u0151 burkolattal l\u00e1tt\u00e1k el, a ny\u00edl\u00e1sz\u00e1r\u00f3kat korszer\u0171 1,15 W\/m2K egy\u00fctthat\u00f3j\u00fa szerkezet\u0171re cser\u00e9lt\u00e9k \u00e9s akad\u00e1lymentes\u00edt\u00e9sre is sor ker\u00fclt, tov\u00e1bb\u00e1 5 kW-os napelemes rendszer ker\u00fclt telep\u00edt\u00e9sre, melynek k\u00f6sz\u00f6nhet\u0151en az \u00e9p\u00fclet k\u00f6z\u00fczemi sz\u00e1ml\u00e1i is jelent\u0151sen cs\u00f6kkenek.<\/p>\n<p>A projekt a Sz\u00e9chenyi 2020 program keret\u00e9ben val\u00f3sult meg.<\/p>\n<p>Tov\u00e1bbi inform\u00e1ci\u00f3 k\u00e9rhet\u0151:<\/p>\n<p>Varga S\u00e1ndor, polg\u00e1rmester<\/p>\n<p>El\u00e9rhet\u0151s\u00e9g: \u00a0\u00a0\u00a0 Tel. 06-45\/898-012<\/p>\n<p>E-mail:\u00a0<u><a href=\"mailto:gemzsekozsegonkormanyzata@gmail.com\">gemzsekozsegonkormanyzata@gmail.com<\/a><\/u><\/p>\n<\/div>\n","protected":false},"excerpt":{"rendered":"","protected":false},"author":1,"featured_media":0,"parent":2274,"menu_order":0,"comment_status":"closed","ping_status":"closed","template":"","meta":{"footnotes":""},"class_list":["post-2334","page","type-page","status-publish","hentry","nodate","item-wrap"],"_links":{"self":[{"href":"https:\/\/www.gemzse.hu\/index.php?rest_route=\/wp\/v2\/pages\/2334","targetHints":{"allow":["GET"]}}],"collection":[{"href":"https:\/\/www.gemzse.hu\/index.php?rest_route=\/wp\/v2\/pages"}],"about":[{"href":"https:\/\/www.gemzse.hu\/index.php?rest_route=\/wp\/v2\/types\/page"}],"author":[{"embeddable":true,"href":"https:\/\/www.gemzse.hu\/index.php?rest_route=\/wp\/v2\/users\/1"}],"replies":[{"embeddable":true,"href":"https:\/\/www.gemzse.hu\/index.php?rest_route=%2Fwp%2Fv2%2Fcomments&post=2334"}],"version-history":[{"count":1,"href":"https:\/\/www.gemzse.hu\/index.php?rest_route=\/wp\/v2\/pages\/2334\/revisions"}],"predecessor-version":[{"id":2335,"href":"https:\/\/www.gemzse.hu\/index.php?rest_route=\/wp\/v2\/pages\/2334\/revisions\/2335"}],"up":[{"embeddable":true,"href":"https:\/\/www.gemzse.hu\/index.php?rest_route=\/wp\/v2\/pages\/2274"}],"wp:attachment":[{"href":"https:\/\/www.gemzse.hu\/index.php?rest_route=%2Fwp%2Fv2%2Fmedia&parent=2334"}],"curies":[{"name":"wp","href":"https:\/\/api.w.org\/{rel}","templated":true}]}}