{"id":2352,"date":"2025-02-17T19:27:03","date_gmt":"2025-02-17T18:27:03","guid":{"rendered":"https:\/\/www.gemzse.hu\/?page_id=2352"},"modified":"2025-02-17T21:37:50","modified_gmt":"2025-02-17T20:37:50","slug":"kehop","status":"publish","type":"page","link":"https:\/\/www.gemzse.hu\/?page_id=2352","title":{"rendered":"KEHOP"},"content":{"rendered":"\n<h3 style=\"text-align: center;\">K\u00f6rnyezeti \u00e9s Energiahat\u00e9konys\u00e1gi Operat\u00edv Program<\/h3>\n<div class=\"wp-block-image\"><a href=\"https:\/\/www.gemzse.hu\/wp-content\/uploads\/2025\/02\/Kehop_logo.jpg\"><img loading=\"lazy\" decoding=\"async\" class=\"wpa-warning wpa-image-missing-alt wp-image-2357 size-large aligncenter\" src=\"https:\/\/www.gemzse.hu\/wp-content\/uploads\/2025\/02\/Kehop_logo-1024x617.jpg\" alt=\"K\u00f6rnyezeti \u00e9s Energiahat\u00e9konys\u00e1gi Operat\u00edv Program\" width=\"750\" height=\"452\" data-warning=\"Missing alt text\" srcset=\"https:\/\/www.gemzse.hu\/wp-content\/uploads\/2025\/02\/Kehop_logo-1024x617.jpg 1024w, https:\/\/www.gemzse.hu\/wp-content\/uploads\/2025\/02\/Kehop_logo-300x181.jpg 300w, https:\/\/www.gemzse.hu\/wp-content\/uploads\/2025\/02\/Kehop_logo-768x463.jpg 768w, https:\/\/www.gemzse.hu\/wp-content\/uploads\/2025\/02\/Kehop_logo-1536x926.jpg 1536w, https:\/\/www.gemzse.hu\/wp-content\/uploads\/2025\/02\/Kehop_logo-750x452.jpg 750w, https:\/\/www.gemzse.hu\/wp-content\/uploads\/2025\/02\/Kehop_logo.jpg 1789w\" sizes=\"auto, (max-width: 750px) 100vw, 750px\" \/><\/a><\/div>\n\n\n\n<table style=\"border-collapse: collapse; width: 100%;\">\n<tbody>\n<tr>\n<td style=\"width: 100%; background-color: #c9dbff;\"><a href=\"https:\/\/www.gemzse.hu\/?page_id=1646\"><strong>Fogjunk \u00f6ssze k\u00f6rnyezet\u00fcnk\u00e9rt &#8211; KEHOP-5.4.1-16-2016-00130<\/strong><\/a><\/td>\n<\/tr>\n<tr>\n<td style=\"width: 100%;\">\u00a0<\/td>\n<\/tr>\n<tr>\n<td style=\"width: 100%;\">\u00a0<\/td>\n<\/tr>\n<tr>\n<td style=\"width: 100%;\">\u00a0<\/td>\n<\/tr>\n<\/tbody>\n<\/table>\n","protected":false},"excerpt":{"rendered":"","protected":false},"author":1,"featured_media":0,"parent":2321,"menu_order":0,"comment_status":"closed","ping_status":"closed","template":"","meta":{"footnotes":""},"class_list":["post-2352","page","type-page","status-publish","hentry","nodate","item-wrap"],"_links":{"self":[{"href":"https:\/\/www.gemzse.hu\/index.php?rest_route=\/wp\/v2\/pages\/2352","targetHints":{"allow":["GET"]}}],"collection":[{"href":"https:\/\/www.gemzse.hu\/index.php?rest_route=\/wp\/v2\/pages"}],"about":[{"href":"https:\/\/www.gemzse.hu\/index.php?rest_route=\/wp\/v2\/types\/page"}],"author":[{"embeddable":true,"href":"https:\/\/www.gemzse.hu\/index.php?rest_route=\/wp\/v2\/users\/1"}],"replies":[{"embeddable":true,"href":"https:\/\/www.gemzse.hu\/index.php?rest_route=%2Fwp%2Fv2%2Fcomments&post=2352"}],"version-history":[{"count":6,"href":"https:\/\/www.gemzse.hu\/index.php?rest_route=\/wp\/v2\/pages\/2352\/revisions"}],"predecessor-version":[{"id":2371,"href":"https:\/\/www.gemzse.hu\/index.php?rest_route=\/wp\/v2\/pages\/2352\/revisions\/2371"}],"up":[{"embeddable":true,"href":"https:\/\/www.gemzse.hu\/index.php?rest_route=\/wp\/v2\/pages\/2321"}],"wp:attachment":[{"href":"https:\/\/www.gemzse.hu\/index.php?rest_route=%2Fwp%2Fv2%2Fmedia&parent=2352"}],"curies":[{"name":"wp","href":"https:\/\/api.w.org\/{rel}","templated":true}]}}