{"id":2388,"date":"2025-02-17T22:31:01","date_gmt":"2025-02-17T21:31:01","guid":{"rendered":"https:\/\/www.gemzse.hu\/?page_id=2388"},"modified":"2025-02-17T22:44:19","modified_gmt":"2025-02-17T21:44:19","slug":"efop","status":"publish","type":"page","link":"https:\/\/www.gemzse.hu\/?page_id=2388","title":{"rendered":"EFOP"},"content":{"rendered":"\n<h3 style=\"text-align: center;\">Emberi Er\u0151forr\u00e1s Fejleszt\u00e9si Operat\u00edv Program<\/h3>\n<div class=\"wp-block-image\"><a href=\"https:\/\/www.gemzse.hu\/wp-content\/uploads\/2025\/02\/EFOP_logo.jpg\"><img loading=\"lazy\" decoding=\"async\" class=\"wpa-warning wpa-image-missing-alt aligncenter wp-image-2394 size-large\" src=\"https:\/\/www.gemzse.hu\/wp-content\/uploads\/2025\/02\/EFOP_logo-1024x617.jpg\" alt=\"Emberi Er\u0151forr\u00e1s Fejleszt\u00e9si Operat\u00edv Program\" width=\"750\" height=\"452\" data-warning=\"Missing alt text\" srcset=\"https:\/\/www.gemzse.hu\/wp-content\/uploads\/2025\/02\/EFOP_logo-1024x617.jpg 1024w, https:\/\/www.gemzse.hu\/wp-content\/uploads\/2025\/02\/EFOP_logo-300x181.jpg 300w, https:\/\/www.gemzse.hu\/wp-content\/uploads\/2025\/02\/EFOP_logo-768x463.jpg 768w, https:\/\/www.gemzse.hu\/wp-content\/uploads\/2025\/02\/EFOP_logo-1536x925.jpg 1536w, https:\/\/www.gemzse.hu\/wp-content\/uploads\/2025\/02\/EFOP_logo-750x452.jpg 750w, https:\/\/www.gemzse.hu\/wp-content\/uploads\/2025\/02\/EFOP_logo.jpg 1786w\" sizes=\"auto, (max-width: 750px) 100vw, 750px\" \/><\/a>\n<table style=\"border-collapse: collapse; width: 100%;\">\n<tbody>\n<tr>\n<td style=\"width: 100%; background-color: #c9dbff;\">\n<p><strong><a href=\"https:\/\/www.gemzse.hu\/?page_id=1310\">\u201cJ\u00d6V\u0150NK\u00c9RT!\u201d &#8211; EFOP-1.5.3-16-2017-00089<\/a><\/strong><\/p>\n<\/td>\n<\/tr>\n<tr>\n<td style=\"width: 100%;\">\u00a0<\/td>\n<\/tr>\n<tr>\n<td style=\"width: 100%;\">\u00a0<\/td>\n<\/tr>\n<tr>\n<td style=\"width: 100%;\">\u00a0<\/td>\n<\/tr>\n<\/tbody>\n<\/table>\n<\/div>\n<p>\u00a0<\/p>\n","protected":false},"excerpt":{"rendered":"","protected":false},"author":1,"featured_media":0,"parent":2321,"menu_order":0,"comment_status":"closed","ping_status":"closed","template":"","meta":{"footnotes":""},"class_list":["post-2388","page","type-page","status-publish","hentry","nodate","item-wrap"],"_links":{"self":[{"href":"https:\/\/www.gemzse.hu\/index.php?rest_route=\/wp\/v2\/pages\/2388","targetHints":{"allow":["GET"]}}],"collection":[{"href":"https:\/\/www.gemzse.hu\/index.php?rest_route=\/wp\/v2\/pages"}],"about":[{"href":"https:\/\/www.gemzse.hu\/index.php?rest_route=\/wp\/v2\/types\/page"}],"author":[{"embeddable":true,"href":"https:\/\/www.gemzse.hu\/index.php?rest_route=\/wp\/v2\/users\/1"}],"replies":[{"embeddable":true,"href":"https:\/\/www.gemzse.hu\/index.php?rest_route=%2Fwp%2Fv2%2Fcomments&post=2388"}],"version-history":[{"count":3,"href":"https:\/\/www.gemzse.hu\/index.php?rest_route=\/wp\/v2\/pages\/2388\/revisions"}],"predecessor-version":[{"id":2397,"href":"https:\/\/www.gemzse.hu\/index.php?rest_route=\/wp\/v2\/pages\/2388\/revisions\/2397"}],"up":[{"embeddable":true,"href":"https:\/\/www.gemzse.hu\/index.php?rest_route=\/wp\/v2\/pages\/2321"}],"wp:attachment":[{"href":"https:\/\/www.gemzse.hu\/index.php?rest_route=%2Fwp%2Fv2%2Fmedia&parent=2388"}],"curies":[{"name":"wp","href":"https:\/\/api.w.org\/{rel}","templated":true}]}}