{"id":2494,"date":"2025-07-30T09:55:55","date_gmt":"2025-07-30T07:55:55","guid":{"rendered":"https:\/\/www.gemzse.hu\/?page_id=2494"},"modified":"2025-07-30T09:59:53","modified_gmt":"2025-07-30T07:59:53","slug":"mfp-uhj-2023-ut-hid-jarda-epitese-felujitasa","status":"publish","type":"page","link":"https:\/\/www.gemzse.hu\/?page_id=2494","title":{"rendered":"MFP-UHJ\/2023 \u00dat, h\u00edd, j\u00e1rda \u00e9p\u00edt\u00e9se\/fel\u00faj\u00edt\u00e1sa"},"content":{"rendered":"\n\n\n<div class=\"wp-block-image\" style=\"text-align: center;\" data-wp-editing=\"1\">\n<div class=\"wp-block-image\"><a href=\"https:\/\/www.gemzse.hu\/wp-content\/uploads\/2025\/07\/MFP2025-e1753862380640.jpg\"><img loading=\"lazy\" decoding=\"async\" class=\"wpa-warning wpa-image-missing-alt aligncenter size-full wp-image-2495\" src=\"https:\/\/www.gemzse.hu\/wp-content\/uploads\/2025\/07\/MFP2025-e1753862380640.jpg\" alt=\"\" width=\"579\" height=\"635\" data-warning=\"Missing alt text\" srcset=\"https:\/\/www.gemzse.hu\/wp-content\/uploads\/2025\/07\/MFP2025-e1753862380640.jpg 579w, https:\/\/www.gemzse.hu\/wp-content\/uploads\/2025\/07\/MFP2025-e1753862380640-274x300.jpg 274w\" sizes=\"auto, (max-width: 579px) 100vw, 579px\" \/><\/a><\/div>\n<br \/>\n<p><strong>A projekt c\u00edme: <\/strong>J\u00e1rdafel\u00faj\u00edt\u00e1s a Kossuth \u00e9s Pet\u0151fi utc\u00e1n<br \/><strong>A kedvezm\u00e9nyezett neve: <\/strong>Gemzse K\u00f6zs\u00e9g \u00d6nkorm\u00e1nyzata<br \/><strong>A szerz\u0151d\u00f6tt t\u00e1mogat\u00e1s \u00f6sszege<\/strong>: 7 991\u00a0165 Ft<br \/><strong>A t\u00e1mogat\u00e1s m\u00e9rt\u00e9ke: <\/strong>100%<br \/><strong>A projekt azonos\u00edt\u00f3 sz\u00e1ma:<\/strong> 3455161605<br \/><strong>A projekt befejez\u00e9si d\u00e1tuma:<\/strong> 2025.04.30<\/p>\n<p><strong>A projekt tartalma: <\/strong>J\u00e1rdafel\u00faj\u00edt\u00e1s a Kossuth \u00e9s Pet\u0151fi utc\u00e1n<\/p>\n<p style=\"text-align: justify;\"><strong>\u00a0<\/strong>A\u00a0<strong>Magyar Falu Program<\/strong>\u00a0t\u00e1mogat\u00e1s\u00e1val 2022-ben megkezdett j\u00e1rdafel\u00faj\u00edt\u00e1si munk\u00e1latokat folytattuk telep\u00fcl\u00e9s\u00fcnk\u00f6n. A jelen projekt keret\u00e9ben a\u00a0<strong>Kossuth utca<\/strong>\u00a0\u00e9s a\u00a0<strong>Pet\u0151fi utca<\/strong>\u00a0\u00fajabb szakaszain t\u00f6rt\u00e9nt fel\u00faj\u00edt\u00e1s, amely sor\u00e1n \u00f6sszesen\u00a0<strong>711 m\u00e9ter<\/strong>\u00a0hossz\u00fas\u00e1gban \u00fajult meg a j\u00e1rda burkolata.<\/p>\n<p style=\"text-align: justify;\">A beruh\u00e1z\u00e1s c\u00e9lja a telep\u00fcl\u00e9s \u00e9p\u00edtett k\u00f6rnyezet\u00e9nek infrastrukt\u00far\u00e1j\u00e1nak jav\u00edt\u00e1sa, valamint a gyalogos k\u00f6zleked\u00e9s biztons\u00e1g\u00e1nak \u00e9s k\u00e9nyelm\u00e9nek n\u00f6vel\u00e9se volt. A fel\u00faj\u00edtott j\u00e1rd\u00e1k el\u0151seg\u00edtik a lakoss\u00e1g k\u00f6nnyebb eljut\u00e1s\u00e1t mindennapi c\u00e9lpontjaikhoz, legyen sz\u00f3 a\u00a0<strong>buszmeg\u00e1ll\u00f3r\u00f3l<\/strong>, a helyi\u00a0<strong>\u00fczletekr\u0151l<\/strong>, vagy a\u00a0<strong>Faluh\u00e1zr\u00f3l<\/strong>.<\/p>\n<p style=\"text-align: justify;\">A projekt megval\u00f3s\u00edt\u00e1sa sor\u00e1n a k\u00f6vetkez\u0151 m\u0171szaki megold\u00e1sokat alkalmaztuk:<\/p>\n<ul style=\"text-align: justify;\">\n<li>Sz\u00fcks\u00e9g szerinti lok\u00e1lis\u00a0<strong>betonp\u00f3tl\u00e1s<\/strong>,<\/li>\n<li><strong>Bitumen emulzi\u00f3<\/strong>\u00a0permetez\u00e9s,<\/li>\n<li><strong>AC-8 kop\u00f3 aszfaltr\u00e9teg<\/strong>\u00a0kialak\u00edt\u00e1sa.<\/li>\n<\/ul>\n<p style=\"text-align: justify;\"><strong>\u00c9rintett szakaszok:<\/strong><\/p>\n<ul style=\"text-align: justify;\">\n<li>Pet\u0151fi utca (hrsz: 86)<\/li>\n<li>Kossuth utca (hrsz: 219)<\/li>\n<li>Pet\u0151fi utca (hrsz: 216)<\/li>\n<\/ul>\n<p style=\"text-align: justify;\">A projekt r\u00e9sze annak a hossz\u00fa t\u00e1v\u00fa fejleszt\u00e9si koncepci\u00f3nak, amelynek egyik kiemelt priorit\u00e1sa a k\u00f6zleked\u00e9si infrastrukt\u00fara \u2013 k\u00fcl\u00f6n\u00f6sen az utak \u00e9s j\u00e1rd\u00e1k \u2013 korszer\u0171s\u00edt\u00e9se, valamint a falusi \u00e9letmin\u0151s\u00e9g jav\u00edt\u00e1sa.<\/p>\n<p style=\"text-align: justify;\"><strong>A projekt megval\u00f3s\u00edt\u00e1s\u00e1hoz ig\u00e9nybe vett szolg\u00e1ltat\u00e1sok:<\/strong><\/p>\n<ul style=\"text-align: justify;\">\n<li>M\u0171szaki ellen\u0151ri szolg\u00e1ltat\u00e1s<\/li>\n<li>Projektmenedzsment<\/li>\n<li>Tervdokument\u00e1ci\u00f3 elk\u00e9sz\u00edt\u00e9se<\/li>\n<li>T\u00e1j\u00e9koztat\u00e1s \u00e9s nyilv\u00e1noss\u00e1g biztos\u00edt\u00e1sa<\/li>\n<li>Projektel\u0151k\u00e9sz\u00edt\u00e9si tev\u00e9kenys\u00e9gek, p\u00e1ly\u00e1zati dokument\u00e1ci\u00f3 \u00f6ssze\u00e1ll\u00edt\u00e1sa<\/li>\n<\/ul>\n<p style=\"text-align: justify;\">K\u00f6sz\u00f6nj\u00fck a t\u00e1mogat\u00e1st, amely lehet\u0151v\u00e9 tette telep\u00fcl\u00e9s\u00fcnk \u00e9lhet\u0151bb\u00e9 \u00e9s biztons\u00e1gosabb\u00e1 t\u00e9tel\u00e9t!<\/p>\n<p style=\"text-align: justify;\">T\u00e1mogat\u00f3 szervezet: Magyar \u00c1llamkincst\u00e1r<\/p>\n<p>\u00a0<\/p>\n<p>\u00a0<\/p>\n<\/div>\n","protected":false},"excerpt":{"rendered":"","protected":false},"author":1,"featured_media":0,"parent":0,"menu_order":0,"comment_status":"closed","ping_status":"closed","template":"","meta":{"footnotes":""},"class_list":["post-2494","page","type-page","status-publish","hentry","nodate","item-wrap"],"_links":{"self":[{"href":"https:\/\/www.gemzse.hu\/index.php?rest_route=\/wp\/v2\/pages\/2494","targetHints":{"allow":["GET"]}}],"collection":[{"href":"https:\/\/www.gemzse.hu\/index.php?rest_route=\/wp\/v2\/pages"}],"about":[{"href":"https:\/\/www.gemzse.hu\/index.php?rest_route=\/wp\/v2\/types\/page"}],"author":[{"embeddable":true,"href":"https:\/\/www.gemzse.hu\/index.php?rest_route=\/wp\/v2\/users\/1"}],"replies":[{"embeddable":true,"href":"https:\/\/www.gemzse.hu\/index.php?rest_route=%2Fwp%2Fv2%2Fcomments&post=2494"}],"version-history":[{"count":2,"href":"https:\/\/www.gemzse.hu\/index.php?rest_route=\/wp\/v2\/pages\/2494\/revisions"}],"predecessor-version":[{"id":2500,"href":"https:\/\/www.gemzse.hu\/index.php?rest_route=\/wp\/v2\/pages\/2494\/revisions\/2500"}],"wp:attachment":[{"href":"https:\/\/www.gemzse.hu\/index.php?rest_route=%2Fwp%2Fv2%2Fmedia&parent=2494"}],"curies":[{"name":"wp","href":"https:\/\/api.w.org\/{rel}","templated":true}]}}