{"id":25,"date":"2015-01-19T21:00:19","date_gmt":"2015-01-19T20:00:19","guid":{"rendered":"http:\/\/www.gemzse.hu\/?page_id=25"},"modified":"2016-11-06T22:48:14","modified_gmt":"2016-11-06T21:48:14","slug":"dokumentumok","status":"publish","type":"page","link":"https:\/\/www.gemzse.hu\/?page_id=25","title":{"rendered":"Dokumentumok"},"content":{"rendered":"<ul>\n<li><a href=\"https:\/\/www.gemzse.hu\/wp-content\/uploads\/2015\/01\/T\u00e1j\u00e9koztat\u00f3-szem\u00e9tsz\u00e1ll\u00edt\u00e1s.pdf\" target=\"_blank\">T\u00e1j\u00e9koztat\u00f3 szem\u00e9tsz\u00e1ll\u00edt\u00e1sr\u00f3l 2016.<\/a><\/li>\n<li><a href=\"https:\/\/www.gemzse.hu\/wp-content\/uploads\/2015\/01\/Gazdas\u00e1gi-program-2015-2019.pdf\">Gemzse K\u00f6zs\u00e9g \u00d6nkorm\u00e1nyzata <span style=\"font-size: small;\">a 2015-2019. k\u00f6z\u00f6tti id\u0151szakra sz\u00f3l\u00f3 Gazdas\u00e1gi Programja<\/span><\/a><\/li>\n<li><a href=\"https:\/\/www.gemzse.hu\/wp-content\/uploads\/2016\/11\/Vagyonnyilatkozat.pdf\">Vagyonnyilatkozat<\/a><\/li>\n<li><a href=\"https:\/\/www.gemzse.hu\/wp-content\/uploads\/2016\/11\/K\u00c9RELEM-rendk\u00edv\u00fcli-telep\u00fcl\u00e9si-t\u00e1mogat\u00e1s-meg\u00e1llap\u00edt\u00e1s\u00e1hoz.pdf\">K\u00c9RELEM &#8211; rendk\u00edv\u00fcli telep\u00fcl\u00e9si t\u00e1mogat\u00e1s meg\u00e1llap\u00edt\u00e1s\u00e1hoz<\/a><\/li>\n<li><a href=\"https:\/\/www.gemzse.hu\/wp-content\/uploads\/2015\/01\/Lakhat\u00e1si-t\u00e1mogat\u00e1s-k\u00e9relem.pdf\">Lakhat\u00e1si t\u00e1mogat\u00e1s k\u00e9relem<\/a><\/li>\n<li><a href=\"https:\/\/www.gemzse.hu\/wp-content\/uploads\/2015\/01\/Eb\u00f6ssze\u00edr\u00f3-adatlap.pdf\">Eb\u00f6ssze\u00edr\u00f3 adatlap<\/a><\/li>\n<\/ul>\n","protected":false},"excerpt":{"rendered":"<p>T\u00e1j\u00e9koztat\u00f3 szem\u00e9tsz\u00e1ll\u00edt\u00e1sr\u00f3l 2016. Gemzse K\u00f6zs\u00e9g \u00d6nkorm\u00e1nyzata a 2015-2019. k\u00f6z\u00f6tti id\u0151szakra sz\u00f3l\u00f3 Gazdas\u00e1gi Programja Vagyonnyilatkozat K\u00c9RELEM &#8211; rendk\u00edv\u00fcli telep\u00fcl\u00e9si t\u00e1mogat\u00e1s meg\u00e1llap\u00edt\u00e1s\u00e1hoz Lakhat\u00e1si t\u00e1mogat\u00e1s k\u00e9relem Eb\u00f6ssze\u00edr\u00f3 adatlap<\/p>\n","protected":false},"author":1,"featured_media":0,"parent":145,"menu_order":0,"comment_status":"closed","ping_status":"closed","template":"","meta":{"footnotes":""},"class_list":["post-25","page","type-page","status-publish","hentry","nodate","item-wrap"],"_links":{"self":[{"href":"https:\/\/www.gemzse.hu\/index.php?rest_route=\/wp\/v2\/pages\/25","targetHints":{"allow":["GET"]}}],"collection":[{"href":"https:\/\/www.gemzse.hu\/index.php?rest_route=\/wp\/v2\/pages"}],"about":[{"href":"https:\/\/www.gemzse.hu\/index.php?rest_route=\/wp\/v2\/types\/page"}],"author":[{"embeddable":true,"href":"https:\/\/www.gemzse.hu\/index.php?rest_route=\/wp\/v2\/users\/1"}],"replies":[{"embeddable":true,"href":"https:\/\/www.gemzse.hu\/index.php?rest_route=%2Fwp%2Fv2%2Fcomments&post=25"}],"version-history":[{"count":12,"href":"https:\/\/www.gemzse.hu\/index.php?rest_route=\/wp\/v2\/pages\/25\/revisions"}],"predecessor-version":[{"id":848,"href":"https:\/\/www.gemzse.hu\/index.php?rest_route=\/wp\/v2\/pages\/25\/revisions\/848"}],"up":[{"embeddable":true,"href":"https:\/\/www.gemzse.hu\/index.php?rest_route=\/wp\/v2\/pages\/145"}],"wp:attachment":[{"href":"https:\/\/www.gemzse.hu\/index.php?rest_route=%2Fwp%2Fv2%2Fmedia&parent=25"}],"curies":[{"name":"wp","href":"https:\/\/api.w.org\/{rel}","templated":true}]}}