{"id":2524,"date":"2025-12-02T11:06:06","date_gmt":"2025-12-02T10:06:06","guid":{"rendered":"https:\/\/www.gemzse.hu\/?page_id=2524"},"modified":"2025-12-02T11:06:06","modified_gmt":"2025-12-02T10:06:06","slug":"gemzsei-ovoda-konyha-es-mini-bolcsode","status":"publish","type":"page","link":"https:\/\/www.gemzse.hu\/?page_id=2524","title":{"rendered":"Gemzsei \u00d3voda, Konyha \u00e9s Mini B\u00f6lcs\u0151de"},"content":{"rendered":"\n<div class=\"gmail_default\"><strong>Gemzsei \u00d3voda, Konyha \u00e9s Mini B\u00f6lcs\u0151de<\/strong><\/div>\n<div class=\"gmail_default\">4567 Gemzse, Kossuth utca 36.<\/div>\n<div class=\"gmail_default\">\u00a0<\/div>\n<div class=\"gmail_default\"><strong>El\u00e9rhet\u0151s\u00e9g:<\/strong>\u00a0<a href=\"mailto:gemzseiovoda2021@gmail.com\" target=\"_blank\" rel=\"noopener\">gemzseiovoda2021@gmail.com<\/a><\/div>\n<div class=\"gmail_default\">\u00a0<\/div>\n<div class=\"gmail_default\"><strong>Vezet\u0151:<\/strong> Nagy L\u00edvia f\u0151igazgat\u00f3\u00a0<\/div>\n<div class=\"gmail_default\"><strong>El\u00e9rhet\u0151s\u00e9g:<\/strong>\u00a0<a href=\"mailto:nagylivia333@gmail.com\" target=\"_blank\" rel=\"noopener\">nagylivia333@gmail.com<\/a><\/div>\n<div>\u00a0<\/div>\n<div><a href=\"https:\/\/www.allamkincstar.gov.hu\/Koltsegvetes\/Torzskonyvi_nyilvantartas\/ktorzs?pirId=846266&amp;subjectState=LIVE#nameSearch\/resultTable\/datasheet\" target=\"_blank\" rel=\"noopener\">T\u00f6rzsk\u00f6nyvi alapadatok: Gemzsei \u00d3voda, Konyha \u00e9s Mini B\u00f6lcs\u0151de<\/a>\u00a0<\/div>\n","protected":false},"excerpt":{"rendered":"","protected":false},"author":1,"featured_media":0,"parent":0,"menu_order":0,"comment_status":"closed","ping_status":"closed","template":"","meta":{"footnotes":""},"class_list":["post-2524","page","type-page","status-publish","hentry","nodate","item-wrap"],"_links":{"self":[{"href":"https:\/\/www.gemzse.hu\/index.php?rest_route=\/wp\/v2\/pages\/2524","targetHints":{"allow":["GET"]}}],"collection":[{"href":"https:\/\/www.gemzse.hu\/index.php?rest_route=\/wp\/v2\/pages"}],"about":[{"href":"https:\/\/www.gemzse.hu\/index.php?rest_route=\/wp\/v2\/types\/page"}],"author":[{"embeddable":true,"href":"https:\/\/www.gemzse.hu\/index.php?rest_route=\/wp\/v2\/users\/1"}],"replies":[{"embeddable":true,"href":"https:\/\/www.gemzse.hu\/index.php?rest_route=%2Fwp%2Fv2%2Fcomments&post=2524"}],"version-history":[{"count":1,"href":"https:\/\/www.gemzse.hu\/index.php?rest_route=\/wp\/v2\/pages\/2524\/revisions"}],"predecessor-version":[{"id":2525,"href":"https:\/\/www.gemzse.hu\/index.php?rest_route=\/wp\/v2\/pages\/2524\/revisions\/2525"}],"wp:attachment":[{"href":"https:\/\/www.gemzse.hu\/index.php?rest_route=%2Fwp%2Fv2%2Fmedia&parent=2524"}],"curies":[{"name":"wp","href":"https:\/\/api.w.org\/{rel}","templated":true}]}}