{"id":2547,"date":"2026-01-26T22:20:35","date_gmt":"2026-01-26T21:20:35","guid":{"rendered":"https:\/\/www.gemzse.hu\/?page_id=2547"},"modified":"2026-04-15T21:16:08","modified_gmt":"2026-04-15T19:16:08","slug":"valasztasi-informaciok","status":"publish","type":"page","link":"https:\/\/www.gemzse.hu\/?page_id=2547","title":{"rendered":"V\u00c1LASZT\u00c1SI INFORM\u00c1CI\u00d3K"},"content":{"rendered":"\n<div class=\"wp-block-buttons is-layout-flex wp-block-buttons-is-layout-flex\">\n<div class=\"wp-block-button has-custom-width wp-block-button__width-100\"><a class=\"wp-block-button__link wp-element-button\" href=\"https:\/\/www.gemzse.hu\/?page_id=2550\">V\u00c1LASZT\u00c1SI SZERVEK<\/a><\/div>\n\n\n\n<div class=\"wp-block-button has-custom-width wp-block-button__width-100\"><a class=\"wp-block-button__link wp-element-button\" href=\"https:\/\/www.valasztas.hu\/ugyintezes\" target=\"_blank\" rel=\"noreferrer noopener\">V\u00c1LASZT\u00c1SI \u00dcGYINT\u00c9Z\u00c9S<\/a><\/div>\n\n\n\n<div class=\"wp-block-button has-custom-width wp-block-button__width-100\"><a class=\"wp-block-button__link wp-element-button\" href=\"https:\/\/vtr.valasztas.hu\/nyito\" target=\"_blank\" rel=\"noreferrer noopener\">2026. \u00c9VI V\u00c1LASZT\u00c1S<\/a><\/div>\n\n\n\n<div class=\"wp-block-button has-custom-width wp-block-button__width-100\"><a class=\"wp-block-button__link wp-element-button\" href=\"https:\/\/www.gemzse.hu\/?page_id=2609\">2026. \u00c9VI OGY V\u00c1LASZT\u00c1S JEGYZ\u0150K\u00d6NYVEK<\/a><\/div>\n\n\n\n<div class=\"wp-block-button has-custom-width wp-block-button__width-100\"><a class=\"wp-block-button__link wp-element-button\">KOR\u00c1BBI V\u00c1LASZT\u00c1SOK<\/a><\/div>\n<\/div>\n","protected":false},"excerpt":{"rendered":"","protected":false},"author":1,"featured_media":0,"parent":0,"menu_order":0,"comment_status":"closed","ping_status":"closed","template":"","meta":{"footnotes":""},"class_list":["post-2547","page","type-page","status-publish","hentry","nodate","item-wrap"],"_links":{"self":[{"href":"https:\/\/www.gemzse.hu\/index.php?rest_route=\/wp\/v2\/pages\/2547","targetHints":{"allow":["GET"]}}],"collection":[{"href":"https:\/\/www.gemzse.hu\/index.php?rest_route=\/wp\/v2\/pages"}],"about":[{"href":"https:\/\/www.gemzse.hu\/index.php?rest_route=\/wp\/v2\/types\/page"}],"author":[{"embeddable":true,"href":"https:\/\/www.gemzse.hu\/index.php?rest_route=\/wp\/v2\/users\/1"}],"replies":[{"embeddable":true,"href":"https:\/\/www.gemzse.hu\/index.php?rest_route=%2Fwp%2Fv2%2Fcomments&post=2547"}],"version-history":[{"count":4,"href":"https:\/\/www.gemzse.hu\/index.php?rest_route=\/wp\/v2\/pages\/2547\/revisions"}],"predecessor-version":[{"id":2611,"href":"https:\/\/www.gemzse.hu\/index.php?rest_route=\/wp\/v2\/pages\/2547\/revisions\/2611"}],"wp:attachment":[{"href":"https:\/\/www.gemzse.hu\/index.php?rest_route=%2Fwp%2Fv2%2Fmedia&parent=2547"}],"curies":[{"name":"wp","href":"https:\/\/api.w.org\/{rel}","templated":true}]}}