{"id":2550,"date":"2026-01-26T22:28:23","date_gmt":"2026-01-26T21:28:23","guid":{"rendered":"https:\/\/www.gemzse.hu\/?page_id=2550"},"modified":"2026-01-29T22:41:40","modified_gmt":"2026-01-29T21:41:40","slug":"valasztasi-szervek","status":"publish","type":"page","link":"https:\/\/www.gemzse.hu\/?page_id=2550","title":{"rendered":"V\u00c1LASZT\u00c1SI SZERVEK"},"content":{"rendered":"\n\n\n<h4>A v\u00e1laszt\u00e1si iroda<\/h4>\n<ul>\n<li>Vezet\u0151j\u00e9nek neve: <strong>L\u00e9vai K\u00e1roly<\/strong><\/li>\n<li>Hivatali helyis\u00e9g\u00e9nek c\u00edme: <strong>4567 Gemzse, Kossuth utca 36.<\/strong><\/li>\n<li>Telefonsz\u00e1ma: <strong>+36 30 163-3981<\/strong><\/li>\n<li>Elektronikus lev\u00e9lc\u00edme: <strong>\u00a0<\/strong><a href=\"mailto:ilk.jegyzo@gmail.com\"><strong>ilk.jegyzo@gmail.com<\/strong><\/a><\/li>\n<\/ul>\n<p>\u00a0<\/p>\n<p><strong>V\u00e1laszt\u00e1si inform\u00e1ci\u00f3s szolg\u00e1lat\u00e1nak el\u00e9rhet\u0151s\u00e9gei<\/strong><\/p>\n<ul>\n<li>Telefon: <strong>+36 30 163-3981<\/strong><\/li>\n<li>E-mail: <a href=\"mailto:gemzsekozsegonkormanyzata@gmail.com\"><strong>gemzsekozsegonkormanyzata@gmail.com<\/strong><\/a>\u00a0<\/li>\n<\/ul>\n<p>\u00a0<\/p>\n<p><strong>V\u00e1laszt\u00e1si iroda vezet\u0151j\u00e9nek k\u00f6zlem\u00e9nyei:<\/strong><\/p>\n<ul>\n<li><a href=\"https:\/\/www.gemzse.hu\/wp-content\/uploads\/2026\/01\/Ajanlasok-szamanak-megallapitasa-kozlemeny-Gemzse.pdf\">Aja\u0301nla\u0301sok sza\u0301ma\u0301nak mega\u0301llapi\u0301ta\u0301sa ko\u0308zleme\u0301ny &#8211; Gemzse<\/a><\/li>\n<\/ul>\n<p>\u00a0<\/p>\n<p><strong>V\u00e1laszt\u00e1si iroda vezet\u0151j\u00e9nek hat\u00e1rozatai<\/strong><\/p>\n<ul>\n<li><a href=\"https:\/\/www.gemzse.hu\/wp-content\/uploads\/2026\/01\/HVI-hatarozat-KT-letszam-2024-Gemzse.pdf\">HVI hata\u0301rozat KT le\u0301tsza\u0301m 2024 &#8211; Gemzse<\/a><\/li>\n<li>Hat\u00e1rozat 2 (k\u00e9s\u0151bb)<\/li>\n<\/ul>\n<h4>A helyi v\u00e1laszt\u00e1si bizotts\u00e1g<\/h4>\n<p><strong><span style=\"text-decoration: underline;\">Tagok:<\/span><\/strong><\/p>\n<ul>\n<li>\n<p><strong>Bencze Zsuzsanna<\/strong><\/p>\n<\/li>\n<li>\n<p><strong>Bubrik Andr\u00e1sn\u00e9<\/strong><\/p>\n<\/li>\n<li>\n<p><strong>Farkas J\u00e1nosn\u00e9<\/strong><\/p>\n<\/li>\n<li>\n<p><strong>Horv\u00e1thn\u00e9 Bal\u00e1zs Erzs\u00e9bet<\/strong><\/p>\n<\/li>\n<li>\n<p><strong>L\u00e9vai K\u00e1roly Bal\u00e1zsn\u00e9\u00a0 \u00a0 \u00a0 \u00a0 \u00a0 \u00a0 \u00a0 \u00a0\u00a0<\/strong><\/p>\n<\/li>\n<\/ul>\n<p><span style=\"text-decoration: underline;\"><strong>P\u00f3ttagok:<\/strong><\/span><\/p>\n<ul>\n<li>\n<p><strong>Juh\u00e1sz Guszt\u00e1vn\u00e9<\/strong><\/p>\n<\/li>\n<li>\n<p><strong>Czomba J\u00f3zsefn\u00e9<\/strong><\/p>\n<\/li>\n<\/ul>\n<p>\u00a0<\/p>\n<ul>\n<li>Bizotts\u00e1g telefonsz\u00e1ma: <strong>+36 30 163-3981<\/strong><\/li>\n<li>Bizotts\u00e1g e-mail c\u00edme: <a href=\"mailto:gemzsekozsegonkormanyzata@gmail.com\"><strong>gemzsekozsegonkormanyzata@gmail.com<\/strong><\/a><\/li>\n<\/ul>\n<p>\u00a0<\/p>\n<p><strong>\u00dcl\u00e9sek v\u00e1rhat\u00f3 id\u0151pontja \u00e9s r\u00e9szletes napirendje:<\/strong><\/p>\n<ul>\n<li>1. id\u0151pont\n<ul>\n<li>1. napirend<\/li>\n<\/ul>\n<\/li>\n<\/ul>\n<p>\u00a0<\/p>\n<p><strong>\u00dcl\u00e9sr\u0151l k\u00e9sz\u00fclt jegyz\u0151k\u00f6nyv:<\/strong><\/p>\n<ul>\n<li>Jegyz\u0151k\u00f6nyv 1<\/li>\n<\/ul>\n<p>\u00a0<\/p>\n<p><strong>Hat\u00e1rozatai:<\/strong><\/p>\n<ul>\n<li>Hat\u00e1rozat 1.<\/li>\n<\/ul>\n","protected":false},"excerpt":{"rendered":"","protected":false},"author":1,"featured_media":0,"parent":0,"menu_order":0,"comment_status":"closed","ping_status":"closed","template":"","meta":{"footnotes":""},"class_list":["post-2550","page","type-page","status-publish","hentry","nodate","item-wrap"],"_links":{"self":[{"href":"https:\/\/www.gemzse.hu\/index.php?rest_route=\/wp\/v2\/pages\/2550","targetHints":{"allow":["GET"]}}],"collection":[{"href":"https:\/\/www.gemzse.hu\/index.php?rest_route=\/wp\/v2\/pages"}],"about":[{"href":"https:\/\/www.gemzse.hu\/index.php?rest_route=\/wp\/v2\/types\/page"}],"author":[{"embeddable":true,"href":"https:\/\/www.gemzse.hu\/index.php?rest_route=\/wp\/v2\/users\/1"}],"replies":[{"embeddable":true,"href":"https:\/\/www.gemzse.hu\/index.php?rest_route=%2Fwp%2Fv2%2Fcomments&post=2550"}],"version-history":[{"count":3,"href":"https:\/\/www.gemzse.hu\/index.php?rest_route=\/wp\/v2\/pages\/2550\/revisions"}],"predecessor-version":[{"id":2577,"href":"https:\/\/www.gemzse.hu\/index.php?rest_route=\/wp\/v2\/pages\/2550\/revisions\/2577"}],"wp:attachment":[{"href":"https:\/\/www.gemzse.hu\/index.php?rest_route=%2Fwp%2Fv2%2Fmedia&parent=2550"}],"curies":[{"name":"wp","href":"https:\/\/api.w.org\/{rel}","templated":true}]}}